{"id":3161,"date":"2024-05-29T12:00:52","date_gmt":"2024-05-29T12:00:52","guid":{"rendered":"https:\/\/plastitalia.aitema.com\/raccordi-polietilene\/senza-categoria\/flangia-in-ghisa-sferoidale-rivestita-in-pp-per-adattatori-pn16\/"},"modified":"2024-10-11T13:54:07","modified_gmt":"2024-10-11T13:54:07","slug":"flangia-in-ghisa-sferoidale-rivestita-in-pp-per-adattatori-pn16","status":"publish","type":"product","link":"https:\/\/www.plastitaliaspa.com\/it\/polyethylene-fittings\/raccordi\/flangia-in-ghisa-sferoidale-rivestita-in-pp-per-adattatori-pn16\/","title":{"rendered":"FLANGIA IN GHISA SFEROIDALE RIVESTITA IN PP PER ADATTATORI PN16"},"content":{"rendered":"<p>La flangia \u00e8\u00a0realizzata con una parte\u00a0interna in <strong>ghisa sferoidale,\u00a0rivestita con uno strato di polipropilene<\/strong> rinforzato con fibra di vetro.<\/p>\n<p><strong>Principali caratteristiche<\/strong>:<\/p>\n<p>1. Nuova Geometria. Il particolare disegno aumenta la capacit\u00e0 elastica del prodotto riducendo la possibilit\u00e0 di auto-allentamento dei bulloni.<\/p>\n<p>2. Leggerezza. La particolare geometria rende tale modello di flangia libera pi\u00f9 leggera di una corrispondente in acciaio.<\/p>\n<p>3. Resistenza alla corrosione. La combinazione tra l\u2019anima in ghisa e il rivestimento in PP offre un\u2019ottima resistenza alla corrosione riducendo la necessit\u00e0 di manutenzione<\/p>\n<p>4. Resistenza meccanica. La ghisa sferoidale ha buone qualit\u00e0 meccaniche ed \u00e8 in grado di garantire la riuscita della giunzione nel campo delle pressioni di servizio che normalmente si applicano ai sistemi di tubazioni in PE.<\/p>\n<p>5. Durata. Il rivestimento in PP migliora notevolmente la resistenza e la durata del prodotto quando utilizzato in ambienti particolarmente aggressivi.<\/p>\n<p>&nbsp;<\/p>\n<p><strong>Utilizzata per<\/strong><\/p>\n<p>Sistemi di tubazione per la distribuzione di acqua, gas ed\u00a0applicazioni industriali.<\/p>\n","protected":false},"excerpt":{"rendered":"<p>La flangia \u00e8\u00a0realizzata con una parte\u00a0interna in <strong>ghisa sferoidale,\u00a0rivestita con uno strato di polipropilene<\/strong> rinforzato con fibra di vetro.<\/p>\n<p><strong>Principali caratteristiche<\/strong>:<\/p>\n<p>1. Nuova Geometria. Il particolare disegno aumenta la capacit\u00e0 elastica del prodotto riducendo la possibilit\u00e0 di auto-allentamento dei bulloni.<\/p>\n<p>2. Leggerezza. La particolare geometria rende tale modello di flangia libera pi\u00f9 leggera di una corrispondente in acciaio.<\/p>\n<p>3. Resistenza alla corrosione. La combinazione tra l\u2019anima in ghisa e il rivestimento in PP offre un\u2019ottima resistenza alla corrosione riducendo la necessit\u00e0 di manutenzione<\/p>\n<p>4. Resistenza meccanica. La ghisa sferoidale ha buone qualit\u00e0 meccaniche ed \u00e8 in grado di garantire la riuscita della giunzione nel campo delle pressioni di servizio che normalmente si applicano ai sistemi di tubazioni in PE.<\/p>\n<p>5. Durata. Il rivestimento in PP migliora notevolmente la resistenza e la durata del prodotto quando utilizzato in ambienti particolarmente aggressivi.<\/p>\n<p>&nbsp;<\/p>\n<p><strong>Utilizzata per<\/strong><\/p>\n<p>Sistemi di tubazione per la distribuzione di acqua, gas ed\u00a0applicazioni industriali.<\/p>\n","protected":false},"featured_media":3163,"template":"","meta":{"_acf_changed":false},"product_brand":[],"product_cat":[198,16],"product_tag":[],"class_list":{"0":"post-3161","1":"product","2":"type-product","3":"status-publish","4":"has-post-thumbnail","6":"product_cat-flange","7":"product_cat-raccordi","9":"first","10":"instock","11":"product-type-simple"},"acf":[],"yoast_head":"<!-- This site is optimized with the Yoast SEO plugin v27.2 - https:\/\/yoast.com\/product\/yoast-seo-wordpress\/ -->\n<title>FLANGIA IN GHISA SFEROIDALE RIVESTITA IN PP PER ADATTATORI PN16 | Plastitalia<\/title>\n<meta name=\"description\" content=\"La flangia \u00e8\u00a0realizzata con una parte\u00a0interna in ghisa sferoidale,\u00a0rivestita con uno strato di polipropilene rinforzato con fibra di vetro.  Principali caratteristiche:  1. Nuova Geometria. Il particolare disegno aumenta la capacit\u00e0 elastica del prodotto riducendo la possibilit\u00e0 di auto-allentamento dei bulloni.  2. Leggerezza. La particolare geometria rende tale modello di flangia libera pi\u00f9 leggera di una corrispondente in acciaio.  3. Resistenza alla corrosione. La combinazione tra l\u2019anima in ghisa e il rivestimento in PP offre un\u2019ottima resistenza alla corrosione riducendo la necessit\u00e0 di manutenzione  4. Resistenza meccanica. La ghisa sferoidale ha buone qualit\u00e0 meccaniche ed \u00e8 in grado di garantire la riuscita della giunzione nel campo delle pressioni di servizio che normalmente si applicano ai sistemi di tubazioni in PE.  5. Durata. Il rivestimento in PP migliora notevolmente la resistenza e la durata del prodotto quando utilizzato in ambienti particolarmente aggressivi.  &nbsp;  Utilizzata per  Sistemi di tubazione per la distribuzione di acqua, gas ed\u00a0applicazioni industriali.\" \/>\n<meta name=\"robots\" content=\"index, follow, max-snippet:-1, max-image-preview:large, max-video-preview:-1\" \/>\n<link rel=\"canonical\" href=\"https:\/\/www.plastitaliaspa.com\/it\/polyethylene-fittings\/raccordi\/flangia-in-ghisa-sferoidale-rivestita-in-pp-per-adattatori-pn16\/\" \/>\n<meta property=\"og:locale\" content=\"it_IT\" \/>\n<meta property=\"og:type\" content=\"article\" \/>\n<meta property=\"og:title\" content=\"FLANGIA IN GHISA SFEROIDALE RIVESTITA IN PP PER ADATTATORI PN16 | Plastitalia\" \/>\n<meta property=\"og:description\" content=\"La flangia \u00e8\u00a0realizzata con una parte\u00a0interna in ghisa sferoidale,\u00a0rivestita con uno strato di polipropilene rinforzato con fibra di vetro.  Principali caratteristiche:  1. Nuova Geometria. Il particolare disegno aumenta la capacit\u00e0 elastica del prodotto riducendo la possibilit\u00e0 di auto-allentamento dei bulloni.  2. Leggerezza. La particolare geometria rende tale modello di flangia libera pi\u00f9 leggera di una corrispondente in acciaio.  3. Resistenza alla corrosione. La combinazione tra l\u2019anima in ghisa e il rivestimento in PP offre un\u2019ottima resistenza alla corrosione riducendo la necessit\u00e0 di manutenzione  4. Resistenza meccanica. La ghisa sferoidale ha buone qualit\u00e0 meccaniche ed \u00e8 in grado di garantire la riuscita della giunzione nel campo delle pressioni di servizio che normalmente si applicano ai sistemi di tubazioni in PE.  5. Durata. Il rivestimento in PP migliora notevolmente la resistenza e la durata del prodotto quando utilizzato in ambienti particolarmente aggressivi.  &nbsp;  Utilizzata per  Sistemi di tubazione per la distribuzione di acqua, gas ed\u00a0applicazioni industriali.\" \/>\n<meta property=\"og:url\" content=\"https:\/\/www.plastitaliaspa.com\/it\/polyethylene-fittings\/raccordi\/flangia-in-ghisa-sferoidale-rivestita-in-pp-per-adattatori-pn16\/\" \/>\n<meta property=\"og:site_name\" content=\"Plastitalia\" \/>\n<meta property=\"article:modified_time\" content=\"2024-10-11T13:54:07+00:00\" \/>\n<meta property=\"og:image\" content=\"https:\/\/www.plastitaliaspa.com\/wp-content\/uploads\/2024\/05\/Flangia-in-ghisa_0.png\" \/>\n\t<meta property=\"og:image:width\" content=\"1080\" \/>\n\t<meta property=\"og:image:height\" content=\"1080\" \/>\n\t<meta property=\"og:image:type\" content=\"image\/png\" \/>\n<meta name=\"twitter:card\" content=\"summary_large_image\" \/>\n<meta name=\"twitter:label1\" content=\"Tempo di lettura stimato\" \/>\n\t<meta name=\"twitter:data1\" content=\"1 minuto\" \/>\n<script type=\"application\/ld+json\" class=\"yoast-schema-graph\">{\"@context\":\"https:\/\/schema.org\",\"@graph\":[{\"@type\":\"WebPage\",\"@id\":\"https:\/\/www.plastitaliaspa.com\/it\/polyethylene-fittings\/raccordi\/flangia-in-ghisa-sferoidale-rivestita-in-pp-per-adattatori-pn16\/\",\"url\":\"https:\/\/www.plastitaliaspa.com\/it\/polyethylene-fittings\/raccordi\/flangia-in-ghisa-sferoidale-rivestita-in-pp-per-adattatori-pn16\/\",\"name\":\"FLANGIA IN GHISA SFEROIDALE RIVESTITA IN PP PER ADATTATORI PN16 | Plastitalia\",\"isPartOf\":{\"@id\":\"https:\/\/www.plastitaliaspa.com\/it\/#website\"},\"primaryImageOfPage\":{\"@id\":\"https:\/\/www.plastitaliaspa.com\/it\/polyethylene-fittings\/raccordi\/flangia-in-ghisa-sferoidale-rivestita-in-pp-per-adattatori-pn16\/#primaryimage\"},\"image\":{\"@id\":\"https:\/\/www.plastitaliaspa.com\/it\/polyethylene-fittings\/raccordi\/flangia-in-ghisa-sferoidale-rivestita-in-pp-per-adattatori-pn16\/#primaryimage\"},\"thumbnailUrl\":\"https:\/\/www.plastitaliaspa.com\/wp-content\/uploads\/2024\/05\/Flangia-in-ghisa_0.png\",\"datePublished\":\"2024-05-29T12:00:52+00:00\",\"dateModified\":\"2024-10-11T13:54:07+00:00\",\"description\":\"La flangia \u00e8\u00a0realizzata con una parte\u00a0interna in ghisa sferoidale,\u00a0rivestita con uno strato di polipropilene rinforzato con fibra di vetro. Principali caratteristiche: 1. Nuova Geometria. Il particolare disegno aumenta la capacit\u00e0 elastica del prodotto riducendo la possibilit\u00e0 di auto-allentamento dei bulloni. 2. Leggerezza. La particolare geometria rende tale modello di flangia libera pi\u00f9 leggera di una corrispondente in acciaio. 3. Resistenza alla corrosione. La combinazione tra l\u2019anima in ghisa e il rivestimento in PP offre un\u2019ottima resistenza alla corrosione riducendo la necessit\u00e0 di manutenzione 4. Resistenza meccanica. La ghisa sferoidale ha buone qualit\u00e0 meccaniche ed \u00e8 in grado di garantire la riuscita della giunzione nel campo delle pressioni di servizio che normalmente si applicano ai sistemi di tubazioni in PE. 5. Durata. Il rivestimento in PP migliora notevolmente la resistenza e la durata del prodotto quando utilizzato in ambienti particolarmente aggressivi. &nbsp; Utilizzata per Sistemi di tubazione per la distribuzione di acqua, gas ed\u00a0applicazioni industriali.\",\"breadcrumb\":{\"@id\":\"https:\/\/www.plastitaliaspa.com\/it\/polyethylene-fittings\/raccordi\/flangia-in-ghisa-sferoidale-rivestita-in-pp-per-adattatori-pn16\/#breadcrumb\"},\"inLanguage\":\"it-IT\",\"potentialAction\":[{\"@type\":\"ReadAction\",\"target\":[\"https:\/\/www.plastitaliaspa.com\/it\/polyethylene-fittings\/raccordi\/flangia-in-ghisa-sferoidale-rivestita-in-pp-per-adattatori-pn16\/\"]}]},{\"@type\":\"ImageObject\",\"inLanguage\":\"it-IT\",\"@id\":\"https:\/\/www.plastitaliaspa.com\/it\/polyethylene-fittings\/raccordi\/flangia-in-ghisa-sferoidale-rivestita-in-pp-per-adattatori-pn16\/#primaryimage\",\"url\":\"https:\/\/www.plastitaliaspa.com\/wp-content\/uploads\/2024\/05\/Flangia-in-ghisa_0.png\",\"contentUrl\":\"https:\/\/www.plastitaliaspa.com\/wp-content\/uploads\/2024\/05\/Flangia-in-ghisa_0.png\",\"width\":1080,\"height\":1080,\"caption\":\"FLANGIA IN GHISA SFEROIDALE RIVESTITA IN PP PER ADATTATORI PN16\"},{\"@type\":\"BreadcrumbList\",\"@id\":\"https:\/\/www.plastitaliaspa.com\/it\/polyethylene-fittings\/raccordi\/flangia-in-ghisa-sferoidale-rivestita-in-pp-per-adattatori-pn16\/#breadcrumb\",\"itemListElement\":[{\"@type\":\"ListItem\",\"position\":1,\"name\":\"Home\",\"item\":\"https:\/\/www.plastitaliaspa.com\/it\/\"},{\"@type\":\"ListItem\",\"position\":2,\"name\":\"Shop\",\"item\":\"https:\/\/www.plastitaliaspa.com\/negozio\/\"},{\"@type\":\"ListItem\",\"position\":3,\"name\":\"FLANGIA IN GHISA SFEROIDALE RIVESTITA IN PP PER ADATTATORI PN16\"}]},{\"@type\":\"WebSite\",\"@id\":\"https:\/\/www.plastitaliaspa.com\/it\/#website\",\"url\":\"https:\/\/www.plastitaliaspa.com\/it\/\",\"name\":\"Plastitalia\",\"description\":\"Leader europeo nella produzione di raccordi in polietilene. Raccordi HDPE elettrosaldabili, di transizione e testa a testa utilizzati per impianti acqua e gas.\",\"publisher\":{\"@id\":\"https:\/\/www.plastitaliaspa.com\/it\/#organization\"},\"potentialAction\":[{\"@type\":\"SearchAction\",\"target\":{\"@type\":\"EntryPoint\",\"urlTemplate\":\"https:\/\/www.plastitaliaspa.com\/it\/?s={search_term_string}\"},\"query-input\":{\"@type\":\"PropertyValueSpecification\",\"valueRequired\":true,\"valueName\":\"search_term_string\"}}],\"inLanguage\":\"it-IT\"},{\"@type\":\"Organization\",\"@id\":\"https:\/\/www.plastitaliaspa.com\/it\/#organization\",\"name\":\"Plastitalia\",\"url\":\"https:\/\/www.plastitaliaspa.com\/it\/\",\"logo\":{\"@type\":\"ImageObject\",\"inLanguage\":\"it-IT\",\"@id\":\"https:\/\/www.plastitaliaspa.com\/it\/#\/schema\/logo\/image\/\",\"url\":\"https:\/\/www.plastitaliaspa.com\/wp-content\/uploads\/2024\/05\/logo-plastitalia-sito.png\",\"contentUrl\":\"https:\/\/www.plastitaliaspa.com\/wp-content\/uploads\/2024\/05\/logo-plastitalia-sito.png\",\"width\":652,\"height\":205,\"caption\":\"Plastitalia\"},\"image\":{\"@id\":\"https:\/\/www.plastitaliaspa.com\/it\/#\/schema\/logo\/image\/\"}}]}<\/script>\n<!-- \/ Yoast SEO plugin. -->","yoast_head_json":{"title":"FLANGIA IN GHISA SFEROIDALE RIVESTITA IN PP PER ADATTATORI PN16 | Plastitalia","description":"La flangia \u00e8\u00a0realizzata con una parte\u00a0interna in ghisa sferoidale,\u00a0rivestita con uno strato di polipropilene rinforzato con fibra di vetro.  Principali caratteristiche:  1. Nuova Geometria. Il particolare disegno aumenta la capacit\u00e0 elastica del prodotto riducendo la possibilit\u00e0 di auto-allentamento dei bulloni.  2. Leggerezza. La particolare geometria rende tale modello di flangia libera pi\u00f9 leggera di una corrispondente in acciaio.  3. Resistenza alla corrosione. La combinazione tra l\u2019anima in ghisa e il rivestimento in PP offre un\u2019ottima resistenza alla corrosione riducendo la necessit\u00e0 di manutenzione  4. Resistenza meccanica. La ghisa sferoidale ha buone qualit\u00e0 meccaniche ed \u00e8 in grado di garantire la riuscita della giunzione nel campo delle pressioni di servizio che normalmente si applicano ai sistemi di tubazioni in PE.  5. Durata. Il rivestimento in PP migliora notevolmente la resistenza e la durata del prodotto quando utilizzato in ambienti particolarmente aggressivi.  &nbsp;  Utilizzata per  Sistemi di tubazione per la distribuzione di acqua, gas ed\u00a0applicazioni industriali.","robots":{"index":"index","follow":"follow","max-snippet":"max-snippet:-1","max-image-preview":"max-image-preview:large","max-video-preview":"max-video-preview:-1"},"canonical":"https:\/\/www.plastitaliaspa.com\/it\/polyethylene-fittings\/raccordi\/flangia-in-ghisa-sferoidale-rivestita-in-pp-per-adattatori-pn16\/","og_locale":"it_IT","og_type":"article","og_title":"FLANGIA IN GHISA SFEROIDALE RIVESTITA IN PP PER ADATTATORI PN16 | Plastitalia","og_description":"La flangia \u00e8\u00a0realizzata con una parte\u00a0interna in ghisa sferoidale,\u00a0rivestita con uno strato di polipropilene rinforzato con fibra di vetro.  Principali caratteristiche:  1. Nuova Geometria. Il particolare disegno aumenta la capacit\u00e0 elastica del prodotto riducendo la possibilit\u00e0 di auto-allentamento dei bulloni.  2. Leggerezza. La particolare geometria rende tale modello di flangia libera pi\u00f9 leggera di una corrispondente in acciaio.  3. Resistenza alla corrosione. La combinazione tra l\u2019anima in ghisa e il rivestimento in PP offre un\u2019ottima resistenza alla corrosione riducendo la necessit\u00e0 di manutenzione  4. Resistenza meccanica. La ghisa sferoidale ha buone qualit\u00e0 meccaniche ed \u00e8 in grado di garantire la riuscita della giunzione nel campo delle pressioni di servizio che normalmente si applicano ai sistemi di tubazioni in PE.  5. Durata. Il rivestimento in PP migliora notevolmente la resistenza e la durata del prodotto quando utilizzato in ambienti particolarmente aggressivi.  &nbsp;  Utilizzata per  Sistemi di tubazione per la distribuzione di acqua, gas ed\u00a0applicazioni industriali.","og_url":"https:\/\/www.plastitaliaspa.com\/it\/polyethylene-fittings\/raccordi\/flangia-in-ghisa-sferoidale-rivestita-in-pp-per-adattatori-pn16\/","og_site_name":"Plastitalia","article_modified_time":"2024-10-11T13:54:07+00:00","og_image":[{"width":1080,"height":1080,"url":"https:\/\/www.plastitaliaspa.com\/wp-content\/uploads\/2024\/05\/Flangia-in-ghisa_0.png","type":"image\/png"}],"twitter_card":"summary_large_image","twitter_misc":{"Tempo di lettura stimato":"1 minuto"},"schema":{"@context":"https:\/\/schema.org","@graph":[{"@type":"WebPage","@id":"https:\/\/www.plastitaliaspa.com\/it\/polyethylene-fittings\/raccordi\/flangia-in-ghisa-sferoidale-rivestita-in-pp-per-adattatori-pn16\/","url":"https:\/\/www.plastitaliaspa.com\/it\/polyethylene-fittings\/raccordi\/flangia-in-ghisa-sferoidale-rivestita-in-pp-per-adattatori-pn16\/","name":"FLANGIA IN GHISA SFEROIDALE RIVESTITA IN PP PER ADATTATORI PN16 | Plastitalia","isPartOf":{"@id":"https:\/\/www.plastitaliaspa.com\/it\/#website"},"primaryImageOfPage":{"@id":"https:\/\/www.plastitaliaspa.com\/it\/polyethylene-fittings\/raccordi\/flangia-in-ghisa-sferoidale-rivestita-in-pp-per-adattatori-pn16\/#primaryimage"},"image":{"@id":"https:\/\/www.plastitaliaspa.com\/it\/polyethylene-fittings\/raccordi\/flangia-in-ghisa-sferoidale-rivestita-in-pp-per-adattatori-pn16\/#primaryimage"},"thumbnailUrl":"https:\/\/www.plastitaliaspa.com\/wp-content\/uploads\/2024\/05\/Flangia-in-ghisa_0.png","datePublished":"2024-05-29T12:00:52+00:00","dateModified":"2024-10-11T13:54:07+00:00","description":"La flangia \u00e8\u00a0realizzata con una parte\u00a0interna in ghisa sferoidale,\u00a0rivestita con uno strato di polipropilene rinforzato con fibra di vetro. Principali caratteristiche: 1. Nuova Geometria. Il particolare disegno aumenta la capacit\u00e0 elastica del prodotto riducendo la possibilit\u00e0 di auto-allentamento dei bulloni. 2. Leggerezza. La particolare geometria rende tale modello di flangia libera pi\u00f9 leggera di una corrispondente in acciaio. 3. Resistenza alla corrosione. La combinazione tra l\u2019anima in ghisa e il rivestimento in PP offre un\u2019ottima resistenza alla corrosione riducendo la necessit\u00e0 di manutenzione 4. Resistenza meccanica. La ghisa sferoidale ha buone qualit\u00e0 meccaniche ed \u00e8 in grado di garantire la riuscita della giunzione nel campo delle pressioni di servizio che normalmente si applicano ai sistemi di tubazioni in PE. 5. Durata. Il rivestimento in PP migliora notevolmente la resistenza e la durata del prodotto quando utilizzato in ambienti particolarmente aggressivi. &nbsp; Utilizzata per Sistemi di tubazione per la distribuzione di acqua, gas ed\u00a0applicazioni industriali.","breadcrumb":{"@id":"https:\/\/www.plastitaliaspa.com\/it\/polyethylene-fittings\/raccordi\/flangia-in-ghisa-sferoidale-rivestita-in-pp-per-adattatori-pn16\/#breadcrumb"},"inLanguage":"it-IT","potentialAction":[{"@type":"ReadAction","target":["https:\/\/www.plastitaliaspa.com\/it\/polyethylene-fittings\/raccordi\/flangia-in-ghisa-sferoidale-rivestita-in-pp-per-adattatori-pn16\/"]}]},{"@type":"ImageObject","inLanguage":"it-IT","@id":"https:\/\/www.plastitaliaspa.com\/it\/polyethylene-fittings\/raccordi\/flangia-in-ghisa-sferoidale-rivestita-in-pp-per-adattatori-pn16\/#primaryimage","url":"https:\/\/www.plastitaliaspa.com\/wp-content\/uploads\/2024\/05\/Flangia-in-ghisa_0.png","contentUrl":"https:\/\/www.plastitaliaspa.com\/wp-content\/uploads\/2024\/05\/Flangia-in-ghisa_0.png","width":1080,"height":1080,"caption":"FLANGIA IN GHISA SFEROIDALE RIVESTITA IN PP PER ADATTATORI PN16"},{"@type":"BreadcrumbList","@id":"https:\/\/www.plastitaliaspa.com\/it\/polyethylene-fittings\/raccordi\/flangia-in-ghisa-sferoidale-rivestita-in-pp-per-adattatori-pn16\/#breadcrumb","itemListElement":[{"@type":"ListItem","position":1,"name":"Home","item":"https:\/\/www.plastitaliaspa.com\/it\/"},{"@type":"ListItem","position":2,"name":"Shop","item":"https:\/\/www.plastitaliaspa.com\/negozio\/"},{"@type":"ListItem","position":3,"name":"FLANGIA IN GHISA SFEROIDALE RIVESTITA IN PP PER ADATTATORI PN16"}]},{"@type":"WebSite","@id":"https:\/\/www.plastitaliaspa.com\/it\/#website","url":"https:\/\/www.plastitaliaspa.com\/it\/","name":"Plastitalia","description":"Leader europeo nella produzione di raccordi in polietilene. Raccordi HDPE elettrosaldabili, di transizione e testa a testa utilizzati per impianti acqua e gas.","publisher":{"@id":"https:\/\/www.plastitaliaspa.com\/it\/#organization"},"potentialAction":[{"@type":"SearchAction","target":{"@type":"EntryPoint","urlTemplate":"https:\/\/www.plastitaliaspa.com\/it\/?s={search_term_string}"},"query-input":{"@type":"PropertyValueSpecification","valueRequired":true,"valueName":"search_term_string"}}],"inLanguage":"it-IT"},{"@type":"Organization","@id":"https:\/\/www.plastitaliaspa.com\/it\/#organization","name":"Plastitalia","url":"https:\/\/www.plastitaliaspa.com\/it\/","logo":{"@type":"ImageObject","inLanguage":"it-IT","@id":"https:\/\/www.plastitaliaspa.com\/it\/#\/schema\/logo\/image\/","url":"https:\/\/www.plastitaliaspa.com\/wp-content\/uploads\/2024\/05\/logo-plastitalia-sito.png","contentUrl":"https:\/\/www.plastitaliaspa.com\/wp-content\/uploads\/2024\/05\/logo-plastitalia-sito.png","width":652,"height":205,"caption":"Plastitalia"},"image":{"@id":"https:\/\/www.plastitaliaspa.com\/it\/#\/schema\/logo\/image\/"}}]}},"_links":{"self":[{"href":"https:\/\/www.plastitaliaspa.com\/it\/wp-json\/wp\/v2\/product\/3161","targetHints":{"allow":["GET"]}}],"collection":[{"href":"https:\/\/www.plastitaliaspa.com\/it\/wp-json\/wp\/v2\/product"}],"about":[{"href":"https:\/\/www.plastitaliaspa.com\/it\/wp-json\/wp\/v2\/types\/product"}],"version-history":[{"count":2,"href":"https:\/\/www.plastitaliaspa.com\/it\/wp-json\/wp\/v2\/product\/3161\/revisions"}],"predecessor-version":[{"id":14717,"href":"https:\/\/www.plastitaliaspa.com\/it\/wp-json\/wp\/v2\/product\/3161\/revisions\/14717"}],"wp:featuredmedia":[{"embeddable":true,"href":"https:\/\/www.plastitaliaspa.com\/it\/wp-json\/wp\/v2\/media\/3163"}],"wp:attachment":[{"href":"https:\/\/www.plastitaliaspa.com\/it\/wp-json\/wp\/v2\/media?parent=3161"}],"wp:term":[{"taxonomy":"product_brand","embeddable":true,"href":"https:\/\/www.plastitaliaspa.com\/it\/wp-json\/wp\/v2\/product_brand?post=3161"},{"taxonomy":"product_cat","embeddable":true,"href":"https:\/\/www.plastitaliaspa.com\/it\/wp-json\/wp\/v2\/product_cat?post=3161"},{"taxonomy":"product_tag","embeddable":true,"href":"https:\/\/www.plastitaliaspa.com\/it\/wp-json\/wp\/v2\/product_tag?post=3161"}],"curies":[{"name":"wp","href":"https:\/\/api.w.org\/{rel}","templated":true}]}}