{"id":2019,"date":"2024-05-29T11:59:06","date_gmt":"2024-05-29T11:59:06","guid":{"rendered":"https:\/\/plastitalia.aitema.com\/raccordi-polietilene\/senza-categoria\/manicotto-elettrosaldabile\/"},"modified":"2024-08-30T08:20:17","modified_gmt":"2024-08-30T08:20:17","slug":"manicotto-elettrosaldabile","status":"publish","type":"product","link":"https:\/\/www.plastitaliaspa.com\/it\/polyethylene-fittings\/raccordi\/manicotto-elettrosaldabile\/","title":{"rendered":"MANICOTTO ELETTROSALDABILE"},"content":{"rendered":"<p>Il raccordo in polietilene MANICOTTO <a href=\"https:\/\/www.plastitaliaspa.com\/categoria-prodotto\/raccordi-elettrosaldabili\/\">ELETTROSALDABILE<\/a> viene utilizzato per sistemi di tubazione per la distribuzione di acqua, gas e applicazioni\u00a0industriali.<\/p>\n<p><strong>Principali\u00a0caratteristiche<\/strong><\/p>\n<p>Famiglia dei raccordi elettrosaldabili; PE100 nero; 39,5-48 V; stampato.<\/p>\n<hr \/>\n<p><strong>Utilizzata per<\/strong><\/p>\n<p>Sistemi di tubazione per la distribuzione dell&#8217;acqua (UNI EN 12201); Sistemi di tubazione per applicazioni industriali (UNI EN ISO 15494); Sistemi di tubazione per la distribuzione di gas combustibii (UNI EN 1555).<\/p>\n<hr \/>\n<p><strong>Sistemi di saldatura<\/strong><\/p>\n<p>Elettrofusione (UNI 10521).<\/p>\n","protected":false},"excerpt":{"rendered":"<h3>Caratteristiche del Manicotto Elettrosaldabile<\/h3>\n<p>Il <strong>manicotto elettrosaldabile<\/strong> in polietilene viene utilizzato per sistemi di tubazione destinati alla distribuzione di acqua, gas e per diverse applicazioni industriali. Questo raccordo \u00e8 parte della famiglia dei <strong>raccordi elettrosaldabili<\/strong>, realizzato in PE100-RC, con una tensione operativa compresa tra 39,5 e 48 V, e prodotto tramite un processo di stampaggio.<\/p>\n<p>&nbsp;<\/p>\n<hr \/>\n<h3>Utilizzi del Manicotto Elettrosaldabile<\/h3>\n<p>Il manicotto elettrosaldabile \u00e8 conforme a diverse normative, il che lo rende idoneo per molteplici applicazioni. Per i sistemi di tubazione per la distribuzione dell&#8217;acqua, il manicotto \u00e8 conforme alla norma UNI EN 12201, assicurando che il prodotto sia sicuro e efficiente per l&#8217;uso in reti idriche.<\/p>\n<p>Per le applicazioni industriali, il raccordo rispetta la norma UNI EN ISO 15494. Questa conformit\u00e0 assicura che il raccordo possa essere utilizzato in\u00a0 applicazioni industriali dove \u00e8 richiesta un&#8217;alta resistenza chimica e meccanica.<\/p>\n<p>Infine, per la distribuzione di gas combustibili, il manicotto elettrosaldabile \u00e8 conforme alla norma UNI EN 1555. Questa conformit\u00e0 garantisce che il manicotto possa essere utilizzato in sicurezza nelle reti di distribuzione del gas, offrendo elevate prestazioni e una lunga durata nel tempo.<\/p>\n<hr \/>\n<h3><strong>Sistemi di saldatura<\/strong><\/h3>\n<p>Il processo di saldatura per il manicotto elettrosaldabile \u00e8 l&#8217;elettrofusione, conforme alla norma UNI 10521. L&#8217;elettrofusione \u00e8 un metodo avanzato che utilizza una resistenza elettrica per fondere il raccordo con la tubazione, creando una giunzione robusta e duratura. Questo metodo \u00e8 particolarmente apprezzato per la sua affidabilit\u00e0 e facilit\u00e0 di esecuzione.<\/p>\n","protected":false},"featured_media":2021,"template":"","meta":{"_acf_changed":false},"product_brand":[],"product_cat":[16,55],"product_tag":[],"class_list":{"0":"post-2019","1":"product","2":"type-product","3":"status-publish","4":"has-post-thumbnail","6":"product_cat-raccordi","7":"product_cat-raccordi-elettrosaldabili","9":"first","10":"instock","11":"product-type-simple"},"acf":[],"yoast_head":"<!-- This site is optimized with the Yoast SEO plugin v27.4 - https:\/\/yoast.com\/product\/yoast-seo-wordpress\/ -->\n<title>Manicotto elettrosaldabile | Plastitalia SpA<\/title>\n<meta name=\"description\" content=\"Raccordo in polietilene Manicotto elettrosaldabile per tubazioni di acqua, gas e usi industriali. PE100-RC,conforme a norme UNI EN 12201, 15494 e 1555.\" \/>\n<meta name=\"robots\" content=\"index, follow, max-snippet:-1, max-image-preview:large, max-video-preview:-1\" \/>\n<link rel=\"canonical\" href=\"https:\/\/www.plastitaliaspa.com\/it\/polyethylene-fittings\/raccordi\/manicotto-elettrosaldabile\/\" \/>\n<meta property=\"og:locale\" content=\"it_IT\" \/>\n<meta property=\"og:type\" content=\"article\" \/>\n<meta property=\"og:title\" content=\"Manicotto elettrosaldabile | Plastitalia SpA\" \/>\n<meta property=\"og:description\" content=\"Raccordo in polietilene Manicotto elettrosaldabile per tubazioni di acqua, gas e usi industriali. PE100-RC,conforme a norme UNI EN 12201, 15494 e 1555.\" \/>\n<meta property=\"og:url\" content=\"https:\/\/www.plastitaliaspa.com\/it\/polyethylene-fittings\/raccordi\/manicotto-elettrosaldabile\/\" \/>\n<meta property=\"og:site_name\" content=\"Plastitalia\" \/>\n<meta property=\"article:modified_time\" content=\"2024-08-30T08:20:17+00:00\" \/>\n<meta property=\"og:image\" content=\"https:\/\/www.plastitaliaspa.com\/wp-content\/uploads\/2024\/05\/elettrosaldabili-p-manicotto-elettrico_1_-_copia.jpg\" \/>\n\t<meta property=\"og:image:width\" content=\"388\" \/>\n\t<meta property=\"og:image:height\" content=\"388\" \/>\n\t<meta property=\"og:image:type\" content=\"image\/jpeg\" \/>\n<meta name=\"twitter:card\" content=\"summary_large_image\" \/>\n<meta name=\"twitter:label1\" content=\"Tempo di lettura stimato\" \/>\n\t<meta name=\"twitter:data1\" content=\"1 minuto\" \/>\n<script type=\"application\/ld+json\" class=\"yoast-schema-graph\">{\"@context\":\"https:\\\/\\\/schema.org\",\"@graph\":[{\"@type\":\"WebPage\",\"@id\":\"https:\\\/\\\/www.plastitaliaspa.com\\\/it\\\/polyethylene-fittings\\\/raccordi\\\/manicotto-elettrosaldabile\\\/\",\"url\":\"https:\\\/\\\/www.plastitaliaspa.com\\\/it\\\/polyethylene-fittings\\\/raccordi\\\/manicotto-elettrosaldabile\\\/\",\"name\":\"Manicotto elettrosaldabile | Plastitalia SpA\",\"isPartOf\":{\"@id\":\"https:\\\/\\\/www.plastitaliaspa.com\\\/it\\\/#website\"},\"primaryImageOfPage\":{\"@id\":\"https:\\\/\\\/www.plastitaliaspa.com\\\/it\\\/polyethylene-fittings\\\/raccordi\\\/manicotto-elettrosaldabile\\\/#primaryimage\"},\"image\":{\"@id\":\"https:\\\/\\\/www.plastitaliaspa.com\\\/it\\\/polyethylene-fittings\\\/raccordi\\\/manicotto-elettrosaldabile\\\/#primaryimage\"},\"thumbnailUrl\":\"https:\\\/\\\/www.plastitaliaspa.com\\\/wp-content\\\/uploads\\\/2024\\\/05\\\/elettrosaldabili-p-manicotto-elettrico_1_-_copia.jpg\",\"datePublished\":\"2024-05-29T11:59:06+00:00\",\"dateModified\":\"2024-08-30T08:20:17+00:00\",\"description\":\"Raccordo in polietilene Manicotto elettrosaldabile per tubazioni di acqua, gas e usi industriali. PE100-RC,conforme a norme UNI EN 12201, 15494 e 1555.\",\"breadcrumb\":{\"@id\":\"https:\\\/\\\/www.plastitaliaspa.com\\\/it\\\/polyethylene-fittings\\\/raccordi\\\/manicotto-elettrosaldabile\\\/#breadcrumb\"},\"inLanguage\":\"it-IT\",\"potentialAction\":[{\"@type\":\"ReadAction\",\"target\":[\"https:\\\/\\\/www.plastitaliaspa.com\\\/it\\\/polyethylene-fittings\\\/raccordi\\\/manicotto-elettrosaldabile\\\/\"]}]},{\"@type\":\"ImageObject\",\"inLanguage\":\"it-IT\",\"@id\":\"https:\\\/\\\/www.plastitaliaspa.com\\\/it\\\/polyethylene-fittings\\\/raccordi\\\/manicotto-elettrosaldabile\\\/#primaryimage\",\"url\":\"https:\\\/\\\/www.plastitaliaspa.com\\\/wp-content\\\/uploads\\\/2024\\\/05\\\/elettrosaldabili-p-manicotto-elettrico_1_-_copia.jpg\",\"contentUrl\":\"https:\\\/\\\/www.plastitaliaspa.com\\\/wp-content\\\/uploads\\\/2024\\\/05\\\/elettrosaldabili-p-manicotto-elettrico_1_-_copia.jpg\",\"width\":388,\"height\":388,\"caption\":\"Manicotto elettrosaldabile\"},{\"@type\":\"BreadcrumbList\",\"@id\":\"https:\\\/\\\/www.plastitaliaspa.com\\\/it\\\/polyethylene-fittings\\\/raccordi\\\/manicotto-elettrosaldabile\\\/#breadcrumb\",\"itemListElement\":[{\"@type\":\"ListItem\",\"position\":1,\"name\":\"Home\",\"item\":\"https:\\\/\\\/www.plastitaliaspa.com\\\/it\\\/\"},{\"@type\":\"ListItem\",\"position\":2,\"name\":\"Shop\",\"item\":\"https:\\\/\\\/www.plastitaliaspa.com\\\/negozio\\\/\"},{\"@type\":\"ListItem\",\"position\":3,\"name\":\"MANICOTTO ELETTROSALDABILE\"}]},{\"@type\":\"WebSite\",\"@id\":\"https:\\\/\\\/www.plastitaliaspa.com\\\/it\\\/#website\",\"url\":\"https:\\\/\\\/www.plastitaliaspa.com\\\/it\\\/\",\"name\":\"Plastitalia\",\"description\":\"Leader europeo nella produzione di raccordi in polietilene. Raccordi HDPE elettrosaldabili, di transizione e testa a testa utilizzati per impianti acqua e gas.\",\"publisher\":{\"@id\":\"https:\\\/\\\/www.plastitaliaspa.com\\\/it\\\/#organization\"},\"potentialAction\":[{\"@type\":\"SearchAction\",\"target\":{\"@type\":\"EntryPoint\",\"urlTemplate\":\"https:\\\/\\\/www.plastitaliaspa.com\\\/it\\\/?s={search_term_string}\"},\"query-input\":{\"@type\":\"PropertyValueSpecification\",\"valueRequired\":true,\"valueName\":\"search_term_string\"}}],\"inLanguage\":\"it-IT\"},{\"@type\":\"Organization\",\"@id\":\"https:\\\/\\\/www.plastitaliaspa.com\\\/it\\\/#organization\",\"name\":\"Plastitalia\",\"url\":\"https:\\\/\\\/www.plastitaliaspa.com\\\/it\\\/\",\"logo\":{\"@type\":\"ImageObject\",\"inLanguage\":\"it-IT\",\"@id\":\"https:\\\/\\\/www.plastitaliaspa.com\\\/it\\\/#\\\/schema\\\/logo\\\/image\\\/\",\"url\":\"https:\\\/\\\/www.plastitaliaspa.com\\\/wp-content\\\/uploads\\\/2024\\\/05\\\/logo-plastitalia-sito.png\",\"contentUrl\":\"https:\\\/\\\/www.plastitaliaspa.com\\\/wp-content\\\/uploads\\\/2024\\\/05\\\/logo-plastitalia-sito.png\",\"width\":652,\"height\":205,\"caption\":\"Plastitalia\"},\"image\":{\"@id\":\"https:\\\/\\\/www.plastitaliaspa.com\\\/it\\\/#\\\/schema\\\/logo\\\/image\\\/\"}}]}<\/script>\n<!-- \/ Yoast SEO plugin. -->","yoast_head_json":{"title":"Manicotto elettrosaldabile | Plastitalia SpA","description":"Raccordo in polietilene Manicotto elettrosaldabile per tubazioni di acqua, gas e usi industriali. PE100-RC,conforme a norme UNI EN 12201, 15494 e 1555.","robots":{"index":"index","follow":"follow","max-snippet":"max-snippet:-1","max-image-preview":"max-image-preview:large","max-video-preview":"max-video-preview:-1"},"canonical":"https:\/\/www.plastitaliaspa.com\/it\/polyethylene-fittings\/raccordi\/manicotto-elettrosaldabile\/","og_locale":"it_IT","og_type":"article","og_title":"Manicotto elettrosaldabile | Plastitalia SpA","og_description":"Raccordo in polietilene Manicotto elettrosaldabile per tubazioni di acqua, gas e usi industriali. PE100-RC,conforme a norme UNI EN 12201, 15494 e 1555.","og_url":"https:\/\/www.plastitaliaspa.com\/it\/polyethylene-fittings\/raccordi\/manicotto-elettrosaldabile\/","og_site_name":"Plastitalia","article_modified_time":"2024-08-30T08:20:17+00:00","og_image":[{"width":388,"height":388,"url":"https:\/\/www.plastitaliaspa.com\/wp-content\/uploads\/2024\/05\/elettrosaldabili-p-manicotto-elettrico_1_-_copia.jpg","type":"image\/jpeg"}],"twitter_card":"summary_large_image","twitter_misc":{"Tempo di lettura stimato":"1 minuto"},"schema":{"@context":"https:\/\/schema.org","@graph":[{"@type":"WebPage","@id":"https:\/\/www.plastitaliaspa.com\/it\/polyethylene-fittings\/raccordi\/manicotto-elettrosaldabile\/","url":"https:\/\/www.plastitaliaspa.com\/it\/polyethylene-fittings\/raccordi\/manicotto-elettrosaldabile\/","name":"Manicotto elettrosaldabile | Plastitalia SpA","isPartOf":{"@id":"https:\/\/www.plastitaliaspa.com\/it\/#website"},"primaryImageOfPage":{"@id":"https:\/\/www.plastitaliaspa.com\/it\/polyethylene-fittings\/raccordi\/manicotto-elettrosaldabile\/#primaryimage"},"image":{"@id":"https:\/\/www.plastitaliaspa.com\/it\/polyethylene-fittings\/raccordi\/manicotto-elettrosaldabile\/#primaryimage"},"thumbnailUrl":"https:\/\/www.plastitaliaspa.com\/wp-content\/uploads\/2024\/05\/elettrosaldabili-p-manicotto-elettrico_1_-_copia.jpg","datePublished":"2024-05-29T11:59:06+00:00","dateModified":"2024-08-30T08:20:17+00:00","description":"Raccordo in polietilene Manicotto elettrosaldabile per tubazioni di acqua, gas e usi industriali. PE100-RC,conforme a norme UNI EN 12201, 15494 e 1555.","breadcrumb":{"@id":"https:\/\/www.plastitaliaspa.com\/it\/polyethylene-fittings\/raccordi\/manicotto-elettrosaldabile\/#breadcrumb"},"inLanguage":"it-IT","potentialAction":[{"@type":"ReadAction","target":["https:\/\/www.plastitaliaspa.com\/it\/polyethylene-fittings\/raccordi\/manicotto-elettrosaldabile\/"]}]},{"@type":"ImageObject","inLanguage":"it-IT","@id":"https:\/\/www.plastitaliaspa.com\/it\/polyethylene-fittings\/raccordi\/manicotto-elettrosaldabile\/#primaryimage","url":"https:\/\/www.plastitaliaspa.com\/wp-content\/uploads\/2024\/05\/elettrosaldabili-p-manicotto-elettrico_1_-_copia.jpg","contentUrl":"https:\/\/www.plastitaliaspa.com\/wp-content\/uploads\/2024\/05\/elettrosaldabili-p-manicotto-elettrico_1_-_copia.jpg","width":388,"height":388,"caption":"Manicotto elettrosaldabile"},{"@type":"BreadcrumbList","@id":"https:\/\/www.plastitaliaspa.com\/it\/polyethylene-fittings\/raccordi\/manicotto-elettrosaldabile\/#breadcrumb","itemListElement":[{"@type":"ListItem","position":1,"name":"Home","item":"https:\/\/www.plastitaliaspa.com\/it\/"},{"@type":"ListItem","position":2,"name":"Shop","item":"https:\/\/www.plastitaliaspa.com\/negozio\/"},{"@type":"ListItem","position":3,"name":"MANICOTTO ELETTROSALDABILE"}]},{"@type":"WebSite","@id":"https:\/\/www.plastitaliaspa.com\/it\/#website","url":"https:\/\/www.plastitaliaspa.com\/it\/","name":"Plastitalia","description":"Leader europeo nella produzione di raccordi in polietilene. Raccordi HDPE elettrosaldabili, di transizione e testa a testa utilizzati per impianti acqua e gas.","publisher":{"@id":"https:\/\/www.plastitaliaspa.com\/it\/#organization"},"potentialAction":[{"@type":"SearchAction","target":{"@type":"EntryPoint","urlTemplate":"https:\/\/www.plastitaliaspa.com\/it\/?s={search_term_string}"},"query-input":{"@type":"PropertyValueSpecification","valueRequired":true,"valueName":"search_term_string"}}],"inLanguage":"it-IT"},{"@type":"Organization","@id":"https:\/\/www.plastitaliaspa.com\/it\/#organization","name":"Plastitalia","url":"https:\/\/www.plastitaliaspa.com\/it\/","logo":{"@type":"ImageObject","inLanguage":"it-IT","@id":"https:\/\/www.plastitaliaspa.com\/it\/#\/schema\/logo\/image\/","url":"https:\/\/www.plastitaliaspa.com\/wp-content\/uploads\/2024\/05\/logo-plastitalia-sito.png","contentUrl":"https:\/\/www.plastitaliaspa.com\/wp-content\/uploads\/2024\/05\/logo-plastitalia-sito.png","width":652,"height":205,"caption":"Plastitalia"},"image":{"@id":"https:\/\/www.plastitaliaspa.com\/it\/#\/schema\/logo\/image\/"}}]}},"_links":{"self":[{"href":"https:\/\/www.plastitaliaspa.com\/it\/wp-json\/wp\/v2\/product\/2019","targetHints":{"allow":["GET"]}}],"collection":[{"href":"https:\/\/www.plastitaliaspa.com\/it\/wp-json\/wp\/v2\/product"}],"about":[{"href":"https:\/\/www.plastitaliaspa.com\/it\/wp-json\/wp\/v2\/types\/product"}],"version-history":[{"count":3,"href":"https:\/\/www.plastitaliaspa.com\/it\/wp-json\/wp\/v2\/product\/2019\/revisions"}],"predecessor-version":[{"id":13666,"href":"https:\/\/www.plastitaliaspa.com\/it\/wp-json\/wp\/v2\/product\/2019\/revisions\/13666"}],"wp:featuredmedia":[{"embeddable":true,"href":"https:\/\/www.plastitaliaspa.com\/it\/wp-json\/wp\/v2\/media\/2021"}],"wp:attachment":[{"href":"https:\/\/www.plastitaliaspa.com\/it\/wp-json\/wp\/v2\/media?parent=2019"}],"wp:term":[{"taxonomy":"product_brand","embeddable":true,"href":"https:\/\/www.plastitaliaspa.com\/it\/wp-json\/wp\/v2\/product_brand?post=2019"},{"taxonomy":"product_cat","embeddable":true,"href":"https:\/\/www.plastitaliaspa.com\/it\/wp-json\/wp\/v2\/product_cat?post=2019"},{"taxonomy":"product_tag","embeddable":true,"href":"https:\/\/www.plastitaliaspa.com\/it\/wp-json\/wp\/v2\/product_tag?post=2019"}],"curies":[{"name":"wp","href":"https:\/\/api.w.org\/{rel}","templated":true}]}}