{"id":12191,"date":"2024-05-29T12:00:52","date_gmt":"2024-05-29T12:00:52","guid":{"rendered":"https:\/\/plastitalia.aitema.com\/raccordi-polietilene\/non%20class\u00e9\/coude-de-transition-45-pe-laiton-femelle\/"},"modified":"2024-09-06T10:07:20","modified_gmt":"2024-09-06T10:07:20","slug":"coude-de-transition-45-pe-laiton-femelle","status":"publish","type":"product","link":"https:\/\/www.plastitaliaspa.com\/fr\/polyethylene-fittings\/raccords-electrosoudables\/coude-de-transition-45-pe-laiton-femelle\/","title":{"rendered":"Coude de transition 45\u00b0 PE \/ Laiton femelle"},"content":{"rendered":"<p>Le COUDE 45\u00b0 COUDE TRANSITION COUDE PE\/LAITON filet\u00e9 femelle est utilis\u00e9 pour syst\u00e8mes de tuyauterie pour la distribution d&rsquo;eau, de gaz et d&rsquo;applications industrielles.<\/p>\n<p>Caract\u00e9ristiques principales cat\u00e9gorie de raccords \u00e9lectrosoudables\u00a0; PE100 noir ; DTS 11\u00a0; imprim\u00e9; adaptateur laiton filet\u00e9 femelle.<\/p>\n<p>Utilis\u00e9 pour Syst\u00e8mes de canalisations pour la distribution d&rsquo;eau (UNI EN 12201);<\/p>\n<p>Syst\u00e8mes de tuyauterie pour applications industriel (UNI EN ISO 15494). Syst\u00e8me de soudage \u00c9lectrofusion (UNI 10521).<\/p>\n","protected":false},"excerpt":{"rendered":"<p>Le COUDE 45\u00b0 COUDE TRANSITION COUDE PE\/LAITON filet\u00e9 femelle est utilis\u00e9 pour syst\u00e8mes de tuyauterie pour la distribution d&rsquo;eau, de gaz et d&rsquo;applications industrielles.<\/p>\n<p>Caract\u00e9ristiques principales cat\u00e9gorie de raccords \u00e9lectrosoudables\u00a0; PE100 noir ; DTS 11\u00a0; imprim\u00e9; adaptateur laiton filet\u00e9 femelle.<\/p>\n<p>Utilis\u00e9 pour Syst\u00e8mes de canalisations pour la distribution d&rsquo;eau (UNI EN 12201);<\/p>\n<p>Syst\u00e8mes de tuyauterie pour applications industriel (UNI EN ISO 15494). Syst\u00e8me de soudage \u00c9lectrofusion (UNI 10521).<\/p>\n","protected":false},"featured_media":7187,"template":"","meta":{"_acf_changed":false},"product_brand":[],"product_cat":[171,131],"product_tag":[],"class_list":{"0":"post-12191","1":"product","2":"type-product","3":"status-publish","4":"has-post-thumbnail","6":"product_cat-raccords-fr","7":"product_cat-raccords-electrosoudables","9":"first","10":"instock","11":"product-type-simple"},"acf":[],"yoast_head":"<!-- This site is optimized with the Yoast SEO plugin v27.4 - https:\/\/yoast.com\/product\/yoast-seo-wordpress\/ -->\n<title>Coude de transition 45\u00b0 PE \/ Laiton femelle | Plastitalia<\/title>\n<meta name=\"description\" content=\"Le COUDE 45\u00b0 COUDE TRANSITION COUDE PE\/LAITON filet\u00e9 femelle est utilis\u00e9 pour syst\u00e8mes de tuyauterie pour la distribution d&#039;eau, de gaz et d&#039;applications industrielles.  Caract\u00e9ristiques principales cat\u00e9gorie de raccords \u00e9lectrosoudables\u00a0; PE100 noir ; DTS 11\u00a0; imprim\u00e9; adaptateur laiton filet\u00e9 femelle.  Utilis\u00e9 pour Syst\u00e8mes de canalisations pour la distribution d&#039;eau (UNI EN 12201);  Syst\u00e8mes de tuyauterie pour applications industriel (UNI EN ISO 15494). Syst\u00e8me de soudage \u00c9lectrofusion (UNI 10521).\" \/>\n<meta name=\"robots\" content=\"index, follow, max-snippet:-1, max-image-preview:large, max-video-preview:-1\" \/>\n<link rel=\"canonical\" href=\"https:\/\/www.plastitaliaspa.com\/fr\/polyethylene-fittings\/raccords-electrosoudables\/coude-de-transition-45-pe-laiton-femelle\/\" \/>\n<meta property=\"og:locale\" content=\"fr_FR\" \/>\n<meta property=\"og:type\" content=\"article\" \/>\n<meta property=\"og:title\" content=\"Coude de transition 45\u00b0 PE \/ Laiton femelle | Plastitalia\" \/>\n<meta property=\"og:description\" content=\"Le COUDE 45\u00b0 COUDE TRANSITION COUDE PE\/LAITON filet\u00e9 femelle est utilis\u00e9 pour syst\u00e8mes de tuyauterie pour la distribution d&#039;eau, de gaz et d&#039;applications industrielles.  Caract\u00e9ristiques principales cat\u00e9gorie de raccords \u00e9lectrosoudables\u00a0; PE100 noir ; DTS 11\u00a0; imprim\u00e9; adaptateur laiton filet\u00e9 femelle.  Utilis\u00e9 pour Syst\u00e8mes de canalisations pour la distribution d&#039;eau (UNI EN 12201);  Syst\u00e8mes de tuyauterie pour applications industriel (UNI EN ISO 15494). Syst\u00e8me de soudage \u00c9lectrofusion (UNI 10521).\" \/>\n<meta property=\"og:url\" content=\"https:\/\/www.plastitaliaspa.com\/fr\/polyethylene-fittings\/raccords-electrosoudables\/coude-de-transition-45-pe-laiton-femelle\/\" \/>\n<meta property=\"og:site_name\" content=\"Plastitalia\" \/>\n<meta property=\"article:modified_time\" content=\"2024-09-06T10:07:20+00:00\" \/>\n<meta property=\"og:image\" content=\"https:\/\/www.plastitaliaspa.com\/wp-content\/uploads\/2024\/05\/Transition-elbow-45\u00b0-PEBrass-threaded-female-1.png\" \/>\n\t<meta property=\"og:image:width\" content=\"1000\" \/>\n\t<meta property=\"og:image:height\" content=\"1072\" \/>\n\t<meta property=\"og:image:type\" content=\"image\/png\" \/>\n<meta name=\"twitter:card\" content=\"summary_large_image\" \/>\n<meta name=\"twitter:label1\" content=\"Dur\u00e9e de lecture estim\u00e9e\" \/>\n\t<meta name=\"twitter:data1\" content=\"1 minute\" \/>\n<script type=\"application\/ld+json\" class=\"yoast-schema-graph\">{\"@context\":\"https:\\\/\\\/schema.org\",\"@graph\":[{\"@type\":\"WebPage\",\"@id\":\"https:\\\/\\\/www.plastitaliaspa.com\\\/fr\\\/polyethylene-fittings\\\/raccords-electrosoudables\\\/coude-de-transition-45-pe-laiton-femelle\\\/\",\"url\":\"https:\\\/\\\/www.plastitaliaspa.com\\\/fr\\\/polyethylene-fittings\\\/raccords-electrosoudables\\\/coude-de-transition-45-pe-laiton-femelle\\\/\",\"name\":\"Coude de transition 45\u00b0 PE \\\/ Laiton femelle | Plastitalia\",\"isPartOf\":{\"@id\":\"https:\\\/\\\/www.plastitaliaspa.com\\\/fr\\\/#website\"},\"primaryImageOfPage\":{\"@id\":\"https:\\\/\\\/www.plastitaliaspa.com\\\/fr\\\/polyethylene-fittings\\\/raccords-electrosoudables\\\/coude-de-transition-45-pe-laiton-femelle\\\/#primaryimage\"},\"image\":{\"@id\":\"https:\\\/\\\/www.plastitaliaspa.com\\\/fr\\\/polyethylene-fittings\\\/raccords-electrosoudables\\\/coude-de-transition-45-pe-laiton-femelle\\\/#primaryimage\"},\"thumbnailUrl\":\"https:\\\/\\\/www.plastitaliaspa.com\\\/wp-content\\\/uploads\\\/2024\\\/05\\\/Transition-elbow-45\u00b0-PEBrass-threaded-female-1.png\",\"datePublished\":\"2024-05-29T12:00:52+00:00\",\"dateModified\":\"2024-09-06T10:07:20+00:00\",\"description\":\"Le COUDE 45\u00b0 COUDE TRANSITION COUDE PE\\\/LAITON filet\u00e9 femelle est utilis\u00e9 pour syst\u00e8mes de tuyauterie pour la distribution d'eau, de gaz et d'applications industrielles. Caract\u00e9ristiques principales cat\u00e9gorie de raccords \u00e9lectrosoudables\u00a0; PE100 noir ; DTS 11\u00a0; imprim\u00e9; adaptateur laiton filet\u00e9 femelle. Utilis\u00e9 pour Syst\u00e8mes de canalisations pour la distribution d'eau (UNI EN 12201); Syst\u00e8mes de tuyauterie pour applications industriel (UNI EN ISO 15494). Syst\u00e8me de soudage \u00c9lectrofusion (UNI 10521).\",\"breadcrumb\":{\"@id\":\"https:\\\/\\\/www.plastitaliaspa.com\\\/fr\\\/polyethylene-fittings\\\/raccords-electrosoudables\\\/coude-de-transition-45-pe-laiton-femelle\\\/#breadcrumb\"},\"inLanguage\":\"fr-FR\",\"potentialAction\":[{\"@type\":\"ReadAction\",\"target\":[\"https:\\\/\\\/www.plastitaliaspa.com\\\/fr\\\/polyethylene-fittings\\\/raccords-electrosoudables\\\/coude-de-transition-45-pe-laiton-femelle\\\/\"]}]},{\"@type\":\"ImageObject\",\"inLanguage\":\"fr-FR\",\"@id\":\"https:\\\/\\\/www.plastitaliaspa.com\\\/fr\\\/polyethylene-fittings\\\/raccords-electrosoudables\\\/coude-de-transition-45-pe-laiton-femelle\\\/#primaryimage\",\"url\":\"https:\\\/\\\/www.plastitaliaspa.com\\\/wp-content\\\/uploads\\\/2024\\\/05\\\/Transition-elbow-45\u00b0-PEBrass-threaded-female-1.png\",\"contentUrl\":\"https:\\\/\\\/www.plastitaliaspa.com\\\/wp-content\\\/uploads\\\/2024\\\/05\\\/Transition-elbow-45\u00b0-PEBrass-threaded-female-1.png\",\"width\":1000,\"height\":1072},{\"@type\":\"BreadcrumbList\",\"@id\":\"https:\\\/\\\/www.plastitaliaspa.com\\\/fr\\\/polyethylene-fittings\\\/raccords-electrosoudables\\\/coude-de-transition-45-pe-laiton-femelle\\\/#breadcrumb\",\"itemListElement\":[{\"@type\":\"ListItem\",\"position\":1,\"name\":\"Home\",\"item\":\"https:\\\/\\\/www.plastitaliaspa.com\\\/fr\\\/\"},{\"@type\":\"ListItem\",\"position\":2,\"name\":\"Shop\",\"item\":\"https:\\\/\\\/www.plastitaliaspa.com\\\/negozio\\\/\"},{\"@type\":\"ListItem\",\"position\":3,\"name\":\"Coude de transition 45\u00b0 PE \\\/ Laiton femelle\"}]},{\"@type\":\"WebSite\",\"@id\":\"https:\\\/\\\/www.plastitaliaspa.com\\\/fr\\\/#website\",\"url\":\"https:\\\/\\\/www.plastitaliaspa.com\\\/fr\\\/\",\"name\":\"Plastitalia\",\"description\":\"Leader europeo nella produzione di raccordi in polietilene. Raccordi HDPE elettrosaldabili, di transizione e testa a testa utilizzati per impianti acqua e gas.\",\"publisher\":{\"@id\":\"https:\\\/\\\/www.plastitaliaspa.com\\\/fr\\\/#organization\"},\"potentialAction\":[{\"@type\":\"SearchAction\",\"target\":{\"@type\":\"EntryPoint\",\"urlTemplate\":\"https:\\\/\\\/www.plastitaliaspa.com\\\/fr\\\/?s={search_term_string}\"},\"query-input\":{\"@type\":\"PropertyValueSpecification\",\"valueRequired\":true,\"valueName\":\"search_term_string\"}}],\"inLanguage\":\"fr-FR\"},{\"@type\":\"Organization\",\"@id\":\"https:\\\/\\\/www.plastitaliaspa.com\\\/fr\\\/#organization\",\"name\":\"Plastitalia\",\"url\":\"https:\\\/\\\/www.plastitaliaspa.com\\\/fr\\\/\",\"logo\":{\"@type\":\"ImageObject\",\"inLanguage\":\"fr-FR\",\"@id\":\"https:\\\/\\\/www.plastitaliaspa.com\\\/fr\\\/#\\\/schema\\\/logo\\\/image\\\/\",\"url\":\"https:\\\/\\\/www.plastitaliaspa.com\\\/wp-content\\\/uploads\\\/2024\\\/05\\\/logo-plastitalia-sito.png\",\"contentUrl\":\"https:\\\/\\\/www.plastitaliaspa.com\\\/wp-content\\\/uploads\\\/2024\\\/05\\\/logo-plastitalia-sito.png\",\"width\":652,\"height\":205,\"caption\":\"Plastitalia\"},\"image\":{\"@id\":\"https:\\\/\\\/www.plastitaliaspa.com\\\/fr\\\/#\\\/schema\\\/logo\\\/image\\\/\"}}]}<\/script>\n<!-- \/ Yoast SEO plugin. -->","yoast_head_json":{"title":"Coude de transition 45\u00b0 PE \/ Laiton femelle | Plastitalia","description":"Le COUDE 45\u00b0 COUDE TRANSITION COUDE PE\/LAITON filet\u00e9 femelle est utilis\u00e9 pour syst\u00e8mes de tuyauterie pour la distribution d'eau, de gaz et d'applications industrielles.  Caract\u00e9ristiques principales cat\u00e9gorie de raccords \u00e9lectrosoudables\u00a0; PE100 noir ; DTS 11\u00a0; imprim\u00e9; adaptateur laiton filet\u00e9 femelle.  Utilis\u00e9 pour Syst\u00e8mes de canalisations pour la distribution d'eau (UNI EN 12201);  Syst\u00e8mes de tuyauterie pour applications industriel (UNI EN ISO 15494). Syst\u00e8me de soudage \u00c9lectrofusion (UNI 10521).","robots":{"index":"index","follow":"follow","max-snippet":"max-snippet:-1","max-image-preview":"max-image-preview:large","max-video-preview":"max-video-preview:-1"},"canonical":"https:\/\/www.plastitaliaspa.com\/fr\/polyethylene-fittings\/raccords-electrosoudables\/coude-de-transition-45-pe-laiton-femelle\/","og_locale":"fr_FR","og_type":"article","og_title":"Coude de transition 45\u00b0 PE \/ Laiton femelle | Plastitalia","og_description":"Le COUDE 45\u00b0 COUDE TRANSITION COUDE PE\/LAITON filet\u00e9 femelle est utilis\u00e9 pour syst\u00e8mes de tuyauterie pour la distribution d'eau, de gaz et d'applications industrielles.  Caract\u00e9ristiques principales cat\u00e9gorie de raccords \u00e9lectrosoudables\u00a0; PE100 noir ; DTS 11\u00a0; imprim\u00e9; adaptateur laiton filet\u00e9 femelle.  Utilis\u00e9 pour Syst\u00e8mes de canalisations pour la distribution d'eau (UNI EN 12201);  Syst\u00e8mes de tuyauterie pour applications industriel (UNI EN ISO 15494). Syst\u00e8me de soudage \u00c9lectrofusion (UNI 10521).","og_url":"https:\/\/www.plastitaliaspa.com\/fr\/polyethylene-fittings\/raccords-electrosoudables\/coude-de-transition-45-pe-laiton-femelle\/","og_site_name":"Plastitalia","article_modified_time":"2024-09-06T10:07:20+00:00","og_image":[{"width":1000,"height":1072,"url":"https:\/\/www.plastitaliaspa.com\/wp-content\/uploads\/2024\/05\/Transition-elbow-45\u00b0-PEBrass-threaded-female-1.png","type":"image\/png"}],"twitter_card":"summary_large_image","twitter_misc":{"Dur\u00e9e de lecture estim\u00e9e":"1 minute"},"schema":{"@context":"https:\/\/schema.org","@graph":[{"@type":"WebPage","@id":"https:\/\/www.plastitaliaspa.com\/fr\/polyethylene-fittings\/raccords-electrosoudables\/coude-de-transition-45-pe-laiton-femelle\/","url":"https:\/\/www.plastitaliaspa.com\/fr\/polyethylene-fittings\/raccords-electrosoudables\/coude-de-transition-45-pe-laiton-femelle\/","name":"Coude de transition 45\u00b0 PE \/ Laiton femelle | Plastitalia","isPartOf":{"@id":"https:\/\/www.plastitaliaspa.com\/fr\/#website"},"primaryImageOfPage":{"@id":"https:\/\/www.plastitaliaspa.com\/fr\/polyethylene-fittings\/raccords-electrosoudables\/coude-de-transition-45-pe-laiton-femelle\/#primaryimage"},"image":{"@id":"https:\/\/www.plastitaliaspa.com\/fr\/polyethylene-fittings\/raccords-electrosoudables\/coude-de-transition-45-pe-laiton-femelle\/#primaryimage"},"thumbnailUrl":"https:\/\/www.plastitaliaspa.com\/wp-content\/uploads\/2024\/05\/Transition-elbow-45\u00b0-PEBrass-threaded-female-1.png","datePublished":"2024-05-29T12:00:52+00:00","dateModified":"2024-09-06T10:07:20+00:00","description":"Le COUDE 45\u00b0 COUDE TRANSITION COUDE PE\/LAITON filet\u00e9 femelle est utilis\u00e9 pour syst\u00e8mes de tuyauterie pour la distribution d'eau, de gaz et d'applications industrielles. Caract\u00e9ristiques principales cat\u00e9gorie de raccords \u00e9lectrosoudables\u00a0; PE100 noir ; DTS 11\u00a0; imprim\u00e9; adaptateur laiton filet\u00e9 femelle. Utilis\u00e9 pour Syst\u00e8mes de canalisations pour la distribution d'eau (UNI EN 12201); Syst\u00e8mes de tuyauterie pour applications industriel (UNI EN ISO 15494). Syst\u00e8me de soudage \u00c9lectrofusion (UNI 10521).","breadcrumb":{"@id":"https:\/\/www.plastitaliaspa.com\/fr\/polyethylene-fittings\/raccords-electrosoudables\/coude-de-transition-45-pe-laiton-femelle\/#breadcrumb"},"inLanguage":"fr-FR","potentialAction":[{"@type":"ReadAction","target":["https:\/\/www.plastitaliaspa.com\/fr\/polyethylene-fittings\/raccords-electrosoudables\/coude-de-transition-45-pe-laiton-femelle\/"]}]},{"@type":"ImageObject","inLanguage":"fr-FR","@id":"https:\/\/www.plastitaliaspa.com\/fr\/polyethylene-fittings\/raccords-electrosoudables\/coude-de-transition-45-pe-laiton-femelle\/#primaryimage","url":"https:\/\/www.plastitaliaspa.com\/wp-content\/uploads\/2024\/05\/Transition-elbow-45\u00b0-PEBrass-threaded-female-1.png","contentUrl":"https:\/\/www.plastitaliaspa.com\/wp-content\/uploads\/2024\/05\/Transition-elbow-45\u00b0-PEBrass-threaded-female-1.png","width":1000,"height":1072},{"@type":"BreadcrumbList","@id":"https:\/\/www.plastitaliaspa.com\/fr\/polyethylene-fittings\/raccords-electrosoudables\/coude-de-transition-45-pe-laiton-femelle\/#breadcrumb","itemListElement":[{"@type":"ListItem","position":1,"name":"Home","item":"https:\/\/www.plastitaliaspa.com\/fr\/"},{"@type":"ListItem","position":2,"name":"Shop","item":"https:\/\/www.plastitaliaspa.com\/negozio\/"},{"@type":"ListItem","position":3,"name":"Coude de transition 45\u00b0 PE \/ Laiton femelle"}]},{"@type":"WebSite","@id":"https:\/\/www.plastitaliaspa.com\/fr\/#website","url":"https:\/\/www.plastitaliaspa.com\/fr\/","name":"Plastitalia","description":"Leader europeo nella produzione di raccordi in polietilene. Raccordi HDPE elettrosaldabili, di transizione e testa a testa utilizzati per impianti acqua e gas.","publisher":{"@id":"https:\/\/www.plastitaliaspa.com\/fr\/#organization"},"potentialAction":[{"@type":"SearchAction","target":{"@type":"EntryPoint","urlTemplate":"https:\/\/www.plastitaliaspa.com\/fr\/?s={search_term_string}"},"query-input":{"@type":"PropertyValueSpecification","valueRequired":true,"valueName":"search_term_string"}}],"inLanguage":"fr-FR"},{"@type":"Organization","@id":"https:\/\/www.plastitaliaspa.com\/fr\/#organization","name":"Plastitalia","url":"https:\/\/www.plastitaliaspa.com\/fr\/","logo":{"@type":"ImageObject","inLanguage":"fr-FR","@id":"https:\/\/www.plastitaliaspa.com\/fr\/#\/schema\/logo\/image\/","url":"https:\/\/www.plastitaliaspa.com\/wp-content\/uploads\/2024\/05\/logo-plastitalia-sito.png","contentUrl":"https:\/\/www.plastitaliaspa.com\/wp-content\/uploads\/2024\/05\/logo-plastitalia-sito.png","width":652,"height":205,"caption":"Plastitalia"},"image":{"@id":"https:\/\/www.plastitaliaspa.com\/fr\/#\/schema\/logo\/image\/"}}]}},"_links":{"self":[{"href":"https:\/\/www.plastitaliaspa.com\/fr\/wp-json\/wp\/v2\/product\/12191","targetHints":{"allow":["GET"]}}],"collection":[{"href":"https:\/\/www.plastitaliaspa.com\/fr\/wp-json\/wp\/v2\/product"}],"about":[{"href":"https:\/\/www.plastitaliaspa.com\/fr\/wp-json\/wp\/v2\/types\/product"}],"version-history":[{"count":2,"href":"https:\/\/www.plastitaliaspa.com\/fr\/wp-json\/wp\/v2\/product\/12191\/revisions"}],"predecessor-version":[{"id":13921,"href":"https:\/\/www.plastitaliaspa.com\/fr\/wp-json\/wp\/v2\/product\/12191\/revisions\/13921"}],"wp:featuredmedia":[{"embeddable":true,"href":"https:\/\/www.plastitaliaspa.com\/fr\/wp-json\/wp\/v2\/media\/7187"}],"wp:attachment":[{"href":"https:\/\/www.plastitaliaspa.com\/fr\/wp-json\/wp\/v2\/media?parent=12191"}],"wp:term":[{"taxonomy":"product_brand","embeddable":true,"href":"https:\/\/www.plastitaliaspa.com\/fr\/wp-json\/wp\/v2\/product_brand?post=12191"},{"taxonomy":"product_cat","embeddable":true,"href":"https:\/\/www.plastitaliaspa.com\/fr\/wp-json\/wp\/v2\/product_cat?post=12191"},{"taxonomy":"product_tag","embeddable":true,"href":"https:\/\/www.plastitaliaspa.com\/fr\/wp-json\/wp\/v2\/product_tag?post=12191"}],"curies":[{"name":"wp","href":"https:\/\/api.w.org\/{rel}","templated":true}]}}