{"id":12188,"date":"2024-05-29T12:00:52","date_gmt":"2024-05-29T12:00:52","guid":{"rendered":"https:\/\/plastitalia.aitema.com\/raccordi-polietilene\/non%20class\u00e9\/coude-45-electrosouldable-ips\/"},"modified":"2024-07-22T11:23:58","modified_gmt":"2024-07-22T11:23:58","slug":"coude-45-electrosouldable-ips","status":"publish","type":"product","link":"https:\/\/www.plastitaliaspa.com\/fr\/polyethylene-fittings\/raccords-en-pouces\/coude-45-electrosouldable-ips\/","title":{"rendered":"Coude 45\u00b0 electrosouldable IPS"},"content":{"rendered":"<p><strong>Caract\u00e9ristiques Coude 45\u00b0 \u00e9lectrosouldable<\/strong><\/p>\n<p>Quelques caract\u00e9ristiques: Famille des raccords \u00e9lectrosoudables; PE100 noir (disponibles m\u00eame en bleu, jaune et orange); 39,5-48V; Inject\u00e9e.<\/p>\n<hr \/>\n<p>Le Coude 45\u00b0 \u00e9lectrosouldable est utilis\u00e9 pour: Syst\u00e8mes de canalisation pour la distribution de l&rsquo;eau (UNI EN 12201); Syst\u00e8mes de canalisation pour applications industrielles (UNI EN ISO 15494); Syst\u00e8mes de canalisation pour la distribution de gaz combustibles (UNI EN 1555).<\/p>\n<hr \/>\n<p>Syst\u00e8mes de soudure:\u00c9lectrofusion (UNI 10521).<\/p>\n","protected":false},"excerpt":{"rendered":"<p><strong>Caract\u00e9ristiques Coude 45\u00b0 \u00e9lectrosouldable<\/strong><\/p>\n<p>Quelques caract\u00e9ristiques: Famille des raccords \u00e9lectrosoudables; PE100 noir (disponibles m\u00eame en bleu, jaune et orange); 39,5-48V; Inject\u00e9e.<\/p>\n<hr \/>\n<p>Le Coude 45\u00b0 \u00e9lectrosouldable est utilis\u00e9 pour: Syst\u00e8mes de canalisation pour la distribution de l&rsquo;eau (UNI EN 12201); Syst\u00e8mes de canalisation pour applications industrielles (UNI EN ISO 15494); Syst\u00e8mes de canalisation pour la distribution de gaz combustibles (UNI EN 1555).<\/p>\n<hr \/>\n<p>Syst\u00e8mes de soudure:\u00c9lectrofusion (UNI 10521).<\/p>\n","protected":false},"featured_media":3077,"template":"","meta":{"_acf_changed":false},"product_brand":[],"product_cat":[182],"product_tag":[],"class_list":{"0":"post-12188","1":"product","2":"type-product","3":"status-publish","4":"has-post-thumbnail","6":"product_cat-raccords-en-pouces","8":"first","9":"instock","10":"product-type-simple"},"acf":[],"yoast_head":"<!-- This site is optimized with the Yoast SEO plugin v27.2 - https:\/\/yoast.com\/product\/yoast-seo-wordpress\/ -->\n<title>Coude 45\u00b0 electrosouldable IPS | Plastitalia<\/title>\n<meta name=\"description\" content=\"Caract\u00e9ristiques Coude 45\u00b0 \u00e9lectrosouldable  Quelques caract\u00e9ristiques: Famille des raccords \u00e9lectrosoudables; PE100 noir (disponibles m\u00eame en bleu, jaune et orange); 39,5-48V; Inject\u00e9e.   Le Coude 45\u00b0 \u00e9lectrosouldable est utilis\u00e9 pour: Syst\u00e8mes de canalisation pour la distribution de l&#039;eau (UNI EN 12201); Syst\u00e8mes de canalisation pour applications industrielles (UNI EN ISO 15494); Syst\u00e8mes de canalisation pour la distribution de gaz combustibles (UNI EN 1555).   Syst\u00e8mes de soudure:\u00c9lectrofusion (UNI 10521).\" \/>\n<meta name=\"robots\" content=\"index, follow, max-snippet:-1, max-image-preview:large, max-video-preview:-1\" \/>\n<link rel=\"canonical\" href=\"https:\/\/www.plastitaliaspa.com\/fr\/polyethylene-fittings\/raccords-en-pouces\/coude-45-electrosouldable-ips\/\" \/>\n<meta property=\"og:locale\" content=\"fr_FR\" \/>\n<meta property=\"og:type\" content=\"article\" \/>\n<meta property=\"og:title\" content=\"Coude 45\u00b0 electrosouldable IPS | Plastitalia\" \/>\n<meta property=\"og:description\" content=\"Caract\u00e9ristiques Coude 45\u00b0 \u00e9lectrosouldable  Quelques caract\u00e9ristiques: Famille des raccords \u00e9lectrosoudables; PE100 noir (disponibles m\u00eame en bleu, jaune et orange); 39,5-48V; Inject\u00e9e.   Le Coude 45\u00b0 \u00e9lectrosouldable est utilis\u00e9 pour: Syst\u00e8mes de canalisation pour la distribution de l&#039;eau (UNI EN 12201); Syst\u00e8mes de canalisation pour applications industrielles (UNI EN ISO 15494); Syst\u00e8mes de canalisation pour la distribution de gaz combustibles (UNI EN 1555).   Syst\u00e8mes de soudure:\u00c9lectrofusion (UNI 10521).\" \/>\n<meta property=\"og:url\" content=\"https:\/\/www.plastitaliaspa.com\/fr\/polyethylene-fittings\/raccords-en-pouces\/coude-45-electrosouldable-ips\/\" \/>\n<meta property=\"og:site_name\" content=\"Plastitalia\" \/>\n<meta property=\"article:modified_time\" content=\"2024-07-22T11:23:58+00:00\" \/>\n<meta property=\"og:image\" content=\"https:\/\/www.plastitaliaspa.com\/wp-content\/uploads\/2024\/05\/elettrosaldabili-p-gomito-45-elettrico.jpg\" \/>\n\t<meta property=\"og:image:width\" content=\"388\" \/>\n\t<meta property=\"og:image:height\" content=\"388\" \/>\n\t<meta property=\"og:image:type\" content=\"image\/jpeg\" \/>\n<meta name=\"twitter:card\" content=\"summary_large_image\" \/>\n<script type=\"application\/ld+json\" class=\"yoast-schema-graph\">{\"@context\":\"https:\/\/schema.org\",\"@graph\":[{\"@type\":\"WebPage\",\"@id\":\"https:\/\/www.plastitaliaspa.com\/fr\/polyethylene-fittings\/raccords-en-pouces\/coude-45-electrosouldable-ips\/\",\"url\":\"https:\/\/www.plastitaliaspa.com\/fr\/polyethylene-fittings\/raccords-en-pouces\/coude-45-electrosouldable-ips\/\",\"name\":\"Coude 45\u00b0 electrosouldable IPS | Plastitalia\",\"isPartOf\":{\"@id\":\"https:\/\/www.plastitaliaspa.com\/fr\/#website\"},\"primaryImageOfPage\":{\"@id\":\"https:\/\/www.plastitaliaspa.com\/fr\/polyethylene-fittings\/raccords-en-pouces\/coude-45-electrosouldable-ips\/#primaryimage\"},\"image\":{\"@id\":\"https:\/\/www.plastitaliaspa.com\/fr\/polyethylene-fittings\/raccords-en-pouces\/coude-45-electrosouldable-ips\/#primaryimage\"},\"thumbnailUrl\":\"https:\/\/www.plastitaliaspa.com\/wp-content\/uploads\/2024\/05\/elettrosaldabili-p-gomito-45-elettrico.jpg\",\"datePublished\":\"2024-05-29T12:00:52+00:00\",\"dateModified\":\"2024-07-22T11:23:58+00:00\",\"description\":\"Caract\u00e9ristiques Coude 45\u00b0 \u00e9lectrosouldable Quelques caract\u00e9ristiques: Famille des raccords \u00e9lectrosoudables; PE100 noir (disponibles m\u00eame en bleu, jaune et orange); 39,5-48V; Inject\u00e9e. Le Coude 45\u00b0 \u00e9lectrosouldable est utilis\u00e9 pour: Syst\u00e8mes de canalisation pour la distribution de l'eau (UNI EN 12201); Syst\u00e8mes de canalisation pour applications industrielles (UNI EN ISO 15494); Syst\u00e8mes de canalisation pour la distribution de gaz combustibles (UNI EN 1555). Syst\u00e8mes de soudure:\u00c9lectrofusion (UNI 10521).\",\"breadcrumb\":{\"@id\":\"https:\/\/www.plastitaliaspa.com\/fr\/polyethylene-fittings\/raccords-en-pouces\/coude-45-electrosouldable-ips\/#breadcrumb\"},\"inLanguage\":\"fr-FR\",\"potentialAction\":[{\"@type\":\"ReadAction\",\"target\":[\"https:\/\/www.plastitaliaspa.com\/fr\/polyethylene-fittings\/raccords-en-pouces\/coude-45-electrosouldable-ips\/\"]}]},{\"@type\":\"ImageObject\",\"inLanguage\":\"fr-FR\",\"@id\":\"https:\/\/www.plastitaliaspa.com\/fr\/polyethylene-fittings\/raccords-en-pouces\/coude-45-electrosouldable-ips\/#primaryimage\",\"url\":\"https:\/\/www.plastitaliaspa.com\/wp-content\/uploads\/2024\/05\/elettrosaldabili-p-gomito-45-elettrico.jpg\",\"contentUrl\":\"https:\/\/www.plastitaliaspa.com\/wp-content\/uploads\/2024\/05\/elettrosaldabili-p-gomito-45-elettrico.jpg\",\"width\":388,\"height\":388},{\"@type\":\"BreadcrumbList\",\"@id\":\"https:\/\/www.plastitaliaspa.com\/fr\/polyethylene-fittings\/raccords-en-pouces\/coude-45-electrosouldable-ips\/#breadcrumb\",\"itemListElement\":[{\"@type\":\"ListItem\",\"position\":1,\"name\":\"Home\",\"item\":\"https:\/\/www.plastitaliaspa.com\/fr\/\"},{\"@type\":\"ListItem\",\"position\":2,\"name\":\"Shop\",\"item\":\"https:\/\/www.plastitaliaspa.com\/negozio\/\"},{\"@type\":\"ListItem\",\"position\":3,\"name\":\"Coude 45\u00b0 electrosouldable IPS\"}]},{\"@type\":\"WebSite\",\"@id\":\"https:\/\/www.plastitaliaspa.com\/fr\/#website\",\"url\":\"https:\/\/www.plastitaliaspa.com\/fr\/\",\"name\":\"Plastitalia\",\"description\":\"Leader europeo nella produzione di raccordi in polietilene. Raccordi HDPE elettrosaldabili, di transizione e testa a testa utilizzati per impianti acqua e gas.\",\"publisher\":{\"@id\":\"https:\/\/www.plastitaliaspa.com\/fr\/#organization\"},\"potentialAction\":[{\"@type\":\"SearchAction\",\"target\":{\"@type\":\"EntryPoint\",\"urlTemplate\":\"https:\/\/www.plastitaliaspa.com\/fr\/?s={search_term_string}\"},\"query-input\":{\"@type\":\"PropertyValueSpecification\",\"valueRequired\":true,\"valueName\":\"search_term_string\"}}],\"inLanguage\":\"fr-FR\"},{\"@type\":\"Organization\",\"@id\":\"https:\/\/www.plastitaliaspa.com\/fr\/#organization\",\"name\":\"Plastitalia\",\"url\":\"https:\/\/www.plastitaliaspa.com\/fr\/\",\"logo\":{\"@type\":\"ImageObject\",\"inLanguage\":\"fr-FR\",\"@id\":\"https:\/\/www.plastitaliaspa.com\/fr\/#\/schema\/logo\/image\/\",\"url\":\"https:\/\/www.plastitaliaspa.com\/wp-content\/uploads\/2024\/05\/logo-plastitalia-sito.png\",\"contentUrl\":\"https:\/\/www.plastitaliaspa.com\/wp-content\/uploads\/2024\/05\/logo-plastitalia-sito.png\",\"width\":652,\"height\":205,\"caption\":\"Plastitalia\"},\"image\":{\"@id\":\"https:\/\/www.plastitaliaspa.com\/fr\/#\/schema\/logo\/image\/\"}}]}<\/script>\n<!-- \/ Yoast SEO plugin. -->","yoast_head_json":{"title":"Coude 45\u00b0 electrosouldable IPS | Plastitalia","description":"Caract\u00e9ristiques Coude 45\u00b0 \u00e9lectrosouldable  Quelques caract\u00e9ristiques: Famille des raccords \u00e9lectrosoudables; PE100 noir (disponibles m\u00eame en bleu, jaune et orange); 39,5-48V; Inject\u00e9e.   Le Coude 45\u00b0 \u00e9lectrosouldable est utilis\u00e9 pour: Syst\u00e8mes de canalisation pour la distribution de l'eau (UNI EN 12201); Syst\u00e8mes de canalisation pour applications industrielles (UNI EN ISO 15494); Syst\u00e8mes de canalisation pour la distribution de gaz combustibles (UNI EN 1555).   Syst\u00e8mes de soudure:\u00c9lectrofusion (UNI 10521).","robots":{"index":"index","follow":"follow","max-snippet":"max-snippet:-1","max-image-preview":"max-image-preview:large","max-video-preview":"max-video-preview:-1"},"canonical":"https:\/\/www.plastitaliaspa.com\/fr\/polyethylene-fittings\/raccords-en-pouces\/coude-45-electrosouldable-ips\/","og_locale":"fr_FR","og_type":"article","og_title":"Coude 45\u00b0 electrosouldable IPS | Plastitalia","og_description":"Caract\u00e9ristiques Coude 45\u00b0 \u00e9lectrosouldable  Quelques caract\u00e9ristiques: Famille des raccords \u00e9lectrosoudables; PE100 noir (disponibles m\u00eame en bleu, jaune et orange); 39,5-48V; Inject\u00e9e.   Le Coude 45\u00b0 \u00e9lectrosouldable est utilis\u00e9 pour: Syst\u00e8mes de canalisation pour la distribution de l'eau (UNI EN 12201); Syst\u00e8mes de canalisation pour applications industrielles (UNI EN ISO 15494); Syst\u00e8mes de canalisation pour la distribution de gaz combustibles (UNI EN 1555).   Syst\u00e8mes de soudure:\u00c9lectrofusion (UNI 10521).","og_url":"https:\/\/www.plastitaliaspa.com\/fr\/polyethylene-fittings\/raccords-en-pouces\/coude-45-electrosouldable-ips\/","og_site_name":"Plastitalia","article_modified_time":"2024-07-22T11:23:58+00:00","og_image":[{"width":388,"height":388,"url":"https:\/\/www.plastitaliaspa.com\/wp-content\/uploads\/2024\/05\/elettrosaldabili-p-gomito-45-elettrico.jpg","type":"image\/jpeg"}],"twitter_card":"summary_large_image","schema":{"@context":"https:\/\/schema.org","@graph":[{"@type":"WebPage","@id":"https:\/\/www.plastitaliaspa.com\/fr\/polyethylene-fittings\/raccords-en-pouces\/coude-45-electrosouldable-ips\/","url":"https:\/\/www.plastitaliaspa.com\/fr\/polyethylene-fittings\/raccords-en-pouces\/coude-45-electrosouldable-ips\/","name":"Coude 45\u00b0 electrosouldable IPS | Plastitalia","isPartOf":{"@id":"https:\/\/www.plastitaliaspa.com\/fr\/#website"},"primaryImageOfPage":{"@id":"https:\/\/www.plastitaliaspa.com\/fr\/polyethylene-fittings\/raccords-en-pouces\/coude-45-electrosouldable-ips\/#primaryimage"},"image":{"@id":"https:\/\/www.plastitaliaspa.com\/fr\/polyethylene-fittings\/raccords-en-pouces\/coude-45-electrosouldable-ips\/#primaryimage"},"thumbnailUrl":"https:\/\/www.plastitaliaspa.com\/wp-content\/uploads\/2024\/05\/elettrosaldabili-p-gomito-45-elettrico.jpg","datePublished":"2024-05-29T12:00:52+00:00","dateModified":"2024-07-22T11:23:58+00:00","description":"Caract\u00e9ristiques Coude 45\u00b0 \u00e9lectrosouldable Quelques caract\u00e9ristiques: Famille des raccords \u00e9lectrosoudables; PE100 noir (disponibles m\u00eame en bleu, jaune et orange); 39,5-48V; Inject\u00e9e. Le Coude 45\u00b0 \u00e9lectrosouldable est utilis\u00e9 pour: Syst\u00e8mes de canalisation pour la distribution de l'eau (UNI EN 12201); Syst\u00e8mes de canalisation pour applications industrielles (UNI EN ISO 15494); Syst\u00e8mes de canalisation pour la distribution de gaz combustibles (UNI EN 1555). Syst\u00e8mes de soudure:\u00c9lectrofusion (UNI 10521).","breadcrumb":{"@id":"https:\/\/www.plastitaliaspa.com\/fr\/polyethylene-fittings\/raccords-en-pouces\/coude-45-electrosouldable-ips\/#breadcrumb"},"inLanguage":"fr-FR","potentialAction":[{"@type":"ReadAction","target":["https:\/\/www.plastitaliaspa.com\/fr\/polyethylene-fittings\/raccords-en-pouces\/coude-45-electrosouldable-ips\/"]}]},{"@type":"ImageObject","inLanguage":"fr-FR","@id":"https:\/\/www.plastitaliaspa.com\/fr\/polyethylene-fittings\/raccords-en-pouces\/coude-45-electrosouldable-ips\/#primaryimage","url":"https:\/\/www.plastitaliaspa.com\/wp-content\/uploads\/2024\/05\/elettrosaldabili-p-gomito-45-elettrico.jpg","contentUrl":"https:\/\/www.plastitaliaspa.com\/wp-content\/uploads\/2024\/05\/elettrosaldabili-p-gomito-45-elettrico.jpg","width":388,"height":388},{"@type":"BreadcrumbList","@id":"https:\/\/www.plastitaliaspa.com\/fr\/polyethylene-fittings\/raccords-en-pouces\/coude-45-electrosouldable-ips\/#breadcrumb","itemListElement":[{"@type":"ListItem","position":1,"name":"Home","item":"https:\/\/www.plastitaliaspa.com\/fr\/"},{"@type":"ListItem","position":2,"name":"Shop","item":"https:\/\/www.plastitaliaspa.com\/negozio\/"},{"@type":"ListItem","position":3,"name":"Coude 45\u00b0 electrosouldable IPS"}]},{"@type":"WebSite","@id":"https:\/\/www.plastitaliaspa.com\/fr\/#website","url":"https:\/\/www.plastitaliaspa.com\/fr\/","name":"Plastitalia","description":"Leader europeo nella produzione di raccordi in polietilene. Raccordi HDPE elettrosaldabili, di transizione e testa a testa utilizzati per impianti acqua e gas.","publisher":{"@id":"https:\/\/www.plastitaliaspa.com\/fr\/#organization"},"potentialAction":[{"@type":"SearchAction","target":{"@type":"EntryPoint","urlTemplate":"https:\/\/www.plastitaliaspa.com\/fr\/?s={search_term_string}"},"query-input":{"@type":"PropertyValueSpecification","valueRequired":true,"valueName":"search_term_string"}}],"inLanguage":"fr-FR"},{"@type":"Organization","@id":"https:\/\/www.plastitaliaspa.com\/fr\/#organization","name":"Plastitalia","url":"https:\/\/www.plastitaliaspa.com\/fr\/","logo":{"@type":"ImageObject","inLanguage":"fr-FR","@id":"https:\/\/www.plastitaliaspa.com\/fr\/#\/schema\/logo\/image\/","url":"https:\/\/www.plastitaliaspa.com\/wp-content\/uploads\/2024\/05\/logo-plastitalia-sito.png","contentUrl":"https:\/\/www.plastitaliaspa.com\/wp-content\/uploads\/2024\/05\/logo-plastitalia-sito.png","width":652,"height":205,"caption":"Plastitalia"},"image":{"@id":"https:\/\/www.plastitaliaspa.com\/fr\/#\/schema\/logo\/image\/"}}]}},"_links":{"self":[{"href":"https:\/\/www.plastitaliaspa.com\/fr\/wp-json\/wp\/v2\/product\/12188","targetHints":{"allow":["GET"]}}],"collection":[{"href":"https:\/\/www.plastitaliaspa.com\/fr\/wp-json\/wp\/v2\/product"}],"about":[{"href":"https:\/\/www.plastitaliaspa.com\/fr\/wp-json\/wp\/v2\/types\/product"}],"version-history":[{"count":1,"href":"https:\/\/www.plastitaliaspa.com\/fr\/wp-json\/wp\/v2\/product\/12188\/revisions"}],"predecessor-version":[{"id":12682,"href":"https:\/\/www.plastitaliaspa.com\/fr\/wp-json\/wp\/v2\/product\/12188\/revisions\/12682"}],"wp:featuredmedia":[{"embeddable":true,"href":"https:\/\/www.plastitaliaspa.com\/fr\/wp-json\/wp\/v2\/media\/3077"}],"wp:attachment":[{"href":"https:\/\/www.plastitaliaspa.com\/fr\/wp-json\/wp\/v2\/media?parent=12188"}],"wp:term":[{"taxonomy":"product_brand","embeddable":true,"href":"https:\/\/www.plastitaliaspa.com\/fr\/wp-json\/wp\/v2\/product_brand?post=12188"},{"taxonomy":"product_cat","embeddable":true,"href":"https:\/\/www.plastitaliaspa.com\/fr\/wp-json\/wp\/v2\/product_cat?post=12188"},{"taxonomy":"product_tag","embeddable":true,"href":"https:\/\/www.plastitaliaspa.com\/fr\/wp-json\/wp\/v2\/product_tag?post=12188"}],"curies":[{"name":"wp","href":"https:\/\/api.w.org\/{rel}","templated":true}]}}