{"id":12178,"date":"2024-05-29T12:00:33","date_gmt":"2024-05-29T12:00:33","guid":{"rendered":"https:\/\/plastitalia.aitema.com\/raccordi-polietilene\/non%20class\u00e9\/courbe-30-a-secteurs\/"},"modified":"2024-07-22T11:23:53","modified_gmt":"2024-07-22T11:23:53","slug":"courbe-30-a-secteurs","status":"publish","type":"product","link":"https:\/\/www.plastitaliaspa.com\/fr\/polyethylene-fittings\/raccords-a-secteurs\/courbe-30-a-secteurs\/","title":{"rendered":"Courbe 30\u00b0 \u00e0 secteurs"},"content":{"rendered":"<p>Quelques caract\u00e9ristiques:Famille des raccords \u00e0 secteurs; PE100 ;SDR de 41 \u00e0 7,4; R\u00e9alis\u00e9e par soudure parties de tuyau.<\/p>\n<hr \/>\n<p>La Courbe 30\u00b0 \u00e0 secteurs est utilis\u00e9 pour: Syst\u00e8mes de canalisation pour la distribution de l&rsquo;eau (UNI EN 12201); Syst\u00e8mes de canalisation pour applications industrielles (UNI EN ISO 15494).<\/p>\n<hr \/>\n<p>Syst\u00e8mes de soudure:Proc\u00e9dure de contact avec des \u00e9l\u00e9ments chauffants (bout \u00e0 bout) (UNI 10520); \u00c9lectrofusion (UNI 10521).<\/p>\n<p>&nbsp;<\/p>\n","protected":false},"excerpt":{"rendered":"<p>Quelques caract\u00e9ristiques:Famille des raccords \u00e0 secteurs; PE100 ;SDR de 41 \u00e0 7,4; R\u00e9alis\u00e9e par soudure parties de tuyau.<\/p>\n<hr \/>\n<p>La Courbe 30\u00b0 \u00e0 secteurs est utilis\u00e9 pour: Syst\u00e8mes de canalisation pour la distribution de l&rsquo;eau (UNI EN 12201); Syst\u00e8mes de canalisation pour applications industrielles (UNI EN ISO 15494).<\/p>\n<hr \/>\n<p>Syst\u00e8mes de soudure:Proc\u00e9dure de contact avec des \u00e9l\u00e9ments chauffants (bout \u00e0 bout) (UNI 10520); \u00c9lectrofusion (UNI 10521).<\/p>\n<p>&nbsp;<\/p>\n","protected":false},"featured_media":2889,"template":"","meta":{"_acf_changed":false},"product_brand":[],"product_cat":[171,133],"product_tag":[],"class_list":{"0":"post-12178","1":"product","2":"type-product","3":"status-publish","4":"has-post-thumbnail","6":"product_cat-raccords-fr","7":"product_cat-raccords-a-secteurs","9":"first","10":"instock","11":"product-type-simple"},"acf":[],"yoast_head":"<!-- This site is optimized with the Yoast SEO plugin v27.4 - https:\/\/yoast.com\/product\/yoast-seo-wordpress\/ -->\n<title>Courbe 30\u00b0 \u00e0 secteurs | Plastitalia<\/title>\n<meta name=\"description\" content=\"Quelques caract\u00e9ristiques:Famille des raccords \u00e0 secteurs; PE100 ;SDR de 41 \u00e0 7,4; R\u00e9alis\u00e9e par soudure parties de tuyau.   La Courbe 30\u00b0 \u00e0 secteurs est utilis\u00e9 pour: Syst\u00e8mes de canalisation pour la distribution de l&#039;eau (UNI EN 12201); Syst\u00e8mes de canalisation pour applications industrielles (UNI EN ISO 15494).   Syst\u00e8mes de soudure:Proc\u00e9dure de contact avec des \u00e9l\u00e9ments chauffants (bout \u00e0 bout) (UNI 10520); \u00c9lectrofusion (UNI 10521).  &nbsp;\" \/>\n<meta name=\"robots\" content=\"index, follow, max-snippet:-1, max-image-preview:large, max-video-preview:-1\" \/>\n<link rel=\"canonical\" href=\"https:\/\/www.plastitaliaspa.com\/fr\/polyethylene-fittings\/raccords-a-secteurs\/courbe-30-a-secteurs\/\" \/>\n<meta property=\"og:locale\" content=\"fr_FR\" \/>\n<meta property=\"og:type\" content=\"article\" \/>\n<meta property=\"og:title\" content=\"Courbe 30\u00b0 \u00e0 secteurs | Plastitalia\" \/>\n<meta property=\"og:description\" content=\"Quelques caract\u00e9ristiques:Famille des raccords \u00e0 secteurs; PE100 ;SDR de 41 \u00e0 7,4; R\u00e9alis\u00e9e par soudure parties de tuyau.   La Courbe 30\u00b0 \u00e0 secteurs est utilis\u00e9 pour: Syst\u00e8mes de canalisation pour la distribution de l&#039;eau (UNI EN 12201); Syst\u00e8mes de canalisation pour applications industrielles (UNI EN ISO 15494).   Syst\u00e8mes de soudure:Proc\u00e9dure de contact avec des \u00e9l\u00e9ments chauffants (bout \u00e0 bout) (UNI 10520); \u00c9lectrofusion (UNI 10521).  &nbsp;\" \/>\n<meta property=\"og:url\" content=\"https:\/\/www.plastitaliaspa.com\/fr\/polyethylene-fittings\/raccords-a-secteurs\/courbe-30-a-secteurs\/\" \/>\n<meta property=\"og:site_name\" content=\"Plastitalia\" \/>\n<meta property=\"article:modified_time\" content=\"2024-07-22T11:23:53+00:00\" \/>\n<meta property=\"og:image\" content=\"https:\/\/www.plastitaliaspa.com\/wp-content\/uploads\/2024\/05\/curva-a-30.jpg\" \/>\n\t<meta property=\"og:image:width\" content=\"514\" \/>\n\t<meta property=\"og:image:height\" content=\"702\" \/>\n\t<meta property=\"og:image:type\" content=\"image\/jpeg\" \/>\n<meta name=\"twitter:card\" content=\"summary_large_image\" \/>\n<script type=\"application\/ld+json\" class=\"yoast-schema-graph\">{\"@context\":\"https:\\\/\\\/schema.org\",\"@graph\":[{\"@type\":\"WebPage\",\"@id\":\"https:\\\/\\\/www.plastitaliaspa.com\\\/fr\\\/polyethylene-fittings\\\/raccords-a-secteurs\\\/courbe-30-a-secteurs\\\/\",\"url\":\"https:\\\/\\\/www.plastitaliaspa.com\\\/fr\\\/polyethylene-fittings\\\/raccords-a-secteurs\\\/courbe-30-a-secteurs\\\/\",\"name\":\"Courbe 30\u00b0 \u00e0 secteurs | Plastitalia\",\"isPartOf\":{\"@id\":\"https:\\\/\\\/www.plastitaliaspa.com\\\/fr\\\/#website\"},\"primaryImageOfPage\":{\"@id\":\"https:\\\/\\\/www.plastitaliaspa.com\\\/fr\\\/polyethylene-fittings\\\/raccords-a-secteurs\\\/courbe-30-a-secteurs\\\/#primaryimage\"},\"image\":{\"@id\":\"https:\\\/\\\/www.plastitaliaspa.com\\\/fr\\\/polyethylene-fittings\\\/raccords-a-secteurs\\\/courbe-30-a-secteurs\\\/#primaryimage\"},\"thumbnailUrl\":\"https:\\\/\\\/www.plastitaliaspa.com\\\/wp-content\\\/uploads\\\/2024\\\/05\\\/curva-a-30.jpg\",\"datePublished\":\"2024-05-29T12:00:33+00:00\",\"dateModified\":\"2024-07-22T11:23:53+00:00\",\"description\":\"Quelques caract\u00e9ristiques:Famille des raccords \u00e0 secteurs; PE100 ;SDR de 41 \u00e0 7,4; R\u00e9alis\u00e9e par soudure parties de tuyau. La Courbe 30\u00b0 \u00e0 secteurs est utilis\u00e9 pour: Syst\u00e8mes de canalisation pour la distribution de l'eau (UNI EN 12201); Syst\u00e8mes de canalisation pour applications industrielles (UNI EN ISO 15494). Syst\u00e8mes de soudure:Proc\u00e9dure de contact avec des \u00e9l\u00e9ments chauffants (bout \u00e0 bout) (UNI 10520); \u00c9lectrofusion (UNI 10521). &nbsp;\",\"breadcrumb\":{\"@id\":\"https:\\\/\\\/www.plastitaliaspa.com\\\/fr\\\/polyethylene-fittings\\\/raccords-a-secteurs\\\/courbe-30-a-secteurs\\\/#breadcrumb\"},\"inLanguage\":\"fr-FR\",\"potentialAction\":[{\"@type\":\"ReadAction\",\"target\":[\"https:\\\/\\\/www.plastitaliaspa.com\\\/fr\\\/polyethylene-fittings\\\/raccords-a-secteurs\\\/courbe-30-a-secteurs\\\/\"]}]},{\"@type\":\"ImageObject\",\"inLanguage\":\"fr-FR\",\"@id\":\"https:\\\/\\\/www.plastitaliaspa.com\\\/fr\\\/polyethylene-fittings\\\/raccords-a-secteurs\\\/courbe-30-a-secteurs\\\/#primaryimage\",\"url\":\"https:\\\/\\\/www.plastitaliaspa.com\\\/wp-content\\\/uploads\\\/2024\\\/05\\\/curva-a-30.jpg\",\"contentUrl\":\"https:\\\/\\\/www.plastitaliaspa.com\\\/wp-content\\\/uploads\\\/2024\\\/05\\\/curva-a-30.jpg\",\"width\":514,\"height\":702},{\"@type\":\"BreadcrumbList\",\"@id\":\"https:\\\/\\\/www.plastitaliaspa.com\\\/fr\\\/polyethylene-fittings\\\/raccords-a-secteurs\\\/courbe-30-a-secteurs\\\/#breadcrumb\",\"itemListElement\":[{\"@type\":\"ListItem\",\"position\":1,\"name\":\"Home\",\"item\":\"https:\\\/\\\/www.plastitaliaspa.com\\\/fr\\\/\"},{\"@type\":\"ListItem\",\"position\":2,\"name\":\"Shop\",\"item\":\"https:\\\/\\\/www.plastitaliaspa.com\\\/negozio\\\/\"},{\"@type\":\"ListItem\",\"position\":3,\"name\":\"Courbe 30\u00b0 \u00e0 secteurs\"}]},{\"@type\":\"WebSite\",\"@id\":\"https:\\\/\\\/www.plastitaliaspa.com\\\/fr\\\/#website\",\"url\":\"https:\\\/\\\/www.plastitaliaspa.com\\\/fr\\\/\",\"name\":\"Plastitalia\",\"description\":\"Leader europeo nella produzione di raccordi in polietilene. Raccordi HDPE elettrosaldabili, di transizione e testa a testa utilizzati per impianti acqua e gas.\",\"publisher\":{\"@id\":\"https:\\\/\\\/www.plastitaliaspa.com\\\/fr\\\/#organization\"},\"potentialAction\":[{\"@type\":\"SearchAction\",\"target\":{\"@type\":\"EntryPoint\",\"urlTemplate\":\"https:\\\/\\\/www.plastitaliaspa.com\\\/fr\\\/?s={search_term_string}\"},\"query-input\":{\"@type\":\"PropertyValueSpecification\",\"valueRequired\":true,\"valueName\":\"search_term_string\"}}],\"inLanguage\":\"fr-FR\"},{\"@type\":\"Organization\",\"@id\":\"https:\\\/\\\/www.plastitaliaspa.com\\\/fr\\\/#organization\",\"name\":\"Plastitalia\",\"url\":\"https:\\\/\\\/www.plastitaliaspa.com\\\/fr\\\/\",\"logo\":{\"@type\":\"ImageObject\",\"inLanguage\":\"fr-FR\",\"@id\":\"https:\\\/\\\/www.plastitaliaspa.com\\\/fr\\\/#\\\/schema\\\/logo\\\/image\\\/\",\"url\":\"https:\\\/\\\/www.plastitaliaspa.com\\\/wp-content\\\/uploads\\\/2024\\\/05\\\/logo-plastitalia-sito.png\",\"contentUrl\":\"https:\\\/\\\/www.plastitaliaspa.com\\\/wp-content\\\/uploads\\\/2024\\\/05\\\/logo-plastitalia-sito.png\",\"width\":652,\"height\":205,\"caption\":\"Plastitalia\"},\"image\":{\"@id\":\"https:\\\/\\\/www.plastitaliaspa.com\\\/fr\\\/#\\\/schema\\\/logo\\\/image\\\/\"}}]}<\/script>\n<!-- \/ Yoast SEO plugin. -->","yoast_head_json":{"title":"Courbe 30\u00b0 \u00e0 secteurs | Plastitalia","description":"Quelques caract\u00e9ristiques:Famille des raccords \u00e0 secteurs; PE100 ;SDR de 41 \u00e0 7,4; R\u00e9alis\u00e9e par soudure parties de tuyau.   La Courbe 30\u00b0 \u00e0 secteurs est utilis\u00e9 pour: Syst\u00e8mes de canalisation pour la distribution de l'eau (UNI EN 12201); Syst\u00e8mes de canalisation pour applications industrielles (UNI EN ISO 15494).   Syst\u00e8mes de soudure:Proc\u00e9dure de contact avec des \u00e9l\u00e9ments chauffants (bout \u00e0 bout) (UNI 10520); \u00c9lectrofusion (UNI 10521).  &nbsp;","robots":{"index":"index","follow":"follow","max-snippet":"max-snippet:-1","max-image-preview":"max-image-preview:large","max-video-preview":"max-video-preview:-1"},"canonical":"https:\/\/www.plastitaliaspa.com\/fr\/polyethylene-fittings\/raccords-a-secteurs\/courbe-30-a-secteurs\/","og_locale":"fr_FR","og_type":"article","og_title":"Courbe 30\u00b0 \u00e0 secteurs | Plastitalia","og_description":"Quelques caract\u00e9ristiques:Famille des raccords \u00e0 secteurs; PE100 ;SDR de 41 \u00e0 7,4; R\u00e9alis\u00e9e par soudure parties de tuyau.   La Courbe 30\u00b0 \u00e0 secteurs est utilis\u00e9 pour: Syst\u00e8mes de canalisation pour la distribution de l'eau (UNI EN 12201); Syst\u00e8mes de canalisation pour applications industrielles (UNI EN ISO 15494).   Syst\u00e8mes de soudure:Proc\u00e9dure de contact avec des \u00e9l\u00e9ments chauffants (bout \u00e0 bout) (UNI 10520); \u00c9lectrofusion (UNI 10521).  &nbsp;","og_url":"https:\/\/www.plastitaliaspa.com\/fr\/polyethylene-fittings\/raccords-a-secteurs\/courbe-30-a-secteurs\/","og_site_name":"Plastitalia","article_modified_time":"2024-07-22T11:23:53+00:00","og_image":[{"width":514,"height":702,"url":"https:\/\/www.plastitaliaspa.com\/wp-content\/uploads\/2024\/05\/curva-a-30.jpg","type":"image\/jpeg"}],"twitter_card":"summary_large_image","schema":{"@context":"https:\/\/schema.org","@graph":[{"@type":"WebPage","@id":"https:\/\/www.plastitaliaspa.com\/fr\/polyethylene-fittings\/raccords-a-secteurs\/courbe-30-a-secteurs\/","url":"https:\/\/www.plastitaliaspa.com\/fr\/polyethylene-fittings\/raccords-a-secteurs\/courbe-30-a-secteurs\/","name":"Courbe 30\u00b0 \u00e0 secteurs | Plastitalia","isPartOf":{"@id":"https:\/\/www.plastitaliaspa.com\/fr\/#website"},"primaryImageOfPage":{"@id":"https:\/\/www.plastitaliaspa.com\/fr\/polyethylene-fittings\/raccords-a-secteurs\/courbe-30-a-secteurs\/#primaryimage"},"image":{"@id":"https:\/\/www.plastitaliaspa.com\/fr\/polyethylene-fittings\/raccords-a-secteurs\/courbe-30-a-secteurs\/#primaryimage"},"thumbnailUrl":"https:\/\/www.plastitaliaspa.com\/wp-content\/uploads\/2024\/05\/curva-a-30.jpg","datePublished":"2024-05-29T12:00:33+00:00","dateModified":"2024-07-22T11:23:53+00:00","description":"Quelques caract\u00e9ristiques:Famille des raccords \u00e0 secteurs; PE100 ;SDR de 41 \u00e0 7,4; R\u00e9alis\u00e9e par soudure parties de tuyau. La Courbe 30\u00b0 \u00e0 secteurs est utilis\u00e9 pour: Syst\u00e8mes de canalisation pour la distribution de l'eau (UNI EN 12201); Syst\u00e8mes de canalisation pour applications industrielles (UNI EN ISO 15494). Syst\u00e8mes de soudure:Proc\u00e9dure de contact avec des \u00e9l\u00e9ments chauffants (bout \u00e0 bout) (UNI 10520); \u00c9lectrofusion (UNI 10521). &nbsp;","breadcrumb":{"@id":"https:\/\/www.plastitaliaspa.com\/fr\/polyethylene-fittings\/raccords-a-secteurs\/courbe-30-a-secteurs\/#breadcrumb"},"inLanguage":"fr-FR","potentialAction":[{"@type":"ReadAction","target":["https:\/\/www.plastitaliaspa.com\/fr\/polyethylene-fittings\/raccords-a-secteurs\/courbe-30-a-secteurs\/"]}]},{"@type":"ImageObject","inLanguage":"fr-FR","@id":"https:\/\/www.plastitaliaspa.com\/fr\/polyethylene-fittings\/raccords-a-secteurs\/courbe-30-a-secteurs\/#primaryimage","url":"https:\/\/www.plastitaliaspa.com\/wp-content\/uploads\/2024\/05\/curva-a-30.jpg","contentUrl":"https:\/\/www.plastitaliaspa.com\/wp-content\/uploads\/2024\/05\/curva-a-30.jpg","width":514,"height":702},{"@type":"BreadcrumbList","@id":"https:\/\/www.plastitaliaspa.com\/fr\/polyethylene-fittings\/raccords-a-secteurs\/courbe-30-a-secteurs\/#breadcrumb","itemListElement":[{"@type":"ListItem","position":1,"name":"Home","item":"https:\/\/www.plastitaliaspa.com\/fr\/"},{"@type":"ListItem","position":2,"name":"Shop","item":"https:\/\/www.plastitaliaspa.com\/negozio\/"},{"@type":"ListItem","position":3,"name":"Courbe 30\u00b0 \u00e0 secteurs"}]},{"@type":"WebSite","@id":"https:\/\/www.plastitaliaspa.com\/fr\/#website","url":"https:\/\/www.plastitaliaspa.com\/fr\/","name":"Plastitalia","description":"Leader europeo nella produzione di raccordi in polietilene. Raccordi HDPE elettrosaldabili, di transizione e testa a testa utilizzati per impianti acqua e gas.","publisher":{"@id":"https:\/\/www.plastitaliaspa.com\/fr\/#organization"},"potentialAction":[{"@type":"SearchAction","target":{"@type":"EntryPoint","urlTemplate":"https:\/\/www.plastitaliaspa.com\/fr\/?s={search_term_string}"},"query-input":{"@type":"PropertyValueSpecification","valueRequired":true,"valueName":"search_term_string"}}],"inLanguage":"fr-FR"},{"@type":"Organization","@id":"https:\/\/www.plastitaliaspa.com\/fr\/#organization","name":"Plastitalia","url":"https:\/\/www.plastitaliaspa.com\/fr\/","logo":{"@type":"ImageObject","inLanguage":"fr-FR","@id":"https:\/\/www.plastitaliaspa.com\/fr\/#\/schema\/logo\/image\/","url":"https:\/\/www.plastitaliaspa.com\/wp-content\/uploads\/2024\/05\/logo-plastitalia-sito.png","contentUrl":"https:\/\/www.plastitaliaspa.com\/wp-content\/uploads\/2024\/05\/logo-plastitalia-sito.png","width":652,"height":205,"caption":"Plastitalia"},"image":{"@id":"https:\/\/www.plastitaliaspa.com\/fr\/#\/schema\/logo\/image\/"}}]}},"_links":{"self":[{"href":"https:\/\/www.plastitaliaspa.com\/fr\/wp-json\/wp\/v2\/product\/12178","targetHints":{"allow":["GET"]}}],"collection":[{"href":"https:\/\/www.plastitaliaspa.com\/fr\/wp-json\/wp\/v2\/product"}],"about":[{"href":"https:\/\/www.plastitaliaspa.com\/fr\/wp-json\/wp\/v2\/types\/product"}],"version-history":[{"count":1,"href":"https:\/\/www.plastitaliaspa.com\/fr\/wp-json\/wp\/v2\/product\/12178\/revisions"}],"predecessor-version":[{"id":12669,"href":"https:\/\/www.plastitaliaspa.com\/fr\/wp-json\/wp\/v2\/product\/12178\/revisions\/12669"}],"wp:featuredmedia":[{"embeddable":true,"href":"https:\/\/www.plastitaliaspa.com\/fr\/wp-json\/wp\/v2\/media\/2889"}],"wp:attachment":[{"href":"https:\/\/www.plastitaliaspa.com\/fr\/wp-json\/wp\/v2\/media?parent=12178"}],"wp:term":[{"taxonomy":"product_brand","embeddable":true,"href":"https:\/\/www.plastitaliaspa.com\/fr\/wp-json\/wp\/v2\/product_brand?post=12178"},{"taxonomy":"product_cat","embeddable":true,"href":"https:\/\/www.plastitaliaspa.com\/fr\/wp-json\/wp\/v2\/product_cat?post=12178"},{"taxonomy":"product_tag","embeddable":true,"href":"https:\/\/www.plastitaliaspa.com\/fr\/wp-json\/wp\/v2\/product_tag?post=12178"}],"curies":[{"name":"wp","href":"https:\/\/api.w.org\/{rel}","templated":true}]}}