{"id":12143,"date":"2024-05-29T11:59:24","date_gmt":"2024-05-29T11:59:24","guid":{"rendered":"https:\/\/plastitalia.aitema.com\/raccordi-polietilene\/non%20class\u00e9\/reduction-embout-long\/"},"modified":"2024-07-29T09:11:57","modified_gmt":"2024-07-29T09:11:57","slug":"reduction-embout-long","status":"publish","type":"product","link":"https:\/\/www.plastitaliaspa.com\/fr\/polyethylene-fittings\/raccords-injectes-bout-a-bout\/reduction-embout-long\/","title":{"rendered":"Reduction embout long"},"content":{"rendered":"<p>Quelques caract\u00e9ristiques:&nbsp;Famille de raccords inject\u00e9s bout \u00e0 bout; PE 100 noir; pi\u00e8ce inject\u00e9e<\/p>\n<hr \/>\n<p>Le T\u00e9 90\u00b0 embout long est utilis\u00e9 pour:&nbsp;syst\u00e8mes de distribution d\u2019eau (EN 12201 \u2013 ISO 4427), applications industrielles (EN ISO 15494), syst\u00e8mes de distribution de gaz&nbsp; (EN 1555 \u2013 ISO 4437).<\/p>\n<hr \/>\n<p>Syst\u00e8mes&nbsp;de jonction:&nbsp;\u00e9lements thermiques par contact bout \u00e0 bout; \u00e9lectrofusion.<\/p><\/p>\n","protected":false},"excerpt":{"rendered":"<p>Quelques caract\u00e9ristiques:&nbsp;Famille de raccords inject\u00e9s bout \u00e0 bout; PE 100 noir; pi\u00e8ce inject\u00e9e<\/p>\n<hr \/>\n<p>Le T\u00e9 90\u00b0 embout long est utilis\u00e9 pour:&nbsp;syst\u00e8mes de distribution d\u2019eau (EN 12201 \u2013 ISO 4427), applications industrielles (EN ISO 15494), syst\u00e8mes de distribution de gaz&nbsp; (EN 1555 \u2013 ISO 4437).<\/p>\n<hr \/>\n<p>Syst\u00e8mes&nbsp;de jonction:&nbsp;\u00e9lements thermiques par contact bout \u00e0 bout; \u00e9lectrofusion.<\/p><\/p>\n","protected":false},"featured_media":2241,"template":"","meta":{"_acf_changed":false},"product_brand":[],"product_cat":[173],"product_tag":[],"class_list":{"0":"post-12143","1":"product","2":"type-product","3":"status-publish","4":"has-post-thumbnail","6":"product_cat-raccords-injectes-bout-a-bout","8":"first","9":"instock","10":"product-type-simple"},"acf":[],"yoast_head":"<!-- This site is optimized with the Yoast SEO plugin v27.2 - https:\/\/yoast.com\/product\/yoast-seo-wordpress\/ -->\n<title>Reduction embout long | Plastitalia<\/title>\n<meta name=\"description\" content=\"Quelques caract\u00e9ristiques:&nbsp;Famille de raccords inject\u00e9s bout \u00e0 bout; PE 100 noir; pi\u00e8ce inject\u00e9e   Le T\u00e9 90\u00b0 embout long est utilis\u00e9 pour:&nbsp;syst\u00e8mes de distribution d\u2019eau (EN 12201 \u2013 ISO 4427), applications industrielles (EN ISO 15494), syst\u00e8mes de distribution de gaz&nbsp; (EN 1555 \u2013 ISO 4437).   Syst\u00e8mes&nbsp;de jonction:&nbsp;\u00e9lements thermiques par contact bout \u00e0 bout; \u00e9lectrofusion.\" \/>\n<meta name=\"robots\" content=\"index, follow, max-snippet:-1, max-image-preview:large, max-video-preview:-1\" \/>\n<link rel=\"canonical\" href=\"https:\/\/www.plastitaliaspa.com\/fr\/polyethylene-fittings\/raccords-injectes-bout-a-bout\/reduction-embout-long\/\" \/>\n<meta property=\"og:locale\" content=\"fr_FR\" \/>\n<meta property=\"og:type\" content=\"article\" \/>\n<meta property=\"og:title\" content=\"Reduction embout long | Plastitalia\" \/>\n<meta property=\"og:description\" content=\"Quelques caract\u00e9ristiques:&nbsp;Famille de raccords inject\u00e9s bout \u00e0 bout; PE 100 noir; pi\u00e8ce inject\u00e9e   Le T\u00e9 90\u00b0 embout long est utilis\u00e9 pour:&nbsp;syst\u00e8mes de distribution d\u2019eau (EN 12201 \u2013 ISO 4427), applications industrielles (EN ISO 15494), syst\u00e8mes de distribution de gaz&nbsp; (EN 1555 \u2013 ISO 4437).   Syst\u00e8mes&nbsp;de jonction:&nbsp;\u00e9lements thermiques par contact bout \u00e0 bout; \u00e9lectrofusion.\" \/>\n<meta property=\"og:url\" content=\"https:\/\/www.plastitaliaspa.com\/fr\/polyethylene-fittings\/raccords-injectes-bout-a-bout\/reduction-embout-long\/\" \/>\n<meta property=\"og:site_name\" content=\"Plastitalia\" \/>\n<meta property=\"article:modified_time\" content=\"2024-07-29T09:11:57+00:00\" \/>\n<meta property=\"og:image\" content=\"https:\/\/www.plastitaliaspa.com\/wp-content\/uploads\/2024\/05\/codolostampato-p-riduzione-codololungo.jpg\" \/>\n\t<meta property=\"og:image:width\" content=\"388\" \/>\n\t<meta property=\"og:image:height\" content=\"388\" \/>\n\t<meta property=\"og:image:type\" content=\"image\/jpeg\" \/>\n<meta name=\"twitter:card\" content=\"summary_large_image\" \/>\n<script type=\"application\/ld+json\" class=\"yoast-schema-graph\">{\"@context\":\"https:\/\/schema.org\",\"@graph\":[{\"@type\":\"WebPage\",\"@id\":\"https:\/\/www.plastitaliaspa.com\/fr\/polyethylene-fittings\/raccords-injectes-bout-a-bout\/reduction-embout-long\/\",\"url\":\"https:\/\/www.plastitaliaspa.com\/fr\/polyethylene-fittings\/raccords-injectes-bout-a-bout\/reduction-embout-long\/\",\"name\":\"Reduction embout long | Plastitalia\",\"isPartOf\":{\"@id\":\"https:\/\/www.plastitaliaspa.com\/fr\/#website\"},\"primaryImageOfPage\":{\"@id\":\"https:\/\/www.plastitaliaspa.com\/fr\/polyethylene-fittings\/raccords-injectes-bout-a-bout\/reduction-embout-long\/#primaryimage\"},\"image\":{\"@id\":\"https:\/\/www.plastitaliaspa.com\/fr\/polyethylene-fittings\/raccords-injectes-bout-a-bout\/reduction-embout-long\/#primaryimage\"},\"thumbnailUrl\":\"https:\/\/www.plastitaliaspa.com\/wp-content\/uploads\/2024\/05\/codolostampato-p-riduzione-codololungo.jpg\",\"datePublished\":\"2024-05-29T11:59:24+00:00\",\"dateModified\":\"2024-07-29T09:11:57+00:00\",\"description\":\"Quelques caract\u00e9ristiques:&nbsp;Famille de raccords inject\u00e9s bout \u00e0 bout; PE 100 noir; pi\u00e8ce inject\u00e9e Le T\u00e9 90\u00b0 embout long est utilis\u00e9 pour:&nbsp;syst\u00e8mes de distribution d\u2019eau (EN 12201 \u2013 ISO 4427), applications industrielles (EN ISO 15494), syst\u00e8mes de distribution de gaz&nbsp; (EN 1555 \u2013 ISO 4437). Syst\u00e8mes&nbsp;de jonction:&nbsp;\u00e9lements thermiques par contact bout \u00e0 bout; \u00e9lectrofusion.\",\"breadcrumb\":{\"@id\":\"https:\/\/www.plastitaliaspa.com\/fr\/polyethylene-fittings\/raccords-injectes-bout-a-bout\/reduction-embout-long\/#breadcrumb\"},\"inLanguage\":\"fr-FR\",\"potentialAction\":[{\"@type\":\"ReadAction\",\"target\":[\"https:\/\/www.plastitaliaspa.com\/fr\/polyethylene-fittings\/raccords-injectes-bout-a-bout\/reduction-embout-long\/\"]}]},{\"@type\":\"ImageObject\",\"inLanguage\":\"fr-FR\",\"@id\":\"https:\/\/www.plastitaliaspa.com\/fr\/polyethylene-fittings\/raccords-injectes-bout-a-bout\/reduction-embout-long\/#primaryimage\",\"url\":\"https:\/\/www.plastitaliaspa.com\/wp-content\/uploads\/2024\/05\/codolostampato-p-riduzione-codololungo.jpg\",\"contentUrl\":\"https:\/\/www.plastitaliaspa.com\/wp-content\/uploads\/2024\/05\/codolostampato-p-riduzione-codololungo.jpg\",\"width\":388,\"height\":388},{\"@type\":\"BreadcrumbList\",\"@id\":\"https:\/\/www.plastitaliaspa.com\/fr\/polyethylene-fittings\/raccords-injectes-bout-a-bout\/reduction-embout-long\/#breadcrumb\",\"itemListElement\":[{\"@type\":\"ListItem\",\"position\":1,\"name\":\"Home\",\"item\":\"https:\/\/www.plastitaliaspa.com\/fr\/\"},{\"@type\":\"ListItem\",\"position\":2,\"name\":\"Shop\",\"item\":\"https:\/\/www.plastitaliaspa.com\/negozio\/\"},{\"@type\":\"ListItem\",\"position\":3,\"name\":\"Reduction embout long\"}]},{\"@type\":\"WebSite\",\"@id\":\"https:\/\/www.plastitaliaspa.com\/fr\/#website\",\"url\":\"https:\/\/www.plastitaliaspa.com\/fr\/\",\"name\":\"Plastitalia\",\"description\":\"Leader europeo nella produzione di raccordi in polietilene. Raccordi HDPE elettrosaldabili, di transizione e testa a testa utilizzati per impianti acqua e gas.\",\"publisher\":{\"@id\":\"https:\/\/www.plastitaliaspa.com\/fr\/#organization\"},\"potentialAction\":[{\"@type\":\"SearchAction\",\"target\":{\"@type\":\"EntryPoint\",\"urlTemplate\":\"https:\/\/www.plastitaliaspa.com\/fr\/?s={search_term_string}\"},\"query-input\":{\"@type\":\"PropertyValueSpecification\",\"valueRequired\":true,\"valueName\":\"search_term_string\"}}],\"inLanguage\":\"fr-FR\"},{\"@type\":\"Organization\",\"@id\":\"https:\/\/www.plastitaliaspa.com\/fr\/#organization\",\"name\":\"Plastitalia\",\"url\":\"https:\/\/www.plastitaliaspa.com\/fr\/\",\"logo\":{\"@type\":\"ImageObject\",\"inLanguage\":\"fr-FR\",\"@id\":\"https:\/\/www.plastitaliaspa.com\/fr\/#\/schema\/logo\/image\/\",\"url\":\"https:\/\/www.plastitaliaspa.com\/wp-content\/uploads\/2024\/05\/logo-plastitalia-sito.png\",\"contentUrl\":\"https:\/\/www.plastitaliaspa.com\/wp-content\/uploads\/2024\/05\/logo-plastitalia-sito.png\",\"width\":652,\"height\":205,\"caption\":\"Plastitalia\"},\"image\":{\"@id\":\"https:\/\/www.plastitaliaspa.com\/fr\/#\/schema\/logo\/image\/\"}}]}<\/script>\n<!-- \/ Yoast SEO plugin. -->","yoast_head_json":{"title":"Reduction embout long | Plastitalia","description":"Quelques caract\u00e9ristiques:&nbsp;Famille de raccords inject\u00e9s bout \u00e0 bout; PE 100 noir; pi\u00e8ce inject\u00e9e   Le T\u00e9 90\u00b0 embout long est utilis\u00e9 pour:&nbsp;syst\u00e8mes de distribution d\u2019eau (EN 12201 \u2013 ISO 4427), applications industrielles (EN ISO 15494), syst\u00e8mes de distribution de gaz&nbsp; (EN 1555 \u2013 ISO 4437).   Syst\u00e8mes&nbsp;de jonction:&nbsp;\u00e9lements thermiques par contact bout \u00e0 bout; \u00e9lectrofusion.","robots":{"index":"index","follow":"follow","max-snippet":"max-snippet:-1","max-image-preview":"max-image-preview:large","max-video-preview":"max-video-preview:-1"},"canonical":"https:\/\/www.plastitaliaspa.com\/fr\/polyethylene-fittings\/raccords-injectes-bout-a-bout\/reduction-embout-long\/","og_locale":"fr_FR","og_type":"article","og_title":"Reduction embout long | Plastitalia","og_description":"Quelques caract\u00e9ristiques:&nbsp;Famille de raccords inject\u00e9s bout \u00e0 bout; PE 100 noir; pi\u00e8ce inject\u00e9e   Le T\u00e9 90\u00b0 embout long est utilis\u00e9 pour:&nbsp;syst\u00e8mes de distribution d\u2019eau (EN 12201 \u2013 ISO 4427), applications industrielles (EN ISO 15494), syst\u00e8mes de distribution de gaz&nbsp; (EN 1555 \u2013 ISO 4437).   Syst\u00e8mes&nbsp;de jonction:&nbsp;\u00e9lements thermiques par contact bout \u00e0 bout; \u00e9lectrofusion.","og_url":"https:\/\/www.plastitaliaspa.com\/fr\/polyethylene-fittings\/raccords-injectes-bout-a-bout\/reduction-embout-long\/","og_site_name":"Plastitalia","article_modified_time":"2024-07-29T09:11:57+00:00","og_image":[{"width":388,"height":388,"url":"https:\/\/www.plastitaliaspa.com\/wp-content\/uploads\/2024\/05\/codolostampato-p-riduzione-codololungo.jpg","type":"image\/jpeg"}],"twitter_card":"summary_large_image","schema":{"@context":"https:\/\/schema.org","@graph":[{"@type":"WebPage","@id":"https:\/\/www.plastitaliaspa.com\/fr\/polyethylene-fittings\/raccords-injectes-bout-a-bout\/reduction-embout-long\/","url":"https:\/\/www.plastitaliaspa.com\/fr\/polyethylene-fittings\/raccords-injectes-bout-a-bout\/reduction-embout-long\/","name":"Reduction embout long | Plastitalia","isPartOf":{"@id":"https:\/\/www.plastitaliaspa.com\/fr\/#website"},"primaryImageOfPage":{"@id":"https:\/\/www.plastitaliaspa.com\/fr\/polyethylene-fittings\/raccords-injectes-bout-a-bout\/reduction-embout-long\/#primaryimage"},"image":{"@id":"https:\/\/www.plastitaliaspa.com\/fr\/polyethylene-fittings\/raccords-injectes-bout-a-bout\/reduction-embout-long\/#primaryimage"},"thumbnailUrl":"https:\/\/www.plastitaliaspa.com\/wp-content\/uploads\/2024\/05\/codolostampato-p-riduzione-codololungo.jpg","datePublished":"2024-05-29T11:59:24+00:00","dateModified":"2024-07-29T09:11:57+00:00","description":"Quelques caract\u00e9ristiques:&nbsp;Famille de raccords inject\u00e9s bout \u00e0 bout; PE 100 noir; pi\u00e8ce inject\u00e9e Le T\u00e9 90\u00b0 embout long est utilis\u00e9 pour:&nbsp;syst\u00e8mes de distribution d\u2019eau (EN 12201 \u2013 ISO 4427), applications industrielles (EN ISO 15494), syst\u00e8mes de distribution de gaz&nbsp; (EN 1555 \u2013 ISO 4437). Syst\u00e8mes&nbsp;de jonction:&nbsp;\u00e9lements thermiques par contact bout \u00e0 bout; \u00e9lectrofusion.","breadcrumb":{"@id":"https:\/\/www.plastitaliaspa.com\/fr\/polyethylene-fittings\/raccords-injectes-bout-a-bout\/reduction-embout-long\/#breadcrumb"},"inLanguage":"fr-FR","potentialAction":[{"@type":"ReadAction","target":["https:\/\/www.plastitaliaspa.com\/fr\/polyethylene-fittings\/raccords-injectes-bout-a-bout\/reduction-embout-long\/"]}]},{"@type":"ImageObject","inLanguage":"fr-FR","@id":"https:\/\/www.plastitaliaspa.com\/fr\/polyethylene-fittings\/raccords-injectes-bout-a-bout\/reduction-embout-long\/#primaryimage","url":"https:\/\/www.plastitaliaspa.com\/wp-content\/uploads\/2024\/05\/codolostampato-p-riduzione-codololungo.jpg","contentUrl":"https:\/\/www.plastitaliaspa.com\/wp-content\/uploads\/2024\/05\/codolostampato-p-riduzione-codololungo.jpg","width":388,"height":388},{"@type":"BreadcrumbList","@id":"https:\/\/www.plastitaliaspa.com\/fr\/polyethylene-fittings\/raccords-injectes-bout-a-bout\/reduction-embout-long\/#breadcrumb","itemListElement":[{"@type":"ListItem","position":1,"name":"Home","item":"https:\/\/www.plastitaliaspa.com\/fr\/"},{"@type":"ListItem","position":2,"name":"Shop","item":"https:\/\/www.plastitaliaspa.com\/negozio\/"},{"@type":"ListItem","position":3,"name":"Reduction embout long"}]},{"@type":"WebSite","@id":"https:\/\/www.plastitaliaspa.com\/fr\/#website","url":"https:\/\/www.plastitaliaspa.com\/fr\/","name":"Plastitalia","description":"Leader europeo nella produzione di raccordi in polietilene. Raccordi HDPE elettrosaldabili, di transizione e testa a testa utilizzati per impianti acqua e gas.","publisher":{"@id":"https:\/\/www.plastitaliaspa.com\/fr\/#organization"},"potentialAction":[{"@type":"SearchAction","target":{"@type":"EntryPoint","urlTemplate":"https:\/\/www.plastitaliaspa.com\/fr\/?s={search_term_string}"},"query-input":{"@type":"PropertyValueSpecification","valueRequired":true,"valueName":"search_term_string"}}],"inLanguage":"fr-FR"},{"@type":"Organization","@id":"https:\/\/www.plastitaliaspa.com\/fr\/#organization","name":"Plastitalia","url":"https:\/\/www.plastitaliaspa.com\/fr\/","logo":{"@type":"ImageObject","inLanguage":"fr-FR","@id":"https:\/\/www.plastitaliaspa.com\/fr\/#\/schema\/logo\/image\/","url":"https:\/\/www.plastitaliaspa.com\/wp-content\/uploads\/2024\/05\/logo-plastitalia-sito.png","contentUrl":"https:\/\/www.plastitaliaspa.com\/wp-content\/uploads\/2024\/05\/logo-plastitalia-sito.png","width":652,"height":205,"caption":"Plastitalia"},"image":{"@id":"https:\/\/www.plastitaliaspa.com\/fr\/#\/schema\/logo\/image\/"}}]}},"_links":{"self":[{"href":"https:\/\/www.plastitaliaspa.com\/fr\/wp-json\/wp\/v2\/product\/12143","targetHints":{"allow":["GET"]}}],"collection":[{"href":"https:\/\/www.plastitaliaspa.com\/fr\/wp-json\/wp\/v2\/product"}],"about":[{"href":"https:\/\/www.plastitaliaspa.com\/fr\/wp-json\/wp\/v2\/types\/product"}],"version-history":[{"count":1,"href":"https:\/\/www.plastitaliaspa.com\/fr\/wp-json\/wp\/v2\/product\/12143\/revisions"}],"predecessor-version":[{"id":12642,"href":"https:\/\/www.plastitaliaspa.com\/fr\/wp-json\/wp\/v2\/product\/12143\/revisions\/12642"}],"wp:featuredmedia":[{"embeddable":true,"href":"https:\/\/www.plastitaliaspa.com\/fr\/wp-json\/wp\/v2\/media\/2241"}],"wp:attachment":[{"href":"https:\/\/www.plastitaliaspa.com\/fr\/wp-json\/wp\/v2\/media?parent=12143"}],"wp:term":[{"taxonomy":"product_brand","embeddable":true,"href":"https:\/\/www.plastitaliaspa.com\/fr\/wp-json\/wp\/v2\/product_brand?post=12143"},{"taxonomy":"product_cat","embeddable":true,"href":"https:\/\/www.plastitaliaspa.com\/fr\/wp-json\/wp\/v2\/product_cat?post=12143"},{"taxonomy":"product_tag","embeddable":true,"href":"https:\/\/www.plastitaliaspa.com\/fr\/wp-json\/wp\/v2\/product_tag?post=12143"}],"curies":[{"name":"wp","href":"https:\/\/api.w.org\/{rel}","templated":true}]}}