{"id":12138,"date":"2024-05-29T11:59:24","date_gmt":"2024-05-29T11:59:24","guid":{"rendered":"https:\/\/plastitalia.aitema.com\/raccordi-polietilene\/non%20class\u00e9\/croix-embout-long\/"},"modified":"2024-07-29T09:10:03","modified_gmt":"2024-07-29T09:10:03","slug":"croix-embout-long","status":"publish","type":"product","link":"https:\/\/www.plastitaliaspa.com\/fr\/polyethylene-fittings\/raccords-fr\/croix-embout-long\/","title":{"rendered":"Croix embout long"},"content":{"rendered":"<p>Quelques caract\u00e9ristiques: famille de raccords inject\u00e9s bout \u00e0 bout; PE 100 noir; pi\u00e8ce inject\u00e9e &nbsp;<\/p>\n<hr \/>\n<p>&nbsp;La&nbsp;Croix<strong>&nbsp;<\/strong>embout long&nbsp;est utilis\u00e9 pour: syst\u00e8mes de distribution d\u2019eau (EN 12201 \u2013 ISO 4427), applications industrielles (EN ISO 15494).<\/p>\n<hr \/>\n<p>Syst\u00e8mes de jonction: \u00e9lementes thermiques par contact bout \u00e0 bout; \u00e9lectrofusion.<\/p>\n<\/p>\n<p>&nbsp;<\/p>\n<p>&nbsp;<\/p>\n<p>&nbsp;<\/p>\n<p>&nbsp;<\/p>\n<p>&nbsp;<\/p>\n<p>&nbsp;<\/p>\n<p>&nbsp;<\/p>\n","protected":false},"excerpt":{"rendered":"<p>Quelques caract\u00e9ristiques: famille de raccords inject\u00e9s bout \u00e0 bout; PE 100 noir; pi\u00e8ce inject\u00e9e &nbsp;<\/p>\n<hr \/>\n<p>&nbsp;La&nbsp;Croix<strong>&nbsp;<\/strong>embout long&nbsp;est utilis\u00e9 pour: syst\u00e8mes de distribution d\u2019eau (EN 12201 \u2013 ISO 4427), applications industrielles (EN ISO 15494).<\/p>\n<hr \/>\n<p>Syst\u00e8mes de jonction: \u00e9lementes thermiques par contact bout \u00e0 bout; \u00e9lectrofusion.<\/p>\n<\/p>\n<p>&nbsp;<\/p>\n<p>&nbsp;<\/p>\n<p>&nbsp;<\/p>\n<p>&nbsp;<\/p>\n<p>&nbsp;<\/p>\n<p>&nbsp;<\/p>\n<p>&nbsp;<\/p>\n","protected":false},"featured_media":2151,"template":"","meta":{"_acf_changed":false},"product_brand":[],"product_cat":[171,173],"product_tag":[],"class_list":{"0":"post-12138","1":"product","2":"type-product","3":"status-publish","4":"has-post-thumbnail","6":"product_cat-raccords-fr","7":"product_cat-raccords-injectes-bout-a-bout","9":"first","10":"instock","11":"product-type-simple"},"acf":[],"yoast_head":"<!-- This site is optimized with the Yoast SEO plugin v27.4 - https:\/\/yoast.com\/product\/yoast-seo-wordpress\/ -->\n<title>Croix embout long | Plastitalia<\/title>\n<meta name=\"description\" content=\"Quelques caract\u00e9ristiques: famille de raccords inject\u00e9s bout \u00e0 bout; PE 100 noir; pi\u00e8ce inject\u00e9e &nbsp;   &nbsp;La&nbsp;Croix&nbsp;embout long&nbsp;est utilis\u00e9 pour: syst\u00e8mes de distribution d\u2019eau (EN 12201 \u2013 ISO 4427), applications industrielles (EN ISO 15494).   Syst\u00e8mes de jonction: \u00e9lementes thermiques par contact bout \u00e0 bout; \u00e9lectrofusion.     &nbsp;  &nbsp;  &nbsp;  &nbsp;  &nbsp;  &nbsp;  &nbsp;\" \/>\n<meta name=\"robots\" content=\"index, follow, max-snippet:-1, max-image-preview:large, max-video-preview:-1\" \/>\n<link rel=\"canonical\" href=\"https:\/\/www.plastitaliaspa.com\/fr\/polyethylene-fittings\/raccords-fr\/croix-embout-long\/\" \/>\n<meta property=\"og:locale\" content=\"fr_FR\" \/>\n<meta property=\"og:type\" content=\"article\" \/>\n<meta property=\"og:title\" content=\"Croix embout long | Plastitalia\" \/>\n<meta property=\"og:description\" content=\"Quelques caract\u00e9ristiques: famille de raccords inject\u00e9s bout \u00e0 bout; PE 100 noir; pi\u00e8ce inject\u00e9e &nbsp;   &nbsp;La&nbsp;Croix&nbsp;embout long&nbsp;est utilis\u00e9 pour: syst\u00e8mes de distribution d\u2019eau (EN 12201 \u2013 ISO 4427), applications industrielles (EN ISO 15494).   Syst\u00e8mes de jonction: \u00e9lementes thermiques par contact bout \u00e0 bout; \u00e9lectrofusion.     &nbsp;  &nbsp;  &nbsp;  &nbsp;  &nbsp;  &nbsp;  &nbsp;\" \/>\n<meta property=\"og:url\" content=\"https:\/\/www.plastitaliaspa.com\/fr\/polyethylene-fittings\/raccords-fr\/croix-embout-long\/\" \/>\n<meta property=\"og:site_name\" content=\"Plastitalia\" \/>\n<meta property=\"article:modified_time\" content=\"2024-07-29T09:10:03+00:00\" \/>\n<meta property=\"og:image\" content=\"https:\/\/www.plastitaliaspa.com\/wp-content\/uploads\/2024\/05\/codolostampato-p-croce.jpg\" \/>\n\t<meta property=\"og:image:width\" content=\"388\" \/>\n\t<meta property=\"og:image:height\" content=\"388\" \/>\n\t<meta property=\"og:image:type\" content=\"image\/jpeg\" \/>\n<meta name=\"twitter:card\" content=\"summary_large_image\" \/>\n<script type=\"application\/ld+json\" class=\"yoast-schema-graph\">{\"@context\":\"https:\\\/\\\/schema.org\",\"@graph\":[{\"@type\":\"WebPage\",\"@id\":\"https:\\\/\\\/www.plastitaliaspa.com\\\/fr\\\/polyethylene-fittings\\\/raccords-fr\\\/croix-embout-long\\\/\",\"url\":\"https:\\\/\\\/www.plastitaliaspa.com\\\/fr\\\/polyethylene-fittings\\\/raccords-fr\\\/croix-embout-long\\\/\",\"name\":\"Croix embout long | Plastitalia\",\"isPartOf\":{\"@id\":\"https:\\\/\\\/www.plastitaliaspa.com\\\/fr\\\/#website\"},\"primaryImageOfPage\":{\"@id\":\"https:\\\/\\\/www.plastitaliaspa.com\\\/fr\\\/polyethylene-fittings\\\/raccords-fr\\\/croix-embout-long\\\/#primaryimage\"},\"image\":{\"@id\":\"https:\\\/\\\/www.plastitaliaspa.com\\\/fr\\\/polyethylene-fittings\\\/raccords-fr\\\/croix-embout-long\\\/#primaryimage\"},\"thumbnailUrl\":\"https:\\\/\\\/www.plastitaliaspa.com\\\/wp-content\\\/uploads\\\/2024\\\/05\\\/codolostampato-p-croce.jpg\",\"datePublished\":\"2024-05-29T11:59:24+00:00\",\"dateModified\":\"2024-07-29T09:10:03+00:00\",\"description\":\"Quelques caract\u00e9ristiques: famille de raccords inject\u00e9s bout \u00e0 bout; PE 100 noir; pi\u00e8ce inject\u00e9e &nbsp; &nbsp;La&nbsp;Croix&nbsp;embout long&nbsp;est utilis\u00e9 pour: syst\u00e8mes de distribution d\u2019eau (EN 12201 \u2013 ISO 4427), applications industrielles (EN ISO 15494). Syst\u00e8mes de jonction: \u00e9lementes thermiques par contact bout \u00e0 bout; \u00e9lectrofusion. &nbsp; &nbsp; &nbsp; &nbsp; &nbsp; &nbsp; &nbsp;\",\"breadcrumb\":{\"@id\":\"https:\\\/\\\/www.plastitaliaspa.com\\\/fr\\\/polyethylene-fittings\\\/raccords-fr\\\/croix-embout-long\\\/#breadcrumb\"},\"inLanguage\":\"fr-FR\",\"potentialAction\":[{\"@type\":\"ReadAction\",\"target\":[\"https:\\\/\\\/www.plastitaliaspa.com\\\/fr\\\/polyethylene-fittings\\\/raccords-fr\\\/croix-embout-long\\\/\"]}]},{\"@type\":\"ImageObject\",\"inLanguage\":\"fr-FR\",\"@id\":\"https:\\\/\\\/www.plastitaliaspa.com\\\/fr\\\/polyethylene-fittings\\\/raccords-fr\\\/croix-embout-long\\\/#primaryimage\",\"url\":\"https:\\\/\\\/www.plastitaliaspa.com\\\/wp-content\\\/uploads\\\/2024\\\/05\\\/codolostampato-p-croce.jpg\",\"contentUrl\":\"https:\\\/\\\/www.plastitaliaspa.com\\\/wp-content\\\/uploads\\\/2024\\\/05\\\/codolostampato-p-croce.jpg\",\"width\":388,\"height\":388},{\"@type\":\"BreadcrumbList\",\"@id\":\"https:\\\/\\\/www.plastitaliaspa.com\\\/fr\\\/polyethylene-fittings\\\/raccords-fr\\\/croix-embout-long\\\/#breadcrumb\",\"itemListElement\":[{\"@type\":\"ListItem\",\"position\":1,\"name\":\"Home\",\"item\":\"https:\\\/\\\/www.plastitaliaspa.com\\\/fr\\\/\"},{\"@type\":\"ListItem\",\"position\":2,\"name\":\"Shop\",\"item\":\"https:\\\/\\\/www.plastitaliaspa.com\\\/negozio\\\/\"},{\"@type\":\"ListItem\",\"position\":3,\"name\":\"Croix embout long\"}]},{\"@type\":\"WebSite\",\"@id\":\"https:\\\/\\\/www.plastitaliaspa.com\\\/fr\\\/#website\",\"url\":\"https:\\\/\\\/www.plastitaliaspa.com\\\/fr\\\/\",\"name\":\"Plastitalia\",\"description\":\"Leader europeo nella produzione di raccordi in polietilene. Raccordi HDPE elettrosaldabili, di transizione e testa a testa utilizzati per impianti acqua e gas.\",\"publisher\":{\"@id\":\"https:\\\/\\\/www.plastitaliaspa.com\\\/fr\\\/#organization\"},\"potentialAction\":[{\"@type\":\"SearchAction\",\"target\":{\"@type\":\"EntryPoint\",\"urlTemplate\":\"https:\\\/\\\/www.plastitaliaspa.com\\\/fr\\\/?s={search_term_string}\"},\"query-input\":{\"@type\":\"PropertyValueSpecification\",\"valueRequired\":true,\"valueName\":\"search_term_string\"}}],\"inLanguage\":\"fr-FR\"},{\"@type\":\"Organization\",\"@id\":\"https:\\\/\\\/www.plastitaliaspa.com\\\/fr\\\/#organization\",\"name\":\"Plastitalia\",\"url\":\"https:\\\/\\\/www.plastitaliaspa.com\\\/fr\\\/\",\"logo\":{\"@type\":\"ImageObject\",\"inLanguage\":\"fr-FR\",\"@id\":\"https:\\\/\\\/www.plastitaliaspa.com\\\/fr\\\/#\\\/schema\\\/logo\\\/image\\\/\",\"url\":\"https:\\\/\\\/www.plastitaliaspa.com\\\/wp-content\\\/uploads\\\/2024\\\/05\\\/logo-plastitalia-sito.png\",\"contentUrl\":\"https:\\\/\\\/www.plastitaliaspa.com\\\/wp-content\\\/uploads\\\/2024\\\/05\\\/logo-plastitalia-sito.png\",\"width\":652,\"height\":205,\"caption\":\"Plastitalia\"},\"image\":{\"@id\":\"https:\\\/\\\/www.plastitaliaspa.com\\\/fr\\\/#\\\/schema\\\/logo\\\/image\\\/\"}}]}<\/script>\n<!-- \/ Yoast SEO plugin. -->","yoast_head_json":{"title":"Croix embout long | Plastitalia","description":"Quelques caract\u00e9ristiques: famille de raccords inject\u00e9s bout \u00e0 bout; PE 100 noir; pi\u00e8ce inject\u00e9e &nbsp;   &nbsp;La&nbsp;Croix&nbsp;embout long&nbsp;est utilis\u00e9 pour: syst\u00e8mes de distribution d\u2019eau (EN 12201 \u2013 ISO 4427), applications industrielles (EN ISO 15494).   Syst\u00e8mes de jonction: \u00e9lementes thermiques par contact bout \u00e0 bout; \u00e9lectrofusion.     &nbsp;  &nbsp;  &nbsp;  &nbsp;  &nbsp;  &nbsp;  &nbsp;","robots":{"index":"index","follow":"follow","max-snippet":"max-snippet:-1","max-image-preview":"max-image-preview:large","max-video-preview":"max-video-preview:-1"},"canonical":"https:\/\/www.plastitaliaspa.com\/fr\/polyethylene-fittings\/raccords-fr\/croix-embout-long\/","og_locale":"fr_FR","og_type":"article","og_title":"Croix embout long | Plastitalia","og_description":"Quelques caract\u00e9ristiques: famille de raccords inject\u00e9s bout \u00e0 bout; PE 100 noir; pi\u00e8ce inject\u00e9e &nbsp;   &nbsp;La&nbsp;Croix&nbsp;embout long&nbsp;est utilis\u00e9 pour: syst\u00e8mes de distribution d\u2019eau (EN 12201 \u2013 ISO 4427), applications industrielles (EN ISO 15494).   Syst\u00e8mes de jonction: \u00e9lementes thermiques par contact bout \u00e0 bout; \u00e9lectrofusion.     &nbsp;  &nbsp;  &nbsp;  &nbsp;  &nbsp;  &nbsp;  &nbsp;","og_url":"https:\/\/www.plastitaliaspa.com\/fr\/polyethylene-fittings\/raccords-fr\/croix-embout-long\/","og_site_name":"Plastitalia","article_modified_time":"2024-07-29T09:10:03+00:00","og_image":[{"width":388,"height":388,"url":"https:\/\/www.plastitaliaspa.com\/wp-content\/uploads\/2024\/05\/codolostampato-p-croce.jpg","type":"image\/jpeg"}],"twitter_card":"summary_large_image","schema":{"@context":"https:\/\/schema.org","@graph":[{"@type":"WebPage","@id":"https:\/\/www.plastitaliaspa.com\/fr\/polyethylene-fittings\/raccords-fr\/croix-embout-long\/","url":"https:\/\/www.plastitaliaspa.com\/fr\/polyethylene-fittings\/raccords-fr\/croix-embout-long\/","name":"Croix embout long | Plastitalia","isPartOf":{"@id":"https:\/\/www.plastitaliaspa.com\/fr\/#website"},"primaryImageOfPage":{"@id":"https:\/\/www.plastitaliaspa.com\/fr\/polyethylene-fittings\/raccords-fr\/croix-embout-long\/#primaryimage"},"image":{"@id":"https:\/\/www.plastitaliaspa.com\/fr\/polyethylene-fittings\/raccords-fr\/croix-embout-long\/#primaryimage"},"thumbnailUrl":"https:\/\/www.plastitaliaspa.com\/wp-content\/uploads\/2024\/05\/codolostampato-p-croce.jpg","datePublished":"2024-05-29T11:59:24+00:00","dateModified":"2024-07-29T09:10:03+00:00","description":"Quelques caract\u00e9ristiques: famille de raccords inject\u00e9s bout \u00e0 bout; PE 100 noir; pi\u00e8ce inject\u00e9e &nbsp; &nbsp;La&nbsp;Croix&nbsp;embout long&nbsp;est utilis\u00e9 pour: syst\u00e8mes de distribution d\u2019eau (EN 12201 \u2013 ISO 4427), applications industrielles (EN ISO 15494). Syst\u00e8mes de jonction: \u00e9lementes thermiques par contact bout \u00e0 bout; \u00e9lectrofusion. &nbsp; &nbsp; &nbsp; &nbsp; &nbsp; &nbsp; &nbsp;","breadcrumb":{"@id":"https:\/\/www.plastitaliaspa.com\/fr\/polyethylene-fittings\/raccords-fr\/croix-embout-long\/#breadcrumb"},"inLanguage":"fr-FR","potentialAction":[{"@type":"ReadAction","target":["https:\/\/www.plastitaliaspa.com\/fr\/polyethylene-fittings\/raccords-fr\/croix-embout-long\/"]}]},{"@type":"ImageObject","inLanguage":"fr-FR","@id":"https:\/\/www.plastitaliaspa.com\/fr\/polyethylene-fittings\/raccords-fr\/croix-embout-long\/#primaryimage","url":"https:\/\/www.plastitaliaspa.com\/wp-content\/uploads\/2024\/05\/codolostampato-p-croce.jpg","contentUrl":"https:\/\/www.plastitaliaspa.com\/wp-content\/uploads\/2024\/05\/codolostampato-p-croce.jpg","width":388,"height":388},{"@type":"BreadcrumbList","@id":"https:\/\/www.plastitaliaspa.com\/fr\/polyethylene-fittings\/raccords-fr\/croix-embout-long\/#breadcrumb","itemListElement":[{"@type":"ListItem","position":1,"name":"Home","item":"https:\/\/www.plastitaliaspa.com\/fr\/"},{"@type":"ListItem","position":2,"name":"Shop","item":"https:\/\/www.plastitaliaspa.com\/negozio\/"},{"@type":"ListItem","position":3,"name":"Croix embout long"}]},{"@type":"WebSite","@id":"https:\/\/www.plastitaliaspa.com\/fr\/#website","url":"https:\/\/www.plastitaliaspa.com\/fr\/","name":"Plastitalia","description":"Leader europeo nella produzione di raccordi in polietilene. Raccordi HDPE elettrosaldabili, di transizione e testa a testa utilizzati per impianti acqua e gas.","publisher":{"@id":"https:\/\/www.plastitaliaspa.com\/fr\/#organization"},"potentialAction":[{"@type":"SearchAction","target":{"@type":"EntryPoint","urlTemplate":"https:\/\/www.plastitaliaspa.com\/fr\/?s={search_term_string}"},"query-input":{"@type":"PropertyValueSpecification","valueRequired":true,"valueName":"search_term_string"}}],"inLanguage":"fr-FR"},{"@type":"Organization","@id":"https:\/\/www.plastitaliaspa.com\/fr\/#organization","name":"Plastitalia","url":"https:\/\/www.plastitaliaspa.com\/fr\/","logo":{"@type":"ImageObject","inLanguage":"fr-FR","@id":"https:\/\/www.plastitaliaspa.com\/fr\/#\/schema\/logo\/image\/","url":"https:\/\/www.plastitaliaspa.com\/wp-content\/uploads\/2024\/05\/logo-plastitalia-sito.png","contentUrl":"https:\/\/www.plastitaliaspa.com\/wp-content\/uploads\/2024\/05\/logo-plastitalia-sito.png","width":652,"height":205,"caption":"Plastitalia"},"image":{"@id":"https:\/\/www.plastitaliaspa.com\/fr\/#\/schema\/logo\/image\/"}}]}},"_links":{"self":[{"href":"https:\/\/www.plastitaliaspa.com\/fr\/wp-json\/wp\/v2\/product\/12138","targetHints":{"allow":["GET"]}}],"collection":[{"href":"https:\/\/www.plastitaliaspa.com\/fr\/wp-json\/wp\/v2\/product"}],"about":[{"href":"https:\/\/www.plastitaliaspa.com\/fr\/wp-json\/wp\/v2\/types\/product"}],"version-history":[{"count":1,"href":"https:\/\/www.plastitaliaspa.com\/fr\/wp-json\/wp\/v2\/product\/12138\/revisions"}],"predecessor-version":[{"id":12637,"href":"https:\/\/www.plastitaliaspa.com\/fr\/wp-json\/wp\/v2\/product\/12138\/revisions\/12637"}],"wp:featuredmedia":[{"embeddable":true,"href":"https:\/\/www.plastitaliaspa.com\/fr\/wp-json\/wp\/v2\/media\/2151"}],"wp:attachment":[{"href":"https:\/\/www.plastitaliaspa.com\/fr\/wp-json\/wp\/v2\/media?parent=12138"}],"wp:term":[{"taxonomy":"product_brand","embeddable":true,"href":"https:\/\/www.plastitaliaspa.com\/fr\/wp-json\/wp\/v2\/product_brand?post=12138"},{"taxonomy":"product_cat","embeddable":true,"href":"https:\/\/www.plastitaliaspa.com\/fr\/wp-json\/wp\/v2\/product_cat?post=12138"},{"taxonomy":"product_tag","embeddable":true,"href":"https:\/\/www.plastitaliaspa.com\/fr\/wp-json\/wp\/v2\/product_tag?post=12138"}],"curies":[{"name":"wp","href":"https:\/\/api.w.org\/{rel}","templated":true}]}}