{"id":12137,"date":"2024-05-29T11:59:24","date_gmt":"2024-05-29T11:59:24","guid":{"rendered":"https:\/\/plastitalia.aitema.com\/raccordi-polietilene\/non%20class\u00e9\/raccord-de-transition-pe-acier-noir\/"},"modified":"2024-07-22T11:23:50","modified_gmt":"2024-07-22T11:23:50","slug":"raccord-de-transition-pe-acier-noir","status":"publish","type":"product","link":"https:\/\/www.plastitaliaspa.com\/fr\/polyethylene-fittings\/raccords-de-transition\/raccord-de-transition-pe-acier-noir\/","title":{"rendered":"RACCORD DE TRANSITION  PE\/ACIER NOIR"},"content":{"rendered":"<p>Le Raccord de transition PE\/Acier noir, non rev\u00eatu (soudable), est utilis\u00e9 pour syst\u00e8mes de canalisation pour la distribution de gaz combustibles (UNI EN 1555).&nbsp;<\/p>\n<hr \/>\n<p>Quelques caract\u00e9ristiques: Famille des raccords de transition; PE100 noir et acier noir;SDR 11;Acier non rev\u00eatu; Inject\u00e9e.<\/p>\n<hr \/>\n<p>Utilis\u00e9 pour syst\u00e8mes de canalisation pour la distribution de gaz combustibles (UNI EN 1555).<\/p>\n<p>&nbsp;<\/p>\n","protected":false},"excerpt":{"rendered":"<p>Le Raccord de transition PE\/Acier noir, non rev\u00eatu (soudable), est utilis\u00e9 pour syst\u00e8mes de canalisation pour la distribution de gaz combustibles (UNI EN 1555).&nbsp;<\/p>\n<hr \/>\n<p>Quelques caract\u00e9ristiques: Famille des raccords de transition; PE100 noir et acier noir;SDR 11;Acier non rev\u00eatu; Inject\u00e9e.<\/p>\n<hr \/>\n<p>Utilis\u00e9 pour syst\u00e8mes de canalisation pour la distribution de gaz combustibles (UNI EN 1555).<\/p>\n<p>&nbsp;<\/p>\n","protected":false},"featured_media":2133,"template":"","meta":{"_acf_changed":false},"product_brand":[],"product_cat":[171,132],"product_tag":[],"class_list":{"0":"post-12137","1":"product","2":"type-product","3":"status-publish","4":"has-post-thumbnail","6":"product_cat-raccords-fr","7":"product_cat-raccords-de-transition","9":"first","10":"instock","11":"product-type-simple"},"acf":[],"yoast_head":"<!-- This site is optimized with the Yoast SEO plugin v27.4 - https:\/\/yoast.com\/product\/yoast-seo-wordpress\/ -->\n<title>RACCORD DE TRANSITION PE\/ACIER NOIR | Plastitalia<\/title>\n<meta name=\"description\" content=\"Le Raccord de transition PE\/Acier noir, non rev\u00eatu (soudable), est utilis\u00e9 pour syst\u00e8mes de canalisation pour la distribution de gaz combustibles (UNI EN 1555).&nbsp;   Quelques caract\u00e9ristiques: Famille des raccords de transition; PE100 noir et acier noir;SDR 11;Acier non rev\u00eatu; Inject\u00e9e.   Utilis\u00e9 pour syst\u00e8mes de canalisation pour la distribution de gaz combustibles (UNI EN 1555).  &nbsp;\" \/>\n<meta name=\"robots\" content=\"index, follow, max-snippet:-1, max-image-preview:large, max-video-preview:-1\" \/>\n<link rel=\"canonical\" href=\"https:\/\/www.plastitaliaspa.com\/fr\/polyethylene-fittings\/raccords-de-transition\/raccord-de-transition-pe-acier-noir\/\" \/>\n<meta property=\"og:locale\" content=\"fr_FR\" \/>\n<meta property=\"og:type\" content=\"article\" \/>\n<meta property=\"og:title\" content=\"RACCORD DE TRANSITION PE\/ACIER NOIR | Plastitalia\" \/>\n<meta property=\"og:description\" content=\"Le Raccord de transition PE\/Acier noir, non rev\u00eatu (soudable), est utilis\u00e9 pour syst\u00e8mes de canalisation pour la distribution de gaz combustibles (UNI EN 1555).&nbsp;   Quelques caract\u00e9ristiques: Famille des raccords de transition; PE100 noir et acier noir;SDR 11;Acier non rev\u00eatu; Inject\u00e9e.   Utilis\u00e9 pour syst\u00e8mes de canalisation pour la distribution de gaz combustibles (UNI EN 1555).  &nbsp;\" \/>\n<meta property=\"og:url\" content=\"https:\/\/www.plastitaliaspa.com\/fr\/polyethylene-fittings\/raccords-de-transition\/raccord-de-transition-pe-acier-noir\/\" \/>\n<meta property=\"og:site_name\" content=\"Plastitalia\" \/>\n<meta property=\"article:modified_time\" content=\"2024-07-22T11:23:50+00:00\" \/>\n<meta property=\"og:image\" content=\"https:\/\/www.plastitaliaspa.com\/wp-content\/uploads\/2024\/05\/Raccordo-di-transizione-PE-acciao-nero.png\" \/>\n\t<meta property=\"og:image:width\" content=\"500\" \/>\n\t<meta property=\"og:image:height\" content=\"500\" \/>\n\t<meta property=\"og:image:type\" content=\"image\/png\" \/>\n<meta name=\"twitter:card\" content=\"summary_large_image\" \/>\n<script type=\"application\/ld+json\" class=\"yoast-schema-graph\">{\"@context\":\"https:\\\/\\\/schema.org\",\"@graph\":[{\"@type\":\"WebPage\",\"@id\":\"https:\\\/\\\/www.plastitaliaspa.com\\\/fr\\\/polyethylene-fittings\\\/raccords-de-transition\\\/raccord-de-transition-pe-acier-noir\\\/\",\"url\":\"https:\\\/\\\/www.plastitaliaspa.com\\\/fr\\\/polyethylene-fittings\\\/raccords-de-transition\\\/raccord-de-transition-pe-acier-noir\\\/\",\"name\":\"RACCORD DE TRANSITION PE\\\/ACIER NOIR | Plastitalia\",\"isPartOf\":{\"@id\":\"https:\\\/\\\/www.plastitaliaspa.com\\\/fr\\\/#website\"},\"primaryImageOfPage\":{\"@id\":\"https:\\\/\\\/www.plastitaliaspa.com\\\/fr\\\/polyethylene-fittings\\\/raccords-de-transition\\\/raccord-de-transition-pe-acier-noir\\\/#primaryimage\"},\"image\":{\"@id\":\"https:\\\/\\\/www.plastitaliaspa.com\\\/fr\\\/polyethylene-fittings\\\/raccords-de-transition\\\/raccord-de-transition-pe-acier-noir\\\/#primaryimage\"},\"thumbnailUrl\":\"https:\\\/\\\/www.plastitaliaspa.com\\\/wp-content\\\/uploads\\\/2024\\\/05\\\/Raccordo-di-transizione-PE-acciao-nero.png\",\"datePublished\":\"2024-05-29T11:59:24+00:00\",\"dateModified\":\"2024-07-22T11:23:50+00:00\",\"description\":\"Le Raccord de transition PE\\\/Acier noir, non rev\u00eatu (soudable), est utilis\u00e9 pour syst\u00e8mes de canalisation pour la distribution de gaz combustibles (UNI EN 1555).&nbsp; Quelques caract\u00e9ristiques: Famille des raccords de transition; PE100 noir et acier noir;SDR 11;Acier non rev\u00eatu; Inject\u00e9e. Utilis\u00e9 pour syst\u00e8mes de canalisation pour la distribution de gaz combustibles (UNI EN 1555). &nbsp;\",\"breadcrumb\":{\"@id\":\"https:\\\/\\\/www.plastitaliaspa.com\\\/fr\\\/polyethylene-fittings\\\/raccords-de-transition\\\/raccord-de-transition-pe-acier-noir\\\/#breadcrumb\"},\"inLanguage\":\"fr-FR\",\"potentialAction\":[{\"@type\":\"ReadAction\",\"target\":[\"https:\\\/\\\/www.plastitaliaspa.com\\\/fr\\\/polyethylene-fittings\\\/raccords-de-transition\\\/raccord-de-transition-pe-acier-noir\\\/\"]}]},{\"@type\":\"ImageObject\",\"inLanguage\":\"fr-FR\",\"@id\":\"https:\\\/\\\/www.plastitaliaspa.com\\\/fr\\\/polyethylene-fittings\\\/raccords-de-transition\\\/raccord-de-transition-pe-acier-noir\\\/#primaryimage\",\"url\":\"https:\\\/\\\/www.plastitaliaspa.com\\\/wp-content\\\/uploads\\\/2024\\\/05\\\/Raccordo-di-transizione-PE-acciao-nero.png\",\"contentUrl\":\"https:\\\/\\\/www.plastitaliaspa.com\\\/wp-content\\\/uploads\\\/2024\\\/05\\\/Raccordo-di-transizione-PE-acciao-nero.png\",\"width\":500,\"height\":500},{\"@type\":\"BreadcrumbList\",\"@id\":\"https:\\\/\\\/www.plastitaliaspa.com\\\/fr\\\/polyethylene-fittings\\\/raccords-de-transition\\\/raccord-de-transition-pe-acier-noir\\\/#breadcrumb\",\"itemListElement\":[{\"@type\":\"ListItem\",\"position\":1,\"name\":\"Home\",\"item\":\"https:\\\/\\\/www.plastitaliaspa.com\\\/fr\\\/\"},{\"@type\":\"ListItem\",\"position\":2,\"name\":\"Shop\",\"item\":\"https:\\\/\\\/www.plastitaliaspa.com\\\/negozio\\\/\"},{\"@type\":\"ListItem\",\"position\":3,\"name\":\"RACCORD DE TRANSITION PE\\\/ACIER NOIR\"}]},{\"@type\":\"WebSite\",\"@id\":\"https:\\\/\\\/www.plastitaliaspa.com\\\/fr\\\/#website\",\"url\":\"https:\\\/\\\/www.plastitaliaspa.com\\\/fr\\\/\",\"name\":\"Plastitalia\",\"description\":\"Leader europeo nella produzione di raccordi in polietilene. Raccordi HDPE elettrosaldabili, di transizione e testa a testa utilizzati per impianti acqua e gas.\",\"publisher\":{\"@id\":\"https:\\\/\\\/www.plastitaliaspa.com\\\/fr\\\/#organization\"},\"potentialAction\":[{\"@type\":\"SearchAction\",\"target\":{\"@type\":\"EntryPoint\",\"urlTemplate\":\"https:\\\/\\\/www.plastitaliaspa.com\\\/fr\\\/?s={search_term_string}\"},\"query-input\":{\"@type\":\"PropertyValueSpecification\",\"valueRequired\":true,\"valueName\":\"search_term_string\"}}],\"inLanguage\":\"fr-FR\"},{\"@type\":\"Organization\",\"@id\":\"https:\\\/\\\/www.plastitaliaspa.com\\\/fr\\\/#organization\",\"name\":\"Plastitalia\",\"url\":\"https:\\\/\\\/www.plastitaliaspa.com\\\/fr\\\/\",\"logo\":{\"@type\":\"ImageObject\",\"inLanguage\":\"fr-FR\",\"@id\":\"https:\\\/\\\/www.plastitaliaspa.com\\\/fr\\\/#\\\/schema\\\/logo\\\/image\\\/\",\"url\":\"https:\\\/\\\/www.plastitaliaspa.com\\\/wp-content\\\/uploads\\\/2024\\\/05\\\/logo-plastitalia-sito.png\",\"contentUrl\":\"https:\\\/\\\/www.plastitaliaspa.com\\\/wp-content\\\/uploads\\\/2024\\\/05\\\/logo-plastitalia-sito.png\",\"width\":652,\"height\":205,\"caption\":\"Plastitalia\"},\"image\":{\"@id\":\"https:\\\/\\\/www.plastitaliaspa.com\\\/fr\\\/#\\\/schema\\\/logo\\\/image\\\/\"}}]}<\/script>\n<!-- \/ Yoast SEO plugin. -->","yoast_head_json":{"title":"RACCORD DE TRANSITION PE\/ACIER NOIR | Plastitalia","description":"Le Raccord de transition PE\/Acier noir, non rev\u00eatu (soudable), est utilis\u00e9 pour syst\u00e8mes de canalisation pour la distribution de gaz combustibles (UNI EN 1555).&nbsp;   Quelques caract\u00e9ristiques: Famille des raccords de transition; PE100 noir et acier noir;SDR 11;Acier non rev\u00eatu; Inject\u00e9e.   Utilis\u00e9 pour syst\u00e8mes de canalisation pour la distribution de gaz combustibles (UNI EN 1555).  &nbsp;","robots":{"index":"index","follow":"follow","max-snippet":"max-snippet:-1","max-image-preview":"max-image-preview:large","max-video-preview":"max-video-preview:-1"},"canonical":"https:\/\/www.plastitaliaspa.com\/fr\/polyethylene-fittings\/raccords-de-transition\/raccord-de-transition-pe-acier-noir\/","og_locale":"fr_FR","og_type":"article","og_title":"RACCORD DE TRANSITION PE\/ACIER NOIR | Plastitalia","og_description":"Le Raccord de transition PE\/Acier noir, non rev\u00eatu (soudable), est utilis\u00e9 pour syst\u00e8mes de canalisation pour la distribution de gaz combustibles (UNI EN 1555).&nbsp;   Quelques caract\u00e9ristiques: Famille des raccords de transition; PE100 noir et acier noir;SDR 11;Acier non rev\u00eatu; Inject\u00e9e.   Utilis\u00e9 pour syst\u00e8mes de canalisation pour la distribution de gaz combustibles (UNI EN 1555).  &nbsp;","og_url":"https:\/\/www.plastitaliaspa.com\/fr\/polyethylene-fittings\/raccords-de-transition\/raccord-de-transition-pe-acier-noir\/","og_site_name":"Plastitalia","article_modified_time":"2024-07-22T11:23:50+00:00","og_image":[{"width":500,"height":500,"url":"https:\/\/www.plastitaliaspa.com\/wp-content\/uploads\/2024\/05\/Raccordo-di-transizione-PE-acciao-nero.png","type":"image\/png"}],"twitter_card":"summary_large_image","schema":{"@context":"https:\/\/schema.org","@graph":[{"@type":"WebPage","@id":"https:\/\/www.plastitaliaspa.com\/fr\/polyethylene-fittings\/raccords-de-transition\/raccord-de-transition-pe-acier-noir\/","url":"https:\/\/www.plastitaliaspa.com\/fr\/polyethylene-fittings\/raccords-de-transition\/raccord-de-transition-pe-acier-noir\/","name":"RACCORD DE TRANSITION PE\/ACIER NOIR | Plastitalia","isPartOf":{"@id":"https:\/\/www.plastitaliaspa.com\/fr\/#website"},"primaryImageOfPage":{"@id":"https:\/\/www.plastitaliaspa.com\/fr\/polyethylene-fittings\/raccords-de-transition\/raccord-de-transition-pe-acier-noir\/#primaryimage"},"image":{"@id":"https:\/\/www.plastitaliaspa.com\/fr\/polyethylene-fittings\/raccords-de-transition\/raccord-de-transition-pe-acier-noir\/#primaryimage"},"thumbnailUrl":"https:\/\/www.plastitaliaspa.com\/wp-content\/uploads\/2024\/05\/Raccordo-di-transizione-PE-acciao-nero.png","datePublished":"2024-05-29T11:59:24+00:00","dateModified":"2024-07-22T11:23:50+00:00","description":"Le Raccord de transition PE\/Acier noir, non rev\u00eatu (soudable), est utilis\u00e9 pour syst\u00e8mes de canalisation pour la distribution de gaz combustibles (UNI EN 1555).&nbsp; Quelques caract\u00e9ristiques: Famille des raccords de transition; PE100 noir et acier noir;SDR 11;Acier non rev\u00eatu; Inject\u00e9e. Utilis\u00e9 pour syst\u00e8mes de canalisation pour la distribution de gaz combustibles (UNI EN 1555). &nbsp;","breadcrumb":{"@id":"https:\/\/www.plastitaliaspa.com\/fr\/polyethylene-fittings\/raccords-de-transition\/raccord-de-transition-pe-acier-noir\/#breadcrumb"},"inLanguage":"fr-FR","potentialAction":[{"@type":"ReadAction","target":["https:\/\/www.plastitaliaspa.com\/fr\/polyethylene-fittings\/raccords-de-transition\/raccord-de-transition-pe-acier-noir\/"]}]},{"@type":"ImageObject","inLanguage":"fr-FR","@id":"https:\/\/www.plastitaliaspa.com\/fr\/polyethylene-fittings\/raccords-de-transition\/raccord-de-transition-pe-acier-noir\/#primaryimage","url":"https:\/\/www.plastitaliaspa.com\/wp-content\/uploads\/2024\/05\/Raccordo-di-transizione-PE-acciao-nero.png","contentUrl":"https:\/\/www.plastitaliaspa.com\/wp-content\/uploads\/2024\/05\/Raccordo-di-transizione-PE-acciao-nero.png","width":500,"height":500},{"@type":"BreadcrumbList","@id":"https:\/\/www.plastitaliaspa.com\/fr\/polyethylene-fittings\/raccords-de-transition\/raccord-de-transition-pe-acier-noir\/#breadcrumb","itemListElement":[{"@type":"ListItem","position":1,"name":"Home","item":"https:\/\/www.plastitaliaspa.com\/fr\/"},{"@type":"ListItem","position":2,"name":"Shop","item":"https:\/\/www.plastitaliaspa.com\/negozio\/"},{"@type":"ListItem","position":3,"name":"RACCORD DE TRANSITION PE\/ACIER NOIR"}]},{"@type":"WebSite","@id":"https:\/\/www.plastitaliaspa.com\/fr\/#website","url":"https:\/\/www.plastitaliaspa.com\/fr\/","name":"Plastitalia","description":"Leader europeo nella produzione di raccordi in polietilene. Raccordi HDPE elettrosaldabili, di transizione e testa a testa utilizzati per impianti acqua e gas.","publisher":{"@id":"https:\/\/www.plastitaliaspa.com\/fr\/#organization"},"potentialAction":[{"@type":"SearchAction","target":{"@type":"EntryPoint","urlTemplate":"https:\/\/www.plastitaliaspa.com\/fr\/?s={search_term_string}"},"query-input":{"@type":"PropertyValueSpecification","valueRequired":true,"valueName":"search_term_string"}}],"inLanguage":"fr-FR"},{"@type":"Organization","@id":"https:\/\/www.plastitaliaspa.com\/fr\/#organization","name":"Plastitalia","url":"https:\/\/www.plastitaliaspa.com\/fr\/","logo":{"@type":"ImageObject","inLanguage":"fr-FR","@id":"https:\/\/www.plastitaliaspa.com\/fr\/#\/schema\/logo\/image\/","url":"https:\/\/www.plastitaliaspa.com\/wp-content\/uploads\/2024\/05\/logo-plastitalia-sito.png","contentUrl":"https:\/\/www.plastitaliaspa.com\/wp-content\/uploads\/2024\/05\/logo-plastitalia-sito.png","width":652,"height":205,"caption":"Plastitalia"},"image":{"@id":"https:\/\/www.plastitaliaspa.com\/fr\/#\/schema\/logo\/image\/"}}]}},"_links":{"self":[{"href":"https:\/\/www.plastitaliaspa.com\/fr\/wp-json\/wp\/v2\/product\/12137","targetHints":{"allow":["GET"]}}],"collection":[{"href":"https:\/\/www.plastitaliaspa.com\/fr\/wp-json\/wp\/v2\/product"}],"about":[{"href":"https:\/\/www.plastitaliaspa.com\/fr\/wp-json\/wp\/v2\/types\/product"}],"version-history":[{"count":1,"href":"https:\/\/www.plastitaliaspa.com\/fr\/wp-json\/wp\/v2\/product\/12137\/revisions"}],"predecessor-version":[{"id":12660,"href":"https:\/\/www.plastitaliaspa.com\/fr\/wp-json\/wp\/v2\/product\/12137\/revisions\/12660"}],"wp:featuredmedia":[{"embeddable":true,"href":"https:\/\/www.plastitaliaspa.com\/fr\/wp-json\/wp\/v2\/media\/2133"}],"wp:attachment":[{"href":"https:\/\/www.plastitaliaspa.com\/fr\/wp-json\/wp\/v2\/media?parent=12137"}],"wp:term":[{"taxonomy":"product_brand","embeddable":true,"href":"https:\/\/www.plastitaliaspa.com\/fr\/wp-json\/wp\/v2\/product_brand?post=12137"},{"taxonomy":"product_cat","embeddable":true,"href":"https:\/\/www.plastitaliaspa.com\/fr\/wp-json\/wp\/v2\/product_cat?post=12137"},{"taxonomy":"product_tag","embeddable":true,"href":"https:\/\/www.plastitaliaspa.com\/fr\/wp-json\/wp\/v2\/product_tag?post=12137"}],"curies":[{"name":"wp","href":"https:\/\/api.w.org\/{rel}","templated":true}]}}