{"id":8814,"date":"2024-05-28T08:18:45","date_gmt":"2024-05-28T08:18:45","guid":{"rendered":"https:\/\/plastitalia.aitema.com\/lavora-con-noi\/"},"modified":"2024-07-01T09:22:31","modified_gmt":"2024-07-01T09:22:31","slug":"rejoignez-nous","status":"publish","type":"page","link":"https:\/\/www.plastitaliaspa.com\/fr\/entreprise\/rejoignez-nous\/","title":{"rendered":"Rejoignez-nous"},"content":{"rendered":"\t\t<div data-elementor-type=\"wp-page\" data-elementor-id=\"8814\" class=\"elementor elementor-8814 elementor-160\" data-elementor-post-type=\"page\">\n\t\t\t\t<div class=\"elementor-element elementor-element-3ebc9c23 e-flex e-con-boxed e-con e-parent\" data-id=\"3ebc9c23\" data-element_type=\"container\" data-e-type=\"container\" data-settings=\"{&quot;background_background&quot;:&quot;classic&quot;}\">\n\t\t\t\t\t<div class=\"e-con-inner\">\n\t\t\t\t<div class=\"elementor-element elementor-element-40c4a47f elementor-widget elementor-widget-heading\" data-id=\"40c4a47f\" data-element_type=\"widget\" data-e-type=\"widget\" data-widget_type=\"heading.default\">\n\t\t\t\t<div class=\"elementor-widget-container\">\n\t\t\t\t\t<h2 class=\"elementor-heading-title elementor-size-default\">Rejoignez-nous<\/h2>\t\t\t\t<\/div>\n\t\t\t\t<\/div>\n\t\t\t\t\t<\/div>\n\t\t\t\t<\/div>\n\t\t<div class=\"elementor-element elementor-element-45eba9bd e-flex e-con-boxed e-con e-parent\" data-id=\"45eba9bd\" data-element_type=\"container\" data-e-type=\"container\" data-settings=\"{&quot;background_background&quot;:&quot;classic&quot;}\">\n\t\t\t\t\t<div class=\"e-con-inner\">\n\t\t<div class=\"elementor-element elementor-element-2641c0c8 e-con-full e-flex e-con e-child\" data-id=\"2641c0c8\" data-element_type=\"container\" data-e-type=\"container\">\n\t\t\t\t<div class=\"elementor-element elementor-element-a3fa0d1 elementor-widget elementor-widget-heading\" data-id=\"a3fa0d1\" data-element_type=\"widget\" data-e-type=\"widget\" data-widget_type=\"heading.default\">\n\t\t\t\t<div class=\"elementor-widget-container\">\n\t\t\t\t\t<h2 class=\"elementor-heading-title elementor-size-default\">Vous souhaitez travailler avec nous ?\n<br>\nRemplissez le formulaire ci-dessous. Merci\n<\/h2>\t\t\t\t<\/div>\n\t\t\t\t<\/div>\n\t\t<div class=\"elementor-element elementor-element-d17e9b7 e-flex e-con-boxed e-con e-child\" data-id=\"d17e9b7\" data-element_type=\"container\" data-e-type=\"container\">\n\t\t\t\t\t<div class=\"e-con-inner\">\n\t\t\t\t<div class=\"elementor-element elementor-element-6733778 elementor-widget elementor-widget-shortcode\" data-id=\"6733778\" data-element_type=\"widget\" data-e-type=\"widget\" data-widget_type=\"shortcode.default\">\n\t\t\t\t<div class=\"elementor-widget-container\">\n\t\t\t\t\t\t\t<div class=\"elementor-shortcode\"><style id=\"wpforms-css-vars-7351\">\n\t\t\t\t#wpforms-7351 {\n\t\t\t\t\n\t\t\t}\n\t\t\t<\/style><div class=\"wpforms-container wpforms-container-full wpforms-render-modern\" id=\"wpforms-7351\"><form id=\"wpforms-form-7351\" class=\"wpforms-validate wpforms-form wpforms-ajax-form\" data-formid=\"7351\" method=\"post\" enctype=\"multipart\/form-data\" action=\"\/fr\/wp-json\/wp\/v2\/pages\/8814?wpforms_form_id=7351\" data-token=\"9168fef89c0bffe28dd91edc54666ff6\" data-token-time=\"1778990907\"><noscript class=\"wpforms-error-noscript\">Veuillez activer JavaScript dans votre navigateur pour remplir ce formulaire.<\/noscript><div id=\"wpforms-error-noscript\" style=\"display: none;\">Veuillez activer JavaScript dans votre navigateur pour remplir ce formulaire.<\/div><div class=\"wpforms-field-container\"><div id=\"wpforms-7351-field_6-container\" class=\"wpforms-field wpforms-field-name\" data-field-id=\"6\"><label class=\"wpforms-field-label wpforms-label-hide\" for=\"wpforms-7351-field_6\" aria-hidden=\"false\">Nom <span class=\"wpforms-required-label\" aria-hidden=\"true\">*<\/span><\/label><input type=\"text\" id=\"wpforms-7351-field_6\" class=\"wpforms-field-large wpforms-field-required\" name=\"wpforms[fields][6]\" placeholder=\"Nom\/Soci\u00e8t\u00e8\" aria-errormessage=\"wpforms-7351-field_6-error\" required><\/div><div id=\"wpforms-7351-field_20-container\" class=\"wpforms-field wpforms-field-text\" data-field-id=\"20\"><label class=\"wpforms-field-label wpforms-label-hide\" for=\"wpforms-7351-field_20\" aria-hidden=\"false\">\u00c2ge <span class=\"wpforms-required-label\" aria-hidden=\"true\">*<\/span><\/label><input type=\"text\" id=\"wpforms-7351-field_20\" class=\"wpforms-field-large wpforms-field-required\" name=\"wpforms[fields][20]\" placeholder=\"\u00c2ge\" aria-errormessage=\"wpforms-7351-field_20-error\" required><\/div><div id=\"wpforms-7351-field_21-container\" class=\"wpforms-field wpforms-field-text\" data-field-id=\"21\"><label class=\"wpforms-field-label wpforms-label-hide\" for=\"wpforms-7351-field_21\" aria-hidden=\"false\">Adresse <span class=\"wpforms-required-label\" aria-hidden=\"true\">*<\/span><\/label><input type=\"text\" id=\"wpforms-7351-field_21\" class=\"wpforms-field-large wpforms-field-required\" name=\"wpforms[fields][21]\" placeholder=\"Adresse\" aria-errormessage=\"wpforms-7351-field_21-error\" required><\/div><div id=\"wpforms-7351-field_22-container\" class=\"wpforms-field wpforms-field-text\" data-field-id=\"22\"><label class=\"wpforms-field-label wpforms-label-hide\" for=\"wpforms-7351-field_22\" aria-hidden=\"false\">Code postal <span class=\"wpforms-required-label\" aria-hidden=\"true\">*<\/span><\/label><input type=\"text\" id=\"wpforms-7351-field_22\" class=\"wpforms-field-large wpforms-field-required\" name=\"wpforms[fields][22]\" placeholder=\"CAP\" aria-errormessage=\"wpforms-7351-field_22-error\" required><\/div><div id=\"wpforms-7351-field_13-container\" class=\"wpforms-field wpforms-field-text\" data-field-id=\"13\"><label class=\"wpforms-field-label wpforms-label-hide\" for=\"wpforms-7351-field_13\" aria-hidden=\"false\">Ville <span class=\"wpforms-required-label\" aria-hidden=\"true\">*<\/span><\/label><input type=\"text\" id=\"wpforms-7351-field_13\" class=\"wpforms-field-large wpforms-field-required\" name=\"wpforms[fields][13]\" placeholder=\"Ville\" aria-errormessage=\"wpforms-7351-field_13-error\" required><\/div><div id=\"wpforms-7351-field_9-container\" class=\"wpforms-field wpforms-field-phone\" data-field-id=\"9\"><label class=\"wpforms-field-label wpforms-label-hide\" for=\"wpforms-7351-field_9\" aria-hidden=\"false\">T\u00e8l\u00e8phone <span class=\"wpforms-required-label\" aria-hidden=\"true\">*<\/span><\/label><input type=\"tel\" id=\"wpforms-7351-field_9\" class=\"wpforms-field-large wpforms-field-required wpforms-smart-phone-field\" data-rule-smart-phone-field=\"true\" name=\"wpforms[fields][9]\" placeholder=\"T\u00e8l\u00e8phone\" aria-label=\"T\u00e8l\u00e8phone\" aria-errormessage=\"wpforms-7351-field_9-error\" required><\/div><div id=\"wpforms-7351-field_8-container\" class=\"wpforms-field wpforms-field-email\" data-field-id=\"8\"><label class=\"wpforms-field-label wpforms-label-hide\" for=\"wpforms-7351-field_8\" aria-hidden=\"false\">Email <span class=\"wpforms-required-label\" aria-hidden=\"true\">*<\/span><\/label><input type=\"email\" id=\"wpforms-7351-field_8\" class=\"wpforms-field-large wpforms-field-required\" name=\"wpforms[fields][8]\" placeholder=\"Email\" spellcheck=\"false\" aria-errormessage=\"wpforms-7351-field_8-error\" required><\/div><div id=\"wpforms-7351-field_15-container\" class=\"wpforms-field wpforms-field-html\" data-field-id=\"15\"><div id=\"wpforms-7351-field_15\" aria-errormessage=\"wpforms-7351-field_15-error\"><h4>D\u00e9posez votre CV<\/h4><\/div><\/div><div id=\"wpforms-7351-field_23-container\" class=\"wpforms-field wpforms-field-file-upload\" data-field-id=\"23\"><label class=\"wpforms-field-label wpforms-label-hide\" for=\"wpforms-7351-field_23\" aria-hidden=\"false\">T\u00e9l\u00e9chargement de fichiers <span class=\"wpforms-required-label\" aria-hidden=\"true\">*<\/span><\/label><input type=\"file\" id=\"wpforms-7351-field_23\" class=\"wpforms-field-required\" data-rule-extension=\"txt,rtf,pdf,doc,docx,odt,ppt,pptx,odp,xls,xlsx,ods\" data-rule-maxsize=\"209715200\" name=\"wpforms_7351_23\" accept=\".txt,.rtf,.pdf,.doc,.docx,.odt,.ppt,.pptx,.odp,.xls,.xlsx,.ods\" aria-errormessage=\"wpforms-7351-field_23-error\" required><\/div><div id=\"wpforms-7351-field_24-container\" class=\"wpforms-field wpforms-field-html\" data-field-id=\"24\"><div id=\"wpforms-7351-field_24\" aria-errormessage=\"wpforms-7351-field_24-error\"><h4>One file only.<br \/>\n200 MB limit.<br \/>\nAllowed types: txt, rtf, pdf, doc, docx, odt, ppt, pptx, odp, xls, xlsx, ods.<br \/>\nodt, ppt, pptx, odp, xls, xlsx, ods.<\/h4><\/div><\/div><div id=\"wpforms-7351-field_11-container\" class=\"wpforms-field wpforms-field-checkbox\" data-field-id=\"11\"><fieldset><legend class=\"wpforms-field-label wpforms-label-hide\" aria-hidden=\"false\">Confidentialit\u00e9 <span class=\"wpforms-required-label\" aria-hidden=\"true\">*<\/span><\/legend><ul id=\"wpforms-7351-field_11\" class=\"wpforms-field-required\"><li class=\"choice-1 depth-1\"><input type=\"checkbox\" id=\"wpforms-7351-field_11_1\" name=\"wpforms[fields][11][]\" value=\"Je d\u00e9clare avoir pris connaissance de la &lt;a href=&quot;https:\/\/www.iubenda.com\/privacy-policy\/17849297&quot;&gt;note d\u2019information &lt;\/a&gt; pour le traitement des donn\u00e9es personnelles.\" aria-errormessage=\"wpforms-7351-field_11_1-error\" required ><label class=\"wpforms-field-label-inline\" for=\"wpforms-7351-field_11_1\">Je d\u00e9clare avoir pris connaissance de la <a href=\"https:\/\/www.iubenda.com\/privacy-policy\/17849297\">note d\u2019information <\/a> pour le traitement des donn\u00e9es personnelles.<\/label><\/li><\/ul><\/fieldset><\/div><div id=\"wpforms-7351-field_12-container\" class=\"wpforms-field wpforms-field-checkbox\" data-field-id=\"12\"><fieldset><legend class=\"wpforms-field-label wpforms-label-hide\" aria-hidden=\"false\">Newsletter<\/legend><ul id=\"wpforms-7351-field_12\"><li class=\"choice-4 depth-1\"><input type=\"checkbox\" id=\"wpforms-7351-field_12_4\" name=\"wpforms[fields][12][]\" value=\"J&#039;ai lu la &lt;a href=&quot;https:\/\/www.iubenda.com\/privacy-policy\/17849297&quot;&gt;politique de confidentialit\u00e9&lt;\/a&gt; et souhaite m&#039;abonner \u00e0 la newsletter pour recevoir des mises \u00e0 jour informatives et techniques.\" aria-errormessage=\"wpforms-7351-field_12_4-error\"  ><label class=\"wpforms-field-label-inline\" for=\"wpforms-7351-field_12_4\">J'ai lu la <a href=\"https:\/\/www.iubenda.com\/privacy-policy\/17849297\">politique de confidentialit\u00e9<\/a> et souhaite m'abonner \u00e0 la newsletter pour recevoir des mises \u00e0 jour informatives et techniques.<\/label><\/li><\/ul><\/fieldset><\/div><div id=\"wpforms-7351-field_19-container\" class=\"wpforms-field wpforms-field-checkbox\" data-field-id=\"19\"><fieldset><legend class=\"wpforms-field-label wpforms-label-hide\" aria-hidden=\"false\">Services d&#039;enqu\u00eate aupr\u00e8s des clients<\/legend><ul id=\"wpforms-7351-field_19\"><li class=\"choice-4 depth-1\"><input type=\"checkbox\" id=\"wpforms-7351-field_19_4\" name=\"wpforms[fields][19][]\" value=\"J\u2019ai lu la &lt;a href=&quot;https:\/\/www.iubenda.com\/privacy-policy\/17849297&quot;&gt;note d\u2019information&lt;\/a&gt; et j&#039;accepte le traitement de mes donn\u00e9es personnelles pour des enqu\u00eates de satisfaction client et des activit\u00e9s de profilage \u00e0 des fins statistiques, visant \u00e0 am\u00e9liorer le service\" aria-errormessage=\"wpforms-7351-field_19_4-error\"  ><label class=\"wpforms-field-label-inline\" for=\"wpforms-7351-field_19_4\">J\u2019ai lu la <a href=\"https:\/\/www.iubenda.com\/privacy-policy\/17849297\">note d\u2019information<\/a> et j'accepte le traitement de mes donn\u00e9es personnelles pour des enqu\u00eates de satisfaction client et des activit\u00e9s de profilage \u00e0 des fins statistiques, visant \u00e0 am\u00e9liorer le service<\/label><\/li><\/ul><\/fieldset><\/div><\/div><!-- .wpforms-field-container --><div class=\"wpforms-submit-container\" ><input type=\"hidden\" name=\"wpforms[id]\" value=\"7351\"><input type=\"hidden\" name=\"page_title\" value=\"\"><input type=\"hidden\" name=\"page_url\" value=\"https:\/\/www.plastitaliaspa.com\/fr\/wp-json\/wp\/v2\/pages\/8814\"><input type=\"hidden\" name=\"url_referer\" value=\"\"><button type=\"submit\" name=\"wpforms[submit]\" id=\"wpforms-submit-7351\" class=\"wpforms-submit\" data-alt-text=\"Envoi en cours...\" data-submit-text=\"Envoyer la candidature\" aria-live=\"assertive\" value=\"wpforms-submit\">Envoyer la candidature<\/button><img decoding=\"async\" src=\"https:\/\/www.plastitaliaspa.com\/wp-content\/plugins\/wpforms\/assets\/images\/submit-spin.svg\" class=\"wpforms-submit-spinner\" style=\"display: none;\" width=\"26\" height=\"26\" alt=\"Chargement en cours\"><\/div><\/form><\/div>  <!-- .wpforms-container --><\/div>\n\t\t\t\t\t\t<\/div>\n\t\t\t\t<\/div>\n\t\t\t\t\t<\/div>\n\t\t\t\t<\/div>\n\t\t\t\t<\/div>\n\t\t\t\t\t<\/div>\n\t\t\t\t<\/div>\n\t\t\t\t<\/div>\n\t\t","protected":false},"excerpt":{"rendered":"<p>Vous souhaitez travailler avec nous ? Remplissez le formulaire ci-dessous. Merci<\/p>\n","protected":false},"author":1,"featured_media":0,"parent":9306,"menu_order":0,"comment_status":"closed","ping_status":"closed","template":"","meta":{"_acf_changed":false,"footnotes":""},"class_list":["post-8814","page","type-page","status-publish","hentry"],"acf":[],"yoast_head":"<!-- This site is optimized with the Yoast SEO plugin v27.4 - https:\/\/yoast.com\/product\/yoast-seo-wordpress\/ -->\n<title>Rejoignez-nous | Plastitalia<\/title>\n<meta name=\"robots\" content=\"index, follow, max-snippet:-1, max-image-preview:large, max-video-preview:-1\" \/>\n<link rel=\"canonical\" href=\"https:\/\/www.plastitaliaspa.com\/fr\/entreprise\/rejoignez-nous\/\" \/>\n<meta property=\"og:locale\" content=\"fr_FR\" \/>\n<meta property=\"og:type\" content=\"article\" \/>\n<meta property=\"og:title\" content=\"Rejoignez-nous | Plastitalia\" \/>\n<meta property=\"og:description\" content=\"Vous souhaitez travailler avec nous ? Remplissez le formulaire ci-dessous. Merci\" \/>\n<meta property=\"og:url\" content=\"https:\/\/www.plastitaliaspa.com\/fr\/entreprise\/rejoignez-nous\/\" \/>\n<meta property=\"og:site_name\" content=\"Plastitalia\" \/>\n<meta property=\"article:modified_time\" content=\"2024-07-01T09:22:31+00:00\" \/>\n<meta name=\"twitter:card\" content=\"summary_large_image\" \/>\n<meta name=\"twitter:label1\" content=\"Dur\u00e9e de lecture estim\u00e9e\" \/>\n\t<meta name=\"twitter:data1\" content=\"1 minute\" \/>\n<script type=\"application\/ld+json\" class=\"yoast-schema-graph\">{\"@context\":\"https:\\\/\\\/schema.org\",\"@graph\":[{\"@type\":\"WebPage\",\"@id\":\"https:\\\/\\\/www.plastitaliaspa.com\\\/fr\\\/entreprise\\\/rejoignez-nous\\\/\",\"url\":\"https:\\\/\\\/www.plastitaliaspa.com\\\/fr\\\/entreprise\\\/rejoignez-nous\\\/\",\"name\":\"Rejoignez-nous | Plastitalia\",\"isPartOf\":{\"@id\":\"https:\\\/\\\/www.plastitaliaspa.com\\\/fr\\\/#website\"},\"datePublished\":\"2024-05-28T08:18:45+00:00\",\"dateModified\":\"2024-07-01T09:22:31+00:00\",\"breadcrumb\":{\"@id\":\"https:\\\/\\\/www.plastitaliaspa.com\\\/fr\\\/entreprise\\\/rejoignez-nous\\\/#breadcrumb\"},\"inLanguage\":\"fr-FR\",\"potentialAction\":[{\"@type\":\"ReadAction\",\"target\":[\"https:\\\/\\\/www.plastitaliaspa.com\\\/fr\\\/entreprise\\\/rejoignez-nous\\\/\"]}]},{\"@type\":\"BreadcrumbList\",\"@id\":\"https:\\\/\\\/www.plastitaliaspa.com\\\/fr\\\/entreprise\\\/rejoignez-nous\\\/#breadcrumb\",\"itemListElement\":[{\"@type\":\"ListItem\",\"position\":1,\"name\":\"Home\",\"item\":\"https:\\\/\\\/www.plastitaliaspa.com\\\/fr\\\/\"},{\"@type\":\"ListItem\",\"position\":2,\"name\":\"Entreprise\",\"item\":\"https:\\\/\\\/www.plastitaliaspa.com\\\/fr\\\/azienda\\\/\"},{\"@type\":\"ListItem\",\"position\":3,\"name\":\"Rejoignez-nous\"}]},{\"@type\":\"WebSite\",\"@id\":\"https:\\\/\\\/www.plastitaliaspa.com\\\/fr\\\/#website\",\"url\":\"https:\\\/\\\/www.plastitaliaspa.com\\\/fr\\\/\",\"name\":\"Plastitalia\",\"description\":\"Leader europeo nella produzione di raccordi in polietilene. Raccordi HDPE elettrosaldabili, di transizione e testa a testa utilizzati per impianti acqua e gas.\",\"publisher\":{\"@id\":\"https:\\\/\\\/www.plastitaliaspa.com\\\/fr\\\/#organization\"},\"potentialAction\":[{\"@type\":\"SearchAction\",\"target\":{\"@type\":\"EntryPoint\",\"urlTemplate\":\"https:\\\/\\\/www.plastitaliaspa.com\\\/fr\\\/?s={search_term_string}\"},\"query-input\":{\"@type\":\"PropertyValueSpecification\",\"valueRequired\":true,\"valueName\":\"search_term_string\"}}],\"inLanguage\":\"fr-FR\"},{\"@type\":\"Organization\",\"@id\":\"https:\\\/\\\/www.plastitaliaspa.com\\\/fr\\\/#organization\",\"name\":\"Plastitalia\",\"url\":\"https:\\\/\\\/www.plastitaliaspa.com\\\/fr\\\/\",\"logo\":{\"@type\":\"ImageObject\",\"inLanguage\":\"fr-FR\",\"@id\":\"https:\\\/\\\/www.plastitaliaspa.com\\\/fr\\\/#\\\/schema\\\/logo\\\/image\\\/\",\"url\":\"https:\\\/\\\/www.plastitaliaspa.com\\\/wp-content\\\/uploads\\\/2024\\\/05\\\/logo-plastitalia-sito.png\",\"contentUrl\":\"https:\\\/\\\/www.plastitaliaspa.com\\\/wp-content\\\/uploads\\\/2024\\\/05\\\/logo-plastitalia-sito.png\",\"width\":652,\"height\":205,\"caption\":\"Plastitalia\"},\"image\":{\"@id\":\"https:\\\/\\\/www.plastitaliaspa.com\\\/fr\\\/#\\\/schema\\\/logo\\\/image\\\/\"}}]}<\/script>\n<!-- \/ Yoast SEO plugin. -->","yoast_head_json":{"title":"Rejoignez-nous | Plastitalia","robots":{"index":"index","follow":"follow","max-snippet":"max-snippet:-1","max-image-preview":"max-image-preview:large","max-video-preview":"max-video-preview:-1"},"canonical":"https:\/\/www.plastitaliaspa.com\/fr\/entreprise\/rejoignez-nous\/","og_locale":"fr_FR","og_type":"article","og_title":"Rejoignez-nous | Plastitalia","og_description":"Vous souhaitez travailler avec nous ? Remplissez le formulaire ci-dessous. Merci","og_url":"https:\/\/www.plastitaliaspa.com\/fr\/entreprise\/rejoignez-nous\/","og_site_name":"Plastitalia","article_modified_time":"2024-07-01T09:22:31+00:00","twitter_card":"summary_large_image","twitter_misc":{"Dur\u00e9e de lecture estim\u00e9e":"1 minute"},"schema":{"@context":"https:\/\/schema.org","@graph":[{"@type":"WebPage","@id":"https:\/\/www.plastitaliaspa.com\/fr\/entreprise\/rejoignez-nous\/","url":"https:\/\/www.plastitaliaspa.com\/fr\/entreprise\/rejoignez-nous\/","name":"Rejoignez-nous | Plastitalia","isPartOf":{"@id":"https:\/\/www.plastitaliaspa.com\/fr\/#website"},"datePublished":"2024-05-28T08:18:45+00:00","dateModified":"2024-07-01T09:22:31+00:00","breadcrumb":{"@id":"https:\/\/www.plastitaliaspa.com\/fr\/entreprise\/rejoignez-nous\/#breadcrumb"},"inLanguage":"fr-FR","potentialAction":[{"@type":"ReadAction","target":["https:\/\/www.plastitaliaspa.com\/fr\/entreprise\/rejoignez-nous\/"]}]},{"@type":"BreadcrumbList","@id":"https:\/\/www.plastitaliaspa.com\/fr\/entreprise\/rejoignez-nous\/#breadcrumb","itemListElement":[{"@type":"ListItem","position":1,"name":"Home","item":"https:\/\/www.plastitaliaspa.com\/fr\/"},{"@type":"ListItem","position":2,"name":"Entreprise","item":"https:\/\/www.plastitaliaspa.com\/fr\/azienda\/"},{"@type":"ListItem","position":3,"name":"Rejoignez-nous"}]},{"@type":"WebSite","@id":"https:\/\/www.plastitaliaspa.com\/fr\/#website","url":"https:\/\/www.plastitaliaspa.com\/fr\/","name":"Plastitalia","description":"Leader europeo nella produzione di raccordi in polietilene. Raccordi HDPE elettrosaldabili, di transizione e testa a testa utilizzati per impianti acqua e gas.","publisher":{"@id":"https:\/\/www.plastitaliaspa.com\/fr\/#organization"},"potentialAction":[{"@type":"SearchAction","target":{"@type":"EntryPoint","urlTemplate":"https:\/\/www.plastitaliaspa.com\/fr\/?s={search_term_string}"},"query-input":{"@type":"PropertyValueSpecification","valueRequired":true,"valueName":"search_term_string"}}],"inLanguage":"fr-FR"},{"@type":"Organization","@id":"https:\/\/www.plastitaliaspa.com\/fr\/#organization","name":"Plastitalia","url":"https:\/\/www.plastitaliaspa.com\/fr\/","logo":{"@type":"ImageObject","inLanguage":"fr-FR","@id":"https:\/\/www.plastitaliaspa.com\/fr\/#\/schema\/logo\/image\/","url":"https:\/\/www.plastitaliaspa.com\/wp-content\/uploads\/2024\/05\/logo-plastitalia-sito.png","contentUrl":"https:\/\/www.plastitaliaspa.com\/wp-content\/uploads\/2024\/05\/logo-plastitalia-sito.png","width":652,"height":205,"caption":"Plastitalia"},"image":{"@id":"https:\/\/www.plastitaliaspa.com\/fr\/#\/schema\/logo\/image\/"}}]}},"_links":{"self":[{"href":"https:\/\/www.plastitaliaspa.com\/fr\/wp-json\/wp\/v2\/pages\/8814","targetHints":{"allow":["GET"]}}],"collection":[{"href":"https:\/\/www.plastitaliaspa.com\/fr\/wp-json\/wp\/v2\/pages"}],"about":[{"href":"https:\/\/www.plastitaliaspa.com\/fr\/wp-json\/wp\/v2\/types\/page"}],"author":[{"embeddable":true,"href":"https:\/\/www.plastitaliaspa.com\/fr\/wp-json\/wp\/v2\/users\/1"}],"replies":[{"embeddable":true,"href":"https:\/\/www.plastitaliaspa.com\/fr\/wp-json\/wp\/v2\/comments?post=8814"}],"version-history":[{"count":3,"href":"https:\/\/www.plastitaliaspa.com\/fr\/wp-json\/wp\/v2\/pages\/8814\/revisions"}],"predecessor-version":[{"id":8818,"href":"https:\/\/www.plastitaliaspa.com\/fr\/wp-json\/wp\/v2\/pages\/8814\/revisions\/8818"}],"up":[{"embeddable":true,"href":"https:\/\/www.plastitaliaspa.com\/fr\/wp-json\/wp\/v2\/pages\/9306"}],"wp:attachment":[{"href":"https:\/\/www.plastitaliaspa.com\/fr\/wp-json\/wp\/v2\/media?parent=8814"}],"curies":[{"name":"wp","href":"https:\/\/api.w.org\/{rel}","templated":true}]}}