{"id":15917,"date":"2025-01-08T14:49:35","date_gmt":"2025-01-08T14:49:35","guid":{"rendered":"https:\/\/www.plastitaliaspa.com\/doc\/manuals-and-price-lists\/"},"modified":"2026-04-24T15:16:45","modified_gmt":"2026-04-24T15:16:45","slug":"manuals-and-price-lists","status":"publish","type":"page","link":"https:\/\/www.plastitaliaspa.com\/fr\/doc\/manuals-and-price-lists\/","title":{"rendered":"Manuels techniques"},"content":{"rendered":"\t\t<div data-elementor-type=\"wp-page\" data-elementor-id=\"15917\" class=\"elementor elementor-15917 elementor-15876\" data-elementor-post-type=\"page\">\n\t\t\t\t<div class=\"elementor-element elementor-element-10cb242e e-flex e-con-boxed e-con e-parent\" data-id=\"10cb242e\" data-element_type=\"container\" data-e-type=\"container\" data-settings=\"{&quot;background_background&quot;:&quot;classic&quot;}\">\n\t\t\t\t\t<div class=\"e-con-inner\">\n\t\t\t\t<div class=\"elementor-element elementor-element-c3c7e15 elementor-widget elementor-widget-heading\" data-id=\"c3c7e15\" data-element_type=\"widget\" data-e-type=\"widget\" data-widget_type=\"heading.default\">\n\t\t\t\t<div class=\"elementor-widget-container\">\n\t\t\t\t\t<h2 class=\"elementor-heading-title elementor-size-default\">T\u00e9l\u00e9charger des documents<\/h2>\t\t\t\t<\/div>\n\t\t\t\t<\/div>\n\t\t\t\t\t<\/div>\n\t\t\t\t<\/div>\n\t\t<div class=\"elementor-element elementor-element-5237bea3 e-flex e-con-boxed e-con e-parent\" data-id=\"5237bea3\" data-element_type=\"container\" data-e-type=\"container\">\n\t\t\t\t\t<div class=\"e-con-inner\">\n\t\t<div class=\"elementor-element elementor-element-3420d8d5 e-flex e-con-boxed e-con e-child\" data-id=\"3420d8d5\" data-element_type=\"container\" data-e-type=\"container\">\n\t\t\t\t\t<div class=\"e-con-inner\">\n\t\t\t\t<div class=\"elementor-element elementor-element-e138b01 elementor-widget elementor-widget-heading\" data-id=\"e138b01\" data-element_type=\"widget\" data-e-type=\"widget\" data-widget_type=\"heading.default\">\n\t\t\t\t<div class=\"elementor-widget-container\">\n\t\t\t\t\t<h4 class=\"elementor-heading-title elementor-size-default\">Pour acc\u00e9der \u00e0 cette page, vous devez vous connecter !<\/h4>\t\t\t\t<\/div>\n\t\t\t\t<\/div>\n\t\t\t\t<div class=\"elementor-element elementor-element-7305523e elementor-button-align-start elementor-widget elementor-widget-login\" data-id=\"7305523e\" data-element_type=\"widget\" data-e-type=\"widget\" data-widget_type=\"login.default\">\n\t\t\t\t<div class=\"elementor-widget-container\">\n\t\t\t\t\t\t\t<form class=\"elementor-login elementor-form\" method=\"post\" action=\"https:\/\/www.plastitaliaspa.com\/wp-login.php\" aria-label=\"Login form\">\n\t\t\t<input type=\"hidden\" name=\"redirect_to\" value=\"https:\/\/www.plastitaliaspa.com\/fr\/doc\/manuals-and-price-lists\/\">\n\t\t\t<div class=\"elementor-form-fields-wrapper\">\n\t\t\t\t<div class=\"elementor-field-type-text elementor-field-group elementor-column elementor-col-100 elementor-field-required\">\n\t\t\t\t\t<label for=\"user-7305523e\" class=\"elementor-field-label\">Nom d'utilisateur<\/label>\n\t\t\t\t\t<input size=\"1\" type=\"text\" name=\"log\" id=\"user-7305523e\" placeholder=\"Nom d&#039;utilisateur ou adresse e-mail\" class=\"elementor-field elementor-field-textual elementor-size-sm\">\n\t\t\t\t<\/div>\n\t\t\t\t<div class=\"elementor-field-type-text elementor-field-group elementor-column elementor-col-100 elementor-field-required\">\n\t\t\t\t\t<label for=\"password-7305523e\" class=\"elementor-field-label\">Mot de passe<\/label>\n\t\t\t\t\t<input size=\"1\" type=\"password\" name=\"pwd\" id=\"password-7305523e\" placeholder=\"Mot de passe compte Plastitalia\" class=\"elementor-field elementor-field-textual elementor-size-sm\">\n\t\t\t\t<\/div>\n\n\t\t\t\t\n\t\t\t\t<div class=\"elementor-field-group elementor-column elementor-field-type-submit elementor-col-100\">\n\t\t\t\t\t<button type=\"submit\" class=\"elementor-size-sm elementor-button\" name=\"wp-submit\">\n\t\t\t\t\t\t\t\t\t\t\t\t\t\t\t<span class=\"elementor-button-text\">Se connecter<\/span>\n\t\t\t\t\t\t\t\t\t\t\t\t<\/button>\n\t\t\t\t<\/div>\n\n\t\t\t\t\t\t\t\t\t<div class=\"elementor-field-group elementor-column elementor-col-100\">\n\t\t\t\t\t\t\t\t\t\t\t\t\t\t\t\t\t\t\t\t<a class=\"elementor-lost-password\" href=\"https:\/\/www.plastitaliaspa.com\/fr\/doc\/manuals-and-price-lists\/lost-password\/\">\n\t\t\t\t\t\t\t\tMot de passe perdu ?\t\t\t\t\t\t\t<\/a>\n\t\t\t\t\t\t\n\t\t\t\t\t\t\t\t\t\t\t<\/div>\n\t\t\t\t\t\t\t<\/div>\n\t\t<\/form>\n\t\t\t\t\t\t<\/div>\n\t\t\t\t<\/div>\n\t\t\t\t<div class=\"elementor-element elementor-element-8f1737b elementor-widget elementor-widget-heading\" data-id=\"8f1737b\" data-element_type=\"widget\" data-e-type=\"widget\" data-widget_type=\"heading.default\">\n\t\t\t\t<div class=\"elementor-widget-container\">\n\t\t\t\t\t<h4 class=\"elementor-heading-title elementor-size-default\"><a href=\"https:\/\/www.plastitaliaspa.com\/fr\/identifier\/\">Vous n'\u00eates pas encore inscrit ?<u> Inscrivez-vous ici!<\/u><\/a><\/h4>\t\t\t\t<\/div>\n\t\t\t\t<\/div>\n\t\t\t\t\t<\/div>\n\t\t\t\t<\/div>\n\t\t\t\t\t<\/div>\n\t\t\t\t<\/div>\n\t\t\t\t<\/div>\n\t\t","protected":false},"excerpt":{"rendered":"<p>T\u00e9l\u00e9charger des documents Pour acc\u00e9der \u00e0 cette page, vous devez vous connecter ! Vous n&rsquo;\u00eates pas encore inscrit ? Inscrivez-vous ici! Recherche et d\u00e9veloppement Production Logistique Accompagnement et formation T\u00e9l\u00e9charger les documents Plastitalia Sur cette page, vous pouvez Cliquez simplement sur le nom du fichier et le document s&rsquo;ouvrira. Tarifs commerciaux Liste de prix 1426 [&hellip;]<\/p>\n","protected":false},"author":1,"featured_media":0,"parent":9273,"menu_order":0,"comment_status":"closed","ping_status":"closed","template":"","meta":{"_acf_changed":false,"footnotes":""},"class_list":["post-15917","page","type-page","status-publish","hentry"],"acf":[],"yoast_head":"<!-- This site is optimized with the Yoast SEO plugin v27.4 - https:\/\/yoast.com\/product\/yoast-seo-wordpress\/ -->\n<title>Manuels techniques | Plastitalia<\/title>\n<meta name=\"robots\" content=\"index, follow, max-snippet:-1, max-image-preview:large, max-video-preview:-1\" \/>\n<link rel=\"canonical\" href=\"https:\/\/www.plastitaliaspa.com\/fr\/doc\/manuals-and-price-lists\/\" \/>\n<meta property=\"og:locale\" content=\"fr_FR\" \/>\n<meta property=\"og:type\" content=\"article\" \/>\n<meta property=\"og:title\" content=\"Manuels techniques | Plastitalia\" \/>\n<meta property=\"og:description\" content=\"T\u00e9l\u00e9charger des documents Pour acc\u00e9der \u00e0 cette page, vous devez vous connecter ! Vous n&rsquo;\u00eates pas encore inscrit ? Inscrivez-vous ici! Recherche et d\u00e9veloppement Production Logistique Accompagnement et formation T\u00e9l\u00e9charger les documents Plastitalia Sur cette page, vous pouvez Cliquez simplement sur le nom du fichier et le document s&rsquo;ouvrira. Tarifs commerciaux Liste de prix 1426 [&hellip;]\" \/>\n<meta property=\"og:url\" content=\"https:\/\/www.plastitaliaspa.com\/fr\/doc\/manuals-and-price-lists\/\" \/>\n<meta property=\"og:site_name\" content=\"Plastitalia\" \/>\n<meta property=\"article:modified_time\" content=\"2026-04-24T15:16:45+00:00\" \/>\n<meta name=\"twitter:card\" content=\"summary_large_image\" \/>\n<meta name=\"twitter:label1\" content=\"Dur\u00e9e de lecture estim\u00e9e\" \/>\n\t<meta name=\"twitter:data1\" content=\"1 minute\" \/>\n<script type=\"application\/ld+json\" class=\"yoast-schema-graph\">{\"@context\":\"https:\\\/\\\/schema.org\",\"@graph\":[{\"@type\":\"WebPage\",\"@id\":\"https:\\\/\\\/www.plastitaliaspa.com\\\/fr\\\/doc\\\/manuals-and-price-lists\\\/\",\"url\":\"https:\\\/\\\/www.plastitaliaspa.com\\\/fr\\\/doc\\\/manuals-and-price-lists\\\/\",\"name\":\"Manuels techniques | Plastitalia\",\"isPartOf\":{\"@id\":\"https:\\\/\\\/www.plastitaliaspa.com\\\/fr\\\/#website\"},\"datePublished\":\"2025-01-08T14:49:35+00:00\",\"dateModified\":\"2026-04-24T15:16:45+00:00\",\"breadcrumb\":{\"@id\":\"https:\\\/\\\/www.plastitaliaspa.com\\\/fr\\\/doc\\\/manuals-and-price-lists\\\/#breadcrumb\"},\"inLanguage\":\"fr-FR\",\"potentialAction\":[{\"@type\":\"ReadAction\",\"target\":[\"https:\\\/\\\/www.plastitaliaspa.com\\\/fr\\\/doc\\\/manuals-and-price-lists\\\/\"]}]},{\"@type\":\"BreadcrumbList\",\"@id\":\"https:\\\/\\\/www.plastitaliaspa.com\\\/fr\\\/doc\\\/manuals-and-price-lists\\\/#breadcrumb\",\"itemListElement\":[{\"@type\":\"ListItem\",\"position\":1,\"name\":\"Home\",\"item\":\"https:\\\/\\\/www.plastitaliaspa.com\\\/fr\\\/\"},{\"@type\":\"ListItem\",\"position\":2,\"name\":\"Doc\",\"item\":\"https:\\\/\\\/www.plastitaliaspa.com\\\/fr\\\/doc\\\/\"},{\"@type\":\"ListItem\",\"position\":3,\"name\":\"Manuels techniques\"}]},{\"@type\":\"WebSite\",\"@id\":\"https:\\\/\\\/www.plastitaliaspa.com\\\/fr\\\/#website\",\"url\":\"https:\\\/\\\/www.plastitaliaspa.com\\\/fr\\\/\",\"name\":\"Plastitalia\",\"description\":\"Leader europeo nella produzione di raccordi in polietilene. Raccordi HDPE elettrosaldabili, di transizione e testa a testa utilizzati per impianti acqua e gas.\",\"publisher\":{\"@id\":\"https:\\\/\\\/www.plastitaliaspa.com\\\/fr\\\/#organization\"},\"potentialAction\":[{\"@type\":\"SearchAction\",\"target\":{\"@type\":\"EntryPoint\",\"urlTemplate\":\"https:\\\/\\\/www.plastitaliaspa.com\\\/fr\\\/?s={search_term_string}\"},\"query-input\":{\"@type\":\"PropertyValueSpecification\",\"valueRequired\":true,\"valueName\":\"search_term_string\"}}],\"inLanguage\":\"fr-FR\"},{\"@type\":\"Organization\",\"@id\":\"https:\\\/\\\/www.plastitaliaspa.com\\\/fr\\\/#organization\",\"name\":\"Plastitalia\",\"url\":\"https:\\\/\\\/www.plastitaliaspa.com\\\/fr\\\/\",\"logo\":{\"@type\":\"ImageObject\",\"inLanguage\":\"fr-FR\",\"@id\":\"https:\\\/\\\/www.plastitaliaspa.com\\\/fr\\\/#\\\/schema\\\/logo\\\/image\\\/\",\"url\":\"https:\\\/\\\/www.plastitaliaspa.com\\\/wp-content\\\/uploads\\\/2024\\\/05\\\/logo-plastitalia-sito.png\",\"contentUrl\":\"https:\\\/\\\/www.plastitaliaspa.com\\\/wp-content\\\/uploads\\\/2024\\\/05\\\/logo-plastitalia-sito.png\",\"width\":652,\"height\":205,\"caption\":\"Plastitalia\"},\"image\":{\"@id\":\"https:\\\/\\\/www.plastitaliaspa.com\\\/fr\\\/#\\\/schema\\\/logo\\\/image\\\/\"}}]}<\/script>\n<!-- \/ Yoast SEO plugin. -->","yoast_head_json":{"title":"Manuels techniques | Plastitalia","robots":{"index":"index","follow":"follow","max-snippet":"max-snippet:-1","max-image-preview":"max-image-preview:large","max-video-preview":"max-video-preview:-1"},"canonical":"https:\/\/www.plastitaliaspa.com\/fr\/doc\/manuals-and-price-lists\/","og_locale":"fr_FR","og_type":"article","og_title":"Manuels techniques | Plastitalia","og_description":"T\u00e9l\u00e9charger des documents Pour acc\u00e9der \u00e0 cette page, vous devez vous connecter ! Vous n&rsquo;\u00eates pas encore inscrit ? Inscrivez-vous ici! Recherche et d\u00e9veloppement Production Logistique Accompagnement et formation T\u00e9l\u00e9charger les documents Plastitalia Sur cette page, vous pouvez Cliquez simplement sur le nom du fichier et le document s&rsquo;ouvrira. Tarifs commerciaux Liste de prix 1426 [&hellip;]","og_url":"https:\/\/www.plastitaliaspa.com\/fr\/doc\/manuals-and-price-lists\/","og_site_name":"Plastitalia","article_modified_time":"2026-04-24T15:16:45+00:00","twitter_card":"summary_large_image","twitter_misc":{"Dur\u00e9e de lecture estim\u00e9e":"1 minute"},"schema":{"@context":"https:\/\/schema.org","@graph":[{"@type":"WebPage","@id":"https:\/\/www.plastitaliaspa.com\/fr\/doc\/manuals-and-price-lists\/","url":"https:\/\/www.plastitaliaspa.com\/fr\/doc\/manuals-and-price-lists\/","name":"Manuels techniques | Plastitalia","isPartOf":{"@id":"https:\/\/www.plastitaliaspa.com\/fr\/#website"},"datePublished":"2025-01-08T14:49:35+00:00","dateModified":"2026-04-24T15:16:45+00:00","breadcrumb":{"@id":"https:\/\/www.plastitaliaspa.com\/fr\/doc\/manuals-and-price-lists\/#breadcrumb"},"inLanguage":"fr-FR","potentialAction":[{"@type":"ReadAction","target":["https:\/\/www.plastitaliaspa.com\/fr\/doc\/manuals-and-price-lists\/"]}]},{"@type":"BreadcrumbList","@id":"https:\/\/www.plastitaliaspa.com\/fr\/doc\/manuals-and-price-lists\/#breadcrumb","itemListElement":[{"@type":"ListItem","position":1,"name":"Home","item":"https:\/\/www.plastitaliaspa.com\/fr\/"},{"@type":"ListItem","position":2,"name":"Doc","item":"https:\/\/www.plastitaliaspa.com\/fr\/doc\/"},{"@type":"ListItem","position":3,"name":"Manuels techniques"}]},{"@type":"WebSite","@id":"https:\/\/www.plastitaliaspa.com\/fr\/#website","url":"https:\/\/www.plastitaliaspa.com\/fr\/","name":"Plastitalia","description":"Leader europeo nella produzione di raccordi in polietilene. Raccordi HDPE elettrosaldabili, di transizione e testa a testa utilizzati per impianti acqua e gas.","publisher":{"@id":"https:\/\/www.plastitaliaspa.com\/fr\/#organization"},"potentialAction":[{"@type":"SearchAction","target":{"@type":"EntryPoint","urlTemplate":"https:\/\/www.plastitaliaspa.com\/fr\/?s={search_term_string}"},"query-input":{"@type":"PropertyValueSpecification","valueRequired":true,"valueName":"search_term_string"}}],"inLanguage":"fr-FR"},{"@type":"Organization","@id":"https:\/\/www.plastitaliaspa.com\/fr\/#organization","name":"Plastitalia","url":"https:\/\/www.plastitaliaspa.com\/fr\/","logo":{"@type":"ImageObject","inLanguage":"fr-FR","@id":"https:\/\/www.plastitaliaspa.com\/fr\/#\/schema\/logo\/image\/","url":"https:\/\/www.plastitaliaspa.com\/wp-content\/uploads\/2024\/05\/logo-plastitalia-sito.png","contentUrl":"https:\/\/www.plastitaliaspa.com\/wp-content\/uploads\/2024\/05\/logo-plastitalia-sito.png","width":652,"height":205,"caption":"Plastitalia"},"image":{"@id":"https:\/\/www.plastitaliaspa.com\/fr\/#\/schema\/logo\/image\/"}}]}},"_links":{"self":[{"href":"https:\/\/www.plastitaliaspa.com\/fr\/wp-json\/wp\/v2\/pages\/15917","targetHints":{"allow":["GET"]}}],"collection":[{"href":"https:\/\/www.plastitaliaspa.com\/fr\/wp-json\/wp\/v2\/pages"}],"about":[{"href":"https:\/\/www.plastitaliaspa.com\/fr\/wp-json\/wp\/v2\/types\/page"}],"author":[{"embeddable":true,"href":"https:\/\/www.plastitaliaspa.com\/fr\/wp-json\/wp\/v2\/users\/1"}],"replies":[{"embeddable":true,"href":"https:\/\/www.plastitaliaspa.com\/fr\/wp-json\/wp\/v2\/comments?post=15917"}],"version-history":[{"count":3,"href":"https:\/\/www.plastitaliaspa.com\/fr\/wp-json\/wp\/v2\/pages\/15917\/revisions"}],"predecessor-version":[{"id":20082,"href":"https:\/\/www.plastitaliaspa.com\/fr\/wp-json\/wp\/v2\/pages\/15917\/revisions\/20082"}],"up":[{"embeddable":true,"href":"https:\/\/www.plastitaliaspa.com\/fr\/wp-json\/wp\/v2\/pages\/9273"}],"wp:attachment":[{"href":"https:\/\/www.plastitaliaspa.com\/fr\/wp-json\/wp\/v2\/media?parent=15917"}],"curies":[{"name":"wp","href":"https:\/\/api.w.org\/{rel}","templated":true}]}}