{"id":14167,"date":"2024-09-16T06:52:34","date_gmt":"2024-09-16T06:52:34","guid":{"rendered":"https:\/\/www.plastitaliaspa.com\/polyethylene-fittings\/sin%20categor\u00eda\/ti-90-ridotta-codolo-lungo\/"},"modified":"2024-09-16T08:03:17","modified_gmt":"2024-09-16T08:03:17","slug":"te-90-reducida-mango-largo","status":"publish","type":"product","link":"https:\/\/www.plastitaliaspa.com\/es\/polyethylene-fittings\/accesorios-inyectados\/te-90-reducida-mango-largo\/","title":{"rendered":"Te 90\u00b0 reducida mango largo"},"content":{"rendered":"","protected":false},"excerpt":{"rendered":"<p>El racor TI de polietileno REDUCIDO 90\u00b0 con v\u00e1stago largo se utiliza para sistemas de tuber\u00edas para la distribuci\u00f3n de agua, gas y aplicaciones industriales.<\/p>\n<p><strong>Caracter\u00edsticas principales<\/strong><\/p>\n<p>Categor\u00eda de accesorios de espiga moldeados; PE100 negro (tambi\u00e9n disponible en azul, amarillo y naranja); DEG disponibles de 17 a 7,4; impreso.<\/p>\n<hr\/>\n<p><strong>Utilizado para<\/strong><br \/>\nSistemas de tuber\u00edas para distribuci\u00f3n de agua (UNI EN 12201 &#8211; ISO 4427); sistemas de tuber\u00edas para aplicaciones industriales (UNI EN ISO 15494); Sistemas de tuber\u00edas para la distribuci\u00f3n de gases combustibles (UNI EN 1555 -ISO 4437).<\/p>\n<hr\/>\n<p><strong>Sistemas de soldadura<\/strong><br \/>\nProceso de elemento t\u00e9rmico de contacto (a tope), electrofusi\u00f3n.<\/p>\n","protected":false},"featured_media":14114,"template":"","meta":{"_acf_changed":false},"product_brand":[],"product_cat":[123],"product_tag":[],"class_list":{"0":"post-14167","1":"product","2":"type-product","3":"status-publish","4":"has-post-thumbnail","6":"product_cat-accesorios-inyectados","8":"first","9":"instock","10":"shipping-taxable","11":"product-type-simple"},"acf":[],"yoast_head":"<!-- This site is optimized with the Yoast SEO plugin v27.4 - https:\/\/yoast.com\/product\/yoast-seo-wordpress\/ -->\n<title>Te 90\u00b0 reducida mango largo | Plastitalia<\/title>\n<meta name=\"description\" content=\"El racor TI de polietileno REDUCIDO 90\u00b0 con v\u00e1stago largo se utiliza para sistemas de tuber\u00edas para la distribuci\u00f3n de agua, gas y aplicaciones industriales.  Caracter\u00edsticas principales  Categor\u00eda de accesorios de espiga moldeados; PE100 negro (tambi\u00e9n disponible en azul, amarillo y naranja); DEG disponibles de 17 a 7,4; impreso.    Utilizado para Sistemas de tuber\u00edas para distribuci\u00f3n de agua (UNI EN 12201 - ISO 4427); sistemas de tuber\u00edas para aplicaciones industriales (UNI EN ISO 15494); Sistemas de tuber\u00edas para la distribuci\u00f3n de gases combustibles (UNI EN 1555 -ISO 4437).    Sistemas de soldadura Proceso de elemento t\u00e9rmico de contacto (a tope), electrofusi\u00f3n.\" \/>\n<meta name=\"robots\" content=\"index, follow, max-snippet:-1, max-image-preview:large, max-video-preview:-1\" \/>\n<link rel=\"canonical\" href=\"https:\/\/www.plastitaliaspa.com\/es\/polyethylene-fittings\/accesorios-inyectados\/te-90-reducida-mango-largo\/\" \/>\n<meta property=\"og:locale\" content=\"es_ES\" \/>\n<meta property=\"og:type\" content=\"article\" \/>\n<meta property=\"og:title\" content=\"Te 90\u00b0 reducida mango largo | Plastitalia\" \/>\n<meta property=\"og:description\" content=\"El racor TI de polietileno REDUCIDO 90\u00b0 con v\u00e1stago largo se utiliza para sistemas de tuber\u00edas para la distribuci\u00f3n de agua, gas y aplicaciones industriales.  Caracter\u00edsticas principales  Categor\u00eda de accesorios de espiga moldeados; PE100 negro (tambi\u00e9n disponible en azul, amarillo y naranja); DEG disponibles de 17 a 7,4; impreso.    Utilizado para Sistemas de tuber\u00edas para distribuci\u00f3n de agua (UNI EN 12201 - ISO 4427); sistemas de tuber\u00edas para aplicaciones industriales (UNI EN ISO 15494); Sistemas de tuber\u00edas para la distribuci\u00f3n de gases combustibles (UNI EN 1555 -ISO 4437).    Sistemas de soldadura Proceso de elemento t\u00e9rmico de contacto (a tope), electrofusi\u00f3n.\" \/>\n<meta property=\"og:url\" content=\"https:\/\/www.plastitaliaspa.com\/es\/polyethylene-fittings\/accesorios-inyectados\/te-90-reducida-mango-largo\/\" \/>\n<meta property=\"og:site_name\" content=\"Plastitalia\" \/>\n<meta property=\"article:modified_time\" content=\"2024-09-16T08:03:17+00:00\" \/>\n<meta property=\"og:image\" content=\"https:\/\/www.plastitaliaspa.com\/wp-content\/uploads\/2024\/09\/codolostampato-p-ti-ridotta.jpg\" \/>\n\t<meta property=\"og:image:width\" content=\"388\" \/>\n\t<meta property=\"og:image:height\" content=\"388\" \/>\n\t<meta property=\"og:image:type\" content=\"image\/jpeg\" \/>\n<meta name=\"twitter:card\" content=\"summary_large_image\" \/>\n<meta name=\"twitter:label1\" content=\"Tiempo de lectura\" \/>\n\t<meta name=\"twitter:data1\" content=\"1 minuto\" \/>\n<script type=\"application\/ld+json\" class=\"yoast-schema-graph\">{\"@context\":\"https:\\\/\\\/schema.org\",\"@graph\":[{\"@type\":\"WebPage\",\"@id\":\"https:\\\/\\\/www.plastitaliaspa.com\\\/es\\\/polyethylene-fittings\\\/accesorios-inyectados\\\/te-90-reducida-mango-largo\\\/\",\"url\":\"https:\\\/\\\/www.plastitaliaspa.com\\\/es\\\/polyethylene-fittings\\\/accesorios-inyectados\\\/te-90-reducida-mango-largo\\\/\",\"name\":\"Te 90\u00b0 reducida mango largo | Plastitalia\",\"isPartOf\":{\"@id\":\"https:\\\/\\\/www.plastitaliaspa.com\\\/es\\\/#website\"},\"primaryImageOfPage\":{\"@id\":\"https:\\\/\\\/www.plastitaliaspa.com\\\/es\\\/polyethylene-fittings\\\/accesorios-inyectados\\\/te-90-reducida-mango-largo\\\/#primaryimage\"},\"image\":{\"@id\":\"https:\\\/\\\/www.plastitaliaspa.com\\\/es\\\/polyethylene-fittings\\\/accesorios-inyectados\\\/te-90-reducida-mango-largo\\\/#primaryimage\"},\"thumbnailUrl\":\"https:\\\/\\\/www.plastitaliaspa.com\\\/wp-content\\\/uploads\\\/2024\\\/09\\\/codolostampato-p-ti-ridotta.jpg\",\"datePublished\":\"2024-09-16T06:52:34+00:00\",\"dateModified\":\"2024-09-16T08:03:17+00:00\",\"description\":\"El racor TI de polietileno REDUCIDO 90\u00b0 con v\u00e1stago largo se utiliza para sistemas de tuber\u00edas para la distribuci\u00f3n de agua, gas y aplicaciones industriales. Caracter\u00edsticas principales Categor\u00eda de accesorios de espiga moldeados; PE100 negro (tambi\u00e9n disponible en azul, amarillo y naranja); DEG disponibles de 17 a 7,4; impreso. Utilizado para Sistemas de tuber\u00edas para distribuci\u00f3n de agua (UNI EN 12201 - ISO 4427); sistemas de tuber\u00edas para aplicaciones industriales (UNI EN ISO 15494); Sistemas de tuber\u00edas para la distribuci\u00f3n de gases combustibles (UNI EN 1555 -ISO 4437). Sistemas de soldadura Proceso de elemento t\u00e9rmico de contacto (a tope), electrofusi\u00f3n.\",\"breadcrumb\":{\"@id\":\"https:\\\/\\\/www.plastitaliaspa.com\\\/es\\\/polyethylene-fittings\\\/accesorios-inyectados\\\/te-90-reducida-mango-largo\\\/#breadcrumb\"},\"inLanguage\":\"es\",\"potentialAction\":[{\"@type\":\"ReadAction\",\"target\":[\"https:\\\/\\\/www.plastitaliaspa.com\\\/es\\\/polyethylene-fittings\\\/accesorios-inyectados\\\/te-90-reducida-mango-largo\\\/\"]}]},{\"@type\":\"ImageObject\",\"inLanguage\":\"es\",\"@id\":\"https:\\\/\\\/www.plastitaliaspa.com\\\/es\\\/polyethylene-fittings\\\/accesorios-inyectados\\\/te-90-reducida-mango-largo\\\/#primaryimage\",\"url\":\"https:\\\/\\\/www.plastitaliaspa.com\\\/wp-content\\\/uploads\\\/2024\\\/09\\\/codolostampato-p-ti-ridotta.jpg\",\"contentUrl\":\"https:\\\/\\\/www.plastitaliaspa.com\\\/wp-content\\\/uploads\\\/2024\\\/09\\\/codolostampato-p-ti-ridotta.jpg\",\"width\":388,\"height\":388,\"caption\":\"Ti 90\u00b0 ridotta codolo lungo\"},{\"@type\":\"BreadcrumbList\",\"@id\":\"https:\\\/\\\/www.plastitaliaspa.com\\\/es\\\/polyethylene-fittings\\\/accesorios-inyectados\\\/te-90-reducida-mango-largo\\\/#breadcrumb\",\"itemListElement\":[{\"@type\":\"ListItem\",\"position\":1,\"name\":\"Home\",\"item\":\"https:\\\/\\\/www.plastitaliaspa.com\\\/es\\\/\"},{\"@type\":\"ListItem\",\"position\":2,\"name\":\"Shop\",\"item\":\"https:\\\/\\\/www.plastitaliaspa.com\\\/negozio\\\/\"},{\"@type\":\"ListItem\",\"position\":3,\"name\":\"Te 90\u00b0 reducida mango largo\"}]},{\"@type\":\"WebSite\",\"@id\":\"https:\\\/\\\/www.plastitaliaspa.com\\\/es\\\/#website\",\"url\":\"https:\\\/\\\/www.plastitaliaspa.com\\\/es\\\/\",\"name\":\"Plastitalia\",\"description\":\"Leader europeo nella produzione di raccordi in polietilene. Raccordi HDPE elettrosaldabili, di transizione e testa a testa utilizzati per impianti acqua e gas.\",\"publisher\":{\"@id\":\"https:\\\/\\\/www.plastitaliaspa.com\\\/es\\\/#organization\"},\"potentialAction\":[{\"@type\":\"SearchAction\",\"target\":{\"@type\":\"EntryPoint\",\"urlTemplate\":\"https:\\\/\\\/www.plastitaliaspa.com\\\/es\\\/?s={search_term_string}\"},\"query-input\":{\"@type\":\"PropertyValueSpecification\",\"valueRequired\":true,\"valueName\":\"search_term_string\"}}],\"inLanguage\":\"es\"},{\"@type\":\"Organization\",\"@id\":\"https:\\\/\\\/www.plastitaliaspa.com\\\/es\\\/#organization\",\"name\":\"Plastitalia\",\"url\":\"https:\\\/\\\/www.plastitaliaspa.com\\\/es\\\/\",\"logo\":{\"@type\":\"ImageObject\",\"inLanguage\":\"es\",\"@id\":\"https:\\\/\\\/www.plastitaliaspa.com\\\/es\\\/#\\\/schema\\\/logo\\\/image\\\/\",\"url\":\"https:\\\/\\\/www.plastitaliaspa.com\\\/wp-content\\\/uploads\\\/2024\\\/05\\\/logo-plastitalia-sito.png\",\"contentUrl\":\"https:\\\/\\\/www.plastitaliaspa.com\\\/wp-content\\\/uploads\\\/2024\\\/05\\\/logo-plastitalia-sito.png\",\"width\":652,\"height\":205,\"caption\":\"Plastitalia\"},\"image\":{\"@id\":\"https:\\\/\\\/www.plastitaliaspa.com\\\/es\\\/#\\\/schema\\\/logo\\\/image\\\/\"}}]}<\/script>\n<!-- \/ Yoast SEO plugin. -->","yoast_head_json":{"title":"Te 90\u00b0 reducida mango largo | Plastitalia","description":"El racor TI de polietileno REDUCIDO 90\u00b0 con v\u00e1stago largo se utiliza para sistemas de tuber\u00edas para la distribuci\u00f3n de agua, gas y aplicaciones industriales.  Caracter\u00edsticas principales  Categor\u00eda de accesorios de espiga moldeados; PE100 negro (tambi\u00e9n disponible en azul, amarillo y naranja); DEG disponibles de 17 a 7,4; impreso.    Utilizado para Sistemas de tuber\u00edas para distribuci\u00f3n de agua (UNI EN 12201 - ISO 4427); sistemas de tuber\u00edas para aplicaciones industriales (UNI EN ISO 15494); Sistemas de tuber\u00edas para la distribuci\u00f3n de gases combustibles (UNI EN 1555 -ISO 4437).    Sistemas de soldadura Proceso de elemento t\u00e9rmico de contacto (a tope), electrofusi\u00f3n.","robots":{"index":"index","follow":"follow","max-snippet":"max-snippet:-1","max-image-preview":"max-image-preview:large","max-video-preview":"max-video-preview:-1"},"canonical":"https:\/\/www.plastitaliaspa.com\/es\/polyethylene-fittings\/accesorios-inyectados\/te-90-reducida-mango-largo\/","og_locale":"es_ES","og_type":"article","og_title":"Te 90\u00b0 reducida mango largo | Plastitalia","og_description":"El racor TI de polietileno REDUCIDO 90\u00b0 con v\u00e1stago largo se utiliza para sistemas de tuber\u00edas para la distribuci\u00f3n de agua, gas y aplicaciones industriales.  Caracter\u00edsticas principales  Categor\u00eda de accesorios de espiga moldeados; PE100 negro (tambi\u00e9n disponible en azul, amarillo y naranja); DEG disponibles de 17 a 7,4; impreso.    Utilizado para Sistemas de tuber\u00edas para distribuci\u00f3n de agua (UNI EN 12201 - ISO 4427); sistemas de tuber\u00edas para aplicaciones industriales (UNI EN ISO 15494); Sistemas de tuber\u00edas para la distribuci\u00f3n de gases combustibles (UNI EN 1555 -ISO 4437).    Sistemas de soldadura Proceso de elemento t\u00e9rmico de contacto (a tope), electrofusi\u00f3n.","og_url":"https:\/\/www.plastitaliaspa.com\/es\/polyethylene-fittings\/accesorios-inyectados\/te-90-reducida-mango-largo\/","og_site_name":"Plastitalia","article_modified_time":"2024-09-16T08:03:17+00:00","og_image":[{"width":388,"height":388,"url":"https:\/\/www.plastitaliaspa.com\/wp-content\/uploads\/2024\/09\/codolostampato-p-ti-ridotta.jpg","type":"image\/jpeg"}],"twitter_card":"summary_large_image","twitter_misc":{"Tiempo de lectura":"1 minuto"},"schema":{"@context":"https:\/\/schema.org","@graph":[{"@type":"WebPage","@id":"https:\/\/www.plastitaliaspa.com\/es\/polyethylene-fittings\/accesorios-inyectados\/te-90-reducida-mango-largo\/","url":"https:\/\/www.plastitaliaspa.com\/es\/polyethylene-fittings\/accesorios-inyectados\/te-90-reducida-mango-largo\/","name":"Te 90\u00b0 reducida mango largo | Plastitalia","isPartOf":{"@id":"https:\/\/www.plastitaliaspa.com\/es\/#website"},"primaryImageOfPage":{"@id":"https:\/\/www.plastitaliaspa.com\/es\/polyethylene-fittings\/accesorios-inyectados\/te-90-reducida-mango-largo\/#primaryimage"},"image":{"@id":"https:\/\/www.plastitaliaspa.com\/es\/polyethylene-fittings\/accesorios-inyectados\/te-90-reducida-mango-largo\/#primaryimage"},"thumbnailUrl":"https:\/\/www.plastitaliaspa.com\/wp-content\/uploads\/2024\/09\/codolostampato-p-ti-ridotta.jpg","datePublished":"2024-09-16T06:52:34+00:00","dateModified":"2024-09-16T08:03:17+00:00","description":"El racor TI de polietileno REDUCIDO 90\u00b0 con v\u00e1stago largo se utiliza para sistemas de tuber\u00edas para la distribuci\u00f3n de agua, gas y aplicaciones industriales. Caracter\u00edsticas principales Categor\u00eda de accesorios de espiga moldeados; PE100 negro (tambi\u00e9n disponible en azul, amarillo y naranja); DEG disponibles de 17 a 7,4; impreso. Utilizado para Sistemas de tuber\u00edas para distribuci\u00f3n de agua (UNI EN 12201 - ISO 4427); sistemas de tuber\u00edas para aplicaciones industriales (UNI EN ISO 15494); Sistemas de tuber\u00edas para la distribuci\u00f3n de gases combustibles (UNI EN 1555 -ISO 4437). Sistemas de soldadura Proceso de elemento t\u00e9rmico de contacto (a tope), electrofusi\u00f3n.","breadcrumb":{"@id":"https:\/\/www.plastitaliaspa.com\/es\/polyethylene-fittings\/accesorios-inyectados\/te-90-reducida-mango-largo\/#breadcrumb"},"inLanguage":"es","potentialAction":[{"@type":"ReadAction","target":["https:\/\/www.plastitaliaspa.com\/es\/polyethylene-fittings\/accesorios-inyectados\/te-90-reducida-mango-largo\/"]}]},{"@type":"ImageObject","inLanguage":"es","@id":"https:\/\/www.plastitaliaspa.com\/es\/polyethylene-fittings\/accesorios-inyectados\/te-90-reducida-mango-largo\/#primaryimage","url":"https:\/\/www.plastitaliaspa.com\/wp-content\/uploads\/2024\/09\/codolostampato-p-ti-ridotta.jpg","contentUrl":"https:\/\/www.plastitaliaspa.com\/wp-content\/uploads\/2024\/09\/codolostampato-p-ti-ridotta.jpg","width":388,"height":388,"caption":"Ti 90\u00b0 ridotta codolo lungo"},{"@type":"BreadcrumbList","@id":"https:\/\/www.plastitaliaspa.com\/es\/polyethylene-fittings\/accesorios-inyectados\/te-90-reducida-mango-largo\/#breadcrumb","itemListElement":[{"@type":"ListItem","position":1,"name":"Home","item":"https:\/\/www.plastitaliaspa.com\/es\/"},{"@type":"ListItem","position":2,"name":"Shop","item":"https:\/\/www.plastitaliaspa.com\/negozio\/"},{"@type":"ListItem","position":3,"name":"Te 90\u00b0 reducida mango largo"}]},{"@type":"WebSite","@id":"https:\/\/www.plastitaliaspa.com\/es\/#website","url":"https:\/\/www.plastitaliaspa.com\/es\/","name":"Plastitalia","description":"Leader europeo nella produzione di raccordi in polietilene. Raccordi HDPE elettrosaldabili, di transizione e testa a testa utilizzati per impianti acqua e gas.","publisher":{"@id":"https:\/\/www.plastitaliaspa.com\/es\/#organization"},"potentialAction":[{"@type":"SearchAction","target":{"@type":"EntryPoint","urlTemplate":"https:\/\/www.plastitaliaspa.com\/es\/?s={search_term_string}"},"query-input":{"@type":"PropertyValueSpecification","valueRequired":true,"valueName":"search_term_string"}}],"inLanguage":"es"},{"@type":"Organization","@id":"https:\/\/www.plastitaliaspa.com\/es\/#organization","name":"Plastitalia","url":"https:\/\/www.plastitaliaspa.com\/es\/","logo":{"@type":"ImageObject","inLanguage":"es","@id":"https:\/\/www.plastitaliaspa.com\/es\/#\/schema\/logo\/image\/","url":"https:\/\/www.plastitaliaspa.com\/wp-content\/uploads\/2024\/05\/logo-plastitalia-sito.png","contentUrl":"https:\/\/www.plastitaliaspa.com\/wp-content\/uploads\/2024\/05\/logo-plastitalia-sito.png","width":652,"height":205,"caption":"Plastitalia"},"image":{"@id":"https:\/\/www.plastitaliaspa.com\/es\/#\/schema\/logo\/image\/"}}]}},"_links":{"self":[{"href":"https:\/\/www.plastitaliaspa.com\/es\/wp-json\/wp\/v2\/product\/14167","targetHints":{"allow":["GET"]}}],"collection":[{"href":"https:\/\/www.plastitaliaspa.com\/es\/wp-json\/wp\/v2\/product"}],"about":[{"href":"https:\/\/www.plastitaliaspa.com\/es\/wp-json\/wp\/v2\/types\/product"}],"version-history":[{"count":3,"href":"https:\/\/www.plastitaliaspa.com\/es\/wp-json\/wp\/v2\/product\/14167\/revisions"}],"predecessor-version":[{"id":14171,"href":"https:\/\/www.plastitaliaspa.com\/es\/wp-json\/wp\/v2\/product\/14167\/revisions\/14171"}],"wp:featuredmedia":[{"embeddable":true,"href":"https:\/\/www.plastitaliaspa.com\/es\/wp-json\/wp\/v2\/media\/14114"}],"wp:attachment":[{"href":"https:\/\/www.plastitaliaspa.com\/es\/wp-json\/wp\/v2\/media?parent=14167"}],"wp:term":[{"taxonomy":"product_brand","embeddable":true,"href":"https:\/\/www.plastitaliaspa.com\/es\/wp-json\/wp\/v2\/product_brand?post=14167"},{"taxonomy":"product_cat","embeddable":true,"href":"https:\/\/www.plastitaliaspa.com\/es\/wp-json\/wp\/v2\/product_cat?post=14167"},{"taxonomy":"product_tag","embeddable":true,"href":"https:\/\/www.plastitaliaspa.com\/es\/wp-json\/wp\/v2\/product_tag?post=14167"}],"curies":[{"name":"wp","href":"https:\/\/api.w.org\/{rel}","templated":true}]}}