{"id":14156,"date":"2024-09-16T08:48:49","date_gmt":"2024-09-16T08:48:49","guid":{"rendered":"https:\/\/www.plastitaliaspa.com\/?post_type=product&#038;p=14156"},"modified":"2024-09-16T09:21:20","modified_gmt":"2024-09-16T09:21:20","slug":"te-90-mango-largo","status":"publish","type":"product","link":"https:\/\/www.plastitaliaspa.com\/es\/polyethylene-fittings\/accesorios-inyectados\/te-90-mango-largo\/","title":{"rendered":"Te 90\u00b0 mango largo"},"content":{"rendered":"","protected":false},"excerpt":{"rendered":"<p>Caracter\u00edsticas TE 90\u00b0 MANGO LARGO<\/p>\n<p>Algunas caracter\u00edsticas: Familia de accesorios inyectados; PE100 negro (disponible tambi\u00e9n en azul, amarillo y naranja); SDR 17-11-7,4; Inyectada.<\/p>\n<hr\/>\n<p>La te 90\u00b0 mango largo se utiliza para: Sistemas de tuber\u00edas para la distribuc\u00edon de agua (UNI EN 12201); Sistemas de tuber\u00edas para aplicaciones industriales (UNI EN ISO 15494); Sistemas de tuber\u00edas para la distribuc\u00edon de combustibles gaseosos (UNI EN 1555).<\/p>\n<hr\/>\n<p>Sistemas de soldadura: Procedimiento de soldadura por contacto t\u00e9rmico tope a tope(termofusi\u00f3n) (UNI 10520).<\/p>\n","protected":false},"featured_media":14089,"template":"","meta":{"_acf_changed":false},"product_brand":[],"product_cat":[123],"product_tag":[],"class_list":{"0":"post-14156","1":"product","2":"type-product","3":"status-publish","4":"has-post-thumbnail","6":"product_cat-accesorios-inyectados","8":"first","9":"instock","10":"shipping-taxable","11":"product-type-simple"},"acf":[],"yoast_head":"<!-- This site is optimized with the Yoast SEO plugin v27.2 - https:\/\/yoast.com\/product\/yoast-seo-wordpress\/ -->\n<title>Te 90\u00b0 mango largo | Plastitalia<\/title>\n<meta name=\"description\" content=\"Caracter\u00edsticas TE 90\u00b0 MANGO LARGO  Algunas caracter\u00edsticas: Familia de accesorios inyectados; PE100 negro (disponible tambi\u00e9n en azul, amarillo y naranja); SDR 17-11-7,4; Inyectada.  La te 90\u00b0 mango largo se utiliza para: Sistemas de tuber\u00edas para la distribuc\u00edon de agua (UNI EN 12201); Sistemas de tuber\u00edas para aplicaciones industriales (UNI EN ISO 15494); Sistemas de tuber\u00edas para la distribuc\u00edon de combustibles gaseosos (UNI EN 1555).  Sistemas de soldadura: Procedimiento de soldadura por contacto t\u00e9rmico tope a tope(termofusi\u00f3n) (UNI 10520).\" \/>\n<meta name=\"robots\" content=\"index, follow, max-snippet:-1, max-image-preview:large, max-video-preview:-1\" \/>\n<link rel=\"canonical\" href=\"https:\/\/www.plastitaliaspa.com\/es\/polyethylene-fittings\/accesorios-inyectados\/te-90-mango-largo\/\" \/>\n<meta property=\"og:locale\" content=\"es_ES\" \/>\n<meta property=\"og:type\" content=\"article\" \/>\n<meta property=\"og:title\" content=\"Te 90\u00b0 mango largo | Plastitalia\" \/>\n<meta property=\"og:description\" content=\"Caracter\u00edsticas TE 90\u00b0 MANGO LARGO  Algunas caracter\u00edsticas: Familia de accesorios inyectados; PE100 negro (disponible tambi\u00e9n en azul, amarillo y naranja); SDR 17-11-7,4; Inyectada.  La te 90\u00b0 mango largo se utiliza para: Sistemas de tuber\u00edas para la distribuc\u00edon de agua (UNI EN 12201); Sistemas de tuber\u00edas para aplicaciones industriales (UNI EN ISO 15494); Sistemas de tuber\u00edas para la distribuc\u00edon de combustibles gaseosos (UNI EN 1555).  Sistemas de soldadura: Procedimiento de soldadura por contacto t\u00e9rmico tope a tope(termofusi\u00f3n) (UNI 10520).\" \/>\n<meta property=\"og:url\" content=\"https:\/\/www.plastitaliaspa.com\/es\/polyethylene-fittings\/accesorios-inyectados\/te-90-mango-largo\/\" \/>\n<meta property=\"og:site_name\" content=\"Plastitalia\" \/>\n<meta property=\"article:modified_time\" content=\"2024-09-16T09:21:20+00:00\" \/>\n<meta property=\"og:image\" content=\"https:\/\/www.plastitaliaspa.com\/wp-content\/uploads\/2024\/09\/prova_1279639066.jpeg\" \/>\n\t<meta property=\"og:image:width\" content=\"360\" \/>\n\t<meta property=\"og:image:height\" content=\"475\" \/>\n\t<meta property=\"og:image:type\" content=\"image\/jpeg\" \/>\n<meta name=\"twitter:card\" content=\"summary_large_image\" \/>\n<meta name=\"twitter:label1\" content=\"Tiempo de lectura\" \/>\n\t<meta name=\"twitter:data1\" content=\"1 minuto\" \/>\n<script type=\"application\/ld+json\" class=\"yoast-schema-graph\">{\"@context\":\"https:\/\/schema.org\",\"@graph\":[{\"@type\":\"WebPage\",\"@id\":\"https:\/\/www.plastitaliaspa.com\/es\/polyethylene-fittings\/accesorios-inyectados\/te-90-mango-largo\/\",\"url\":\"https:\/\/www.plastitaliaspa.com\/es\/polyethylene-fittings\/accesorios-inyectados\/te-90-mango-largo\/\",\"name\":\"Te 90\u00b0 mango largo | Plastitalia\",\"isPartOf\":{\"@id\":\"https:\/\/www.plastitaliaspa.com\/es\/#website\"},\"primaryImageOfPage\":{\"@id\":\"https:\/\/www.plastitaliaspa.com\/es\/polyethylene-fittings\/accesorios-inyectados\/te-90-mango-largo\/#primaryimage\"},\"image\":{\"@id\":\"https:\/\/www.plastitaliaspa.com\/es\/polyethylene-fittings\/accesorios-inyectados\/te-90-mango-largo\/#primaryimage\"},\"thumbnailUrl\":\"https:\/\/www.plastitaliaspa.com\/wp-content\/uploads\/2024\/09\/prova_1279639066.jpeg\",\"datePublished\":\"2024-09-16T08:48:49+00:00\",\"dateModified\":\"2024-09-16T09:21:20+00:00\",\"description\":\"Caracter\u00edsticas TE 90\u00b0 MANGO LARGO Algunas caracter\u00edsticas: Familia de accesorios inyectados; PE100 negro (disponible tambi\u00e9n en azul, amarillo y naranja); SDR 17-11-7,4; Inyectada. La te 90\u00b0 mango largo se utiliza para: Sistemas de tuber\u00edas para la distribuc\u00edon de agua (UNI EN 12201); Sistemas de tuber\u00edas para aplicaciones industriales (UNI EN ISO 15494); Sistemas de tuber\u00edas para la distribuc\u00edon de combustibles gaseosos (UNI EN 1555). Sistemas de soldadura: Procedimiento de soldadura por contacto t\u00e9rmico tope a tope(termofusi\u00f3n) (UNI 10520).\",\"breadcrumb\":{\"@id\":\"https:\/\/www.plastitaliaspa.com\/es\/polyethylene-fittings\/accesorios-inyectados\/te-90-mango-largo\/#breadcrumb\"},\"inLanguage\":\"es\",\"potentialAction\":[{\"@type\":\"ReadAction\",\"target\":[\"https:\/\/www.plastitaliaspa.com\/es\/polyethylene-fittings\/accesorios-inyectados\/te-90-mango-largo\/\"]}]},{\"@type\":\"ImageObject\",\"inLanguage\":\"es\",\"@id\":\"https:\/\/www.plastitaliaspa.com\/es\/polyethylene-fittings\/accesorios-inyectados\/te-90-mango-largo\/#primaryimage\",\"url\":\"https:\/\/www.plastitaliaspa.com\/wp-content\/uploads\/2024\/09\/prova_1279639066.jpeg\",\"contentUrl\":\"https:\/\/www.plastitaliaspa.com\/wp-content\/uploads\/2024\/09\/prova_1279639066.jpeg\",\"width\":360,\"height\":475,\"caption\":\"Ti 90\u00b0 codolo lungo\"},{\"@type\":\"BreadcrumbList\",\"@id\":\"https:\/\/www.plastitaliaspa.com\/es\/polyethylene-fittings\/accesorios-inyectados\/te-90-mango-largo\/#breadcrumb\",\"itemListElement\":[{\"@type\":\"ListItem\",\"position\":1,\"name\":\"Home\",\"item\":\"https:\/\/www.plastitaliaspa.com\/es\/\"},{\"@type\":\"ListItem\",\"position\":2,\"name\":\"Shop\",\"item\":\"https:\/\/www.plastitaliaspa.com\/negozio\/\"},{\"@type\":\"ListItem\",\"position\":3,\"name\":\"Te 90\u00b0 mango largo\"}]},{\"@type\":\"WebSite\",\"@id\":\"https:\/\/www.plastitaliaspa.com\/es\/#website\",\"url\":\"https:\/\/www.plastitaliaspa.com\/es\/\",\"name\":\"Plastitalia\",\"description\":\"Leader europeo nella produzione di raccordi in polietilene. Raccordi HDPE elettrosaldabili, di transizione e testa a testa utilizzati per impianti acqua e gas.\",\"publisher\":{\"@id\":\"https:\/\/www.plastitaliaspa.com\/es\/#organization\"},\"potentialAction\":[{\"@type\":\"SearchAction\",\"target\":{\"@type\":\"EntryPoint\",\"urlTemplate\":\"https:\/\/www.plastitaliaspa.com\/es\/?s={search_term_string}\"},\"query-input\":{\"@type\":\"PropertyValueSpecification\",\"valueRequired\":true,\"valueName\":\"search_term_string\"}}],\"inLanguage\":\"es\"},{\"@type\":\"Organization\",\"@id\":\"https:\/\/www.plastitaliaspa.com\/es\/#organization\",\"name\":\"Plastitalia\",\"url\":\"https:\/\/www.plastitaliaspa.com\/es\/\",\"logo\":{\"@type\":\"ImageObject\",\"inLanguage\":\"es\",\"@id\":\"https:\/\/www.plastitaliaspa.com\/es\/#\/schema\/logo\/image\/\",\"url\":\"https:\/\/www.plastitaliaspa.com\/wp-content\/uploads\/2024\/05\/logo-plastitalia-sito.png\",\"contentUrl\":\"https:\/\/www.plastitaliaspa.com\/wp-content\/uploads\/2024\/05\/logo-plastitalia-sito.png\",\"width\":652,\"height\":205,\"caption\":\"Plastitalia\"},\"image\":{\"@id\":\"https:\/\/www.plastitaliaspa.com\/es\/#\/schema\/logo\/image\/\"}}]}<\/script>\n<!-- \/ Yoast SEO plugin. -->","yoast_head_json":{"title":"Te 90\u00b0 mango largo | Plastitalia","description":"Caracter\u00edsticas TE 90\u00b0 MANGO LARGO  Algunas caracter\u00edsticas: Familia de accesorios inyectados; PE100 negro (disponible tambi\u00e9n en azul, amarillo y naranja); SDR 17-11-7,4; Inyectada.  La te 90\u00b0 mango largo se utiliza para: Sistemas de tuber\u00edas para la distribuc\u00edon de agua (UNI EN 12201); Sistemas de tuber\u00edas para aplicaciones industriales (UNI EN ISO 15494); Sistemas de tuber\u00edas para la distribuc\u00edon de combustibles gaseosos (UNI EN 1555).  Sistemas de soldadura: Procedimiento de soldadura por contacto t\u00e9rmico tope a tope(termofusi\u00f3n) (UNI 10520).","robots":{"index":"index","follow":"follow","max-snippet":"max-snippet:-1","max-image-preview":"max-image-preview:large","max-video-preview":"max-video-preview:-1"},"canonical":"https:\/\/www.plastitaliaspa.com\/es\/polyethylene-fittings\/accesorios-inyectados\/te-90-mango-largo\/","og_locale":"es_ES","og_type":"article","og_title":"Te 90\u00b0 mango largo | Plastitalia","og_description":"Caracter\u00edsticas TE 90\u00b0 MANGO LARGO  Algunas caracter\u00edsticas: Familia de accesorios inyectados; PE100 negro (disponible tambi\u00e9n en azul, amarillo y naranja); SDR 17-11-7,4; Inyectada.  La te 90\u00b0 mango largo se utiliza para: Sistemas de tuber\u00edas para la distribuc\u00edon de agua (UNI EN 12201); Sistemas de tuber\u00edas para aplicaciones industriales (UNI EN ISO 15494); Sistemas de tuber\u00edas para la distribuc\u00edon de combustibles gaseosos (UNI EN 1555).  Sistemas de soldadura: Procedimiento de soldadura por contacto t\u00e9rmico tope a tope(termofusi\u00f3n) (UNI 10520).","og_url":"https:\/\/www.plastitaliaspa.com\/es\/polyethylene-fittings\/accesorios-inyectados\/te-90-mango-largo\/","og_site_name":"Plastitalia","article_modified_time":"2024-09-16T09:21:20+00:00","og_image":[{"width":360,"height":475,"url":"https:\/\/www.plastitaliaspa.com\/wp-content\/uploads\/2024\/09\/prova_1279639066.jpeg","type":"image\/jpeg"}],"twitter_card":"summary_large_image","twitter_misc":{"Tiempo de lectura":"1 minuto"},"schema":{"@context":"https:\/\/schema.org","@graph":[{"@type":"WebPage","@id":"https:\/\/www.plastitaliaspa.com\/es\/polyethylene-fittings\/accesorios-inyectados\/te-90-mango-largo\/","url":"https:\/\/www.plastitaliaspa.com\/es\/polyethylene-fittings\/accesorios-inyectados\/te-90-mango-largo\/","name":"Te 90\u00b0 mango largo | Plastitalia","isPartOf":{"@id":"https:\/\/www.plastitaliaspa.com\/es\/#website"},"primaryImageOfPage":{"@id":"https:\/\/www.plastitaliaspa.com\/es\/polyethylene-fittings\/accesorios-inyectados\/te-90-mango-largo\/#primaryimage"},"image":{"@id":"https:\/\/www.plastitaliaspa.com\/es\/polyethylene-fittings\/accesorios-inyectados\/te-90-mango-largo\/#primaryimage"},"thumbnailUrl":"https:\/\/www.plastitaliaspa.com\/wp-content\/uploads\/2024\/09\/prova_1279639066.jpeg","datePublished":"2024-09-16T08:48:49+00:00","dateModified":"2024-09-16T09:21:20+00:00","description":"Caracter\u00edsticas TE 90\u00b0 MANGO LARGO Algunas caracter\u00edsticas: Familia de accesorios inyectados; PE100 negro (disponible tambi\u00e9n en azul, amarillo y naranja); SDR 17-11-7,4; Inyectada. La te 90\u00b0 mango largo se utiliza para: Sistemas de tuber\u00edas para la distribuc\u00edon de agua (UNI EN 12201); Sistemas de tuber\u00edas para aplicaciones industriales (UNI EN ISO 15494); Sistemas de tuber\u00edas para la distribuc\u00edon de combustibles gaseosos (UNI EN 1555). Sistemas de soldadura: Procedimiento de soldadura por contacto t\u00e9rmico tope a tope(termofusi\u00f3n) (UNI 10520).","breadcrumb":{"@id":"https:\/\/www.plastitaliaspa.com\/es\/polyethylene-fittings\/accesorios-inyectados\/te-90-mango-largo\/#breadcrumb"},"inLanguage":"es","potentialAction":[{"@type":"ReadAction","target":["https:\/\/www.plastitaliaspa.com\/es\/polyethylene-fittings\/accesorios-inyectados\/te-90-mango-largo\/"]}]},{"@type":"ImageObject","inLanguage":"es","@id":"https:\/\/www.plastitaliaspa.com\/es\/polyethylene-fittings\/accesorios-inyectados\/te-90-mango-largo\/#primaryimage","url":"https:\/\/www.plastitaliaspa.com\/wp-content\/uploads\/2024\/09\/prova_1279639066.jpeg","contentUrl":"https:\/\/www.plastitaliaspa.com\/wp-content\/uploads\/2024\/09\/prova_1279639066.jpeg","width":360,"height":475,"caption":"Ti 90\u00b0 codolo lungo"},{"@type":"BreadcrumbList","@id":"https:\/\/www.plastitaliaspa.com\/es\/polyethylene-fittings\/accesorios-inyectados\/te-90-mango-largo\/#breadcrumb","itemListElement":[{"@type":"ListItem","position":1,"name":"Home","item":"https:\/\/www.plastitaliaspa.com\/es\/"},{"@type":"ListItem","position":2,"name":"Shop","item":"https:\/\/www.plastitaliaspa.com\/negozio\/"},{"@type":"ListItem","position":3,"name":"Te 90\u00b0 mango largo"}]},{"@type":"WebSite","@id":"https:\/\/www.plastitaliaspa.com\/es\/#website","url":"https:\/\/www.plastitaliaspa.com\/es\/","name":"Plastitalia","description":"Leader europeo nella produzione di raccordi in polietilene. Raccordi HDPE elettrosaldabili, di transizione e testa a testa utilizzati per impianti acqua e gas.","publisher":{"@id":"https:\/\/www.plastitaliaspa.com\/es\/#organization"},"potentialAction":[{"@type":"SearchAction","target":{"@type":"EntryPoint","urlTemplate":"https:\/\/www.plastitaliaspa.com\/es\/?s={search_term_string}"},"query-input":{"@type":"PropertyValueSpecification","valueRequired":true,"valueName":"search_term_string"}}],"inLanguage":"es"},{"@type":"Organization","@id":"https:\/\/www.plastitaliaspa.com\/es\/#organization","name":"Plastitalia","url":"https:\/\/www.plastitaliaspa.com\/es\/","logo":{"@type":"ImageObject","inLanguage":"es","@id":"https:\/\/www.plastitaliaspa.com\/es\/#\/schema\/logo\/image\/","url":"https:\/\/www.plastitaliaspa.com\/wp-content\/uploads\/2024\/05\/logo-plastitalia-sito.png","contentUrl":"https:\/\/www.plastitaliaspa.com\/wp-content\/uploads\/2024\/05\/logo-plastitalia-sito.png","width":652,"height":205,"caption":"Plastitalia"},"image":{"@id":"https:\/\/www.plastitaliaspa.com\/es\/#\/schema\/logo\/image\/"}}]}},"_links":{"self":[{"href":"https:\/\/www.plastitaliaspa.com\/es\/wp-json\/wp\/v2\/product\/14156","targetHints":{"allow":["GET"]}}],"collection":[{"href":"https:\/\/www.plastitaliaspa.com\/es\/wp-json\/wp\/v2\/product"}],"about":[{"href":"https:\/\/www.plastitaliaspa.com\/es\/wp-json\/wp\/v2\/types\/product"}],"version-history":[{"count":1,"href":"https:\/\/www.plastitaliaspa.com\/es\/wp-json\/wp\/v2\/product\/14156\/revisions"}],"predecessor-version":[{"id":14157,"href":"https:\/\/www.plastitaliaspa.com\/es\/wp-json\/wp\/v2\/product\/14156\/revisions\/14157"}],"wp:featuredmedia":[{"embeddable":true,"href":"https:\/\/www.plastitaliaspa.com\/es\/wp-json\/wp\/v2\/media\/14089"}],"wp:attachment":[{"href":"https:\/\/www.plastitaliaspa.com\/es\/wp-json\/wp\/v2\/media?parent=14156"}],"wp:term":[{"taxonomy":"product_brand","embeddable":true,"href":"https:\/\/www.plastitaliaspa.com\/es\/wp-json\/wp\/v2\/product_brand?post=14156"},{"taxonomy":"product_cat","embeddable":true,"href":"https:\/\/www.plastitaliaspa.com\/es\/wp-json\/wp\/v2\/product_cat?post=14156"},{"taxonomy":"product_tag","embeddable":true,"href":"https:\/\/www.plastitaliaspa.com\/es\/wp-json\/wp\/v2\/product_tag?post=14156"}],"curies":[{"name":"wp","href":"https:\/\/api.w.org\/{rel}","templated":true}]}}