{"id":12126,"date":"2024-05-29T12:00:52","date_gmt":"2024-05-29T12:00:52","guid":{"rendered":"https:\/\/plastitalia.aitema.com\/raccordi-polietilene\/sin%20categor\u00eda\/brida-de-acero-zincado-para-portabrida-pn25-dn200-630\/"},"modified":"2024-07-22T11:15:30","modified_gmt":"2024-07-22T11:15:30","slug":"brida-de-acero-zincado-para-portabrida-pn25-dn200-630","status":"publish","type":"product","link":"https:\/\/www.plastitaliaspa.com\/es\/polyethylene-fittings\/accesorios\/brida-de-acero-zincado-para-portabrida-pn25-dn200-630\/","title":{"rendered":"Brida de acero zincado para portabrida PN25 DN200-630"},"content":{"rendered":"<p><strong>Caracter\u00edsticas BRIDA DE ACERO ZINCADO PARA PORTABRIDA PN25<\/strong><\/p>\n<p>Algunas caracter\u00edsticas: Familia de Accesorios; Acero ; Referencia normativa UNI EN 1092-1; Perforada PN25.<\/p>\n<p>La brida de acero zincado para portabrida PN25 se utiliza para: Sistemas de tuber\u00edas para la distribuc\u00edon de agua (UNI EN 12201) ; Sistemas de tuber\u00edas para aplicaciones industriales (UNI EN ISO 15494).<\/p>\n","protected":false},"excerpt":{"rendered":"<p><strong>Caracter\u00edsticas BRIDA DE ACERO ZINCADO PARA PORTABRIDA PN25<\/strong><\/p>\n<p>Algunas caracter\u00edsticas: Familia de Accesorios; Acero ; Referencia normativa UNI EN 1092-1; Perforada PN25.<\/p>\n<p>La brida de acero zincado para portabrida PN25 se utiliza para: Sistemas de tuber\u00edas para la distribuc\u00edon de agua (UNI EN 12201) ; Sistemas de tuber\u00edas para aplicaciones industriales (UNI EN ISO 15494).<\/p>\n","protected":false},"featured_media":3134,"template":"","meta":{"_acf_changed":false},"product_brand":[],"product_cat":[184,201],"product_tag":[],"class_list":{"0":"post-12126","1":"product","2":"type-product","3":"status-publish","4":"has-post-thumbnail","6":"product_cat-accesorios","7":"product_cat-brida","9":"first","10":"instock","11":"product-type-simple"},"acf":[],"yoast_head":"<!-- This site is optimized with the Yoast SEO plugin v27.2 - https:\/\/yoast.com\/product\/yoast-seo-wordpress\/ -->\n<title>Brida de acero zincado para portabrida PN25 DN200-630 | Plastitalia<\/title>\n<meta name=\"description\" content=\"Caracter\u00edsticas BRIDA DE ACERO ZINCADO PARA PORTABRIDA PN25  Algunas caracter\u00edsticas: Familia de Accesorios; Acero ; Referencia normativa UNI EN 1092-1; Perforada PN25.  La brida de acero zincado para portabrida PN25 se utiliza para: Sistemas de tuber\u00edas para la distribuc\u00edon de agua (UNI EN 12201) ; Sistemas de tuber\u00edas para aplicaciones industriales (UNI EN ISO 15494).\" \/>\n<meta name=\"robots\" content=\"index, follow, max-snippet:-1, max-image-preview:large, max-video-preview:-1\" \/>\n<link rel=\"canonical\" href=\"https:\/\/www.plastitaliaspa.com\/es\/polyethylene-fittings\/accesorios\/brida-de-acero-zincado-para-portabrida-pn25-dn200-630\/\" \/>\n<meta property=\"og:locale\" content=\"es_ES\" \/>\n<meta property=\"og:type\" content=\"article\" \/>\n<meta property=\"og:title\" content=\"Brida de acero zincado para portabrida PN25 DN200-630 | Plastitalia\" \/>\n<meta property=\"og:description\" content=\"Caracter\u00edsticas BRIDA DE ACERO ZINCADO PARA PORTABRIDA PN25  Algunas caracter\u00edsticas: Familia de Accesorios; Acero ; Referencia normativa UNI EN 1092-1; Perforada PN25.  La brida de acero zincado para portabrida PN25 se utiliza para: Sistemas de tuber\u00edas para la distribuc\u00edon de agua (UNI EN 12201) ; Sistemas de tuber\u00edas para aplicaciones industriales (UNI EN ISO 15494).\" \/>\n<meta property=\"og:url\" content=\"https:\/\/www.plastitaliaspa.com\/es\/polyethylene-fittings\/accesorios\/brida-de-acero-zincado-para-portabrida-pn25-dn200-630\/\" \/>\n<meta property=\"og:site_name\" content=\"Plastitalia\" \/>\n<meta property=\"article:modified_time\" content=\"2024-07-22T11:15:30+00:00\" \/>\n<meta property=\"og:image\" content=\"https:\/\/www.plastitaliaspa.com\/wp-content\/uploads\/2024\/05\/falangia-in-acciaio-p_.jpg\" \/>\n\t<meta property=\"og:image:width\" content=\"388\" \/>\n\t<meta property=\"og:image:height\" content=\"388\" \/>\n\t<meta property=\"og:image:type\" content=\"image\/jpeg\" \/>\n<meta name=\"twitter:card\" content=\"summary_large_image\" \/>\n<script type=\"application\/ld+json\" class=\"yoast-schema-graph\">{\"@context\":\"https:\/\/schema.org\",\"@graph\":[{\"@type\":\"WebPage\",\"@id\":\"https:\/\/www.plastitaliaspa.com\/es\/polyethylene-fittings\/accesorios\/brida-de-acero-zincado-para-portabrida-pn25-dn200-630\/\",\"url\":\"https:\/\/www.plastitaliaspa.com\/es\/polyethylene-fittings\/accesorios\/brida-de-acero-zincado-para-portabrida-pn25-dn200-630\/\",\"name\":\"Brida de acero zincado para portabrida PN25 DN200-630 | Plastitalia\",\"isPartOf\":{\"@id\":\"https:\/\/www.plastitaliaspa.com\/es\/#website\"},\"primaryImageOfPage\":{\"@id\":\"https:\/\/www.plastitaliaspa.com\/es\/polyethylene-fittings\/accesorios\/brida-de-acero-zincado-para-portabrida-pn25-dn200-630\/#primaryimage\"},\"image\":{\"@id\":\"https:\/\/www.plastitaliaspa.com\/es\/polyethylene-fittings\/accesorios\/brida-de-acero-zincado-para-portabrida-pn25-dn200-630\/#primaryimage\"},\"thumbnailUrl\":\"https:\/\/www.plastitaliaspa.com\/wp-content\/uploads\/2024\/05\/falangia-in-acciaio-p_.jpg\",\"datePublished\":\"2024-05-29T12:00:52+00:00\",\"dateModified\":\"2024-07-22T11:15:30+00:00\",\"description\":\"Caracter\u00edsticas BRIDA DE ACERO ZINCADO PARA PORTABRIDA PN25 Algunas caracter\u00edsticas: Familia de Accesorios; Acero ; Referencia normativa UNI EN 1092-1; Perforada PN25. La brida de acero zincado para portabrida PN25 se utiliza para: Sistemas de tuber\u00edas para la distribuc\u00edon de agua (UNI EN 12201) ; Sistemas de tuber\u00edas para aplicaciones industriales (UNI EN ISO 15494).\",\"breadcrumb\":{\"@id\":\"https:\/\/www.plastitaliaspa.com\/es\/polyethylene-fittings\/accesorios\/brida-de-acero-zincado-para-portabrida-pn25-dn200-630\/#breadcrumb\"},\"inLanguage\":\"es\",\"potentialAction\":[{\"@type\":\"ReadAction\",\"target\":[\"https:\/\/www.plastitaliaspa.com\/es\/polyethylene-fittings\/accesorios\/brida-de-acero-zincado-para-portabrida-pn25-dn200-630\/\"]}]},{\"@type\":\"ImageObject\",\"inLanguage\":\"es\",\"@id\":\"https:\/\/www.plastitaliaspa.com\/es\/polyethylene-fittings\/accesorios\/brida-de-acero-zincado-para-portabrida-pn25-dn200-630\/#primaryimage\",\"url\":\"https:\/\/www.plastitaliaspa.com\/wp-content\/uploads\/2024\/05\/falangia-in-acciaio-p_.jpg\",\"contentUrl\":\"https:\/\/www.plastitaliaspa.com\/wp-content\/uploads\/2024\/05\/falangia-in-acciaio-p_.jpg\",\"width\":388,\"height\":388},{\"@type\":\"BreadcrumbList\",\"@id\":\"https:\/\/www.plastitaliaspa.com\/es\/polyethylene-fittings\/accesorios\/brida-de-acero-zincado-para-portabrida-pn25-dn200-630\/#breadcrumb\",\"itemListElement\":[{\"@type\":\"ListItem\",\"position\":1,\"name\":\"Home\",\"item\":\"https:\/\/www.plastitaliaspa.com\/es\/\"},{\"@type\":\"ListItem\",\"position\":2,\"name\":\"Shop\",\"item\":\"https:\/\/www.plastitaliaspa.com\/negozio\/\"},{\"@type\":\"ListItem\",\"position\":3,\"name\":\"Brida de acero zincado para portabrida PN25 DN200-630\"}]},{\"@type\":\"WebSite\",\"@id\":\"https:\/\/www.plastitaliaspa.com\/es\/#website\",\"url\":\"https:\/\/www.plastitaliaspa.com\/es\/\",\"name\":\"Plastitalia\",\"description\":\"Leader europeo nella produzione di raccordi in polietilene. Raccordi HDPE elettrosaldabili, di transizione e testa a testa utilizzati per impianti acqua e gas.\",\"publisher\":{\"@id\":\"https:\/\/www.plastitaliaspa.com\/es\/#organization\"},\"potentialAction\":[{\"@type\":\"SearchAction\",\"target\":{\"@type\":\"EntryPoint\",\"urlTemplate\":\"https:\/\/www.plastitaliaspa.com\/es\/?s={search_term_string}\"},\"query-input\":{\"@type\":\"PropertyValueSpecification\",\"valueRequired\":true,\"valueName\":\"search_term_string\"}}],\"inLanguage\":\"es\"},{\"@type\":\"Organization\",\"@id\":\"https:\/\/www.plastitaliaspa.com\/es\/#organization\",\"name\":\"Plastitalia\",\"url\":\"https:\/\/www.plastitaliaspa.com\/es\/\",\"logo\":{\"@type\":\"ImageObject\",\"inLanguage\":\"es\",\"@id\":\"https:\/\/www.plastitaliaspa.com\/es\/#\/schema\/logo\/image\/\",\"url\":\"https:\/\/www.plastitaliaspa.com\/wp-content\/uploads\/2024\/05\/logo-plastitalia-sito.png\",\"contentUrl\":\"https:\/\/www.plastitaliaspa.com\/wp-content\/uploads\/2024\/05\/logo-plastitalia-sito.png\",\"width\":652,\"height\":205,\"caption\":\"Plastitalia\"},\"image\":{\"@id\":\"https:\/\/www.plastitaliaspa.com\/es\/#\/schema\/logo\/image\/\"}}]}<\/script>\n<!-- \/ Yoast SEO plugin. -->","yoast_head_json":{"title":"Brida de acero zincado para portabrida PN25 DN200-630 | Plastitalia","description":"Caracter\u00edsticas BRIDA DE ACERO ZINCADO PARA PORTABRIDA PN25  Algunas caracter\u00edsticas: Familia de Accesorios; Acero ; Referencia normativa UNI EN 1092-1; Perforada PN25.  La brida de acero zincado para portabrida PN25 se utiliza para: Sistemas de tuber\u00edas para la distribuc\u00edon de agua (UNI EN 12201) ; Sistemas de tuber\u00edas para aplicaciones industriales (UNI EN ISO 15494).","robots":{"index":"index","follow":"follow","max-snippet":"max-snippet:-1","max-image-preview":"max-image-preview:large","max-video-preview":"max-video-preview:-1"},"canonical":"https:\/\/www.plastitaliaspa.com\/es\/polyethylene-fittings\/accesorios\/brida-de-acero-zincado-para-portabrida-pn25-dn200-630\/","og_locale":"es_ES","og_type":"article","og_title":"Brida de acero zincado para portabrida PN25 DN200-630 | Plastitalia","og_description":"Caracter\u00edsticas BRIDA DE ACERO ZINCADO PARA PORTABRIDA PN25  Algunas caracter\u00edsticas: Familia de Accesorios; Acero ; Referencia normativa UNI EN 1092-1; Perforada PN25.  La brida de acero zincado para portabrida PN25 se utiliza para: Sistemas de tuber\u00edas para la distribuc\u00edon de agua (UNI EN 12201) ; Sistemas de tuber\u00edas para aplicaciones industriales (UNI EN ISO 15494).","og_url":"https:\/\/www.plastitaliaspa.com\/es\/polyethylene-fittings\/accesorios\/brida-de-acero-zincado-para-portabrida-pn25-dn200-630\/","og_site_name":"Plastitalia","article_modified_time":"2024-07-22T11:15:30+00:00","og_image":[{"width":388,"height":388,"url":"https:\/\/www.plastitaliaspa.com\/wp-content\/uploads\/2024\/05\/falangia-in-acciaio-p_.jpg","type":"image\/jpeg"}],"twitter_card":"summary_large_image","schema":{"@context":"https:\/\/schema.org","@graph":[{"@type":"WebPage","@id":"https:\/\/www.plastitaliaspa.com\/es\/polyethylene-fittings\/accesorios\/brida-de-acero-zincado-para-portabrida-pn25-dn200-630\/","url":"https:\/\/www.plastitaliaspa.com\/es\/polyethylene-fittings\/accesorios\/brida-de-acero-zincado-para-portabrida-pn25-dn200-630\/","name":"Brida de acero zincado para portabrida PN25 DN200-630 | Plastitalia","isPartOf":{"@id":"https:\/\/www.plastitaliaspa.com\/es\/#website"},"primaryImageOfPage":{"@id":"https:\/\/www.plastitaliaspa.com\/es\/polyethylene-fittings\/accesorios\/brida-de-acero-zincado-para-portabrida-pn25-dn200-630\/#primaryimage"},"image":{"@id":"https:\/\/www.plastitaliaspa.com\/es\/polyethylene-fittings\/accesorios\/brida-de-acero-zincado-para-portabrida-pn25-dn200-630\/#primaryimage"},"thumbnailUrl":"https:\/\/www.plastitaliaspa.com\/wp-content\/uploads\/2024\/05\/falangia-in-acciaio-p_.jpg","datePublished":"2024-05-29T12:00:52+00:00","dateModified":"2024-07-22T11:15:30+00:00","description":"Caracter\u00edsticas BRIDA DE ACERO ZINCADO PARA PORTABRIDA PN25 Algunas caracter\u00edsticas: Familia de Accesorios; Acero ; Referencia normativa UNI EN 1092-1; Perforada PN25. La brida de acero zincado para portabrida PN25 se utiliza para: Sistemas de tuber\u00edas para la distribuc\u00edon de agua (UNI EN 12201) ; Sistemas de tuber\u00edas para aplicaciones industriales (UNI EN ISO 15494).","breadcrumb":{"@id":"https:\/\/www.plastitaliaspa.com\/es\/polyethylene-fittings\/accesorios\/brida-de-acero-zincado-para-portabrida-pn25-dn200-630\/#breadcrumb"},"inLanguage":"es","potentialAction":[{"@type":"ReadAction","target":["https:\/\/www.plastitaliaspa.com\/es\/polyethylene-fittings\/accesorios\/brida-de-acero-zincado-para-portabrida-pn25-dn200-630\/"]}]},{"@type":"ImageObject","inLanguage":"es","@id":"https:\/\/www.plastitaliaspa.com\/es\/polyethylene-fittings\/accesorios\/brida-de-acero-zincado-para-portabrida-pn25-dn200-630\/#primaryimage","url":"https:\/\/www.plastitaliaspa.com\/wp-content\/uploads\/2024\/05\/falangia-in-acciaio-p_.jpg","contentUrl":"https:\/\/www.plastitaliaspa.com\/wp-content\/uploads\/2024\/05\/falangia-in-acciaio-p_.jpg","width":388,"height":388},{"@type":"BreadcrumbList","@id":"https:\/\/www.plastitaliaspa.com\/es\/polyethylene-fittings\/accesorios\/brida-de-acero-zincado-para-portabrida-pn25-dn200-630\/#breadcrumb","itemListElement":[{"@type":"ListItem","position":1,"name":"Home","item":"https:\/\/www.plastitaliaspa.com\/es\/"},{"@type":"ListItem","position":2,"name":"Shop","item":"https:\/\/www.plastitaliaspa.com\/negozio\/"},{"@type":"ListItem","position":3,"name":"Brida de acero zincado para portabrida PN25 DN200-630"}]},{"@type":"WebSite","@id":"https:\/\/www.plastitaliaspa.com\/es\/#website","url":"https:\/\/www.plastitaliaspa.com\/es\/","name":"Plastitalia","description":"Leader europeo nella produzione di raccordi in polietilene. Raccordi HDPE elettrosaldabili, di transizione e testa a testa utilizzati per impianti acqua e gas.","publisher":{"@id":"https:\/\/www.plastitaliaspa.com\/es\/#organization"},"potentialAction":[{"@type":"SearchAction","target":{"@type":"EntryPoint","urlTemplate":"https:\/\/www.plastitaliaspa.com\/es\/?s={search_term_string}"},"query-input":{"@type":"PropertyValueSpecification","valueRequired":true,"valueName":"search_term_string"}}],"inLanguage":"es"},{"@type":"Organization","@id":"https:\/\/www.plastitaliaspa.com\/es\/#organization","name":"Plastitalia","url":"https:\/\/www.plastitaliaspa.com\/es\/","logo":{"@type":"ImageObject","inLanguage":"es","@id":"https:\/\/www.plastitaliaspa.com\/es\/#\/schema\/logo\/image\/","url":"https:\/\/www.plastitaliaspa.com\/wp-content\/uploads\/2024\/05\/logo-plastitalia-sito.png","contentUrl":"https:\/\/www.plastitaliaspa.com\/wp-content\/uploads\/2024\/05\/logo-plastitalia-sito.png","width":652,"height":205,"caption":"Plastitalia"},"image":{"@id":"https:\/\/www.plastitaliaspa.com\/es\/#\/schema\/logo\/image\/"}}]}},"_links":{"self":[{"href":"https:\/\/www.plastitaliaspa.com\/es\/wp-json\/wp\/v2\/product\/12126","targetHints":{"allow":["GET"]}}],"collection":[{"href":"https:\/\/www.plastitaliaspa.com\/es\/wp-json\/wp\/v2\/product"}],"about":[{"href":"https:\/\/www.plastitaliaspa.com\/es\/wp-json\/wp\/v2\/types\/product"}],"version-history":[{"count":1,"href":"https:\/\/www.plastitaliaspa.com\/es\/wp-json\/wp\/v2\/product\/12126\/revisions"}],"predecessor-version":[{"id":12570,"href":"https:\/\/www.plastitaliaspa.com\/es\/wp-json\/wp\/v2\/product\/12126\/revisions\/12570"}],"wp:featuredmedia":[{"embeddable":true,"href":"https:\/\/www.plastitaliaspa.com\/es\/wp-json\/wp\/v2\/media\/3134"}],"wp:attachment":[{"href":"https:\/\/www.plastitaliaspa.com\/es\/wp-json\/wp\/v2\/media?parent=12126"}],"wp:term":[{"taxonomy":"product_brand","embeddable":true,"href":"https:\/\/www.plastitaliaspa.com\/es\/wp-json\/wp\/v2\/product_brand?post=12126"},{"taxonomy":"product_cat","embeddable":true,"href":"https:\/\/www.plastitaliaspa.com\/es\/wp-json\/wp\/v2\/product_cat?post=12126"},{"taxonomy":"product_tag","embeddable":true,"href":"https:\/\/www.plastitaliaspa.com\/es\/wp-json\/wp\/v2\/product_tag?post=12126"}],"curies":[{"name":"wp","href":"https:\/\/api.w.org\/{rel}","templated":true}]}}