{"id":12087,"date":"2024-05-29T11:59:53","date_gmt":"2024-05-29T11:59:53","guid":{"rendered":"https:\/\/plastitalia.aitema.com\/raccordi-polietilene\/sin%20categor\u00eda\/te-90-electrosoldable\/"},"modified":"2024-07-29T10:17:29","modified_gmt":"2024-07-29T10:17:29","slug":"te-90-electrosoldable","status":"publish","type":"product","link":"https:\/\/www.plastitaliaspa.com\/es\/polyethylene-fittings\/accesorios-electrosoldables\/te-90-electrosoldable\/","title":{"rendered":"Te 90\u00b0 electrosoldable"},"content":{"rendered":"<p><strong>Caracter\u00edsticas TE 90\u00b0 ELECTROSOLDABLE<\/strong><\/p>\n<p>Algunas caracter\u00edsticas: Familia de accesorios electrosoldables ; PE100 negro (disponible tambi\u00e9n en azul, amarillo y naranja); SDR 11; 39,5-48 V; Ejecuci\u00f3n Inyectada.<\/p>\n<hr \/>\n<p>La te 90\u00b0 electrosoldable se utiliza para: Sistemas de tuber\u00edas para la distribuc\u00edon de agua (UNI EN 12201); Sistemas de tuber\u00edas para aplicaciones industriales (UNI EN ISO 15494); Sistemas de tuber\u00edas para la distribuc\u00edon de combustibles gaseosos (UNI EN 1555).<\/p>\n<\/p>\n<hr \/>\n<p>Sistemas de soldadura: Electrofusi\u00f3n (UNI 10521).<\/p>\n","protected":false},"excerpt":{"rendered":"<p><strong>Caracter\u00edsticas TE 90\u00b0 ELECTROSOLDABLE<\/strong><\/p>\n<p>Algunas caracter\u00edsticas: Familia de accesorios electrosoldables ; PE100 negro (disponible tambi\u00e9n en azul, amarillo y naranja); SDR 11; 39,5-48 V; Ejecuci\u00f3n Inyectada.<\/p>\n<hr \/>\n<p>La te 90\u00b0 electrosoldable se utiliza para: Sistemas de tuber\u00edas para la distribuc\u00edon de agua (UNI EN 12201); Sistemas de tuber\u00edas para aplicaciones industriales (UNI EN ISO 15494); Sistemas de tuber\u00edas para la distribuc\u00edon de combustibles gaseosos (UNI EN 1555).<\/p>\n<\/p>\n<hr \/>\n<p>Sistemas de soldadura: Electrofusi\u00f3n (UNI 10521).<\/p>\n","protected":false},"featured_media":2532,"template":"","meta":{"_acf_changed":false},"product_brand":[],"product_cat":[184,121],"product_tag":[],"class_list":{"0":"post-12087","1":"product","2":"type-product","3":"status-publish","4":"has-post-thumbnail","6":"product_cat-accesorios","7":"product_cat-accesorios-electrosoldables","9":"first","10":"instock","11":"product-type-simple"},"acf":[],"yoast_head":"<!-- This site is optimized with the Yoast SEO plugin v27.2 - https:\/\/yoast.com\/product\/yoast-seo-wordpress\/ -->\n<title>Te 90\u00b0 electrosoldable | Plastitalia<\/title>\n<meta name=\"description\" content=\"Caracter\u00edsticas TE 90\u00b0 ELECTROSOLDABLE  Algunas caracter\u00edsticas: Familia de accesorios electrosoldables ; PE100 negro (disponible tambi\u00e9n en azul, amarillo y naranja); SDR 11; 39,5-48 V; Ejecuci\u00f3n Inyectada.   La te 90\u00b0 electrosoldable se utiliza para: Sistemas de tuber\u00edas para la distribuc\u00edon de agua (UNI EN 12201); Sistemas de tuber\u00edas para aplicaciones industriales (UNI EN ISO 15494); Sistemas de tuber\u00edas para la distribuc\u00edon de combustibles gaseosos (UNI EN 1555).    Sistemas de soldadura: Electrofusi\u00f3n (UNI 10521).\" \/>\n<meta name=\"robots\" content=\"index, follow, max-snippet:-1, max-image-preview:large, max-video-preview:-1\" \/>\n<link rel=\"canonical\" href=\"https:\/\/www.plastitaliaspa.com\/es\/polyethylene-fittings\/accesorios-electrosoldables\/te-90-electrosoldable\/\" \/>\n<meta property=\"og:locale\" content=\"es_ES\" \/>\n<meta property=\"og:type\" content=\"article\" \/>\n<meta property=\"og:title\" content=\"Te 90\u00b0 electrosoldable | Plastitalia\" \/>\n<meta property=\"og:description\" content=\"Caracter\u00edsticas TE 90\u00b0 ELECTROSOLDABLE  Algunas caracter\u00edsticas: Familia de accesorios electrosoldables ; PE100 negro (disponible tambi\u00e9n en azul, amarillo y naranja); SDR 11; 39,5-48 V; Ejecuci\u00f3n Inyectada.   La te 90\u00b0 electrosoldable se utiliza para: Sistemas de tuber\u00edas para la distribuc\u00edon de agua (UNI EN 12201); Sistemas de tuber\u00edas para aplicaciones industriales (UNI EN ISO 15494); Sistemas de tuber\u00edas para la distribuc\u00edon de combustibles gaseosos (UNI EN 1555).    Sistemas de soldadura: Electrofusi\u00f3n (UNI 10521).\" \/>\n<meta property=\"og:url\" content=\"https:\/\/www.plastitaliaspa.com\/es\/polyethylene-fittings\/accesorios-electrosoldables\/te-90-electrosoldable\/\" \/>\n<meta property=\"og:site_name\" content=\"Plastitalia\" \/>\n<meta property=\"article:modified_time\" content=\"2024-07-29T10:17:29+00:00\" \/>\n<meta property=\"og:image\" content=\"https:\/\/www.plastitaliaspa.com\/wp-content\/uploads\/2024\/05\/elettrosaldabili-p-tielettrica_822620693.jpg\" \/>\n\t<meta property=\"og:image:width\" content=\"270\" \/>\n\t<meta property=\"og:image:height\" content=\"360\" \/>\n\t<meta property=\"og:image:type\" content=\"image\/jpeg\" \/>\n<meta name=\"twitter:card\" content=\"summary_large_image\" \/>\n<script type=\"application\/ld+json\" class=\"yoast-schema-graph\">{\"@context\":\"https:\/\/schema.org\",\"@graph\":[{\"@type\":\"WebPage\",\"@id\":\"https:\/\/www.plastitaliaspa.com\/es\/polyethylene-fittings\/accesorios-electrosoldables\/te-90-electrosoldable\/\",\"url\":\"https:\/\/www.plastitaliaspa.com\/es\/polyethylene-fittings\/accesorios-electrosoldables\/te-90-electrosoldable\/\",\"name\":\"Te 90\u00b0 electrosoldable | Plastitalia\",\"isPartOf\":{\"@id\":\"https:\/\/www.plastitaliaspa.com\/es\/#website\"},\"primaryImageOfPage\":{\"@id\":\"https:\/\/www.plastitaliaspa.com\/es\/polyethylene-fittings\/accesorios-electrosoldables\/te-90-electrosoldable\/#primaryimage\"},\"image\":{\"@id\":\"https:\/\/www.plastitaliaspa.com\/es\/polyethylene-fittings\/accesorios-electrosoldables\/te-90-electrosoldable\/#primaryimage\"},\"thumbnailUrl\":\"https:\/\/www.plastitaliaspa.com\/wp-content\/uploads\/2024\/05\/elettrosaldabili-p-tielettrica_822620693.jpg\",\"datePublished\":\"2024-05-29T11:59:53+00:00\",\"dateModified\":\"2024-07-29T10:17:29+00:00\",\"description\":\"Caracter\u00edsticas TE 90\u00b0 ELECTROSOLDABLE Algunas caracter\u00edsticas: Familia de accesorios electrosoldables ; PE100 negro (disponible tambi\u00e9n en azul, amarillo y naranja); SDR 11; 39,5-48 V; Ejecuci\u00f3n Inyectada. La te 90\u00b0 electrosoldable se utiliza para: Sistemas de tuber\u00edas para la distribuc\u00edon de agua (UNI EN 12201); Sistemas de tuber\u00edas para aplicaciones industriales (UNI EN ISO 15494); Sistemas de tuber\u00edas para la distribuc\u00edon de combustibles gaseosos (UNI EN 1555). Sistemas de soldadura: Electrofusi\u00f3n (UNI 10521).\",\"breadcrumb\":{\"@id\":\"https:\/\/www.plastitaliaspa.com\/es\/polyethylene-fittings\/accesorios-electrosoldables\/te-90-electrosoldable\/#breadcrumb\"},\"inLanguage\":\"es\",\"potentialAction\":[{\"@type\":\"ReadAction\",\"target\":[\"https:\/\/www.plastitaliaspa.com\/es\/polyethylene-fittings\/accesorios-electrosoldables\/te-90-electrosoldable\/\"]}]},{\"@type\":\"ImageObject\",\"inLanguage\":\"es\",\"@id\":\"https:\/\/www.plastitaliaspa.com\/es\/polyethylene-fittings\/accesorios-electrosoldables\/te-90-electrosoldable\/#primaryimage\",\"url\":\"https:\/\/www.plastitaliaspa.com\/wp-content\/uploads\/2024\/05\/elettrosaldabili-p-tielettrica_822620693.jpg\",\"contentUrl\":\"https:\/\/www.plastitaliaspa.com\/wp-content\/uploads\/2024\/05\/elettrosaldabili-p-tielettrica_822620693.jpg\",\"width\":270,\"height\":360},{\"@type\":\"BreadcrumbList\",\"@id\":\"https:\/\/www.plastitaliaspa.com\/es\/polyethylene-fittings\/accesorios-electrosoldables\/te-90-electrosoldable\/#breadcrumb\",\"itemListElement\":[{\"@type\":\"ListItem\",\"position\":1,\"name\":\"Home\",\"item\":\"https:\/\/www.plastitaliaspa.com\/es\/\"},{\"@type\":\"ListItem\",\"position\":2,\"name\":\"Shop\",\"item\":\"https:\/\/www.plastitaliaspa.com\/negozio\/\"},{\"@type\":\"ListItem\",\"position\":3,\"name\":\"Te 90\u00b0 electrosoldable\"}]},{\"@type\":\"WebSite\",\"@id\":\"https:\/\/www.plastitaliaspa.com\/es\/#website\",\"url\":\"https:\/\/www.plastitaliaspa.com\/es\/\",\"name\":\"Plastitalia\",\"description\":\"Leader europeo nella produzione di raccordi in polietilene. Raccordi HDPE elettrosaldabili, di transizione e testa a testa utilizzati per impianti acqua e gas.\",\"publisher\":{\"@id\":\"https:\/\/www.plastitaliaspa.com\/es\/#organization\"},\"potentialAction\":[{\"@type\":\"SearchAction\",\"target\":{\"@type\":\"EntryPoint\",\"urlTemplate\":\"https:\/\/www.plastitaliaspa.com\/es\/?s={search_term_string}\"},\"query-input\":{\"@type\":\"PropertyValueSpecification\",\"valueRequired\":true,\"valueName\":\"search_term_string\"}}],\"inLanguage\":\"es\"},{\"@type\":\"Organization\",\"@id\":\"https:\/\/www.plastitaliaspa.com\/es\/#organization\",\"name\":\"Plastitalia\",\"url\":\"https:\/\/www.plastitaliaspa.com\/es\/\",\"logo\":{\"@type\":\"ImageObject\",\"inLanguage\":\"es\",\"@id\":\"https:\/\/www.plastitaliaspa.com\/es\/#\/schema\/logo\/image\/\",\"url\":\"https:\/\/www.plastitaliaspa.com\/wp-content\/uploads\/2024\/05\/logo-plastitalia-sito.png\",\"contentUrl\":\"https:\/\/www.plastitaliaspa.com\/wp-content\/uploads\/2024\/05\/logo-plastitalia-sito.png\",\"width\":652,\"height\":205,\"caption\":\"Plastitalia\"},\"image\":{\"@id\":\"https:\/\/www.plastitaliaspa.com\/es\/#\/schema\/logo\/image\/\"}}]}<\/script>\n<!-- \/ Yoast SEO plugin. -->","yoast_head_json":{"title":"Te 90\u00b0 electrosoldable | Plastitalia","description":"Caracter\u00edsticas TE 90\u00b0 ELECTROSOLDABLE  Algunas caracter\u00edsticas: Familia de accesorios electrosoldables ; PE100 negro (disponible tambi\u00e9n en azul, amarillo y naranja); SDR 11; 39,5-48 V; Ejecuci\u00f3n Inyectada.   La te 90\u00b0 electrosoldable se utiliza para: Sistemas de tuber\u00edas para la distribuc\u00edon de agua (UNI EN 12201); Sistemas de tuber\u00edas para aplicaciones industriales (UNI EN ISO 15494); Sistemas de tuber\u00edas para la distribuc\u00edon de combustibles gaseosos (UNI EN 1555).    Sistemas de soldadura: Electrofusi\u00f3n (UNI 10521).","robots":{"index":"index","follow":"follow","max-snippet":"max-snippet:-1","max-image-preview":"max-image-preview:large","max-video-preview":"max-video-preview:-1"},"canonical":"https:\/\/www.plastitaliaspa.com\/es\/polyethylene-fittings\/accesorios-electrosoldables\/te-90-electrosoldable\/","og_locale":"es_ES","og_type":"article","og_title":"Te 90\u00b0 electrosoldable | Plastitalia","og_description":"Caracter\u00edsticas TE 90\u00b0 ELECTROSOLDABLE  Algunas caracter\u00edsticas: Familia de accesorios electrosoldables ; PE100 negro (disponible tambi\u00e9n en azul, amarillo y naranja); SDR 11; 39,5-48 V; Ejecuci\u00f3n Inyectada.   La te 90\u00b0 electrosoldable se utiliza para: Sistemas de tuber\u00edas para la distribuc\u00edon de agua (UNI EN 12201); Sistemas de tuber\u00edas para aplicaciones industriales (UNI EN ISO 15494); Sistemas de tuber\u00edas para la distribuc\u00edon de combustibles gaseosos (UNI EN 1555).    Sistemas de soldadura: Electrofusi\u00f3n (UNI 10521).","og_url":"https:\/\/www.plastitaliaspa.com\/es\/polyethylene-fittings\/accesorios-electrosoldables\/te-90-electrosoldable\/","og_site_name":"Plastitalia","article_modified_time":"2024-07-29T10:17:29+00:00","og_image":[{"width":270,"height":360,"url":"https:\/\/www.plastitaliaspa.com\/wp-content\/uploads\/2024\/05\/elettrosaldabili-p-tielettrica_822620693.jpg","type":"image\/jpeg"}],"twitter_card":"summary_large_image","schema":{"@context":"https:\/\/schema.org","@graph":[{"@type":"WebPage","@id":"https:\/\/www.plastitaliaspa.com\/es\/polyethylene-fittings\/accesorios-electrosoldables\/te-90-electrosoldable\/","url":"https:\/\/www.plastitaliaspa.com\/es\/polyethylene-fittings\/accesorios-electrosoldables\/te-90-electrosoldable\/","name":"Te 90\u00b0 electrosoldable | Plastitalia","isPartOf":{"@id":"https:\/\/www.plastitaliaspa.com\/es\/#website"},"primaryImageOfPage":{"@id":"https:\/\/www.plastitaliaspa.com\/es\/polyethylene-fittings\/accesorios-electrosoldables\/te-90-electrosoldable\/#primaryimage"},"image":{"@id":"https:\/\/www.plastitaliaspa.com\/es\/polyethylene-fittings\/accesorios-electrosoldables\/te-90-electrosoldable\/#primaryimage"},"thumbnailUrl":"https:\/\/www.plastitaliaspa.com\/wp-content\/uploads\/2024\/05\/elettrosaldabili-p-tielettrica_822620693.jpg","datePublished":"2024-05-29T11:59:53+00:00","dateModified":"2024-07-29T10:17:29+00:00","description":"Caracter\u00edsticas TE 90\u00b0 ELECTROSOLDABLE Algunas caracter\u00edsticas: Familia de accesorios electrosoldables ; PE100 negro (disponible tambi\u00e9n en azul, amarillo y naranja); SDR 11; 39,5-48 V; Ejecuci\u00f3n Inyectada. La te 90\u00b0 electrosoldable se utiliza para: Sistemas de tuber\u00edas para la distribuc\u00edon de agua (UNI EN 12201); Sistemas de tuber\u00edas para aplicaciones industriales (UNI EN ISO 15494); Sistemas de tuber\u00edas para la distribuc\u00edon de combustibles gaseosos (UNI EN 1555). Sistemas de soldadura: Electrofusi\u00f3n (UNI 10521).","breadcrumb":{"@id":"https:\/\/www.plastitaliaspa.com\/es\/polyethylene-fittings\/accesorios-electrosoldables\/te-90-electrosoldable\/#breadcrumb"},"inLanguage":"es","potentialAction":[{"@type":"ReadAction","target":["https:\/\/www.plastitaliaspa.com\/es\/polyethylene-fittings\/accesorios-electrosoldables\/te-90-electrosoldable\/"]}]},{"@type":"ImageObject","inLanguage":"es","@id":"https:\/\/www.plastitaliaspa.com\/es\/polyethylene-fittings\/accesorios-electrosoldables\/te-90-electrosoldable\/#primaryimage","url":"https:\/\/www.plastitaliaspa.com\/wp-content\/uploads\/2024\/05\/elettrosaldabili-p-tielettrica_822620693.jpg","contentUrl":"https:\/\/www.plastitaliaspa.com\/wp-content\/uploads\/2024\/05\/elettrosaldabili-p-tielettrica_822620693.jpg","width":270,"height":360},{"@type":"BreadcrumbList","@id":"https:\/\/www.plastitaliaspa.com\/es\/polyethylene-fittings\/accesorios-electrosoldables\/te-90-electrosoldable\/#breadcrumb","itemListElement":[{"@type":"ListItem","position":1,"name":"Home","item":"https:\/\/www.plastitaliaspa.com\/es\/"},{"@type":"ListItem","position":2,"name":"Shop","item":"https:\/\/www.plastitaliaspa.com\/negozio\/"},{"@type":"ListItem","position":3,"name":"Te 90\u00b0 electrosoldable"}]},{"@type":"WebSite","@id":"https:\/\/www.plastitaliaspa.com\/es\/#website","url":"https:\/\/www.plastitaliaspa.com\/es\/","name":"Plastitalia","description":"Leader europeo nella produzione di raccordi in polietilene. Raccordi HDPE elettrosaldabili, di transizione e testa a testa utilizzati per impianti acqua e gas.","publisher":{"@id":"https:\/\/www.plastitaliaspa.com\/es\/#organization"},"potentialAction":[{"@type":"SearchAction","target":{"@type":"EntryPoint","urlTemplate":"https:\/\/www.plastitaliaspa.com\/es\/?s={search_term_string}"},"query-input":{"@type":"PropertyValueSpecification","valueRequired":true,"valueName":"search_term_string"}}],"inLanguage":"es"},{"@type":"Organization","@id":"https:\/\/www.plastitaliaspa.com\/es\/#organization","name":"Plastitalia","url":"https:\/\/www.plastitaliaspa.com\/es\/","logo":{"@type":"ImageObject","inLanguage":"es","@id":"https:\/\/www.plastitaliaspa.com\/es\/#\/schema\/logo\/image\/","url":"https:\/\/www.plastitaliaspa.com\/wp-content\/uploads\/2024\/05\/logo-plastitalia-sito.png","contentUrl":"https:\/\/www.plastitaliaspa.com\/wp-content\/uploads\/2024\/05\/logo-plastitalia-sito.png","width":652,"height":205,"caption":"Plastitalia"},"image":{"@id":"https:\/\/www.plastitaliaspa.com\/es\/#\/schema\/logo\/image\/"}}]}},"_links":{"self":[{"href":"https:\/\/www.plastitaliaspa.com\/es\/wp-json\/wp\/v2\/product\/12087","targetHints":{"allow":["GET"]}}],"collection":[{"href":"https:\/\/www.plastitaliaspa.com\/es\/wp-json\/wp\/v2\/product"}],"about":[{"href":"https:\/\/www.plastitaliaspa.com\/es\/wp-json\/wp\/v2\/types\/product"}],"version-history":[{"count":1,"href":"https:\/\/www.plastitaliaspa.com\/es\/wp-json\/wp\/v2\/product\/12087\/revisions"}],"predecessor-version":[{"id":12541,"href":"https:\/\/www.plastitaliaspa.com\/es\/wp-json\/wp\/v2\/product\/12087\/revisions\/12541"}],"wp:featuredmedia":[{"embeddable":true,"href":"https:\/\/www.plastitaliaspa.com\/es\/wp-json\/wp\/v2\/media\/2532"}],"wp:attachment":[{"href":"https:\/\/www.plastitaliaspa.com\/es\/wp-json\/wp\/v2\/media?parent=12087"}],"wp:term":[{"taxonomy":"product_brand","embeddable":true,"href":"https:\/\/www.plastitaliaspa.com\/es\/wp-json\/wp\/v2\/product_brand?post=12087"},{"taxonomy":"product_cat","embeddable":true,"href":"https:\/\/www.plastitaliaspa.com\/es\/wp-json\/wp\/v2\/product_cat?post=12087"},{"taxonomy":"product_tag","embeddable":true,"href":"https:\/\/www.plastitaliaspa.com\/es\/wp-json\/wp\/v2\/product_tag?post=12087"}],"curies":[{"name":"wp","href":"https:\/\/api.w.org\/{rel}","templated":true}]}}