{"id":12075,"date":"2024-05-29T11:59:24","date_gmt":"2024-05-29T11:59:24","guid":{"rendered":"https:\/\/plastitalia.aitema.com\/raccordi-polietilene\/sin%20categor\u00eda\/collar-para-brida-portabrida-mango-corto\/"},"modified":"2024-07-29T10:29:01","modified_gmt":"2024-07-29T10:29:01","slug":"collar-para-brida-portabrida-mango-corto","status":"publish","type":"product","link":"https:\/\/www.plastitaliaspa.com\/es\/polyethylene-fittings\/accesorios-inyectados\/collar-para-brida-portabrida-mango-corto\/","title":{"rendered":"Collar para brida (portabrida) mango corto"},"content":{"rendered":"<p><strong>Caracter\u00edsticas COLLAR PARA BRIDA (PORTABRIDA) MANGO CORTO<\/strong><\/p>\n<p>Algunas caracter\u00edsticas: Categor\u00eda de accesorios inyectados; PE100 negro (disponible tambi\u00e9n en azul, amarillo y naranja); SDR 41-26-17-11-7,4; Inyectada.<\/p>\n<hr \/>\n<p>El collar para brida (portabrida) mango corto se utiliza para: Sistemas de tuber\u00edas para la distribuc\u00edon de agua (UNI EN 12201); Sistemas de tuber\u00edas para aplicaciones industriales (UNI EN ISO 15494); Sistemas de tuber\u00edas para la distribuc\u00edon de combustibles gaseosos (UNI EN 1555).<\/p>\n<hr \/>\n<p>Sistemas de soldadura: Procedimiento de soldadura por contacto t\u00e9rmico tope a tope(termofusi\u00f3n) (UNI 10520).<\/p><\/p>\n","protected":false},"excerpt":{"rendered":"<p><strong>Caracter\u00edsticas COLLAR PARA BRIDA (PORTABRIDA) MANGO CORTO<\/strong><\/p>\n<p>Algunas caracter\u00edsticas: Categor\u00eda de accesorios inyectados; PE100 negro (disponible tambi\u00e9n en azul, amarillo y naranja); SDR 41-26-17-11-7,4; Inyectada.<\/p>\n<hr \/>\n<p>El collar para brida (portabrida) mango corto se utiliza para: Sistemas de tuber\u00edas para la distribuc\u00edon de agua (UNI EN 12201); Sistemas de tuber\u00edas para aplicaciones industriales (UNI EN ISO 15494); Sistemas de tuber\u00edas para la distribuc\u00edon de combustibles gaseosos (UNI EN 1555).<\/p>\n<hr \/>\n<p>Sistemas de soldadura: Procedimiento de soldadura por contacto t\u00e9rmico tope a tope(termofusi\u00f3n) (UNI 10520).<\/p><\/p>\n","protected":false},"featured_media":2298,"template":"","meta":{"_acf_changed":false},"product_brand":[],"product_cat":[184,123],"product_tag":[],"class_list":{"0":"post-12075","1":"product","2":"type-product","3":"status-publish","4":"has-post-thumbnail","6":"product_cat-accesorios","7":"product_cat-accesorios-inyectados","9":"first","10":"instock","11":"product-type-simple"},"acf":[],"yoast_head":"<!-- This site is optimized with the Yoast SEO plugin v27.2 - https:\/\/yoast.com\/product\/yoast-seo-wordpress\/ -->\n<title>Collar para brida (portabrida) mango corto | Plastitalia<\/title>\n<meta name=\"description\" content=\"Caracter\u00edsticas COLLAR PARA BRIDA (PORTABRIDA) MANGO CORTO  Algunas caracter\u00edsticas: Categor\u00eda de accesorios inyectados; PE100 negro (disponible tambi\u00e9n en azul, amarillo y naranja); SDR 41-26-17-11-7,4; Inyectada.   El collar para brida (portabrida) mango corto se utiliza para: Sistemas de tuber\u00edas para la distribuc\u00edon de agua (UNI EN 12201); Sistemas de tuber\u00edas para aplicaciones industriales (UNI EN ISO 15494); Sistemas de tuber\u00edas para la distribuc\u00edon de combustibles gaseosos (UNI EN 1555).   Sistemas de soldadura: Procedimiento de soldadura por contacto t\u00e9rmico tope a tope(termofusi\u00f3n) (UNI 10520).\" \/>\n<meta name=\"robots\" content=\"index, follow, max-snippet:-1, max-image-preview:large, max-video-preview:-1\" \/>\n<link rel=\"canonical\" href=\"https:\/\/www.plastitaliaspa.com\/es\/polyethylene-fittings\/accesorios-inyectados\/collar-para-brida-portabrida-mango-corto\/\" \/>\n<meta property=\"og:locale\" content=\"es_ES\" \/>\n<meta property=\"og:type\" content=\"article\" \/>\n<meta property=\"og:title\" content=\"Collar para brida (portabrida) mango corto | Plastitalia\" \/>\n<meta property=\"og:description\" content=\"Caracter\u00edsticas COLLAR PARA BRIDA (PORTABRIDA) MANGO CORTO  Algunas caracter\u00edsticas: Categor\u00eda de accesorios inyectados; PE100 negro (disponible tambi\u00e9n en azul, amarillo y naranja); SDR 41-26-17-11-7,4; Inyectada.   El collar para brida (portabrida) mango corto se utiliza para: Sistemas de tuber\u00edas para la distribuc\u00edon de agua (UNI EN 12201); Sistemas de tuber\u00edas para aplicaciones industriales (UNI EN ISO 15494); Sistemas de tuber\u00edas para la distribuc\u00edon de combustibles gaseosos (UNI EN 1555).   Sistemas de soldadura: Procedimiento de soldadura por contacto t\u00e9rmico tope a tope(termofusi\u00f3n) (UNI 10520).\" \/>\n<meta property=\"og:url\" content=\"https:\/\/www.plastitaliaspa.com\/es\/polyethylene-fittings\/accesorios-inyectados\/collar-para-brida-portabrida-mango-corto\/\" \/>\n<meta property=\"og:site_name\" content=\"Plastitalia\" \/>\n<meta property=\"article:modified_time\" content=\"2024-07-29T10:29:01+00:00\" \/>\n<meta property=\"og:image\" content=\"https:\/\/www.plastitaliaspa.com\/wp-content\/uploads\/2024\/05\/codolostampato-p-cartella.jpg\" \/>\n\t<meta property=\"og:image:width\" content=\"388\" \/>\n\t<meta property=\"og:image:height\" content=\"388\" \/>\n\t<meta property=\"og:image:type\" content=\"image\/jpeg\" \/>\n<meta name=\"twitter:card\" content=\"summary_large_image\" \/>\n<script type=\"application\/ld+json\" class=\"yoast-schema-graph\">{\"@context\":\"https:\/\/schema.org\",\"@graph\":[{\"@type\":\"WebPage\",\"@id\":\"https:\/\/www.plastitaliaspa.com\/es\/polyethylene-fittings\/accesorios-inyectados\/collar-para-brida-portabrida-mango-corto\/\",\"url\":\"https:\/\/www.plastitaliaspa.com\/es\/polyethylene-fittings\/accesorios-inyectados\/collar-para-brida-portabrida-mango-corto\/\",\"name\":\"Collar para brida (portabrida) mango corto | Plastitalia\",\"isPartOf\":{\"@id\":\"https:\/\/www.plastitaliaspa.com\/es\/#website\"},\"primaryImageOfPage\":{\"@id\":\"https:\/\/www.plastitaliaspa.com\/es\/polyethylene-fittings\/accesorios-inyectados\/collar-para-brida-portabrida-mango-corto\/#primaryimage\"},\"image\":{\"@id\":\"https:\/\/www.plastitaliaspa.com\/es\/polyethylene-fittings\/accesorios-inyectados\/collar-para-brida-portabrida-mango-corto\/#primaryimage\"},\"thumbnailUrl\":\"https:\/\/www.plastitaliaspa.com\/wp-content\/uploads\/2024\/05\/codolostampato-p-cartella.jpg\",\"datePublished\":\"2024-05-29T11:59:24+00:00\",\"dateModified\":\"2024-07-29T10:29:01+00:00\",\"description\":\"Caracter\u00edsticas COLLAR PARA BRIDA (PORTABRIDA) MANGO CORTO Algunas caracter\u00edsticas: Categor\u00eda de accesorios inyectados; PE100 negro (disponible tambi\u00e9n en azul, amarillo y naranja); SDR 41-26-17-11-7,4; Inyectada. El collar para brida (portabrida) mango corto se utiliza para: Sistemas de tuber\u00edas para la distribuc\u00edon de agua (UNI EN 12201); Sistemas de tuber\u00edas para aplicaciones industriales (UNI EN ISO 15494); Sistemas de tuber\u00edas para la distribuc\u00edon de combustibles gaseosos (UNI EN 1555). Sistemas de soldadura: Procedimiento de soldadura por contacto t\u00e9rmico tope a tope(termofusi\u00f3n) (UNI 10520).\",\"breadcrumb\":{\"@id\":\"https:\/\/www.plastitaliaspa.com\/es\/polyethylene-fittings\/accesorios-inyectados\/collar-para-brida-portabrida-mango-corto\/#breadcrumb\"},\"inLanguage\":\"es\",\"potentialAction\":[{\"@type\":\"ReadAction\",\"target\":[\"https:\/\/www.plastitaliaspa.com\/es\/polyethylene-fittings\/accesorios-inyectados\/collar-para-brida-portabrida-mango-corto\/\"]}]},{\"@type\":\"ImageObject\",\"inLanguage\":\"es\",\"@id\":\"https:\/\/www.plastitaliaspa.com\/es\/polyethylene-fittings\/accesorios-inyectados\/collar-para-brida-portabrida-mango-corto\/#primaryimage\",\"url\":\"https:\/\/www.plastitaliaspa.com\/wp-content\/uploads\/2024\/05\/codolostampato-p-cartella.jpg\",\"contentUrl\":\"https:\/\/www.plastitaliaspa.com\/wp-content\/uploads\/2024\/05\/codolostampato-p-cartella.jpg\",\"width\":388,\"height\":388},{\"@type\":\"BreadcrumbList\",\"@id\":\"https:\/\/www.plastitaliaspa.com\/es\/polyethylene-fittings\/accesorios-inyectados\/collar-para-brida-portabrida-mango-corto\/#breadcrumb\",\"itemListElement\":[{\"@type\":\"ListItem\",\"position\":1,\"name\":\"Home\",\"item\":\"https:\/\/www.plastitaliaspa.com\/es\/\"},{\"@type\":\"ListItem\",\"position\":2,\"name\":\"Shop\",\"item\":\"https:\/\/www.plastitaliaspa.com\/negozio\/\"},{\"@type\":\"ListItem\",\"position\":3,\"name\":\"Collar para brida (portabrida) mango corto\"}]},{\"@type\":\"WebSite\",\"@id\":\"https:\/\/www.plastitaliaspa.com\/es\/#website\",\"url\":\"https:\/\/www.plastitaliaspa.com\/es\/\",\"name\":\"Plastitalia\",\"description\":\"Leader europeo nella produzione di raccordi in polietilene. Raccordi HDPE elettrosaldabili, di transizione e testa a testa utilizzati per impianti acqua e gas.\",\"publisher\":{\"@id\":\"https:\/\/www.plastitaliaspa.com\/es\/#organization\"},\"potentialAction\":[{\"@type\":\"SearchAction\",\"target\":{\"@type\":\"EntryPoint\",\"urlTemplate\":\"https:\/\/www.plastitaliaspa.com\/es\/?s={search_term_string}\"},\"query-input\":{\"@type\":\"PropertyValueSpecification\",\"valueRequired\":true,\"valueName\":\"search_term_string\"}}],\"inLanguage\":\"es\"},{\"@type\":\"Organization\",\"@id\":\"https:\/\/www.plastitaliaspa.com\/es\/#organization\",\"name\":\"Plastitalia\",\"url\":\"https:\/\/www.plastitaliaspa.com\/es\/\",\"logo\":{\"@type\":\"ImageObject\",\"inLanguage\":\"es\",\"@id\":\"https:\/\/www.plastitaliaspa.com\/es\/#\/schema\/logo\/image\/\",\"url\":\"https:\/\/www.plastitaliaspa.com\/wp-content\/uploads\/2024\/05\/logo-plastitalia-sito.png\",\"contentUrl\":\"https:\/\/www.plastitaliaspa.com\/wp-content\/uploads\/2024\/05\/logo-plastitalia-sito.png\",\"width\":652,\"height\":205,\"caption\":\"Plastitalia\"},\"image\":{\"@id\":\"https:\/\/www.plastitaliaspa.com\/es\/#\/schema\/logo\/image\/\"}}]}<\/script>\n<!-- \/ Yoast SEO plugin. -->","yoast_head_json":{"title":"Collar para brida (portabrida) mango corto | Plastitalia","description":"Caracter\u00edsticas COLLAR PARA BRIDA (PORTABRIDA) MANGO CORTO  Algunas caracter\u00edsticas: Categor\u00eda de accesorios inyectados; PE100 negro (disponible tambi\u00e9n en azul, amarillo y naranja); SDR 41-26-17-11-7,4; Inyectada.   El collar para brida (portabrida) mango corto se utiliza para: Sistemas de tuber\u00edas para la distribuc\u00edon de agua (UNI EN 12201); Sistemas de tuber\u00edas para aplicaciones industriales (UNI EN ISO 15494); Sistemas de tuber\u00edas para la distribuc\u00edon de combustibles gaseosos (UNI EN 1555).   Sistemas de soldadura: Procedimiento de soldadura por contacto t\u00e9rmico tope a tope(termofusi\u00f3n) (UNI 10520).","robots":{"index":"index","follow":"follow","max-snippet":"max-snippet:-1","max-image-preview":"max-image-preview:large","max-video-preview":"max-video-preview:-1"},"canonical":"https:\/\/www.plastitaliaspa.com\/es\/polyethylene-fittings\/accesorios-inyectados\/collar-para-brida-portabrida-mango-corto\/","og_locale":"es_ES","og_type":"article","og_title":"Collar para brida (portabrida) mango corto | Plastitalia","og_description":"Caracter\u00edsticas COLLAR PARA BRIDA (PORTABRIDA) MANGO CORTO  Algunas caracter\u00edsticas: Categor\u00eda de accesorios inyectados; PE100 negro (disponible tambi\u00e9n en azul, amarillo y naranja); SDR 41-26-17-11-7,4; Inyectada.   El collar para brida (portabrida) mango corto se utiliza para: Sistemas de tuber\u00edas para la distribuc\u00edon de agua (UNI EN 12201); Sistemas de tuber\u00edas para aplicaciones industriales (UNI EN ISO 15494); Sistemas de tuber\u00edas para la distribuc\u00edon de combustibles gaseosos (UNI EN 1555).   Sistemas de soldadura: Procedimiento de soldadura por contacto t\u00e9rmico tope a tope(termofusi\u00f3n) (UNI 10520).","og_url":"https:\/\/www.plastitaliaspa.com\/es\/polyethylene-fittings\/accesorios-inyectados\/collar-para-brida-portabrida-mango-corto\/","og_site_name":"Plastitalia","article_modified_time":"2024-07-29T10:29:01+00:00","og_image":[{"width":388,"height":388,"url":"https:\/\/www.plastitaliaspa.com\/wp-content\/uploads\/2024\/05\/codolostampato-p-cartella.jpg","type":"image\/jpeg"}],"twitter_card":"summary_large_image","schema":{"@context":"https:\/\/schema.org","@graph":[{"@type":"WebPage","@id":"https:\/\/www.plastitaliaspa.com\/es\/polyethylene-fittings\/accesorios-inyectados\/collar-para-brida-portabrida-mango-corto\/","url":"https:\/\/www.plastitaliaspa.com\/es\/polyethylene-fittings\/accesorios-inyectados\/collar-para-brida-portabrida-mango-corto\/","name":"Collar para brida (portabrida) mango corto | Plastitalia","isPartOf":{"@id":"https:\/\/www.plastitaliaspa.com\/es\/#website"},"primaryImageOfPage":{"@id":"https:\/\/www.plastitaliaspa.com\/es\/polyethylene-fittings\/accesorios-inyectados\/collar-para-brida-portabrida-mango-corto\/#primaryimage"},"image":{"@id":"https:\/\/www.plastitaliaspa.com\/es\/polyethylene-fittings\/accesorios-inyectados\/collar-para-brida-portabrida-mango-corto\/#primaryimage"},"thumbnailUrl":"https:\/\/www.plastitaliaspa.com\/wp-content\/uploads\/2024\/05\/codolostampato-p-cartella.jpg","datePublished":"2024-05-29T11:59:24+00:00","dateModified":"2024-07-29T10:29:01+00:00","description":"Caracter\u00edsticas COLLAR PARA BRIDA (PORTABRIDA) MANGO CORTO Algunas caracter\u00edsticas: Categor\u00eda de accesorios inyectados; PE100 negro (disponible tambi\u00e9n en azul, amarillo y naranja); SDR 41-26-17-11-7,4; Inyectada. El collar para brida (portabrida) mango corto se utiliza para: Sistemas de tuber\u00edas para la distribuc\u00edon de agua (UNI EN 12201); Sistemas de tuber\u00edas para aplicaciones industriales (UNI EN ISO 15494); Sistemas de tuber\u00edas para la distribuc\u00edon de combustibles gaseosos (UNI EN 1555). Sistemas de soldadura: Procedimiento de soldadura por contacto t\u00e9rmico tope a tope(termofusi\u00f3n) (UNI 10520).","breadcrumb":{"@id":"https:\/\/www.plastitaliaspa.com\/es\/polyethylene-fittings\/accesorios-inyectados\/collar-para-brida-portabrida-mango-corto\/#breadcrumb"},"inLanguage":"es","potentialAction":[{"@type":"ReadAction","target":["https:\/\/www.plastitaliaspa.com\/es\/polyethylene-fittings\/accesorios-inyectados\/collar-para-brida-portabrida-mango-corto\/"]}]},{"@type":"ImageObject","inLanguage":"es","@id":"https:\/\/www.plastitaliaspa.com\/es\/polyethylene-fittings\/accesorios-inyectados\/collar-para-brida-portabrida-mango-corto\/#primaryimage","url":"https:\/\/www.plastitaliaspa.com\/wp-content\/uploads\/2024\/05\/codolostampato-p-cartella.jpg","contentUrl":"https:\/\/www.plastitaliaspa.com\/wp-content\/uploads\/2024\/05\/codolostampato-p-cartella.jpg","width":388,"height":388},{"@type":"BreadcrumbList","@id":"https:\/\/www.plastitaliaspa.com\/es\/polyethylene-fittings\/accesorios-inyectados\/collar-para-brida-portabrida-mango-corto\/#breadcrumb","itemListElement":[{"@type":"ListItem","position":1,"name":"Home","item":"https:\/\/www.plastitaliaspa.com\/es\/"},{"@type":"ListItem","position":2,"name":"Shop","item":"https:\/\/www.plastitaliaspa.com\/negozio\/"},{"@type":"ListItem","position":3,"name":"Collar para brida (portabrida) mango corto"}]},{"@type":"WebSite","@id":"https:\/\/www.plastitaliaspa.com\/es\/#website","url":"https:\/\/www.plastitaliaspa.com\/es\/","name":"Plastitalia","description":"Leader europeo nella produzione di raccordi in polietilene. Raccordi HDPE elettrosaldabili, di transizione e testa a testa utilizzati per impianti acqua e gas.","publisher":{"@id":"https:\/\/www.plastitaliaspa.com\/es\/#organization"},"potentialAction":[{"@type":"SearchAction","target":{"@type":"EntryPoint","urlTemplate":"https:\/\/www.plastitaliaspa.com\/es\/?s={search_term_string}"},"query-input":{"@type":"PropertyValueSpecification","valueRequired":true,"valueName":"search_term_string"}}],"inLanguage":"es"},{"@type":"Organization","@id":"https:\/\/www.plastitaliaspa.com\/es\/#organization","name":"Plastitalia","url":"https:\/\/www.plastitaliaspa.com\/es\/","logo":{"@type":"ImageObject","inLanguage":"es","@id":"https:\/\/www.plastitaliaspa.com\/es\/#\/schema\/logo\/image\/","url":"https:\/\/www.plastitaliaspa.com\/wp-content\/uploads\/2024\/05\/logo-plastitalia-sito.png","contentUrl":"https:\/\/www.plastitaliaspa.com\/wp-content\/uploads\/2024\/05\/logo-plastitalia-sito.png","width":652,"height":205,"caption":"Plastitalia"},"image":{"@id":"https:\/\/www.plastitaliaspa.com\/es\/#\/schema\/logo\/image\/"}}]}},"_links":{"self":[{"href":"https:\/\/www.plastitaliaspa.com\/es\/wp-json\/wp\/v2\/product\/12075","targetHints":{"allow":["GET"]}}],"collection":[{"href":"https:\/\/www.plastitaliaspa.com\/es\/wp-json\/wp\/v2\/product"}],"about":[{"href":"https:\/\/www.plastitaliaspa.com\/es\/wp-json\/wp\/v2\/types\/product"}],"version-history":[{"count":1,"href":"https:\/\/www.plastitaliaspa.com\/es\/wp-json\/wp\/v2\/product\/12075\/revisions"}],"predecessor-version":[{"id":12565,"href":"https:\/\/www.plastitaliaspa.com\/es\/wp-json\/wp\/v2\/product\/12075\/revisions\/12565"}],"wp:featuredmedia":[{"embeddable":true,"href":"https:\/\/www.plastitaliaspa.com\/es\/wp-json\/wp\/v2\/media\/2298"}],"wp:attachment":[{"href":"https:\/\/www.plastitaliaspa.com\/es\/wp-json\/wp\/v2\/media?parent=12075"}],"wp:term":[{"taxonomy":"product_brand","embeddable":true,"href":"https:\/\/www.plastitaliaspa.com\/es\/wp-json\/wp\/v2\/product_brand?post=12075"},{"taxonomy":"product_cat","embeddable":true,"href":"https:\/\/www.plastitaliaspa.com\/es\/wp-json\/wp\/v2\/product_cat?post=12075"},{"taxonomy":"product_tag","embeddable":true,"href":"https:\/\/www.plastitaliaspa.com\/es\/wp-json\/wp\/v2\/product_tag?post=12075"}],"curies":[{"name":"wp","href":"https:\/\/api.w.org\/{rel}","templated":true}]}}