{"id":9903,"date":"2024-05-28T08:22:12","date_gmt":"2024-05-28T08:22:12","guid":{"rendered":"https:\/\/plastitalia.aitema.com\/maquinas-electrosoldar-polietileno\/gps-saldatrici\/"},"modified":"2024-07-05T09:11:52","modified_gmt":"2024-07-05T09:11:52","slug":"gps-saldatrici","status":"publish","type":"page","link":"https:\/\/www.plastitaliaspa.com\/es\/maquinas-electrosoldar-polietileno\/gps-saldatrici\/","title":{"rendered":"GPS"},"content":{"rendered":"\t\t<div data-elementor-type=\"wp-page\" data-elementor-id=\"9903\" class=\"elementor elementor-9903 elementor-170\" data-elementor-post-type=\"page\">\n\t\t\t\t<div class=\"elementor-element elementor-element-1bcb2a14 e-flex e-con-boxed e-con e-parent\" data-id=\"1bcb2a14\" data-element_type=\"container\" data-e-type=\"container\" data-settings=\"{&quot;background_background&quot;:&quot;classic&quot;}\">\n\t\t\t\t\t<div class=\"e-con-inner\">\n\t\t<div class=\"elementor-element elementor-element-6b64f424 e-con-full e-flex e-con e-child\" data-id=\"6b64f424\" data-element_type=\"container\" data-e-type=\"container\">\n\t\t\t\t<div class=\"elementor-element elementor-element-5a4807c elementor-widget elementor-widget-heading\" data-id=\"5a4807c\" data-element_type=\"widget\" data-e-type=\"widget\" data-widget_type=\"heading.default\">\n\t\t\t\t<div class=\"elementor-widget-container\">\n\t\t\t\t\t<h1 class=\"elementor-heading-title elementor-size-default\">GPS<\/h1>\t\t\t\t<\/div>\n\t\t\t\t<\/div>\n\t\t\t\t<\/div>\n\t\t\t\t\t<\/div>\n\t\t\t\t<\/div>\n\t\t<div class=\"elementor-element elementor-element-1abf3bc6 e-flex e-con-boxed e-con e-parent\" data-id=\"1abf3bc6\" data-element_type=\"container\" data-e-type=\"container\">\n\t\t\t\t\t<div class=\"e-con-inner\">\n\t\t<div class=\"elementor-element elementor-element-2aa77f17 e-con-full e-flex e-con e-child\" data-id=\"2aa77f17\" data-element_type=\"container\" data-e-type=\"container\">\n\t\t\t\t<div class=\"elementor-element elementor-element-069e6e1 elementor-widget elementor-widget-image\" data-id=\"069e6e1\" data-element_type=\"widget\" data-e-type=\"widget\" data-widget_type=\"image.default\">\n\t\t\t\t<div class=\"elementor-widget-container\">\n\t\t\t\t\t\t\t\t\t\t\t\t\t\t\t<img fetchpriority=\"high\" decoding=\"async\" width=\"1920\" height=\"952\" src=\"https:\/\/www.plastitaliaspa.com\/wp-content\/uploads\/2024\/05\/GPSscanner.jpg\" class=\"attachment-full size-full wp-image-5025\" alt=\"\" srcset=\"https:\/\/www.plastitaliaspa.com\/wp-content\/uploads\/2024\/05\/GPSscanner.jpg 1920w, https:\/\/www.plastitaliaspa.com\/wp-content\/uploads\/2024\/05\/GPSscanner-300x149.jpg 300w, https:\/\/www.plastitaliaspa.com\/wp-content\/uploads\/2024\/05\/GPSscanner-1024x508.jpg 1024w, https:\/\/www.plastitaliaspa.com\/wp-content\/uploads\/2024\/05\/GPSscanner-768x381.jpg 768w, https:\/\/www.plastitaliaspa.com\/wp-content\/uploads\/2024\/05\/GPSscanner-1536x762.jpg 1536w, https:\/\/www.plastitaliaspa.com\/wp-content\/uploads\/2024\/05\/GPSscanner-600x298.jpg 600w\" sizes=\"(max-width: 1920px) 100vw, 1920px\" \/>\t\t\t\t\t\t\t\t\t\t\t\t\t\t\t<\/div>\n\t\t\t\t<\/div>\n\t\t\t\t<\/div>\n\t\t<div class=\"elementor-element elementor-element-2a40468 e-con-full e-flex e-con e-child\" data-id=\"2a40468\" data-element_type=\"container\" data-e-type=\"container\">\n\t\t<div class=\"elementor-element elementor-element-b5a3666 e-con-full e-flex e-con e-child\" data-id=\"b5a3666\" data-element_type=\"container\" data-e-type=\"container\">\n\t\t\t\t<div class=\"elementor-element elementor-element-4e10927 elementor-widget elementor-widget-heading\" data-id=\"4e10927\" data-element_type=\"widget\" data-e-type=\"widget\" data-widget_type=\"heading.default\">\n\t\t\t\t<div class=\"elementor-widget-container\">\n\t\t\t\t\t<h2 class=\"elementor-heading-title elementor-size-default\">IPlast GPS<\/h2>\t\t\t\t<\/div>\n\t\t\t\t<\/div>\n\t\t\t\t<div class=\"elementor-element elementor-element-6229f29 elementor-widget elementor-widget-heading\" data-id=\"6229f29\" data-element_type=\"widget\" data-e-type=\"widget\" data-widget_type=\"heading.default\">\n\t\t\t\t<div class=\"elementor-widget-container\">\n\t\t\t\t\t<h2 class=\"elementor-heading-title elementor-size-default\">Geolocalizaci\u00f3n de las soldaduras<\/h2>\t\t\t\t<\/div>\n\t\t\t\t<\/div>\n\t\t\t\t<div class=\"elementor-element elementor-element-87f48f9 elementor-widget elementor-widget-text-editor\" data-id=\"87f48f9\" data-element_type=\"widget\" data-e-type=\"widget\" data-widget_type=\"text-editor.default\">\n\t\t\t\t<div class=\"elementor-widget-container\">\n\t\t\t\t\t\t\t\t\t<p><strong>IPlast GPS es el instrumento opcional para IPlast 30 &#8211; 60 &#8211; 105 que permite detectar y memorizar en la unidad de control la geolocalizaci\u00f3n del punto de soldadura.<\/strong><br \/>Se implementa en el cable scanner y se encuentra situado cerca del mismo para facilitar la localizaci\u00f3n del punto de inter\u00e9s.<\/p><p>\u00a0<\/p>\t\t\t\t\t\t\t\t<\/div>\n\t\t\t\t<\/div>\n\t\t\t\t<\/div>\n\t\t<div class=\"elementor-element elementor-element-4fdd351 e-con-full e-flex e-con e-child\" data-id=\"4fdd351\" data-element_type=\"container\" data-e-type=\"container\">\n\t\t\t\t<div class=\"elementor-element elementor-element-6417f3d elementor-widget elementor-widget-heading\" data-id=\"6417f3d\" data-element_type=\"widget\" data-e-type=\"widget\" data-widget_type=\"heading.default\">\n\t\t\t\t<div class=\"elementor-widget-container\">\n\t\t\t\t\t<h2 class=\"elementor-heading-title elementor-size-default\">\nFuncionamiento<\/h2>\t\t\t\t<\/div>\n\t\t\t\t<\/div>\n\t\t\t\t<div class=\"elementor-element elementor-element-8b26c89 elementor-widget elementor-widget-text-editor\" data-id=\"8b26c89\" data-element_type=\"widget\" data-e-type=\"widget\" data-widget_type=\"text-editor.default\">\n\t\t\t\t<div class=\"elementor-widget-container\">\n\t\t\t\t\t\t\t\t\t<p>El m\u00f3dulo GPS est\u00e1 insertado en la soldadora IPlast y permite guardar los datos de posici\u00f3n geogr\u00e1fica de la soldadura en la memoria de la unidad de control. Los datos de geolocalizaci\u00f3n se incluyen en el informe junto con la otra informaci\u00f3n de la soldadura.<\/p>\t\t\t\t\t\t\t\t<\/div>\n\t\t\t\t<\/div>\n\t\t\t\t<\/div>\n\t\t\t\t<\/div>\n\t\t\t\t\t<\/div>\n\t\t\t\t<\/div>\n\t\t<div class=\"elementor-element elementor-element-7a7ab00 e-con-full e-flex e-con e-parent\" data-id=\"7a7ab00\" data-element_type=\"container\" data-e-type=\"container\" data-settings=\"{&quot;background_background&quot;:&quot;classic&quot;}\">\n\t\t<div class=\"elementor-element elementor-element-711875c e-flex e-con-boxed e-con e-child\" data-id=\"711875c\" data-element_type=\"container\" data-e-type=\"container\">\n\t\t\t\t\t<div class=\"e-con-inner\">\n\t\t<div class=\"elementor-element elementor-element-676f6ae e-con-full e-flex e-con e-child\" data-id=\"676f6ae\" data-element_type=\"container\" data-e-type=\"container\">\n\t\t\t\t<div class=\"elementor-element elementor-element-37e176b elementor-position-inline-start elementor-view-default elementor-mobile-position-block-start elementor-widget elementor-widget-icon-box\" data-id=\"37e176b\" data-element_type=\"widget\" data-e-type=\"widget\" data-widget_type=\"icon-box.default\">\n\t\t\t\t<div class=\"elementor-widget-container\">\n\t\t\t\t\t\t\t<div class=\"elementor-icon-box-wrapper\">\n\n\t\t\t\t\t\t<div class=\"elementor-icon-box-icon\">\n\t\t\t\t<span  class=\"elementor-icon\">\n\t\t\t\t<svg aria-hidden=\"true\" class=\"e-font-icon-svg e-fas-map-marker-alt\" viewBox=\"0 0 384 512\" xmlns=\"http:\/\/www.w3.org\/2000\/svg\"><path d=\"M172.268 501.67C26.97 291.031 0 269.413 0 192 0 85.961 85.961 0 192 0s192 85.961 192 192c0 77.413-26.97 99.031-172.268 309.67-9.535 13.774-29.93 13.773-39.464 0zM192 272c44.183 0 80-35.817 80-80s-35.817-80-80-80-80 35.817-80 80 35.817 80 80 80z\"><\/path><\/svg>\t\t\t\t<\/span>\n\t\t\t<\/div>\n\t\t\t\n\t\t\t\t\t\t<div class=\"elementor-icon-box-content\">\n\n\t\t\t\t\t\t\t\t\t<h3 class=\"elementor-icon-box-title\">\n\t\t\t\t\t\t<span  >\n\t\t\t\t\t\t\t Ventajas de GPS\t\t\t\t\t\t<\/span>\n\t\t\t\t\t<\/h3>\n\t\t\t\t\n\t\t\t\t\t\t\t\t\t<p class=\"elementor-icon-box-description\">\n\t\t\t\t\t\tEn caso de mantenimiento o reparaci\u00f3n el sistema GPS permite intervenir cuando la soldadura se llev\u00f3 a cabo.\t\t\t\t\t<\/p>\n\t\t\t\t\n\t\t\t<\/div>\n\t\t\t\n\t\t<\/div>\n\t\t\t\t\t\t<\/div>\n\t\t\t\t<\/div>\n\t\t\t\t<\/div>\n\t\t<div class=\"elementor-element elementor-element-94346d5 e-con-full e-flex e-con e-child\" data-id=\"94346d5\" data-element_type=\"container\" data-e-type=\"container\">\n\t\t\t\t<div class=\"elementor-element elementor-element-282fa57 elementor-position-inline-start elementor-view-default elementor-mobile-position-block-start elementor-widget elementor-widget-icon-box\" data-id=\"282fa57\" data-element_type=\"widget\" data-e-type=\"widget\" data-widget_type=\"icon-box.default\">\n\t\t\t\t<div class=\"elementor-widget-container\">\n\t\t\t\t\t\t\t<div class=\"elementor-icon-box-wrapper\">\n\n\t\t\t\t\t\t<div class=\"elementor-icon-box-icon\">\n\t\t\t\t<span  class=\"elementor-icon\">\n\t\t\t\t<svg aria-hidden=\"true\" class=\"e-font-icon-svg e-far-clock\" viewBox=\"0 0 512 512\" xmlns=\"http:\/\/www.w3.org\/2000\/svg\"><path d=\"M256 8C119 8 8 119 8 256s111 248 248 248 248-111 248-248S393 8 256 8zm0 448c-110.5 0-200-89.5-200-200S145.5 56 256 56s200 89.5 200 200-89.5 200-200 200zm61.8-104.4l-84.9-61.7c-3.1-2.3-4.9-5.9-4.9-9.7V116c0-6.6 5.4-12 12-12h32c6.6 0 12 5.4 12 12v141.7l66.8 48.6c5.4 3.9 6.5 11.4 2.6 16.8L334.6 349c-3.9 5.3-11.4 6.5-16.8 2.6z\"><\/path><\/svg>\t\t\t\t<\/span>\n\t\t\t<\/div>\n\t\t\t\n\t\t\t\t\t\t<div class=\"elementor-icon-box-content\">\n\n\t\t\t\t\t\t\t\t\t<h3 class=\"elementor-icon-box-title\">\n\t\t\t\t\t\t<span  >\n\t\t\t\t\t\t\t Ahorra tiempo \t\t\t\t\t\t<\/span>\n\t\t\t\t\t<\/h3>\n\t\t\t\t\n\t\t\t\t\t\t\t\t\t<p class=\"elementor-icon-box-description\">\n\t\t\t\t\t\tEl sistema GPS es una herramienta simple y f\u00e1cil de utilizar, Se ahorra tiempo: en el terreno, justo antes de soldar, el mismo operador puede tomar la posici\u00f3n (coordenadas) de la soldadura.\t\t\t\t\t<\/p>\n\t\t\t\t\n\t\t\t<\/div>\n\t\t\t\n\t\t<\/div>\n\t\t\t\t\t\t<\/div>\n\t\t\t\t<\/div>\n\t\t\t\t<\/div>\n\t\t\t\t\t<\/div>\n\t\t\t\t<\/div>\n\t\t\t\t<\/div>\n\t\t<div class=\"elementor-element elementor-element-5898fad0 e-flex e-con-boxed e-con e-parent\" data-id=\"5898fad0\" data-element_type=\"container\" data-e-type=\"container\" data-settings=\"{&quot;background_background&quot;:&quot;classic&quot;}\">\n\t\t\t\t\t<div class=\"e-con-inner\">\n\t\t<div class=\"elementor-element elementor-element-786c69d e-con-full e-flex e-con e-child\" data-id=\"786c69d\" data-element_type=\"container\" data-e-type=\"container\">\n\t\t<div class=\"elementor-element elementor-element-32e8f7de e-con-full e-flex e-con e-child\" data-id=\"32e8f7de\" data-element_type=\"container\" data-e-type=\"container\">\n\t\t\t\t<div class=\"elementor-element elementor-element-1426d53 elementor-widget elementor-widget-heading\" data-id=\"1426d53\" data-element_type=\"widget\" data-e-type=\"widget\" data-widget_type=\"heading.default\">\n\t\t\t\t<div class=\"elementor-widget-container\">\n\t\t\t\t\t<h3 class=\"elementor-heading-title elementor-size-default\">C\u00f3mo funciona Iplast GPS<\/h3>\t\t\t\t<\/div>\n\t\t\t\t<\/div>\n\t\t\t\t<div class=\"elementor-element elementor-element-70c0ecdb elementor-widget__width-initial elementor-widget elementor-widget-text-editor\" data-id=\"70c0ecdb\" data-element_type=\"widget\" data-e-type=\"widget\" data-widget_type=\"text-editor.default\">\n\t\t\t\t<div class=\"elementor-widget-container\">\n\t\t\t\t\t\t\t\t\t<p>El procedimiento es simple y es guiado por pantalla: sobre todo se detectan las coordenadas y luego se pone en marcha la soldadura con el mismo instrumento (IPlast).<\/p>\t\t\t\t\t\t\t\t<\/div>\n\t\t\t\t<\/div>\n\t\t\t\t<div class=\"elementor-element elementor-element-15bd2b5f elementor-widget__width-initial elementor-widget elementor-widget-text-editor\" data-id=\"15bd2b5f\" data-element_type=\"widget\" data-e-type=\"widget\" data-widget_type=\"text-editor.default\">\n\t\t\t\t<div class=\"elementor-widget-container\">\n\t\t\t\t\t\t\t\t\t<p>Cuando IPlast funciona y GPS se activa, la unidad de control solicitar\u00e1 posicionar el GPS en posici\u00f3n horizontal en el punto a detectar; si la visibilidad de los sat\u00e9lites es suficiente para capturar un punto coherente, en aprox. 40 segundos se registra la posici\u00f3n, ser\u00e1 suficiente presionar OK y la informaci\u00f3n ser\u00e1 transferida y memorizada a la unidad de control antes de realizar la soldadura.<\/p>\t\t\t\t\t\t\t\t<\/div>\n\t\t\t\t<\/div>\n\t\t\t\t<\/div>\n\t\t<div class=\"elementor-element elementor-element-bc19a85 e-con-full e-flex e-con e-child\" data-id=\"bc19a85\" data-element_type=\"container\" data-e-type=\"container\">\n\t\t\t\t<div class=\"elementor-element elementor-element-8ef22c7 elementor-widget elementor-widget-heading\" data-id=\"8ef22c7\" data-element_type=\"widget\" data-e-type=\"widget\" data-widget_type=\"heading.default\">\n\t\t\t\t<div class=\"elementor-widget-container\">\n\t\t\t\t\t<h3 class=\"elementor-heading-title elementor-size-default\">\nCaracter\u00edsticas\n<\/h3>\t\t\t\t<\/div>\n\t\t\t\t<\/div>\n\t\t\t\t<div class=\"elementor-element elementor-element-93160b4 elementor-widget__width-initial elementor-widget elementor-widget-text-editor\" data-id=\"93160b4\" data-element_type=\"widget\" data-e-type=\"widget\" data-widget_type=\"text-editor.default\">\n\t\t\t\t<div class=\"elementor-widget-container\">\n\t\t\t\t\t\t\t\t\t<ul><li>Tecnolog\u00eda: GPS\/GLONASS Patch Antenna.<\/li><li>Frecuencia de actualizaci\u00f3n de navegaci\u00f3n hasta 10 Hz.<\/li><li>Precisi\u00f3n de la posici\u00f3n horizontal: GPS hasta 2.5 m, SBAS hasta 2.0 m<\/li><\/ul>\t\t\t\t\t\t\t\t<\/div>\n\t\t\t\t<\/div>\n\t\t\t\t<\/div>\n\t\t\t\t<\/div>\n\t\t<div class=\"elementor-element elementor-element-953465b e-con-full e-flex e-con e-child\" data-id=\"953465b\" data-element_type=\"container\" data-e-type=\"container\">\n\t\t\t\t<div class=\"elementor-element elementor-element-785ed76 elementor-widget elementor-widget-image\" data-id=\"785ed76\" data-element_type=\"widget\" data-e-type=\"widget\" data-widget_type=\"image.default\">\n\t\t\t\t<div class=\"elementor-widget-container\">\n\t\t\t\t\t\t\t\t\t\t\t\t\t\t\t<img decoding=\"async\" width=\"1920\" height=\"1112\" src=\"https:\/\/www.plastitaliaspa.com\/wp-content\/uploads\/2024\/05\/GPS-1.jpg\" class=\"attachment-full size-full wp-image-5137\" alt=\"\" srcset=\"https:\/\/www.plastitaliaspa.com\/wp-content\/uploads\/2024\/05\/GPS-1.jpg 1920w, https:\/\/www.plastitaliaspa.com\/wp-content\/uploads\/2024\/05\/GPS-1-300x174.jpg 300w, https:\/\/www.plastitaliaspa.com\/wp-content\/uploads\/2024\/05\/GPS-1-1024x593.jpg 1024w, https:\/\/www.plastitaliaspa.com\/wp-content\/uploads\/2024\/05\/GPS-1-768x445.jpg 768w, https:\/\/www.plastitaliaspa.com\/wp-content\/uploads\/2024\/05\/GPS-1-1536x890.jpg 1536w, https:\/\/www.plastitaliaspa.com\/wp-content\/uploads\/2024\/05\/GPS-1-600x348.jpg 600w\" sizes=\"(max-width: 1920px) 100vw, 1920px\" \/>\t\t\t\t\t\t\t\t\t\t\t\t\t\t\t<\/div>\n\t\t\t\t<\/div>\n\t\t\t\t<\/div>\n\t\t\t\t\t<\/div>\n\t\t\t\t<\/div>\n\t\t\t\t<\/div>\n\t\t","protected":false},"excerpt":{"rendered":"<p>IPlast GPS Geolocalizaci\u00f3n de las soldaduras IPlast GPS es el instrumento opcional para IPlast 30 &#8211; 60 &#8211; 105 que permite detectar y memorizar en la unidad de control la geolocalizaci\u00f3n del punto de soldadura.Se implementa en el cable scanner y se encuentra situado cerca del mismo para facilitar la localizaci\u00f3n del punto de inter\u00e9s. [&hellip;]<\/p>\n","protected":false},"author":1,"featured_media":0,"parent":9865,"menu_order":0,"comment_status":"closed","ping_status":"closed","template":"","meta":{"_acf_changed":false,"footnotes":""},"class_list":["post-9903","page","type-page","status-publish","hentry"],"acf":[],"yoast_head":"<!-- This site is optimized with the Yoast SEO plugin v27.4 - https:\/\/yoast.com\/product\/yoast-seo-wordpress\/ -->\n<title>GPS | Plastitalia<\/title>\n<meta name=\"robots\" content=\"index, follow, max-snippet:-1, max-image-preview:large, max-video-preview:-1\" \/>\n<link rel=\"canonical\" href=\"https:\/\/www.plastitaliaspa.com\/es\/maquinas-electrosoldar-polietileno\/gps-saldatrici\/\" \/>\n<meta property=\"og:locale\" content=\"es_ES\" \/>\n<meta property=\"og:type\" content=\"article\" \/>\n<meta property=\"og:title\" content=\"GPS | Plastitalia\" \/>\n<meta property=\"og:description\" content=\"IPlast GPS Geolocalizaci\u00f3n de las soldaduras IPlast GPS es el instrumento opcional para IPlast 30 &#8211; 60 &#8211; 105 que permite detectar y memorizar en la unidad de control la geolocalizaci\u00f3n del punto de soldadura.Se implementa en el cable scanner y se encuentra situado cerca del mismo para facilitar la localizaci\u00f3n del punto de inter\u00e9s. [&hellip;]\" \/>\n<meta property=\"og:url\" content=\"https:\/\/www.plastitaliaspa.com\/es\/maquinas-electrosoldar-polietileno\/gps-saldatrici\/\" \/>\n<meta property=\"og:site_name\" content=\"Plastitalia\" \/>\n<meta property=\"article:modified_time\" content=\"2024-07-05T09:11:52+00:00\" \/>\n<meta property=\"og:image\" content=\"https:\/\/www.plastitaliaspa.com\/wp-content\/uploads\/2024\/05\/GPSscanner.jpg\" \/>\n<meta name=\"twitter:card\" content=\"summary_large_image\" \/>\n<meta name=\"twitter:label1\" content=\"Tiempo de lectura\" \/>\n\t<meta name=\"twitter:data1\" content=\"2 minutos\" \/>\n<script type=\"application\/ld+json\" class=\"yoast-schema-graph\">{\"@context\":\"https:\\\/\\\/schema.org\",\"@graph\":[{\"@type\":\"WebPage\",\"@id\":\"https:\\\/\\\/www.plastitaliaspa.com\\\/es\\\/maquinas-electrosoldar-polietileno\\\/gps-saldatrici\\\/\",\"url\":\"https:\\\/\\\/www.plastitaliaspa.com\\\/es\\\/maquinas-electrosoldar-polietileno\\\/gps-saldatrici\\\/\",\"name\":\"GPS | Plastitalia\",\"isPartOf\":{\"@id\":\"https:\\\/\\\/www.plastitaliaspa.com\\\/es\\\/#website\"},\"primaryImageOfPage\":{\"@id\":\"https:\\\/\\\/www.plastitaliaspa.com\\\/es\\\/maquinas-electrosoldar-polietileno\\\/gps-saldatrici\\\/#primaryimage\"},\"image\":{\"@id\":\"https:\\\/\\\/www.plastitaliaspa.com\\\/es\\\/maquinas-electrosoldar-polietileno\\\/gps-saldatrici\\\/#primaryimage\"},\"thumbnailUrl\":\"https:\\\/\\\/www.plastitaliaspa.com\\\/wp-content\\\/uploads\\\/2024\\\/05\\\/GPSscanner.jpg\",\"datePublished\":\"2024-05-28T08:22:12+00:00\",\"dateModified\":\"2024-07-05T09:11:52+00:00\",\"breadcrumb\":{\"@id\":\"https:\\\/\\\/www.plastitaliaspa.com\\\/es\\\/maquinas-electrosoldar-polietileno\\\/gps-saldatrici\\\/#breadcrumb\"},\"inLanguage\":\"es\",\"potentialAction\":[{\"@type\":\"ReadAction\",\"target\":[\"https:\\\/\\\/www.plastitaliaspa.com\\\/es\\\/maquinas-electrosoldar-polietileno\\\/gps-saldatrici\\\/\"]}]},{\"@type\":\"ImageObject\",\"inLanguage\":\"es\",\"@id\":\"https:\\\/\\\/www.plastitaliaspa.com\\\/es\\\/maquinas-electrosoldar-polietileno\\\/gps-saldatrici\\\/#primaryimage\",\"url\":\"https:\\\/\\\/www.plastitaliaspa.com\\\/wp-content\\\/uploads\\\/2024\\\/05\\\/GPSscanner.jpg\",\"contentUrl\":\"https:\\\/\\\/www.plastitaliaspa.com\\\/wp-content\\\/uploads\\\/2024\\\/05\\\/GPSscanner.jpg\"},{\"@type\":\"BreadcrumbList\",\"@id\":\"https:\\\/\\\/www.plastitaliaspa.com\\\/es\\\/maquinas-electrosoldar-polietileno\\\/gps-saldatrici\\\/#breadcrumb\",\"itemListElement\":[{\"@type\":\"ListItem\",\"position\":1,\"name\":\"Home\",\"item\":\"https:\\\/\\\/www.plastitaliaspa.com\\\/es\\\/\"},{\"@type\":\"ListItem\",\"position\":2,\"name\":\"Maquinas electrosoldar polietileno\",\"item\":\"https:\\\/\\\/www.plastitaliaspa.com\\\/es\\\/saldatrici-per-polietilene\\\/\"},{\"@type\":\"ListItem\",\"position\":3,\"name\":\"GPS\"}]},{\"@type\":\"WebSite\",\"@id\":\"https:\\\/\\\/www.plastitaliaspa.com\\\/es\\\/#website\",\"url\":\"https:\\\/\\\/www.plastitaliaspa.com\\\/es\\\/\",\"name\":\"Plastitalia\",\"description\":\"Leader europeo nella produzione di raccordi in polietilene. Raccordi HDPE elettrosaldabili, di transizione e testa a testa utilizzati per impianti acqua e gas.\",\"publisher\":{\"@id\":\"https:\\\/\\\/www.plastitaliaspa.com\\\/es\\\/#organization\"},\"potentialAction\":[{\"@type\":\"SearchAction\",\"target\":{\"@type\":\"EntryPoint\",\"urlTemplate\":\"https:\\\/\\\/www.plastitaliaspa.com\\\/es\\\/?s={search_term_string}\"},\"query-input\":{\"@type\":\"PropertyValueSpecification\",\"valueRequired\":true,\"valueName\":\"search_term_string\"}}],\"inLanguage\":\"es\"},{\"@type\":\"Organization\",\"@id\":\"https:\\\/\\\/www.plastitaliaspa.com\\\/es\\\/#organization\",\"name\":\"Plastitalia\",\"url\":\"https:\\\/\\\/www.plastitaliaspa.com\\\/es\\\/\",\"logo\":{\"@type\":\"ImageObject\",\"inLanguage\":\"es\",\"@id\":\"https:\\\/\\\/www.plastitaliaspa.com\\\/es\\\/#\\\/schema\\\/logo\\\/image\\\/\",\"url\":\"https:\\\/\\\/www.plastitaliaspa.com\\\/wp-content\\\/uploads\\\/2024\\\/05\\\/logo-plastitalia-sito.png\",\"contentUrl\":\"https:\\\/\\\/www.plastitaliaspa.com\\\/wp-content\\\/uploads\\\/2024\\\/05\\\/logo-plastitalia-sito.png\",\"width\":652,\"height\":205,\"caption\":\"Plastitalia\"},\"image\":{\"@id\":\"https:\\\/\\\/www.plastitaliaspa.com\\\/es\\\/#\\\/schema\\\/logo\\\/image\\\/\"}}]}<\/script>\n<!-- \/ Yoast SEO plugin. -->","yoast_head_json":{"title":"GPS | Plastitalia","robots":{"index":"index","follow":"follow","max-snippet":"max-snippet:-1","max-image-preview":"max-image-preview:large","max-video-preview":"max-video-preview:-1"},"canonical":"https:\/\/www.plastitaliaspa.com\/es\/maquinas-electrosoldar-polietileno\/gps-saldatrici\/","og_locale":"es_ES","og_type":"article","og_title":"GPS | Plastitalia","og_description":"IPlast GPS Geolocalizaci\u00f3n de las soldaduras IPlast GPS es el instrumento opcional para IPlast 30 &#8211; 60 &#8211; 105 que permite detectar y memorizar en la unidad de control la geolocalizaci\u00f3n del punto de soldadura.Se implementa en el cable scanner y se encuentra situado cerca del mismo para facilitar la localizaci\u00f3n del punto de inter\u00e9s. [&hellip;]","og_url":"https:\/\/www.plastitaliaspa.com\/es\/maquinas-electrosoldar-polietileno\/gps-saldatrici\/","og_site_name":"Plastitalia","article_modified_time":"2024-07-05T09:11:52+00:00","og_image":[{"url":"https:\/\/www.plastitaliaspa.com\/wp-content\/uploads\/2024\/05\/GPSscanner.jpg","type":"","width":"","height":""}],"twitter_card":"summary_large_image","twitter_misc":{"Tiempo de lectura":"2 minutos"},"schema":{"@context":"https:\/\/schema.org","@graph":[{"@type":"WebPage","@id":"https:\/\/www.plastitaliaspa.com\/es\/maquinas-electrosoldar-polietileno\/gps-saldatrici\/","url":"https:\/\/www.plastitaliaspa.com\/es\/maquinas-electrosoldar-polietileno\/gps-saldatrici\/","name":"GPS | Plastitalia","isPartOf":{"@id":"https:\/\/www.plastitaliaspa.com\/es\/#website"},"primaryImageOfPage":{"@id":"https:\/\/www.plastitaliaspa.com\/es\/maquinas-electrosoldar-polietileno\/gps-saldatrici\/#primaryimage"},"image":{"@id":"https:\/\/www.plastitaliaspa.com\/es\/maquinas-electrosoldar-polietileno\/gps-saldatrici\/#primaryimage"},"thumbnailUrl":"https:\/\/www.plastitaliaspa.com\/wp-content\/uploads\/2024\/05\/GPSscanner.jpg","datePublished":"2024-05-28T08:22:12+00:00","dateModified":"2024-07-05T09:11:52+00:00","breadcrumb":{"@id":"https:\/\/www.plastitaliaspa.com\/es\/maquinas-electrosoldar-polietileno\/gps-saldatrici\/#breadcrumb"},"inLanguage":"es","potentialAction":[{"@type":"ReadAction","target":["https:\/\/www.plastitaliaspa.com\/es\/maquinas-electrosoldar-polietileno\/gps-saldatrici\/"]}]},{"@type":"ImageObject","inLanguage":"es","@id":"https:\/\/www.plastitaliaspa.com\/es\/maquinas-electrosoldar-polietileno\/gps-saldatrici\/#primaryimage","url":"https:\/\/www.plastitaliaspa.com\/wp-content\/uploads\/2024\/05\/GPSscanner.jpg","contentUrl":"https:\/\/www.plastitaliaspa.com\/wp-content\/uploads\/2024\/05\/GPSscanner.jpg"},{"@type":"BreadcrumbList","@id":"https:\/\/www.plastitaliaspa.com\/es\/maquinas-electrosoldar-polietileno\/gps-saldatrici\/#breadcrumb","itemListElement":[{"@type":"ListItem","position":1,"name":"Home","item":"https:\/\/www.plastitaliaspa.com\/es\/"},{"@type":"ListItem","position":2,"name":"Maquinas electrosoldar polietileno","item":"https:\/\/www.plastitaliaspa.com\/es\/saldatrici-per-polietilene\/"},{"@type":"ListItem","position":3,"name":"GPS"}]},{"@type":"WebSite","@id":"https:\/\/www.plastitaliaspa.com\/es\/#website","url":"https:\/\/www.plastitaliaspa.com\/es\/","name":"Plastitalia","description":"Leader europeo nella produzione di raccordi in polietilene. Raccordi HDPE elettrosaldabili, di transizione e testa a testa utilizzati per impianti acqua e gas.","publisher":{"@id":"https:\/\/www.plastitaliaspa.com\/es\/#organization"},"potentialAction":[{"@type":"SearchAction","target":{"@type":"EntryPoint","urlTemplate":"https:\/\/www.plastitaliaspa.com\/es\/?s={search_term_string}"},"query-input":{"@type":"PropertyValueSpecification","valueRequired":true,"valueName":"search_term_string"}}],"inLanguage":"es"},{"@type":"Organization","@id":"https:\/\/www.plastitaliaspa.com\/es\/#organization","name":"Plastitalia","url":"https:\/\/www.plastitaliaspa.com\/es\/","logo":{"@type":"ImageObject","inLanguage":"es","@id":"https:\/\/www.plastitaliaspa.com\/es\/#\/schema\/logo\/image\/","url":"https:\/\/www.plastitaliaspa.com\/wp-content\/uploads\/2024\/05\/logo-plastitalia-sito.png","contentUrl":"https:\/\/www.plastitaliaspa.com\/wp-content\/uploads\/2024\/05\/logo-plastitalia-sito.png","width":652,"height":205,"caption":"Plastitalia"},"image":{"@id":"https:\/\/www.plastitaliaspa.com\/es\/#\/schema\/logo\/image\/"}}]}},"_links":{"self":[{"href":"https:\/\/www.plastitaliaspa.com\/es\/wp-json\/wp\/v2\/pages\/9903","targetHints":{"allow":["GET"]}}],"collection":[{"href":"https:\/\/www.plastitaliaspa.com\/es\/wp-json\/wp\/v2\/pages"}],"about":[{"href":"https:\/\/www.plastitaliaspa.com\/es\/wp-json\/wp\/v2\/types\/page"}],"author":[{"embeddable":true,"href":"https:\/\/www.plastitaliaspa.com\/es\/wp-json\/wp\/v2\/users\/1"}],"replies":[{"embeddable":true,"href":"https:\/\/www.plastitaliaspa.com\/es\/wp-json\/wp\/v2\/comments?post=9903"}],"version-history":[{"count":3,"href":"https:\/\/www.plastitaliaspa.com\/es\/wp-json\/wp\/v2\/pages\/9903\/revisions"}],"predecessor-version":[{"id":9910,"href":"https:\/\/www.plastitaliaspa.com\/es\/wp-json\/wp\/v2\/pages\/9903\/revisions\/9910"}],"up":[{"embeddable":true,"href":"https:\/\/www.plastitaliaspa.com\/es\/wp-json\/wp\/v2\/pages\/9865"}],"wp:attachment":[{"href":"https:\/\/www.plastitaliaspa.com\/es\/wp-json\/wp\/v2\/media?parent=9903"}],"curies":[{"name":"wp","href":"https:\/\/api.w.org\/{rel}","templated":true}]}}