{"id":9839,"date":"2024-05-28T08:18:45","date_gmt":"2024-05-28T08:18:45","guid":{"rendered":"https:\/\/plastitalia.aitema.com\/lavora-con-noi\/"},"modified":"2024-07-05T08:39:33","modified_gmt":"2024-07-05T08:39:33","slug":"trabaja-con-nosotros","status":"publish","type":"page","link":"https:\/\/www.plastitaliaspa.com\/es\/agencia\/trabaja-con-nosotros\/","title":{"rendered":"Trabaja con nosotros"},"content":{"rendered":"\t\t<div data-elementor-type=\"wp-page\" data-elementor-id=\"9839\" class=\"elementor elementor-9839 elementor-160\" data-elementor-post-type=\"page\">\n\t\t\t\t<div class=\"elementor-element elementor-element-3ebc9c23 e-flex e-con-boxed e-con e-parent\" data-id=\"3ebc9c23\" data-element_type=\"container\" data-e-type=\"container\" data-settings=\"{&quot;background_background&quot;:&quot;classic&quot;}\">\n\t\t\t\t\t<div class=\"e-con-inner\">\n\t\t\t\t<div class=\"elementor-element elementor-element-40c4a47f elementor-widget elementor-widget-heading\" data-id=\"40c4a47f\" data-element_type=\"widget\" data-e-type=\"widget\" data-widget_type=\"heading.default\">\n\t\t\t\t<div class=\"elementor-widget-container\">\n\t\t\t\t\t<h2 class=\"elementor-heading-title elementor-size-default\">Trabaja con nosotros<\/h2>\t\t\t\t<\/div>\n\t\t\t\t<\/div>\n\t\t\t\t\t<\/div>\n\t\t\t\t<\/div>\n\t\t<div class=\"elementor-element elementor-element-45eba9bd e-flex e-con-boxed e-con e-parent\" data-id=\"45eba9bd\" data-element_type=\"container\" data-e-type=\"container\" data-settings=\"{&quot;background_background&quot;:&quot;classic&quot;}\">\n\t\t\t\t\t<div class=\"e-con-inner\">\n\t\t<div class=\"elementor-element elementor-element-2641c0c8 e-con-full e-flex e-con e-child\" data-id=\"2641c0c8\" data-element_type=\"container\" data-e-type=\"container\">\n\t\t\t\t<div class=\"elementor-element elementor-element-a3fa0d1 elementor-widget elementor-widget-heading\" data-id=\"a3fa0d1\" data-element_type=\"widget\" data-e-type=\"widget\" data-widget_type=\"heading.default\">\n\t\t\t\t<div class=\"elementor-widget-container\">\n\t\t\t\t\t<h2 class=\"elementor-heading-title elementor-size-default\">\u00bfTe gustar\u00eda trabajar con nosotros?<br>\nCompleta el formulario siguiente. Gracias\n<\/h2>\t\t\t\t<\/div>\n\t\t\t\t<\/div>\n\t\t<div class=\"elementor-element elementor-element-d17e9b7 e-flex e-con-boxed e-con e-child\" data-id=\"d17e9b7\" data-element_type=\"container\" data-e-type=\"container\">\n\t\t\t\t\t<div class=\"e-con-inner\">\n\t\t\t\t<div class=\"elementor-element elementor-element-6733778 elementor-widget elementor-widget-shortcode\" data-id=\"6733778\" data-element_type=\"widget\" data-e-type=\"widget\" data-widget_type=\"shortcode.default\">\n\t\t\t\t<div class=\"elementor-widget-container\">\n\t\t\t\t\t\t\t<div class=\"elementor-shortcode\"><style id=\"wpforms-css-vars-7351\">\n\t\t\t\t#wpforms-7351 {\n\t\t\t\t\n\t\t\t}\n\t\t\t<\/style><div class=\"wpforms-container wpforms-container-full wpforms-render-modern\" id=\"wpforms-7351\"><form id=\"wpforms-form-7351\" class=\"wpforms-validate wpforms-form wpforms-ajax-form\" data-formid=\"7351\" method=\"post\" enctype=\"multipart\/form-data\" action=\"\/es\/wp-json\/wp\/v2\/pages\/9839?wpforms_form_id=7351\" data-token=\"e9b65df26016457975734cbcfb3b9edc\" data-token-time=\"1777377940\"><noscript class=\"wpforms-error-noscript\">Por favor, activa JavaScript en tu navegador para completar este formulario.<\/noscript><div id=\"wpforms-error-noscript\" style=\"display: none;\">Por favor, activa JavaScript en tu navegador para completar este formulario.<\/div><div class=\"wpforms-field-container\"><div id=\"wpforms-7351-field_6-container\" class=\"wpforms-field wpforms-field-name\" data-field-id=\"6\"><label class=\"wpforms-field-label wpforms-label-hide\" for=\"wpforms-7351-field_6\" aria-hidden=\"false\">Nombre <span class=\"wpforms-required-label\" aria-hidden=\"true\">*<\/span><\/label><input type=\"text\" id=\"wpforms-7351-field_6\" class=\"wpforms-field-large wpforms-field-required\" name=\"wpforms[fields][6]\" placeholder=\"Nombre\/Empresa\" aria-errormessage=\"wpforms-7351-field_6-error\" required><\/div><div id=\"wpforms-7351-field_20-container\" class=\"wpforms-field wpforms-field-text\" data-field-id=\"20\"><label class=\"wpforms-field-label wpforms-label-hide\" for=\"wpforms-7351-field_20\" aria-hidden=\"false\">Edad <span class=\"wpforms-required-label\" aria-hidden=\"true\">*<\/span><\/label><input type=\"text\" id=\"wpforms-7351-field_20\" class=\"wpforms-field-large wpforms-field-required\" name=\"wpforms[fields][20]\" placeholder=\"Edad\" aria-errormessage=\"wpforms-7351-field_20-error\" required><\/div><div id=\"wpforms-7351-field_21-container\" class=\"wpforms-field wpforms-field-text\" data-field-id=\"21\"><label class=\"wpforms-field-label wpforms-label-hide\" for=\"wpforms-7351-field_21\" aria-hidden=\"false\">Direcci\u00f3n <span class=\"wpforms-required-label\" aria-hidden=\"true\">*<\/span><\/label><input type=\"text\" id=\"wpforms-7351-field_21\" class=\"wpforms-field-large wpforms-field-required\" name=\"wpforms[fields][21]\" placeholder=\"Adresse\" aria-errormessage=\"wpforms-7351-field_21-error\" required><\/div><div id=\"wpforms-7351-field_22-container\" class=\"wpforms-field wpforms-field-text\" data-field-id=\"22\"><label class=\"wpforms-field-label wpforms-label-hide\" for=\"wpforms-7351-field_22\" aria-hidden=\"false\">C\u00d3DIGO POSTAL <span class=\"wpforms-required-label\" aria-hidden=\"true\">*<\/span><\/label><input type=\"text\" id=\"wpforms-7351-field_22\" class=\"wpforms-field-large wpforms-field-required\" name=\"wpforms[fields][22]\" placeholder=\"C\u00d3DIGO POSTAL\" aria-errormessage=\"wpforms-7351-field_22-error\" required><\/div><div id=\"wpforms-7351-field_13-container\" class=\"wpforms-field wpforms-field-text\" data-field-id=\"13\"><label class=\"wpforms-field-label wpforms-label-hide\" for=\"wpforms-7351-field_13\" aria-hidden=\"false\">Ciudad <span class=\"wpforms-required-label\" aria-hidden=\"true\">*<\/span><\/label><input type=\"text\" id=\"wpforms-7351-field_13\" class=\"wpforms-field-large wpforms-field-required\" name=\"wpforms[fields][13]\" placeholder=\"Ciudad\" aria-errormessage=\"wpforms-7351-field_13-error\" required><\/div><div id=\"wpforms-7351-field_9-container\" class=\"wpforms-field wpforms-field-phone\" data-field-id=\"9\"><label class=\"wpforms-field-label wpforms-label-hide\" for=\"wpforms-7351-field_9\" aria-hidden=\"false\">Tel\u00e9fono <span class=\"wpforms-required-label\" aria-hidden=\"true\">*<\/span><\/label><input type=\"tel\" id=\"wpforms-7351-field_9\" class=\"wpforms-field-large wpforms-field-required wpforms-smart-phone-field\" data-rule-smart-phone-field=\"true\" name=\"wpforms[fields][9]\" placeholder=\"Tel\u00e9fono\" aria-label=\"Tel\u00e9fono\" aria-errormessage=\"wpforms-7351-field_9-error\" required><\/div><div id=\"wpforms-7351-field_8-container\" class=\"wpforms-field wpforms-field-email\" data-field-id=\"8\"><label class=\"wpforms-field-label wpforms-label-hide\" for=\"wpforms-7351-field_8\" aria-hidden=\"false\">Email <span class=\"wpforms-required-label\" aria-hidden=\"true\">*<\/span><\/label><input type=\"email\" id=\"wpforms-7351-field_8\" class=\"wpforms-field-large wpforms-field-required\" name=\"wpforms[fields][8]\" placeholder=\"Email\" spellcheck=\"false\" aria-errormessage=\"wpforms-7351-field_8-error\" required><\/div><div id=\"wpforms-7351-field_15-container\" class=\"wpforms-field wpforms-field-html\" data-field-id=\"15\"><div id=\"wpforms-7351-field_15\" aria-errormessage=\"wpforms-7351-field_15-error\"><h4>Subir CV<\/h4><\/div><\/div><div id=\"wpforms-7351-field_23-container\" class=\"wpforms-field wpforms-field-file-upload\" data-field-id=\"23\"><label class=\"wpforms-field-label wpforms-label-hide\" for=\"wpforms-7351-field_23\" aria-hidden=\"false\">Subir archivo <span class=\"wpforms-required-label\" aria-hidden=\"true\">*<\/span><\/label><input type=\"file\" id=\"wpforms-7351-field_23\" class=\"wpforms-field-required\" data-rule-extension=\"txt,rtf,pdf,doc,docx,odt,ppt,pptx,odp,xls,xlsx,ods\" data-rule-maxsize=\"209715200\" name=\"wpforms_7351_23\" accept=\".txt,.rtf,.pdf,.doc,.docx,.odt,.ppt,.pptx,.odp,.xls,.xlsx,.ods\" aria-errormessage=\"wpforms-7351-field_23-error\" required><\/div><div id=\"wpforms-7351-field_24-container\" class=\"wpforms-field wpforms-field-html\" data-field-id=\"24\"><div id=\"wpforms-7351-field_24\" aria-errormessage=\"wpforms-7351-field_24-error\"><h4>One file only.<br \/>\n200 MB limit.<br \/>\nAllowed types: txt, rtf, pdf, doc, docx,<br \/>\nodt, ppt, pptx, odp, xls, xlsx, ods.<\/h4><\/div><\/div><div id=\"wpforms-7351-field_11-container\" class=\"wpforms-field wpforms-field-checkbox\" data-field-id=\"11\"><fieldset><legend class=\"wpforms-field-label wpforms-label-hide\" aria-hidden=\"false\">Privacidad <span class=\"wpforms-required-label\" aria-hidden=\"true\">*<\/span><\/legend><ul id=\"wpforms-7351-field_11\" class=\"wpforms-field-required\"><li class=\"choice-1 depth-1\"><input type=\"checkbox\" id=\"wpforms-7351-field_11_1\" name=\"wpforms[fields][11][]\" value=\"Confirmo que he le\u00eddo la &lt;a href=&quot;https:\/\/www.iubenda.com\/privacy-policy\/17849297&quot;&gt;declaraci\u00f3n de privacidad&lt;\/a&gt; sobre el procesamiento de datos.\" aria-errormessage=\"wpforms-7351-field_11_1-error\" required ><label class=\"wpforms-field-label-inline\" for=\"wpforms-7351-field_11_1\">Confirmo que he le\u00eddo la <a href=\"https:\/\/www.iubenda.com\/privacy-policy\/17849297\">declaraci\u00f3n de privacidad<\/a> sobre el procesamiento de datos.<\/label><\/li><\/ul><\/fieldset><\/div><div id=\"wpforms-7351-field_12-container\" class=\"wpforms-field wpforms-field-checkbox\" data-field-id=\"12\"><fieldset><legend class=\"wpforms-field-label wpforms-label-hide\" aria-hidden=\"false\">Boletin informativo<\/legend><ul id=\"wpforms-7351-field_12\"><li class=\"choice-4 depth-1\"><input type=\"checkbox\" id=\"wpforms-7351-field_12_4\" name=\"wpforms[fields][12][]\" value=\"He le\u00eddo la pol\u00edtica de &lt;a href=&quot;https:\/\/www.iubenda.com\/privacy-policy\/17849297&quot;&gt;privacidad &lt;\/a&gt; y me gustar\u00eda suscribirme al bolet\u00edn para recibir actualizaciones t\u00e9cnicas e informativas.\" aria-errormessage=\"wpforms-7351-field_12_4-error\"  ><label class=\"wpforms-field-label-inline\" for=\"wpforms-7351-field_12_4\">He le\u00eddo la pol\u00edtica de <a href=\"https:\/\/www.iubenda.com\/privacy-policy\/17849297\">privacidad <\/a> y me gustar\u00eda suscribirme al bolet\u00edn para recibir actualizaciones t\u00e9cnicas e informativas.<\/label><\/li><\/ul><\/fieldset><\/div><div id=\"wpforms-7351-field_19-container\" class=\"wpforms-field wpforms-field-checkbox\" data-field-id=\"19\"><fieldset><legend class=\"wpforms-field-label wpforms-label-hide\" aria-hidden=\"false\">Servicios de encuestas a clientes<\/legend><ul id=\"wpforms-7351-field_19\"><li class=\"choice-4 depth-1\"><input type=\"checkbox\" id=\"wpforms-7351-field_19_4\" name=\"wpforms[fields][19][]\" value=\"He le\u00eddo la &lt;a href=&quot;https:\/\/www.iubenda.com\/privacy-policy\/17849297&quot;&gt;declaraci\u00f3n de privacidad &lt;\/a&gt; y doy mi consentimiento para el procesamiento de mis datos personales para estudios de satisfacci\u00f3n del cliente y actividades de creaci\u00f3n de perfiles con fines estad\u00edsticos, con el objetivo de mejorar el servicio.\" aria-errormessage=\"wpforms-7351-field_19_4-error\"  ><label class=\"wpforms-field-label-inline\" for=\"wpforms-7351-field_19_4\">He le\u00eddo la <a href=\"https:\/\/www.iubenda.com\/privacy-policy\/17849297\">declaraci\u00f3n de privacidad <\/a> y doy mi consentimiento para el procesamiento de mis datos personales para estudios de satisfacci\u00f3n del cliente y actividades de creaci\u00f3n de perfiles con fines estad\u00edsticos, con el objetivo de mejorar el servicio.<\/label><\/li><\/ul><\/fieldset><\/div><\/div><!-- .wpforms-field-container --><div class=\"wpforms-submit-container\" ><input type=\"hidden\" name=\"wpforms[id]\" value=\"7351\"><input type=\"hidden\" name=\"page_title\" value=\"\"><input type=\"hidden\" name=\"page_url\" value=\"https:\/\/www.plastitaliaspa.com\/es\/wp-json\/wp\/v2\/pages\/9839\"><input type=\"hidden\" name=\"url_referer\" value=\"\"><button type=\"submit\" name=\"wpforms[submit]\" id=\"wpforms-submit-7351\" class=\"wpforms-submit\" data-alt-text=\"Enviando...\" data-submit-text=\"Enviar solicitud\" aria-live=\"assertive\" value=\"wpforms-submit\">Enviar solicitud<\/button><img decoding=\"async\" src=\"https:\/\/www.plastitaliaspa.com\/wp-content\/plugins\/wpforms\/assets\/images\/submit-spin.svg\" class=\"wpforms-submit-spinner\" style=\"display: none;\" width=\"26\" height=\"26\" alt=\"Cargando\"><\/div><\/form><\/div>  <!-- .wpforms-container --><\/div>\n\t\t\t\t\t\t<\/div>\n\t\t\t\t<\/div>\n\t\t\t\t\t<\/div>\n\t\t\t\t<\/div>\n\t\t\t\t<\/div>\n\t\t\t\t\t<\/div>\n\t\t\t\t<\/div>\n\t\t\t\t<\/div>\n\t\t","protected":false},"excerpt":{"rendered":"<p>\u00bfTe gustar\u00eda trabajar con nosotros? Completa el formulario siguiente. Gracias<\/p>\n","protected":false},"author":1,"featured_media":0,"parent":10217,"menu_order":0,"comment_status":"closed","ping_status":"closed","template":"","meta":{"_acf_changed":false,"footnotes":""},"class_list":["post-9839","page","type-page","status-publish","hentry"],"acf":[],"yoast_head":"<!-- This site is optimized with the Yoast SEO plugin v27.4 - https:\/\/yoast.com\/product\/yoast-seo-wordpress\/ -->\n<title>Trabaja con nosotros | Plastitalia<\/title>\n<meta name=\"robots\" content=\"index, follow, max-snippet:-1, max-image-preview:large, max-video-preview:-1\" \/>\n<link rel=\"canonical\" href=\"https:\/\/www.plastitaliaspa.com\/es\/agencia\/trabaja-con-nosotros\/\" \/>\n<meta property=\"og:locale\" content=\"es_ES\" \/>\n<meta property=\"og:type\" content=\"article\" \/>\n<meta property=\"og:title\" content=\"Trabaja con nosotros | Plastitalia\" \/>\n<meta property=\"og:description\" content=\"\u00bfTe gustar\u00eda trabajar con nosotros? Completa el formulario siguiente. Gracias\" \/>\n<meta property=\"og:url\" content=\"https:\/\/www.plastitaliaspa.com\/es\/agencia\/trabaja-con-nosotros\/\" \/>\n<meta property=\"og:site_name\" content=\"Plastitalia\" \/>\n<meta property=\"article:modified_time\" content=\"2024-07-05T08:39:33+00:00\" \/>\n<meta name=\"twitter:card\" content=\"summary_large_image\" \/>\n<meta name=\"twitter:label1\" content=\"Tiempo de lectura\" \/>\n\t<meta name=\"twitter:data1\" content=\"1 minuto\" \/>\n<script type=\"application\/ld+json\" class=\"yoast-schema-graph\">{\"@context\":\"https:\\\/\\\/schema.org\",\"@graph\":[{\"@type\":\"WebPage\",\"@id\":\"https:\\\/\\\/www.plastitaliaspa.com\\\/es\\\/agencia\\\/trabaja-con-nosotros\\\/\",\"url\":\"https:\\\/\\\/www.plastitaliaspa.com\\\/es\\\/agencia\\\/trabaja-con-nosotros\\\/\",\"name\":\"Trabaja con nosotros | Plastitalia\",\"isPartOf\":{\"@id\":\"https:\\\/\\\/www.plastitaliaspa.com\\\/es\\\/#website\"},\"datePublished\":\"2024-05-28T08:18:45+00:00\",\"dateModified\":\"2024-07-05T08:39:33+00:00\",\"breadcrumb\":{\"@id\":\"https:\\\/\\\/www.plastitaliaspa.com\\\/es\\\/agencia\\\/trabaja-con-nosotros\\\/#breadcrumb\"},\"inLanguage\":\"es\",\"potentialAction\":[{\"@type\":\"ReadAction\",\"target\":[\"https:\\\/\\\/www.plastitaliaspa.com\\\/es\\\/agencia\\\/trabaja-con-nosotros\\\/\"]}]},{\"@type\":\"BreadcrumbList\",\"@id\":\"https:\\\/\\\/www.plastitaliaspa.com\\\/es\\\/agencia\\\/trabaja-con-nosotros\\\/#breadcrumb\",\"itemListElement\":[{\"@type\":\"ListItem\",\"position\":1,\"name\":\"Home\",\"item\":\"https:\\\/\\\/www.plastitaliaspa.com\\\/es\\\/\"},{\"@type\":\"ListItem\",\"position\":2,\"name\":\"Agencia\",\"item\":\"https:\\\/\\\/www.plastitaliaspa.com\\\/es\\\/azienda\\\/\"},{\"@type\":\"ListItem\",\"position\":3,\"name\":\"Trabaja con nosotros\"}]},{\"@type\":\"WebSite\",\"@id\":\"https:\\\/\\\/www.plastitaliaspa.com\\\/es\\\/#website\",\"url\":\"https:\\\/\\\/www.plastitaliaspa.com\\\/es\\\/\",\"name\":\"Plastitalia\",\"description\":\"Leader europeo nella produzione di raccordi in polietilene. Raccordi HDPE elettrosaldabili, di transizione e testa a testa utilizzati per impianti acqua e gas.\",\"publisher\":{\"@id\":\"https:\\\/\\\/www.plastitaliaspa.com\\\/es\\\/#organization\"},\"potentialAction\":[{\"@type\":\"SearchAction\",\"target\":{\"@type\":\"EntryPoint\",\"urlTemplate\":\"https:\\\/\\\/www.plastitaliaspa.com\\\/es\\\/?s={search_term_string}\"},\"query-input\":{\"@type\":\"PropertyValueSpecification\",\"valueRequired\":true,\"valueName\":\"search_term_string\"}}],\"inLanguage\":\"es\"},{\"@type\":\"Organization\",\"@id\":\"https:\\\/\\\/www.plastitaliaspa.com\\\/es\\\/#organization\",\"name\":\"Plastitalia\",\"url\":\"https:\\\/\\\/www.plastitaliaspa.com\\\/es\\\/\",\"logo\":{\"@type\":\"ImageObject\",\"inLanguage\":\"es\",\"@id\":\"https:\\\/\\\/www.plastitaliaspa.com\\\/es\\\/#\\\/schema\\\/logo\\\/image\\\/\",\"url\":\"https:\\\/\\\/www.plastitaliaspa.com\\\/wp-content\\\/uploads\\\/2024\\\/05\\\/logo-plastitalia-sito.png\",\"contentUrl\":\"https:\\\/\\\/www.plastitaliaspa.com\\\/wp-content\\\/uploads\\\/2024\\\/05\\\/logo-plastitalia-sito.png\",\"width\":652,\"height\":205,\"caption\":\"Plastitalia\"},\"image\":{\"@id\":\"https:\\\/\\\/www.plastitaliaspa.com\\\/es\\\/#\\\/schema\\\/logo\\\/image\\\/\"}}]}<\/script>\n<!-- \/ Yoast SEO plugin. -->","yoast_head_json":{"title":"Trabaja con nosotros | Plastitalia","robots":{"index":"index","follow":"follow","max-snippet":"max-snippet:-1","max-image-preview":"max-image-preview:large","max-video-preview":"max-video-preview:-1"},"canonical":"https:\/\/www.plastitaliaspa.com\/es\/agencia\/trabaja-con-nosotros\/","og_locale":"es_ES","og_type":"article","og_title":"Trabaja con nosotros | Plastitalia","og_description":"\u00bfTe gustar\u00eda trabajar con nosotros? Completa el formulario siguiente. Gracias","og_url":"https:\/\/www.plastitaliaspa.com\/es\/agencia\/trabaja-con-nosotros\/","og_site_name":"Plastitalia","article_modified_time":"2024-07-05T08:39:33+00:00","twitter_card":"summary_large_image","twitter_misc":{"Tiempo de lectura":"1 minuto"},"schema":{"@context":"https:\/\/schema.org","@graph":[{"@type":"WebPage","@id":"https:\/\/www.plastitaliaspa.com\/es\/agencia\/trabaja-con-nosotros\/","url":"https:\/\/www.plastitaliaspa.com\/es\/agencia\/trabaja-con-nosotros\/","name":"Trabaja con nosotros | Plastitalia","isPartOf":{"@id":"https:\/\/www.plastitaliaspa.com\/es\/#website"},"datePublished":"2024-05-28T08:18:45+00:00","dateModified":"2024-07-05T08:39:33+00:00","breadcrumb":{"@id":"https:\/\/www.plastitaliaspa.com\/es\/agencia\/trabaja-con-nosotros\/#breadcrumb"},"inLanguage":"es","potentialAction":[{"@type":"ReadAction","target":["https:\/\/www.plastitaliaspa.com\/es\/agencia\/trabaja-con-nosotros\/"]}]},{"@type":"BreadcrumbList","@id":"https:\/\/www.plastitaliaspa.com\/es\/agencia\/trabaja-con-nosotros\/#breadcrumb","itemListElement":[{"@type":"ListItem","position":1,"name":"Home","item":"https:\/\/www.plastitaliaspa.com\/es\/"},{"@type":"ListItem","position":2,"name":"Agencia","item":"https:\/\/www.plastitaliaspa.com\/es\/azienda\/"},{"@type":"ListItem","position":3,"name":"Trabaja con nosotros"}]},{"@type":"WebSite","@id":"https:\/\/www.plastitaliaspa.com\/es\/#website","url":"https:\/\/www.plastitaliaspa.com\/es\/","name":"Plastitalia","description":"Leader europeo nella produzione di raccordi in polietilene. Raccordi HDPE elettrosaldabili, di transizione e testa a testa utilizzati per impianti acqua e gas.","publisher":{"@id":"https:\/\/www.plastitaliaspa.com\/es\/#organization"},"potentialAction":[{"@type":"SearchAction","target":{"@type":"EntryPoint","urlTemplate":"https:\/\/www.plastitaliaspa.com\/es\/?s={search_term_string}"},"query-input":{"@type":"PropertyValueSpecification","valueRequired":true,"valueName":"search_term_string"}}],"inLanguage":"es"},{"@type":"Organization","@id":"https:\/\/www.plastitaliaspa.com\/es\/#organization","name":"Plastitalia","url":"https:\/\/www.plastitaliaspa.com\/es\/","logo":{"@type":"ImageObject","inLanguage":"es","@id":"https:\/\/www.plastitaliaspa.com\/es\/#\/schema\/logo\/image\/","url":"https:\/\/www.plastitaliaspa.com\/wp-content\/uploads\/2024\/05\/logo-plastitalia-sito.png","contentUrl":"https:\/\/www.plastitaliaspa.com\/wp-content\/uploads\/2024\/05\/logo-plastitalia-sito.png","width":652,"height":205,"caption":"Plastitalia"},"image":{"@id":"https:\/\/www.plastitaliaspa.com\/es\/#\/schema\/logo\/image\/"}}]}},"_links":{"self":[{"href":"https:\/\/www.plastitaliaspa.com\/es\/wp-json\/wp\/v2\/pages\/9839","targetHints":{"allow":["GET"]}}],"collection":[{"href":"https:\/\/www.plastitaliaspa.com\/es\/wp-json\/wp\/v2\/pages"}],"about":[{"href":"https:\/\/www.plastitaliaspa.com\/es\/wp-json\/wp\/v2\/types\/page"}],"author":[{"embeddable":true,"href":"https:\/\/www.plastitaliaspa.com\/es\/wp-json\/wp\/v2\/users\/1"}],"replies":[{"embeddable":true,"href":"https:\/\/www.plastitaliaspa.com\/es\/wp-json\/wp\/v2\/comments?post=9839"}],"version-history":[{"count":3,"href":"https:\/\/www.plastitaliaspa.com\/es\/wp-json\/wp\/v2\/pages\/9839\/revisions"}],"predecessor-version":[{"id":9854,"href":"https:\/\/www.plastitaliaspa.com\/es\/wp-json\/wp\/v2\/pages\/9839\/revisions\/9854"}],"up":[{"embeddable":true,"href":"https:\/\/www.plastitaliaspa.com\/es\/wp-json\/wp\/v2\/pages\/10217"}],"wp:attachment":[{"href":"https:\/\/www.plastitaliaspa.com\/es\/wp-json\/wp\/v2\/media?parent=9839"}],"curies":[{"name":"wp","href":"https:\/\/api.w.org\/{rel}","templated":true}]}}