{"id":15967,"date":"2025-01-08T14:49:35","date_gmt":"2025-01-08T14:49:35","guid":{"rendered":"https:\/\/www.plastitaliaspa.com\/doc\/manuals-and-price-lists\/"},"modified":"2026-04-24T15:17:52","modified_gmt":"2026-04-24T15:17:52","slug":"manuales-y-listados","status":"publish","type":"page","link":"https:\/\/www.plastitaliaspa.com\/es\/doc\/manuales-y-listados\/","title":{"rendered":"Manuales y listados"},"content":{"rendered":"\t\t<div data-elementor-type=\"wp-page\" data-elementor-id=\"15967\" class=\"elementor elementor-15967 elementor-15876\" data-elementor-post-type=\"page\">\n\t\t\t\t<div class=\"elementor-element elementor-element-10cb242e e-flex e-con-boxed e-con e-parent\" data-id=\"10cb242e\" data-element_type=\"container\" data-e-type=\"container\" data-settings=\"{&quot;background_background&quot;:&quot;classic&quot;}\">\n\t\t\t\t\t<div class=\"e-con-inner\">\n\t\t\t\t<div class=\"elementor-element elementor-element-c3c7e15 elementor-widget elementor-widget-heading\" data-id=\"c3c7e15\" data-element_type=\"widget\" data-e-type=\"widget\" data-widget_type=\"heading.default\">\n\t\t\t\t<div class=\"elementor-widget-container\">\n\t\t\t\t\t<h2 class=\"elementor-heading-title elementor-size-default\">Descargar documentos\u200b<\/h2>\t\t\t\t<\/div>\n\t\t\t\t<\/div>\n\t\t\t\t\t<\/div>\n\t\t\t\t<\/div>\n\t\t<div class=\"elementor-element elementor-element-5237bea3 e-flex e-con-boxed e-con e-parent\" data-id=\"5237bea3\" data-element_type=\"container\" data-e-type=\"container\">\n\t\t\t\t\t<div class=\"e-con-inner\">\n\t\t<div class=\"elementor-element elementor-element-3420d8d5 e-flex e-con-boxed e-con e-child\" data-id=\"3420d8d5\" data-element_type=\"container\" data-e-type=\"container\">\n\t\t\t\t\t<div class=\"e-con-inner\">\n\t\t\t\t<div class=\"elementor-element elementor-element-72bfe2c elementor-widget elementor-widget-heading\" data-id=\"72bfe2c\" data-element_type=\"widget\" data-e-type=\"widget\" data-widget_type=\"heading.default\">\n\t\t\t\t<div class=\"elementor-widget-container\">\n\t\t\t\t\t<h4 class=\"elementor-heading-title elementor-size-default\">Debe iniciar sesi\u00f3n para acceder a esta p\u00e1gina.<\/h4>\t\t\t\t<\/div>\n\t\t\t\t<\/div>\n\t\t\t\t<div class=\"elementor-element elementor-element-7305523e elementor-button-align-start elementor-widget elementor-widget-login\" data-id=\"7305523e\" data-element_type=\"widget\" data-e-type=\"widget\" data-widget_type=\"login.default\">\n\t\t\t\t<div class=\"elementor-widget-container\">\n\t\t\t\t\t\t\t<form class=\"elementor-login elementor-form\" method=\"post\" action=\"https:\/\/www.plastitaliaspa.com\/wp-login.php\" aria-label=\"Fromulario de login\">\n\t\t\t<input type=\"hidden\" name=\"redirect_to\" value=\"https:\/\/www.plastitaliaspa.com\/es\/doc\/manuales-y-listados\/\">\n\t\t\t<div class=\"elementor-form-fields-wrapper\">\n\t\t\t\t<div class=\"elementor-field-type-text elementor-field-group elementor-column elementor-col-100 elementor-field-required\">\n\t\t\t\t\t<label for=\"user-7305523e\" class=\"elementor-field-label\">Nombre de usuario<\/label>\n\t\t\t\t\t<input size=\"1\" type=\"text\" name=\"log\" id=\"user-7305523e\" placeholder=\"Nombre de usuario o direcci\u00f3n de email\" class=\"elementor-field elementor-field-textual elementor-size-sm\">\n\t\t\t\t<\/div>\n\t\t\t\t<div class=\"elementor-field-type-text elementor-field-group elementor-column elementor-col-100 elementor-field-required\">\n\t\t\t\t\t<label for=\"password-7305523e\" class=\"elementor-field-label\">Cuenta de usuario<\/label>\n\t\t\t\t\t<input size=\"1\" type=\"password\" name=\"pwd\" id=\"password-7305523e\" placeholder=\"Cuenta contrase\u00f1a Plastitalia\" class=\"elementor-field elementor-field-textual elementor-size-sm\">\n\t\t\t\t<\/div>\n\n\t\t\t\t\n\t\t\t\t<div class=\"elementor-field-group elementor-column elementor-field-type-submit elementor-col-100\">\n\t\t\t\t\t<button type=\"submit\" class=\"elementor-size-sm elementor-button\" name=\"wp-submit\">\n\t\t\t\t\t\t\t\t\t\t\t\t\t\t\t<span class=\"elementor-button-text\">Acceso<\/span>\n\t\t\t\t\t\t\t\t\t\t\t\t<\/button>\n\t\t\t\t<\/div>\n\n\t\t\t\t\t\t\t\t\t<div class=\"elementor-field-group elementor-column elementor-col-100\">\n\t\t\t\t\t\t\t\t\t\t\t\t\t\t\t\t\t\t\t\t<a class=\"elementor-lost-password\" href=\"https:\/\/www.plastitaliaspa.com\/es\/doc\/manuales-y-listados\/lost-password\/\">\n\t\t\t\t\t\t\t\t\u00bfPerdiste tu contrase\u00f1a?\t\t\t\t\t\t\t<\/a>\n\t\t\t\t\t\t\n\t\t\t\t\t\t\t\t\t\t\t<\/div>\n\t\t\t\t\t\t\t<\/div>\n\t\t<\/form>\n\t\t\t\t\t\t<\/div>\n\t\t\t\t<\/div>\n\t\t\t\t<div class=\"elementor-element elementor-element-6a3d9b3 elementor-widget elementor-widget-heading\" data-id=\"6a3d9b3\" data-element_type=\"widget\" data-e-type=\"widget\" data-widget_type=\"heading.default\">\n\t\t\t\t<div class=\"elementor-widget-container\">\n\t\t\t\t\t<h4 class=\"elementor-heading-title elementor-size-default\"><a href=\"https:\/\/www.plastitaliaspa.com\/es\/registrarse\/\">\u00bfA\u00fan no se ha registrado?<u> \u00a1Inscr\u00edbete aqu\u00ed!<\/u><\/a><\/h4>\t\t\t\t<\/div>\n\t\t\t\t<\/div>\n\t\t\t\t\t<\/div>\n\t\t\t\t<\/div>\n\t\t\t\t\t<\/div>\n\t\t\t\t<\/div>\n\t\t\t\t<\/div>\n\t\t","protected":false},"excerpt":{"rendered":"<p>Descargar documentos\u200b Debe iniciar sesi\u00f3n para acceder a esta p\u00e1gina. \u00bfA\u00fan no se ha registrado? \u00a1Inscr\u00edbete aqu\u00ed! Descargar documentos Plasitalia En esta p\u00e1gina puedes descargar los archivos de Plastitalia.Simplemente haga clic en el nombre del archivo y se abrir\u00e1 el documento Listas de precios comerciales Lista de precios 1426 Rev01 Lista de precios de los [&hellip;]<\/p>\n","protected":false},"author":1,"featured_media":0,"parent":10215,"menu_order":0,"comment_status":"closed","ping_status":"closed","template":"","meta":{"_acf_changed":false,"footnotes":""},"class_list":["post-15967","page","type-page","status-publish","hentry"],"acf":[],"yoast_head":"<!-- This site is optimized with the Yoast SEO plugin v27.4 - https:\/\/yoast.com\/product\/yoast-seo-wordpress\/ -->\n<title>Manuales y listados | Plastitalia<\/title>\n<meta name=\"robots\" content=\"index, follow, max-snippet:-1, max-image-preview:large, max-video-preview:-1\" \/>\n<link rel=\"canonical\" href=\"https:\/\/www.plastitaliaspa.com\/es\/doc\/manuales-y-listados\/\" \/>\n<meta property=\"og:locale\" content=\"es_ES\" \/>\n<meta property=\"og:type\" content=\"article\" \/>\n<meta property=\"og:title\" content=\"Manuales y listados | Plastitalia\" \/>\n<meta property=\"og:description\" content=\"Descargar documentos\u200b Debe iniciar sesi\u00f3n para acceder a esta p\u00e1gina. \u00bfA\u00fan no se ha registrado? \u00a1Inscr\u00edbete aqu\u00ed! Descargar documentos Plasitalia En esta p\u00e1gina puedes descargar los archivos de Plastitalia.Simplemente haga clic en el nombre del archivo y se abrir\u00e1 el documento Listas de precios comerciales Lista de precios 1426 Rev01 Lista de precios de los [&hellip;]\" \/>\n<meta property=\"og:url\" content=\"https:\/\/www.plastitaliaspa.com\/es\/doc\/manuales-y-listados\/\" \/>\n<meta property=\"og:site_name\" content=\"Plastitalia\" \/>\n<meta property=\"article:modified_time\" content=\"2026-04-24T15:17:52+00:00\" \/>\n<meta name=\"twitter:card\" content=\"summary_large_image\" \/>\n<meta name=\"twitter:label1\" content=\"Tiempo de lectura\" \/>\n\t<meta name=\"twitter:data1\" content=\"1 minuto\" \/>\n<script type=\"application\/ld+json\" class=\"yoast-schema-graph\">{\"@context\":\"https:\\\/\\\/schema.org\",\"@graph\":[{\"@type\":\"WebPage\",\"@id\":\"https:\\\/\\\/www.plastitaliaspa.com\\\/es\\\/doc\\\/manuales-y-listados\\\/\",\"url\":\"https:\\\/\\\/www.plastitaliaspa.com\\\/es\\\/doc\\\/manuales-y-listados\\\/\",\"name\":\"Manuales y listados | Plastitalia\",\"isPartOf\":{\"@id\":\"https:\\\/\\\/www.plastitaliaspa.com\\\/es\\\/#website\"},\"datePublished\":\"2025-01-08T14:49:35+00:00\",\"dateModified\":\"2026-04-24T15:17:52+00:00\",\"breadcrumb\":{\"@id\":\"https:\\\/\\\/www.plastitaliaspa.com\\\/es\\\/doc\\\/manuales-y-listados\\\/#breadcrumb\"},\"inLanguage\":\"es\",\"potentialAction\":[{\"@type\":\"ReadAction\",\"target\":[\"https:\\\/\\\/www.plastitaliaspa.com\\\/es\\\/doc\\\/manuales-y-listados\\\/\"]}]},{\"@type\":\"BreadcrumbList\",\"@id\":\"https:\\\/\\\/www.plastitaliaspa.com\\\/es\\\/doc\\\/manuales-y-listados\\\/#breadcrumb\",\"itemListElement\":[{\"@type\":\"ListItem\",\"position\":1,\"name\":\"Home\",\"item\":\"https:\\\/\\\/www.plastitaliaspa.com\\\/es\\\/\"},{\"@type\":\"ListItem\",\"position\":2,\"name\":\"Doc\",\"item\":\"https:\\\/\\\/www.plastitaliaspa.com\\\/es\\\/doc\\\/\"},{\"@type\":\"ListItem\",\"position\":3,\"name\":\"Manuales y listados\"}]},{\"@type\":\"WebSite\",\"@id\":\"https:\\\/\\\/www.plastitaliaspa.com\\\/es\\\/#website\",\"url\":\"https:\\\/\\\/www.plastitaliaspa.com\\\/es\\\/\",\"name\":\"Plastitalia\",\"description\":\"Leader europeo nella produzione di raccordi in polietilene. Raccordi HDPE elettrosaldabili, di transizione e testa a testa utilizzati per impianti acqua e gas.\",\"publisher\":{\"@id\":\"https:\\\/\\\/www.plastitaliaspa.com\\\/es\\\/#organization\"},\"potentialAction\":[{\"@type\":\"SearchAction\",\"target\":{\"@type\":\"EntryPoint\",\"urlTemplate\":\"https:\\\/\\\/www.plastitaliaspa.com\\\/es\\\/?s={search_term_string}\"},\"query-input\":{\"@type\":\"PropertyValueSpecification\",\"valueRequired\":true,\"valueName\":\"search_term_string\"}}],\"inLanguage\":\"es\"},{\"@type\":\"Organization\",\"@id\":\"https:\\\/\\\/www.plastitaliaspa.com\\\/es\\\/#organization\",\"name\":\"Plastitalia\",\"url\":\"https:\\\/\\\/www.plastitaliaspa.com\\\/es\\\/\",\"logo\":{\"@type\":\"ImageObject\",\"inLanguage\":\"es\",\"@id\":\"https:\\\/\\\/www.plastitaliaspa.com\\\/es\\\/#\\\/schema\\\/logo\\\/image\\\/\",\"url\":\"https:\\\/\\\/www.plastitaliaspa.com\\\/wp-content\\\/uploads\\\/2024\\\/05\\\/logo-plastitalia-sito.png\",\"contentUrl\":\"https:\\\/\\\/www.plastitaliaspa.com\\\/wp-content\\\/uploads\\\/2024\\\/05\\\/logo-plastitalia-sito.png\",\"width\":652,\"height\":205,\"caption\":\"Plastitalia\"},\"image\":{\"@id\":\"https:\\\/\\\/www.plastitaliaspa.com\\\/es\\\/#\\\/schema\\\/logo\\\/image\\\/\"}}]}<\/script>\n<!-- \/ Yoast SEO plugin. -->","yoast_head_json":{"title":"Manuales y listados | Plastitalia","robots":{"index":"index","follow":"follow","max-snippet":"max-snippet:-1","max-image-preview":"max-image-preview:large","max-video-preview":"max-video-preview:-1"},"canonical":"https:\/\/www.plastitaliaspa.com\/es\/doc\/manuales-y-listados\/","og_locale":"es_ES","og_type":"article","og_title":"Manuales y listados | Plastitalia","og_description":"Descargar documentos\u200b Debe iniciar sesi\u00f3n para acceder a esta p\u00e1gina. \u00bfA\u00fan no se ha registrado? \u00a1Inscr\u00edbete aqu\u00ed! Descargar documentos Plasitalia En esta p\u00e1gina puedes descargar los archivos de Plastitalia.Simplemente haga clic en el nombre del archivo y se abrir\u00e1 el documento Listas de precios comerciales Lista de precios 1426 Rev01 Lista de precios de los [&hellip;]","og_url":"https:\/\/www.plastitaliaspa.com\/es\/doc\/manuales-y-listados\/","og_site_name":"Plastitalia","article_modified_time":"2026-04-24T15:17:52+00:00","twitter_card":"summary_large_image","twitter_misc":{"Tiempo de lectura":"1 minuto"},"schema":{"@context":"https:\/\/schema.org","@graph":[{"@type":"WebPage","@id":"https:\/\/www.plastitaliaspa.com\/es\/doc\/manuales-y-listados\/","url":"https:\/\/www.plastitaliaspa.com\/es\/doc\/manuales-y-listados\/","name":"Manuales y listados | Plastitalia","isPartOf":{"@id":"https:\/\/www.plastitaliaspa.com\/es\/#website"},"datePublished":"2025-01-08T14:49:35+00:00","dateModified":"2026-04-24T15:17:52+00:00","breadcrumb":{"@id":"https:\/\/www.plastitaliaspa.com\/es\/doc\/manuales-y-listados\/#breadcrumb"},"inLanguage":"es","potentialAction":[{"@type":"ReadAction","target":["https:\/\/www.plastitaliaspa.com\/es\/doc\/manuales-y-listados\/"]}]},{"@type":"BreadcrumbList","@id":"https:\/\/www.plastitaliaspa.com\/es\/doc\/manuales-y-listados\/#breadcrumb","itemListElement":[{"@type":"ListItem","position":1,"name":"Home","item":"https:\/\/www.plastitaliaspa.com\/es\/"},{"@type":"ListItem","position":2,"name":"Doc","item":"https:\/\/www.plastitaliaspa.com\/es\/doc\/"},{"@type":"ListItem","position":3,"name":"Manuales y listados"}]},{"@type":"WebSite","@id":"https:\/\/www.plastitaliaspa.com\/es\/#website","url":"https:\/\/www.plastitaliaspa.com\/es\/","name":"Plastitalia","description":"Leader europeo nella produzione di raccordi in polietilene. Raccordi HDPE elettrosaldabili, di transizione e testa a testa utilizzati per impianti acqua e gas.","publisher":{"@id":"https:\/\/www.plastitaliaspa.com\/es\/#organization"},"potentialAction":[{"@type":"SearchAction","target":{"@type":"EntryPoint","urlTemplate":"https:\/\/www.plastitaliaspa.com\/es\/?s={search_term_string}"},"query-input":{"@type":"PropertyValueSpecification","valueRequired":true,"valueName":"search_term_string"}}],"inLanguage":"es"},{"@type":"Organization","@id":"https:\/\/www.plastitaliaspa.com\/es\/#organization","name":"Plastitalia","url":"https:\/\/www.plastitaliaspa.com\/es\/","logo":{"@type":"ImageObject","inLanguage":"es","@id":"https:\/\/www.plastitaliaspa.com\/es\/#\/schema\/logo\/image\/","url":"https:\/\/www.plastitaliaspa.com\/wp-content\/uploads\/2024\/05\/logo-plastitalia-sito.png","contentUrl":"https:\/\/www.plastitaliaspa.com\/wp-content\/uploads\/2024\/05\/logo-plastitalia-sito.png","width":652,"height":205,"caption":"Plastitalia"},"image":{"@id":"https:\/\/www.plastitaliaspa.com\/es\/#\/schema\/logo\/image\/"}}]}},"_links":{"self":[{"href":"https:\/\/www.plastitaliaspa.com\/es\/wp-json\/wp\/v2\/pages\/15967","targetHints":{"allow":["GET"]}}],"collection":[{"href":"https:\/\/www.plastitaliaspa.com\/es\/wp-json\/wp\/v2\/pages"}],"about":[{"href":"https:\/\/www.plastitaliaspa.com\/es\/wp-json\/wp\/v2\/types\/page"}],"author":[{"embeddable":true,"href":"https:\/\/www.plastitaliaspa.com\/es\/wp-json\/wp\/v2\/users\/1"}],"replies":[{"embeddable":true,"href":"https:\/\/www.plastitaliaspa.com\/es\/wp-json\/wp\/v2\/comments?post=15967"}],"version-history":[{"count":3,"href":"https:\/\/www.plastitaliaspa.com\/es\/wp-json\/wp\/v2\/pages\/15967\/revisions"}],"predecessor-version":[{"id":20085,"href":"https:\/\/www.plastitaliaspa.com\/es\/wp-json\/wp\/v2\/pages\/15967\/revisions\/20085"}],"up":[{"embeddable":true,"href":"https:\/\/www.plastitaliaspa.com\/es\/wp-json\/wp\/v2\/pages\/10215"}],"wp:attachment":[{"href":"https:\/\/www.plastitaliaspa.com\/es\/wp-json\/wp\/v2\/media?parent=15967"}],"curies":[{"name":"wp","href":"https:\/\/api.w.org\/{rel}","templated":true}]}}