{"id":14162,"date":"2024-09-16T08:48:49","date_gmt":"2024-09-16T08:48:49","guid":{"rendered":"https:\/\/www.plastitaliaspa.com\/?post_type=product&#038;p=14162"},"modified":"2024-09-16T09:21:20","modified_gmt":"2024-09-16T09:21:20","slug":"ti-90-codolo-lungo","status":"publish","type":"product","link":"https:\/\/www.plastitaliaspa.com\/de\/polyethylene-fittings\/stumpfschweiss-formteile\/ti-90-codolo-lungo\/","title":{"rendered":"T-ST\u00dcCK 90\u00b0 LANGE SCHWEI\u00dfENDEN"},"content":{"rendered":"","protected":false},"excerpt":{"rendered":"<p>Eigenschaften T-St\u00fcck mit langem Schaft 90\u00b0 T-St\u00fcck mit langem Schaft 90\u00b0<\/p>\n<p>Hauptmerkmale: Klasse von Spritzgussbeschl\u00e4gen; PE 100 schwarz (auf Anfrage auch in blau, gelb oder orange erh\u00e4ltlich); DSP-Verf\u00fcgbarkeit von 17 bis 7,4; Spritzgussausf\u00fchrung.<\/p>\n<hr\/>\n<p>Geeignet f\u00fcr: Rohrleitungssysteme f\u00fcr die Wasserverteilung (UNI EN 12201 \u2013 ISO 4427); Rohrleitungssysteme f\u00fcr industrielle Anwendungen (UNI EN ISO 15494); Rohrleitungssysteme f\u00fcr die Verteilung von Brenngas (UNI EN 1555 \u2013 ISO 4437).<\/p>\n<hr\/>\n<p>Verbindungsmethode: Heizelemente, Elektroschwei\u00dfen.<\/p>\n","protected":false},"featured_media":14086,"template":"","meta":{"_acf_changed":false},"product_brand":[],"product_cat":[139],"product_tag":[],"class_list":{"0":"post-14162","1":"product","2":"type-product","3":"status-publish","4":"has-post-thumbnail","6":"product_cat-stumpfschweiss-formteile","8":"first","9":"instock","10":"shipping-taxable","11":"product-type-simple"},"acf":[],"yoast_head":"<!-- This site is optimized with the Yoast SEO plugin v27.4 - https:\/\/yoast.com\/product\/yoast-seo-wordpress\/ -->\n<title>T-ST\u00dcCK 90\u00b0 LANGE SCHWEI\u00dfENDEN | Plastitalia<\/title>\n<meta name=\"description\" content=\"Eigenschaften T-St\u00fcck mit langem Schaft 90\u00b0 T-St\u00fcck mit langem Schaft 90\u00b0  Hauptmerkmale: Klasse von Spritzgussbeschl\u00e4gen; PE 100 schwarz (auf Anfrage auch in blau, gelb oder orange erh\u00e4ltlich); DSP-Verf\u00fcgbarkeit von 17 bis 7,4; Spritzgussausf\u00fchrung.   Geeignet f\u00fcr: Rohrleitungssysteme f\u00fcr die Wasserverteilung (UNI EN 12201 \u2013 ISO 4427); Rohrleitungssysteme f\u00fcr industrielle Anwendungen (UNI EN ISO 15494); Rohrleitungssysteme f\u00fcr die Verteilung von Brenngas (UNI EN 1555 \u2013 ISO 4437).  Verbindungsmethode: Heizelemente, Elektroschwei\u00dfen.\" \/>\n<meta name=\"robots\" content=\"index, follow, max-snippet:-1, max-image-preview:large, max-video-preview:-1\" \/>\n<link rel=\"canonical\" href=\"https:\/\/www.plastitaliaspa.com\/de\/polyethylene-fittings\/stumpfschweiss-formteile\/ti-90-codolo-lungo\/\" \/>\n<meta property=\"og:locale\" content=\"de_DE\" \/>\n<meta property=\"og:type\" content=\"article\" \/>\n<meta property=\"og:title\" content=\"T-ST\u00dcCK 90\u00b0 LANGE SCHWEI\u00dfENDEN | Plastitalia\" \/>\n<meta property=\"og:description\" content=\"Eigenschaften T-St\u00fcck mit langem Schaft 90\u00b0 T-St\u00fcck mit langem Schaft 90\u00b0  Hauptmerkmale: Klasse von Spritzgussbeschl\u00e4gen; PE 100 schwarz (auf Anfrage auch in blau, gelb oder orange erh\u00e4ltlich); DSP-Verf\u00fcgbarkeit von 17 bis 7,4; Spritzgussausf\u00fchrung.   Geeignet f\u00fcr: Rohrleitungssysteme f\u00fcr die Wasserverteilung (UNI EN 12201 \u2013 ISO 4427); Rohrleitungssysteme f\u00fcr industrielle Anwendungen (UNI EN ISO 15494); Rohrleitungssysteme f\u00fcr die Verteilung von Brenngas (UNI EN 1555 \u2013 ISO 4437).  Verbindungsmethode: Heizelemente, Elektroschwei\u00dfen.\" \/>\n<meta property=\"og:url\" content=\"https:\/\/www.plastitaliaspa.com\/de\/polyethylene-fittings\/stumpfschweiss-formteile\/ti-90-codolo-lungo\/\" \/>\n<meta property=\"og:site_name\" content=\"Plastitalia\" \/>\n<meta property=\"article:modified_time\" content=\"2024-09-16T09:21:20+00:00\" \/>\n<meta property=\"og:image\" content=\"https:\/\/www.plastitaliaspa.com\/wp-content\/uploads\/2024\/09\/prova_1279639066.jpeg\" \/>\n\t<meta property=\"og:image:width\" content=\"360\" \/>\n\t<meta property=\"og:image:height\" content=\"475\" \/>\n\t<meta property=\"og:image:type\" content=\"image\/jpeg\" \/>\n<meta name=\"twitter:card\" content=\"summary_large_image\" \/>\n<meta name=\"twitter:label1\" content=\"Gesch\u00e4tzte Lesezeit\" \/>\n\t<meta name=\"twitter:data1\" content=\"1\u00a0Minute\" \/>\n<script type=\"application\/ld+json\" class=\"yoast-schema-graph\">{\"@context\":\"https:\\\/\\\/schema.org\",\"@graph\":[{\"@type\":\"WebPage\",\"@id\":\"https:\\\/\\\/www.plastitaliaspa.com\\\/de\\\/polyethylene-fittings\\\/stumpfschweiss-formteile\\\/ti-90-codolo-lungo\\\/\",\"url\":\"https:\\\/\\\/www.plastitaliaspa.com\\\/de\\\/polyethylene-fittings\\\/stumpfschweiss-formteile\\\/ti-90-codolo-lungo\\\/\",\"name\":\"T-ST\u00dcCK 90\u00b0 LANGE SCHWEI\u00dfENDEN | Plastitalia\",\"isPartOf\":{\"@id\":\"https:\\\/\\\/www.plastitaliaspa.com\\\/de\\\/#website\"},\"primaryImageOfPage\":{\"@id\":\"https:\\\/\\\/www.plastitaliaspa.com\\\/de\\\/polyethylene-fittings\\\/stumpfschweiss-formteile\\\/ti-90-codolo-lungo\\\/#primaryimage\"},\"image\":{\"@id\":\"https:\\\/\\\/www.plastitaliaspa.com\\\/de\\\/polyethylene-fittings\\\/stumpfschweiss-formteile\\\/ti-90-codolo-lungo\\\/#primaryimage\"},\"thumbnailUrl\":\"https:\\\/\\\/www.plastitaliaspa.com\\\/wp-content\\\/uploads\\\/2024\\\/09\\\/prova_1279639066.jpeg\",\"datePublished\":\"2024-09-16T08:48:49+00:00\",\"dateModified\":\"2024-09-16T09:21:20+00:00\",\"description\":\"Eigenschaften T-St\u00fcck mit langem Schaft 90\u00b0 T-St\u00fcck mit langem Schaft 90\u00b0 Hauptmerkmale: Klasse von Spritzgussbeschl\u00e4gen; PE 100 schwarz (auf Anfrage auch in blau, gelb oder orange erh\u00e4ltlich); DSP-Verf\u00fcgbarkeit von 17 bis 7,4; Spritzgussausf\u00fchrung. Geeignet f\u00fcr: Rohrleitungssysteme f\u00fcr die Wasserverteilung (UNI EN 12201 \u2013 ISO 4427); Rohrleitungssysteme f\u00fcr industrielle Anwendungen (UNI EN ISO 15494); Rohrleitungssysteme f\u00fcr die Verteilung von Brenngas (UNI EN 1555 \u2013 ISO 4437). Verbindungsmethode: Heizelemente, Elektroschwei\u00dfen.\",\"breadcrumb\":{\"@id\":\"https:\\\/\\\/www.plastitaliaspa.com\\\/de\\\/polyethylene-fittings\\\/stumpfschweiss-formteile\\\/ti-90-codolo-lungo\\\/#breadcrumb\"},\"inLanguage\":\"de\",\"potentialAction\":[{\"@type\":\"ReadAction\",\"target\":[\"https:\\\/\\\/www.plastitaliaspa.com\\\/de\\\/polyethylene-fittings\\\/stumpfschweiss-formteile\\\/ti-90-codolo-lungo\\\/\"]}]},{\"@type\":\"ImageObject\",\"inLanguage\":\"de\",\"@id\":\"https:\\\/\\\/www.plastitaliaspa.com\\\/de\\\/polyethylene-fittings\\\/stumpfschweiss-formteile\\\/ti-90-codolo-lungo\\\/#primaryimage\",\"url\":\"https:\\\/\\\/www.plastitaliaspa.com\\\/wp-content\\\/uploads\\\/2024\\\/09\\\/prova_1279639066.jpeg\",\"contentUrl\":\"https:\\\/\\\/www.plastitaliaspa.com\\\/wp-content\\\/uploads\\\/2024\\\/09\\\/prova_1279639066.jpeg\",\"width\":360,\"height\":475,\"caption\":\"Ti 90\u00b0 codolo lungo\"},{\"@type\":\"BreadcrumbList\",\"@id\":\"https:\\\/\\\/www.plastitaliaspa.com\\\/de\\\/polyethylene-fittings\\\/stumpfschweiss-formteile\\\/ti-90-codolo-lungo\\\/#breadcrumb\",\"itemListElement\":[{\"@type\":\"ListItem\",\"position\":1,\"name\":\"Home\",\"item\":\"https:\\\/\\\/www.plastitaliaspa.com\\\/de\\\/\"},{\"@type\":\"ListItem\",\"position\":2,\"name\":\"Shop\",\"item\":\"https:\\\/\\\/www.plastitaliaspa.com\\\/negozio\\\/\"},{\"@type\":\"ListItem\",\"position\":3,\"name\":\"T-ST\u00dcCK 90\u00b0 LANGE SCHWEI\u00dfENDEN\"}]},{\"@type\":\"WebSite\",\"@id\":\"https:\\\/\\\/www.plastitaliaspa.com\\\/de\\\/#website\",\"url\":\"https:\\\/\\\/www.plastitaliaspa.com\\\/de\\\/\",\"name\":\"Plastitalia\",\"description\":\"Leader europeo nella produzione di raccordi in polietilene. Raccordi HDPE elettrosaldabili, di transizione e testa a testa utilizzati per impianti acqua e gas.\",\"publisher\":{\"@id\":\"https:\\\/\\\/www.plastitaliaspa.com\\\/de\\\/#organization\"},\"potentialAction\":[{\"@type\":\"SearchAction\",\"target\":{\"@type\":\"EntryPoint\",\"urlTemplate\":\"https:\\\/\\\/www.plastitaliaspa.com\\\/de\\\/?s={search_term_string}\"},\"query-input\":{\"@type\":\"PropertyValueSpecification\",\"valueRequired\":true,\"valueName\":\"search_term_string\"}}],\"inLanguage\":\"de\"},{\"@type\":\"Organization\",\"@id\":\"https:\\\/\\\/www.plastitaliaspa.com\\\/de\\\/#organization\",\"name\":\"Plastitalia\",\"url\":\"https:\\\/\\\/www.plastitaliaspa.com\\\/de\\\/\",\"logo\":{\"@type\":\"ImageObject\",\"inLanguage\":\"de\",\"@id\":\"https:\\\/\\\/www.plastitaliaspa.com\\\/de\\\/#\\\/schema\\\/logo\\\/image\\\/\",\"url\":\"https:\\\/\\\/www.plastitaliaspa.com\\\/wp-content\\\/uploads\\\/2024\\\/05\\\/logo-plastitalia-sito.png\",\"contentUrl\":\"https:\\\/\\\/www.plastitaliaspa.com\\\/wp-content\\\/uploads\\\/2024\\\/05\\\/logo-plastitalia-sito.png\",\"width\":652,\"height\":205,\"caption\":\"Plastitalia\"},\"image\":{\"@id\":\"https:\\\/\\\/www.plastitaliaspa.com\\\/de\\\/#\\\/schema\\\/logo\\\/image\\\/\"}}]}<\/script>\n<!-- \/ Yoast SEO plugin. -->","yoast_head_json":{"title":"T-ST\u00dcCK 90\u00b0 LANGE SCHWEI\u00dfENDEN | Plastitalia","description":"Eigenschaften T-St\u00fcck mit langem Schaft 90\u00b0 T-St\u00fcck mit langem Schaft 90\u00b0  Hauptmerkmale: Klasse von Spritzgussbeschl\u00e4gen; PE 100 schwarz (auf Anfrage auch in blau, gelb oder orange erh\u00e4ltlich); DSP-Verf\u00fcgbarkeit von 17 bis 7,4; Spritzgussausf\u00fchrung.   Geeignet f\u00fcr: Rohrleitungssysteme f\u00fcr die Wasserverteilung (UNI EN 12201 \u2013 ISO 4427); Rohrleitungssysteme f\u00fcr industrielle Anwendungen (UNI EN ISO 15494); Rohrleitungssysteme f\u00fcr die Verteilung von Brenngas (UNI EN 1555 \u2013 ISO 4437).  Verbindungsmethode: Heizelemente, Elektroschwei\u00dfen.","robots":{"index":"index","follow":"follow","max-snippet":"max-snippet:-1","max-image-preview":"max-image-preview:large","max-video-preview":"max-video-preview:-1"},"canonical":"https:\/\/www.plastitaliaspa.com\/de\/polyethylene-fittings\/stumpfschweiss-formteile\/ti-90-codolo-lungo\/","og_locale":"de_DE","og_type":"article","og_title":"T-ST\u00dcCK 90\u00b0 LANGE SCHWEI\u00dfENDEN | Plastitalia","og_description":"Eigenschaften T-St\u00fcck mit langem Schaft 90\u00b0 T-St\u00fcck mit langem Schaft 90\u00b0  Hauptmerkmale: Klasse von Spritzgussbeschl\u00e4gen; PE 100 schwarz (auf Anfrage auch in blau, gelb oder orange erh\u00e4ltlich); DSP-Verf\u00fcgbarkeit von 17 bis 7,4; Spritzgussausf\u00fchrung.   Geeignet f\u00fcr: Rohrleitungssysteme f\u00fcr die Wasserverteilung (UNI EN 12201 \u2013 ISO 4427); Rohrleitungssysteme f\u00fcr industrielle Anwendungen (UNI EN ISO 15494); Rohrleitungssysteme f\u00fcr die Verteilung von Brenngas (UNI EN 1555 \u2013 ISO 4437).  Verbindungsmethode: Heizelemente, Elektroschwei\u00dfen.","og_url":"https:\/\/www.plastitaliaspa.com\/de\/polyethylene-fittings\/stumpfschweiss-formteile\/ti-90-codolo-lungo\/","og_site_name":"Plastitalia","article_modified_time":"2024-09-16T09:21:20+00:00","og_image":[{"width":360,"height":475,"url":"https:\/\/www.plastitaliaspa.com\/wp-content\/uploads\/2024\/09\/prova_1279639066.jpeg","type":"image\/jpeg"}],"twitter_card":"summary_large_image","twitter_misc":{"Gesch\u00e4tzte Lesezeit":"1\u00a0Minute"},"schema":{"@context":"https:\/\/schema.org","@graph":[{"@type":"WebPage","@id":"https:\/\/www.plastitaliaspa.com\/de\/polyethylene-fittings\/stumpfschweiss-formteile\/ti-90-codolo-lungo\/","url":"https:\/\/www.plastitaliaspa.com\/de\/polyethylene-fittings\/stumpfschweiss-formteile\/ti-90-codolo-lungo\/","name":"T-ST\u00dcCK 90\u00b0 LANGE SCHWEI\u00dfENDEN | Plastitalia","isPartOf":{"@id":"https:\/\/www.plastitaliaspa.com\/de\/#website"},"primaryImageOfPage":{"@id":"https:\/\/www.plastitaliaspa.com\/de\/polyethylene-fittings\/stumpfschweiss-formteile\/ti-90-codolo-lungo\/#primaryimage"},"image":{"@id":"https:\/\/www.plastitaliaspa.com\/de\/polyethylene-fittings\/stumpfschweiss-formteile\/ti-90-codolo-lungo\/#primaryimage"},"thumbnailUrl":"https:\/\/www.plastitaliaspa.com\/wp-content\/uploads\/2024\/09\/prova_1279639066.jpeg","datePublished":"2024-09-16T08:48:49+00:00","dateModified":"2024-09-16T09:21:20+00:00","description":"Eigenschaften T-St\u00fcck mit langem Schaft 90\u00b0 T-St\u00fcck mit langem Schaft 90\u00b0 Hauptmerkmale: Klasse von Spritzgussbeschl\u00e4gen; PE 100 schwarz (auf Anfrage auch in blau, gelb oder orange erh\u00e4ltlich); DSP-Verf\u00fcgbarkeit von 17 bis 7,4; Spritzgussausf\u00fchrung. Geeignet f\u00fcr: Rohrleitungssysteme f\u00fcr die Wasserverteilung (UNI EN 12201 \u2013 ISO 4427); Rohrleitungssysteme f\u00fcr industrielle Anwendungen (UNI EN ISO 15494); Rohrleitungssysteme f\u00fcr die Verteilung von Brenngas (UNI EN 1555 \u2013 ISO 4437). Verbindungsmethode: Heizelemente, Elektroschwei\u00dfen.","breadcrumb":{"@id":"https:\/\/www.plastitaliaspa.com\/de\/polyethylene-fittings\/stumpfschweiss-formteile\/ti-90-codolo-lungo\/#breadcrumb"},"inLanguage":"de","potentialAction":[{"@type":"ReadAction","target":["https:\/\/www.plastitaliaspa.com\/de\/polyethylene-fittings\/stumpfschweiss-formteile\/ti-90-codolo-lungo\/"]}]},{"@type":"ImageObject","inLanguage":"de","@id":"https:\/\/www.plastitaliaspa.com\/de\/polyethylene-fittings\/stumpfschweiss-formteile\/ti-90-codolo-lungo\/#primaryimage","url":"https:\/\/www.plastitaliaspa.com\/wp-content\/uploads\/2024\/09\/prova_1279639066.jpeg","contentUrl":"https:\/\/www.plastitaliaspa.com\/wp-content\/uploads\/2024\/09\/prova_1279639066.jpeg","width":360,"height":475,"caption":"Ti 90\u00b0 codolo lungo"},{"@type":"BreadcrumbList","@id":"https:\/\/www.plastitaliaspa.com\/de\/polyethylene-fittings\/stumpfschweiss-formteile\/ti-90-codolo-lungo\/#breadcrumb","itemListElement":[{"@type":"ListItem","position":1,"name":"Home","item":"https:\/\/www.plastitaliaspa.com\/de\/"},{"@type":"ListItem","position":2,"name":"Shop","item":"https:\/\/www.plastitaliaspa.com\/negozio\/"},{"@type":"ListItem","position":3,"name":"T-ST\u00dcCK 90\u00b0 LANGE SCHWEI\u00dfENDEN"}]},{"@type":"WebSite","@id":"https:\/\/www.plastitaliaspa.com\/de\/#website","url":"https:\/\/www.plastitaliaspa.com\/de\/","name":"Plastitalia","description":"Leader europeo nella produzione di raccordi in polietilene. Raccordi HDPE elettrosaldabili, di transizione e testa a testa utilizzati per impianti acqua e gas.","publisher":{"@id":"https:\/\/www.plastitaliaspa.com\/de\/#organization"},"potentialAction":[{"@type":"SearchAction","target":{"@type":"EntryPoint","urlTemplate":"https:\/\/www.plastitaliaspa.com\/de\/?s={search_term_string}"},"query-input":{"@type":"PropertyValueSpecification","valueRequired":true,"valueName":"search_term_string"}}],"inLanguage":"de"},{"@type":"Organization","@id":"https:\/\/www.plastitaliaspa.com\/de\/#organization","name":"Plastitalia","url":"https:\/\/www.plastitaliaspa.com\/de\/","logo":{"@type":"ImageObject","inLanguage":"de","@id":"https:\/\/www.plastitaliaspa.com\/de\/#\/schema\/logo\/image\/","url":"https:\/\/www.plastitaliaspa.com\/wp-content\/uploads\/2024\/05\/logo-plastitalia-sito.png","contentUrl":"https:\/\/www.plastitaliaspa.com\/wp-content\/uploads\/2024\/05\/logo-plastitalia-sito.png","width":652,"height":205,"caption":"Plastitalia"},"image":{"@id":"https:\/\/www.plastitaliaspa.com\/de\/#\/schema\/logo\/image\/"}}]}},"_links":{"self":[{"href":"https:\/\/www.plastitaliaspa.com\/de\/wp-json\/wp\/v2\/product\/14162","targetHints":{"allow":["GET"]}}],"collection":[{"href":"https:\/\/www.plastitaliaspa.com\/de\/wp-json\/wp\/v2\/product"}],"about":[{"href":"https:\/\/www.plastitaliaspa.com\/de\/wp-json\/wp\/v2\/types\/product"}],"version-history":[{"count":3,"href":"https:\/\/www.plastitaliaspa.com\/de\/wp-json\/wp\/v2\/product\/14162\/revisions"}],"predecessor-version":[{"id":14190,"href":"https:\/\/www.plastitaliaspa.com\/de\/wp-json\/wp\/v2\/product\/14162\/revisions\/14190"}],"wp:featuredmedia":[{"embeddable":true,"href":"https:\/\/www.plastitaliaspa.com\/de\/wp-json\/wp\/v2\/media\/14086"}],"wp:attachment":[{"href":"https:\/\/www.plastitaliaspa.com\/de\/wp-json\/wp\/v2\/media?parent=14162"}],"wp:term":[{"taxonomy":"product_brand","embeddable":true,"href":"https:\/\/www.plastitaliaspa.com\/de\/wp-json\/wp\/v2\/product_brand?post=14162"},{"taxonomy":"product_cat","embeddable":true,"href":"https:\/\/www.plastitaliaspa.com\/de\/wp-json\/wp\/v2\/product_cat?post=14162"},{"taxonomy":"product_tag","embeddable":true,"href":"https:\/\/www.plastitaliaspa.com\/de\/wp-json\/wp\/v2\/product_tag?post=14162"}],"curies":[{"name":"wp","href":"https:\/\/api.w.org\/{rel}","templated":true}]}}