{"id":12328,"date":"2024-05-29T12:00:52","date_gmt":"2024-05-29T12:00:52","guid":{"rendered":"https:\/\/plastitalia.aitema.com\/raccordi-polietilene\/unkategorisiert\/elektroschweissbare-t-anschluesse-mit-90-aus-ips\/"},"modified":"2024-07-29T10:17:56","modified_gmt":"2024-07-29T10:17:56","slug":"elektroschweissbare-t-anschluesse-mit-90-aus-ips","status":"publish","type":"product","link":"https:\/\/www.plastitaliaspa.com\/de\/polyethylene-fittings\/imperial-sizes\/elektroschweissbare-t-anschluesse-mit-90-aus-ips\/","title":{"rendered":"ELEKTROSCHWEISSBARE T-ANSCHL\u00dcSSE MIT 90\u00b0 AUS IPS"},"content":{"rendered":"<p><strong>Einige Merkmale: <\/strong><\/p>\n<p>Serie der elektroschwei\u00dfbaren Rohranschl\u00fcsse; PE100 schwarz; gepresst.<\/p>\n<hr \/>\n<p><strong>Anwendung: <\/strong><\/p>\n<p>F\u00fcr Rohrleitungssysteme f\u00fcr die Wasserverteilung (UNI EN 12201); f\u00fcr Rohrleitungssysteme f\u00fcr industrielle Anwendungen (UNI EN ISO 15494); f\u00fcr Rohrleitungssysteme f\u00fcr die Verteilung brennbarer Gase (UNI EN 1555).<\/p>\n<hr \/>\n<p><strong>Schwei\u00dfsysteme: <\/strong><\/p>\n<p>Muffenschwei\u00dfung (UNI 10521).<\/p>\n","protected":false},"excerpt":{"rendered":"<p><strong>Einige Merkmale: <\/strong><\/p>\n<p>Serie der elektroschwei\u00dfbaren Rohranschl\u00fcsse; PE100 schwarz; gepresst.<\/p>\n<hr \/>\n<p><strong>Anwendung: <\/strong><\/p>\n<p>F\u00fcr Rohrleitungssysteme f\u00fcr die Wasserverteilung (UNI EN 12201); f\u00fcr Rohrleitungssysteme f\u00fcr industrielle Anwendungen (UNI EN ISO 15494); f\u00fcr Rohrleitungssysteme f\u00fcr die Verteilung brennbarer Gase (UNI EN 1555).<\/p>\n<hr \/>\n<p><strong>Schwei\u00dfsysteme: <\/strong><\/p>\n<p>Muffenschwei\u00dfung (UNI 10521).<\/p>\n","protected":false},"featured_media":3042,"template":"","meta":{"_acf_changed":false},"product_brand":[],"product_cat":[183],"product_tag":[],"class_list":{"0":"post-12328","1":"product","2":"type-product","3":"status-publish","4":"has-post-thumbnail","6":"product_cat-imperial-sizes","8":"first","9":"instock","10":"product-type-simple"},"acf":[],"yoast_head":"<!-- This site is optimized with the Yoast SEO plugin v27.4 - https:\/\/yoast.com\/product\/yoast-seo-wordpress\/ -->\n<title>ELEKTROSCHWEISSBARE T-ANSCHL\u00dcSSE MIT 90\u00b0 AUS IPS | Plastitalia<\/title>\n<meta name=\"description\" content=\"Einige Merkmale:   Serie der elektroschwei\u00dfbaren Rohranschl\u00fcsse; PE100 schwarz; gepresst.   Anwendung:   F\u00fcr Rohrleitungssysteme f\u00fcr die Wasserverteilung (UNI EN 12201); f\u00fcr Rohrleitungssysteme f\u00fcr industrielle Anwendungen (UNI EN ISO 15494); f\u00fcr Rohrleitungssysteme f\u00fcr die Verteilung brennbarer Gase (UNI EN 1555).   Schwei\u00dfsysteme:   Muffenschwei\u00dfung (UNI 10521).\" \/>\n<meta name=\"robots\" content=\"index, follow, max-snippet:-1, max-image-preview:large, max-video-preview:-1\" \/>\n<link rel=\"canonical\" href=\"https:\/\/www.plastitaliaspa.com\/de\/polyethylene-fittings\/imperial-sizes\/elektroschweissbare-t-anschluesse-mit-90-aus-ips\/\" \/>\n<meta property=\"og:locale\" content=\"de_DE\" \/>\n<meta property=\"og:type\" content=\"article\" \/>\n<meta property=\"og:title\" content=\"ELEKTROSCHWEISSBARE T-ANSCHL\u00dcSSE MIT 90\u00b0 AUS IPS | Plastitalia\" \/>\n<meta property=\"og:description\" content=\"Einige Merkmale:   Serie der elektroschwei\u00dfbaren Rohranschl\u00fcsse; PE100 schwarz; gepresst.   Anwendung:   F\u00fcr Rohrleitungssysteme f\u00fcr die Wasserverteilung (UNI EN 12201); f\u00fcr Rohrleitungssysteme f\u00fcr industrielle Anwendungen (UNI EN ISO 15494); f\u00fcr Rohrleitungssysteme f\u00fcr die Verteilung brennbarer Gase (UNI EN 1555).   Schwei\u00dfsysteme:   Muffenschwei\u00dfung (UNI 10521).\" \/>\n<meta property=\"og:url\" content=\"https:\/\/www.plastitaliaspa.com\/de\/polyethylene-fittings\/imperial-sizes\/elektroschweissbare-t-anschluesse-mit-90-aus-ips\/\" \/>\n<meta property=\"og:site_name\" content=\"Plastitalia\" \/>\n<meta property=\"article:modified_time\" content=\"2024-07-29T10:17:56+00:00\" \/>\n<meta property=\"og:image\" content=\"https:\/\/www.plastitaliaspa.com\/wp-content\/uploads\/2024\/05\/elettrosaldabili-p-tielettrica_822620693-1.jpg\" \/>\n\t<meta property=\"og:image:width\" content=\"270\" \/>\n\t<meta property=\"og:image:height\" content=\"360\" \/>\n\t<meta property=\"og:image:type\" content=\"image\/jpeg\" \/>\n<meta name=\"twitter:card\" content=\"summary_large_image\" \/>\n<script type=\"application\/ld+json\" class=\"yoast-schema-graph\">{\"@context\":\"https:\\\/\\\/schema.org\",\"@graph\":[{\"@type\":\"WebPage\",\"@id\":\"https:\\\/\\\/www.plastitaliaspa.com\\\/de\\\/polyethylene-fittings\\\/imperial-sizes\\\/elektroschweissbare-t-anschluesse-mit-90-aus-ips\\\/\",\"url\":\"https:\\\/\\\/www.plastitaliaspa.com\\\/de\\\/polyethylene-fittings\\\/imperial-sizes\\\/elektroschweissbare-t-anschluesse-mit-90-aus-ips\\\/\",\"name\":\"ELEKTROSCHWEISSBARE T-ANSCHL\u00dcSSE MIT 90\u00b0 AUS IPS | Plastitalia\",\"isPartOf\":{\"@id\":\"https:\\\/\\\/www.plastitaliaspa.com\\\/de\\\/#website\"},\"primaryImageOfPage\":{\"@id\":\"https:\\\/\\\/www.plastitaliaspa.com\\\/de\\\/polyethylene-fittings\\\/imperial-sizes\\\/elektroschweissbare-t-anschluesse-mit-90-aus-ips\\\/#primaryimage\"},\"image\":{\"@id\":\"https:\\\/\\\/www.plastitaliaspa.com\\\/de\\\/polyethylene-fittings\\\/imperial-sizes\\\/elektroschweissbare-t-anschluesse-mit-90-aus-ips\\\/#primaryimage\"},\"thumbnailUrl\":\"https:\\\/\\\/www.plastitaliaspa.com\\\/wp-content\\\/uploads\\\/2024\\\/05\\\/elettrosaldabili-p-tielettrica_822620693-1.jpg\",\"datePublished\":\"2024-05-29T12:00:52+00:00\",\"dateModified\":\"2024-07-29T10:17:56+00:00\",\"description\":\"Einige Merkmale: Serie der elektroschwei\u00dfbaren Rohranschl\u00fcsse; PE100 schwarz; gepresst. Anwendung: F\u00fcr Rohrleitungssysteme f\u00fcr die Wasserverteilung (UNI EN 12201); f\u00fcr Rohrleitungssysteme f\u00fcr industrielle Anwendungen (UNI EN ISO 15494); f\u00fcr Rohrleitungssysteme f\u00fcr die Verteilung brennbarer Gase (UNI EN 1555). Schwei\u00dfsysteme: Muffenschwei\u00dfung (UNI 10521).\",\"breadcrumb\":{\"@id\":\"https:\\\/\\\/www.plastitaliaspa.com\\\/de\\\/polyethylene-fittings\\\/imperial-sizes\\\/elektroschweissbare-t-anschluesse-mit-90-aus-ips\\\/#breadcrumb\"},\"inLanguage\":\"de\",\"potentialAction\":[{\"@type\":\"ReadAction\",\"target\":[\"https:\\\/\\\/www.plastitaliaspa.com\\\/de\\\/polyethylene-fittings\\\/imperial-sizes\\\/elektroschweissbare-t-anschluesse-mit-90-aus-ips\\\/\"]}]},{\"@type\":\"ImageObject\",\"inLanguage\":\"de\",\"@id\":\"https:\\\/\\\/www.plastitaliaspa.com\\\/de\\\/polyethylene-fittings\\\/imperial-sizes\\\/elektroschweissbare-t-anschluesse-mit-90-aus-ips\\\/#primaryimage\",\"url\":\"https:\\\/\\\/www.plastitaliaspa.com\\\/wp-content\\\/uploads\\\/2024\\\/05\\\/elettrosaldabili-p-tielettrica_822620693-1.jpg\",\"contentUrl\":\"https:\\\/\\\/www.plastitaliaspa.com\\\/wp-content\\\/uploads\\\/2024\\\/05\\\/elettrosaldabili-p-tielettrica_822620693-1.jpg\",\"width\":270,\"height\":360},{\"@type\":\"BreadcrumbList\",\"@id\":\"https:\\\/\\\/www.plastitaliaspa.com\\\/de\\\/polyethylene-fittings\\\/imperial-sizes\\\/elektroschweissbare-t-anschluesse-mit-90-aus-ips\\\/#breadcrumb\",\"itemListElement\":[{\"@type\":\"ListItem\",\"position\":1,\"name\":\"Home\",\"item\":\"https:\\\/\\\/www.plastitaliaspa.com\\\/de\\\/\"},{\"@type\":\"ListItem\",\"position\":2,\"name\":\"Shop\",\"item\":\"https:\\\/\\\/www.plastitaliaspa.com\\\/negozio\\\/\"},{\"@type\":\"ListItem\",\"position\":3,\"name\":\"ELEKTROSCHWEISSBARE T-ANSCHL\u00dcSSE MIT 90\u00b0 AUS IPS\"}]},{\"@type\":\"WebSite\",\"@id\":\"https:\\\/\\\/www.plastitaliaspa.com\\\/de\\\/#website\",\"url\":\"https:\\\/\\\/www.plastitaliaspa.com\\\/de\\\/\",\"name\":\"Plastitalia\",\"description\":\"Leader europeo nella produzione di raccordi in polietilene. Raccordi HDPE elettrosaldabili, di transizione e testa a testa utilizzati per impianti acqua e gas.\",\"publisher\":{\"@id\":\"https:\\\/\\\/www.plastitaliaspa.com\\\/de\\\/#organization\"},\"potentialAction\":[{\"@type\":\"SearchAction\",\"target\":{\"@type\":\"EntryPoint\",\"urlTemplate\":\"https:\\\/\\\/www.plastitaliaspa.com\\\/de\\\/?s={search_term_string}\"},\"query-input\":{\"@type\":\"PropertyValueSpecification\",\"valueRequired\":true,\"valueName\":\"search_term_string\"}}],\"inLanguage\":\"de\"},{\"@type\":\"Organization\",\"@id\":\"https:\\\/\\\/www.plastitaliaspa.com\\\/de\\\/#organization\",\"name\":\"Plastitalia\",\"url\":\"https:\\\/\\\/www.plastitaliaspa.com\\\/de\\\/\",\"logo\":{\"@type\":\"ImageObject\",\"inLanguage\":\"de\",\"@id\":\"https:\\\/\\\/www.plastitaliaspa.com\\\/de\\\/#\\\/schema\\\/logo\\\/image\\\/\",\"url\":\"https:\\\/\\\/www.plastitaliaspa.com\\\/wp-content\\\/uploads\\\/2024\\\/05\\\/logo-plastitalia-sito.png\",\"contentUrl\":\"https:\\\/\\\/www.plastitaliaspa.com\\\/wp-content\\\/uploads\\\/2024\\\/05\\\/logo-plastitalia-sito.png\",\"width\":652,\"height\":205,\"caption\":\"Plastitalia\"},\"image\":{\"@id\":\"https:\\\/\\\/www.plastitaliaspa.com\\\/de\\\/#\\\/schema\\\/logo\\\/image\\\/\"}}]}<\/script>\n<!-- \/ Yoast SEO plugin. -->","yoast_head_json":{"title":"ELEKTROSCHWEISSBARE T-ANSCHL\u00dcSSE MIT 90\u00b0 AUS IPS | Plastitalia","description":"Einige Merkmale:   Serie der elektroschwei\u00dfbaren Rohranschl\u00fcsse; PE100 schwarz; gepresst.   Anwendung:   F\u00fcr Rohrleitungssysteme f\u00fcr die Wasserverteilung (UNI EN 12201); f\u00fcr Rohrleitungssysteme f\u00fcr industrielle Anwendungen (UNI EN ISO 15494); f\u00fcr Rohrleitungssysteme f\u00fcr die Verteilung brennbarer Gase (UNI EN 1555).   Schwei\u00dfsysteme:   Muffenschwei\u00dfung (UNI 10521).","robots":{"index":"index","follow":"follow","max-snippet":"max-snippet:-1","max-image-preview":"max-image-preview:large","max-video-preview":"max-video-preview:-1"},"canonical":"https:\/\/www.plastitaliaspa.com\/de\/polyethylene-fittings\/imperial-sizes\/elektroschweissbare-t-anschluesse-mit-90-aus-ips\/","og_locale":"de_DE","og_type":"article","og_title":"ELEKTROSCHWEISSBARE T-ANSCHL\u00dcSSE MIT 90\u00b0 AUS IPS | Plastitalia","og_description":"Einige Merkmale:   Serie der elektroschwei\u00dfbaren Rohranschl\u00fcsse; PE100 schwarz; gepresst.   Anwendung:   F\u00fcr Rohrleitungssysteme f\u00fcr die Wasserverteilung (UNI EN 12201); f\u00fcr Rohrleitungssysteme f\u00fcr industrielle Anwendungen (UNI EN ISO 15494); f\u00fcr Rohrleitungssysteme f\u00fcr die Verteilung brennbarer Gase (UNI EN 1555).   Schwei\u00dfsysteme:   Muffenschwei\u00dfung (UNI 10521).","og_url":"https:\/\/www.plastitaliaspa.com\/de\/polyethylene-fittings\/imperial-sizes\/elektroschweissbare-t-anschluesse-mit-90-aus-ips\/","og_site_name":"Plastitalia","article_modified_time":"2024-07-29T10:17:56+00:00","og_image":[{"width":270,"height":360,"url":"https:\/\/www.plastitaliaspa.com\/wp-content\/uploads\/2024\/05\/elettrosaldabili-p-tielettrica_822620693-1.jpg","type":"image\/jpeg"}],"twitter_card":"summary_large_image","schema":{"@context":"https:\/\/schema.org","@graph":[{"@type":"WebPage","@id":"https:\/\/www.plastitaliaspa.com\/de\/polyethylene-fittings\/imperial-sizes\/elektroschweissbare-t-anschluesse-mit-90-aus-ips\/","url":"https:\/\/www.plastitaliaspa.com\/de\/polyethylene-fittings\/imperial-sizes\/elektroschweissbare-t-anschluesse-mit-90-aus-ips\/","name":"ELEKTROSCHWEISSBARE T-ANSCHL\u00dcSSE MIT 90\u00b0 AUS IPS | Plastitalia","isPartOf":{"@id":"https:\/\/www.plastitaliaspa.com\/de\/#website"},"primaryImageOfPage":{"@id":"https:\/\/www.plastitaliaspa.com\/de\/polyethylene-fittings\/imperial-sizes\/elektroschweissbare-t-anschluesse-mit-90-aus-ips\/#primaryimage"},"image":{"@id":"https:\/\/www.plastitaliaspa.com\/de\/polyethylene-fittings\/imperial-sizes\/elektroschweissbare-t-anschluesse-mit-90-aus-ips\/#primaryimage"},"thumbnailUrl":"https:\/\/www.plastitaliaspa.com\/wp-content\/uploads\/2024\/05\/elettrosaldabili-p-tielettrica_822620693-1.jpg","datePublished":"2024-05-29T12:00:52+00:00","dateModified":"2024-07-29T10:17:56+00:00","description":"Einige Merkmale: Serie der elektroschwei\u00dfbaren Rohranschl\u00fcsse; PE100 schwarz; gepresst. Anwendung: F\u00fcr Rohrleitungssysteme f\u00fcr die Wasserverteilung (UNI EN 12201); f\u00fcr Rohrleitungssysteme f\u00fcr industrielle Anwendungen (UNI EN ISO 15494); f\u00fcr Rohrleitungssysteme f\u00fcr die Verteilung brennbarer Gase (UNI EN 1555). Schwei\u00dfsysteme: Muffenschwei\u00dfung (UNI 10521).","breadcrumb":{"@id":"https:\/\/www.plastitaliaspa.com\/de\/polyethylene-fittings\/imperial-sizes\/elektroschweissbare-t-anschluesse-mit-90-aus-ips\/#breadcrumb"},"inLanguage":"de","potentialAction":[{"@type":"ReadAction","target":["https:\/\/www.plastitaliaspa.com\/de\/polyethylene-fittings\/imperial-sizes\/elektroschweissbare-t-anschluesse-mit-90-aus-ips\/"]}]},{"@type":"ImageObject","inLanguage":"de","@id":"https:\/\/www.plastitaliaspa.com\/de\/polyethylene-fittings\/imperial-sizes\/elektroschweissbare-t-anschluesse-mit-90-aus-ips\/#primaryimage","url":"https:\/\/www.plastitaliaspa.com\/wp-content\/uploads\/2024\/05\/elettrosaldabili-p-tielettrica_822620693-1.jpg","contentUrl":"https:\/\/www.plastitaliaspa.com\/wp-content\/uploads\/2024\/05\/elettrosaldabili-p-tielettrica_822620693-1.jpg","width":270,"height":360},{"@type":"BreadcrumbList","@id":"https:\/\/www.plastitaliaspa.com\/de\/polyethylene-fittings\/imperial-sizes\/elektroschweissbare-t-anschluesse-mit-90-aus-ips\/#breadcrumb","itemListElement":[{"@type":"ListItem","position":1,"name":"Home","item":"https:\/\/www.plastitaliaspa.com\/de\/"},{"@type":"ListItem","position":2,"name":"Shop","item":"https:\/\/www.plastitaliaspa.com\/negozio\/"},{"@type":"ListItem","position":3,"name":"ELEKTROSCHWEISSBARE T-ANSCHL\u00dcSSE MIT 90\u00b0 AUS IPS"}]},{"@type":"WebSite","@id":"https:\/\/www.plastitaliaspa.com\/de\/#website","url":"https:\/\/www.plastitaliaspa.com\/de\/","name":"Plastitalia","description":"Leader europeo nella produzione di raccordi in polietilene. Raccordi HDPE elettrosaldabili, di transizione e testa a testa utilizzati per impianti acqua e gas.","publisher":{"@id":"https:\/\/www.plastitaliaspa.com\/de\/#organization"},"potentialAction":[{"@type":"SearchAction","target":{"@type":"EntryPoint","urlTemplate":"https:\/\/www.plastitaliaspa.com\/de\/?s={search_term_string}"},"query-input":{"@type":"PropertyValueSpecification","valueRequired":true,"valueName":"search_term_string"}}],"inLanguage":"de"},{"@type":"Organization","@id":"https:\/\/www.plastitaliaspa.com\/de\/#organization","name":"Plastitalia","url":"https:\/\/www.plastitaliaspa.com\/de\/","logo":{"@type":"ImageObject","inLanguage":"de","@id":"https:\/\/www.plastitaliaspa.com\/de\/#\/schema\/logo\/image\/","url":"https:\/\/www.plastitaliaspa.com\/wp-content\/uploads\/2024\/05\/logo-plastitalia-sito.png","contentUrl":"https:\/\/www.plastitaliaspa.com\/wp-content\/uploads\/2024\/05\/logo-plastitalia-sito.png","width":652,"height":205,"caption":"Plastitalia"},"image":{"@id":"https:\/\/www.plastitaliaspa.com\/de\/#\/schema\/logo\/image\/"}}]}},"_links":{"self":[{"href":"https:\/\/www.plastitaliaspa.com\/de\/wp-json\/wp\/v2\/product\/12328","targetHints":{"allow":["GET"]}}],"collection":[{"href":"https:\/\/www.plastitaliaspa.com\/de\/wp-json\/wp\/v2\/product"}],"about":[{"href":"https:\/\/www.plastitaliaspa.com\/de\/wp-json\/wp\/v2\/types\/product"}],"version-history":[{"count":1,"href":"https:\/\/www.plastitaliaspa.com\/de\/wp-json\/wp\/v2\/product\/12328\/revisions"}],"predecessor-version":[{"id":12967,"href":"https:\/\/www.plastitaliaspa.com\/de\/wp-json\/wp\/v2\/product\/12328\/revisions\/12967"}],"wp:featuredmedia":[{"embeddable":true,"href":"https:\/\/www.plastitaliaspa.com\/de\/wp-json\/wp\/v2\/media\/3042"}],"wp:attachment":[{"href":"https:\/\/www.plastitaliaspa.com\/de\/wp-json\/wp\/v2\/media?parent=12328"}],"wp:term":[{"taxonomy":"product_brand","embeddable":true,"href":"https:\/\/www.plastitaliaspa.com\/de\/wp-json\/wp\/v2\/product_brand?post=12328"},{"taxonomy":"product_cat","embeddable":true,"href":"https:\/\/www.plastitaliaspa.com\/de\/wp-json\/wp\/v2\/product_cat?post=12328"},{"taxonomy":"product_tag","embeddable":true,"href":"https:\/\/www.plastitaliaspa.com\/de\/wp-json\/wp\/v2\/product_tag?post=12328"}],"curies":[{"name":"wp","href":"https:\/\/api.w.org\/{rel}","templated":true}]}}