{"id":12313,"date":"2024-05-29T12:00:12","date_gmt":"2024-05-29T12:00:12","guid":{"rendered":"https:\/\/plastitalia.aitema.com\/raccordi-polietilene\/unkategorisiert\/uebergangsadapter-pe-stahl-verzinkt-mit-gewinde-geeignet-fuer-gas\/"},"modified":"2024-07-22T11:44:07","modified_gmt":"2024-07-22T11:44:07","slug":"uebergangsadapter-pe-stahl-verzinkt-mit-gewinde-geeignet-fuer-gas","status":"publish","type":"product","link":"https:\/\/www.plastitaliaspa.com\/de\/polyethylene-fittings\/rohranschluesse\/uebergangsadapter-pe-stahl-verzinkt-mit-gewinde-geeignet-fuer-gas\/","title":{"rendered":"\u00dcBERGANGSADAPTER PE\/STAHL, verzinkt, mit Gewinde, geeignet f\u00fcr Gas"},"content":{"rendered":"<p>Der \u00dcBERGANGSADAPTER PE\/STAHL, verzinkt, mit Polyethylenbeschichtung (Gewinde f\u00fcr Gas geeignet) wird in Rohrleitungssystemen f\u00fcr die Verteilung von Gas und Wasser sowie f\u00fcr industrielle Anwendungen<\/p>\n<p><strong>Hauptmerkmale: <\/strong><\/p>\n<p>Kategorie der \u00dcbergangsadapter; PE100 schwarz und Stahl; SDR 11; verzinkter Stahl mit Polyethylenbeschichtung; mit Gewinde; gepresste Ausf\u00fchrung.<\/p>\n<hr \/>\n<p><strong>Verwendet f\u00fcr:<\/strong><\/p>\n<p>Rohrleitungssysteme f\u00fcr die Wasserverteilung (UNI EN 12201); f\u00fcr Rohrleitungssysteme f\u00fcr industrielle Anwendungen (UNI EN ISO 15494); f\u00fcr Rohrleitungssysteme f\u00fcr die Verteilung brennbarer Gase (UNI EN 1555).<\/p>\n<hr \/>\n<p><strong>Schwei\u00dfsysteme: <\/strong><\/p>\n<p>Prozess mit thermischen Elementen durch Kontakt (Stumpfschwei\u00dfen) (UNI 10520), Muffenschwei\u00dfen (UNI 10521).<\/p>\n","protected":false},"excerpt":{"rendered":"<p>Der \u00dcBERGANGSADAPTER PE\/STAHL, verzinkt, mit Polyethylenbeschichtung (Gewinde f\u00fcr Gas geeignet) wird in Rohrleitungssystemen f\u00fcr die Verteilung von Gas und Wasser sowie f\u00fcr industrielle Anwendungen<\/p>\n<p><strong>Hauptmerkmale: <\/strong><\/p>\n<p>Kategorie der \u00dcbergangsadapter; PE100 schwarz und Stahl; SDR 11; verzinkter Stahl mit Polyethylenbeschichtung; mit Gewinde; gepresste Ausf\u00fchrung.<\/p>\n<hr \/>\n<p><strong>Verwendet f\u00fcr:<\/strong><\/p>\n<p>Rohrleitungssysteme f\u00fcr die Wasserverteilung (UNI EN 12201); f\u00fcr Rohrleitungssysteme f\u00fcr industrielle Anwendungen (UNI EN ISO 15494); f\u00fcr Rohrleitungssysteme f\u00fcr die Verteilung brennbarer Gase (UNI EN 1555).<\/p>\n<hr \/>\n<p><strong>Schwei\u00dfsysteme: <\/strong><\/p>\n<p>Prozess mit thermischen Elementen durch Kontakt (Stumpfschwei\u00dfen) (UNI 10520), Muffenschwei\u00dfen (UNI 10521).<\/p>\n","protected":false},"featured_media":2772,"template":"","meta":{"_acf_changed":false},"product_brand":[],"product_cat":[138,141],"product_tag":[],"class_list":{"0":"post-12313","1":"product","2":"type-product","3":"status-publish","4":"has-post-thumbnail","6":"product_cat-rohranschluesse","7":"product_cat-uebergangs-verbindugsstuecke","9":"first","10":"instock","11":"product-type-simple"},"acf":[],"yoast_head":"<!-- This site is optimized with the Yoast SEO plugin v27.4 - https:\/\/yoast.com\/product\/yoast-seo-wordpress\/ -->\n<title>\u00dcBERGANGSADAPTER PE\/STAHL, verzinkt, mit Gewinde, geeignet f\u00fcr Gas | Plastitalia<\/title>\n<meta name=\"description\" content=\"Der \u00dcBERGANGSADAPTER PE\/STAHL, verzinkt, mit Polyethylenbeschichtung (Gewinde f\u00fcr Gas geeignet) wird in Rohrleitungssystemen f\u00fcr die Verteilung von Gas und Wasser sowie f\u00fcr industrielle Anwendungen  Hauptmerkmale:   Kategorie der \u00dcbergangsadapter; PE100 schwarz und Stahl; SDR 11; verzinkter Stahl mit Polyethylenbeschichtung; mit Gewinde; gepresste Ausf\u00fchrung.   Verwendet f\u00fcr:  Rohrleitungssysteme f\u00fcr die Wasserverteilung (UNI EN 12201); f\u00fcr Rohrleitungssysteme f\u00fcr industrielle Anwendungen (UNI EN ISO 15494); f\u00fcr Rohrleitungssysteme f\u00fcr die Verteilung brennbarer Gase (UNI EN 1555).   Schwei\u00dfsysteme:   Prozess mit thermischen Elementen durch Kontakt (Stumpfschwei\u00dfen) (UNI 10520), Muffenschwei\u00dfen (UNI 10521).\" \/>\n<meta name=\"robots\" content=\"index, follow, max-snippet:-1, max-image-preview:large, max-video-preview:-1\" \/>\n<link rel=\"canonical\" href=\"https:\/\/www.plastitaliaspa.com\/de\/polyethylene-fittings\/rohranschluesse\/uebergangsadapter-pe-stahl-verzinkt-mit-gewinde-geeignet-fuer-gas\/\" \/>\n<meta property=\"og:locale\" content=\"de_DE\" \/>\n<meta property=\"og:type\" content=\"article\" \/>\n<meta property=\"og:title\" content=\"\u00dcBERGANGSADAPTER PE\/STAHL, verzinkt, mit Gewinde, geeignet f\u00fcr Gas | Plastitalia\" \/>\n<meta property=\"og:description\" content=\"Der \u00dcBERGANGSADAPTER PE\/STAHL, verzinkt, mit Polyethylenbeschichtung (Gewinde f\u00fcr Gas geeignet) wird in Rohrleitungssystemen f\u00fcr die Verteilung von Gas und Wasser sowie f\u00fcr industrielle Anwendungen  Hauptmerkmale:   Kategorie der \u00dcbergangsadapter; PE100 schwarz und Stahl; SDR 11; verzinkter Stahl mit Polyethylenbeschichtung; mit Gewinde; gepresste Ausf\u00fchrung.   Verwendet f\u00fcr:  Rohrleitungssysteme f\u00fcr die Wasserverteilung (UNI EN 12201); f\u00fcr Rohrleitungssysteme f\u00fcr industrielle Anwendungen (UNI EN ISO 15494); f\u00fcr Rohrleitungssysteme f\u00fcr die Verteilung brennbarer Gase (UNI EN 1555).   Schwei\u00dfsysteme:   Prozess mit thermischen Elementen durch Kontakt (Stumpfschwei\u00dfen) (UNI 10520), Muffenschwei\u00dfen (UNI 10521).\" \/>\n<meta property=\"og:url\" content=\"https:\/\/www.plastitaliaspa.com\/de\/polyethylene-fittings\/rohranschluesse\/uebergangsadapter-pe-stahl-verzinkt-mit-gewinde-geeignet-fuer-gas\/\" \/>\n<meta property=\"og:site_name\" content=\"Plastitalia\" \/>\n<meta property=\"article:modified_time\" content=\"2024-07-22T11:44:07+00:00\" \/>\n<meta property=\"og:image\" content=\"https:\/\/www.plastitaliaspa.com\/wp-content\/uploads\/2024\/05\/Raccordo-di-transizione-PEAcciaio-riv-filettato.jpg\" \/>\n\t<meta property=\"og:image:width\" content=\"388\" \/>\n\t<meta property=\"og:image:height\" content=\"388\" \/>\n\t<meta property=\"og:image:type\" content=\"image\/jpeg\" \/>\n<meta name=\"twitter:card\" content=\"summary_large_image\" \/>\n<script type=\"application\/ld+json\" class=\"yoast-schema-graph\">{\"@context\":\"https:\\\/\\\/schema.org\",\"@graph\":[{\"@type\":\"WebPage\",\"@id\":\"https:\\\/\\\/www.plastitaliaspa.com\\\/de\\\/polyethylene-fittings\\\/rohranschluesse\\\/uebergangsadapter-pe-stahl-verzinkt-mit-gewinde-geeignet-fuer-gas\\\/\",\"url\":\"https:\\\/\\\/www.plastitaliaspa.com\\\/de\\\/polyethylene-fittings\\\/rohranschluesse\\\/uebergangsadapter-pe-stahl-verzinkt-mit-gewinde-geeignet-fuer-gas\\\/\",\"name\":\"\u00dcBERGANGSADAPTER PE\\\/STAHL, verzinkt, mit Gewinde, geeignet f\u00fcr Gas | Plastitalia\",\"isPartOf\":{\"@id\":\"https:\\\/\\\/www.plastitaliaspa.com\\\/de\\\/#website\"},\"primaryImageOfPage\":{\"@id\":\"https:\\\/\\\/www.plastitaliaspa.com\\\/de\\\/polyethylene-fittings\\\/rohranschluesse\\\/uebergangsadapter-pe-stahl-verzinkt-mit-gewinde-geeignet-fuer-gas\\\/#primaryimage\"},\"image\":{\"@id\":\"https:\\\/\\\/www.plastitaliaspa.com\\\/de\\\/polyethylene-fittings\\\/rohranschluesse\\\/uebergangsadapter-pe-stahl-verzinkt-mit-gewinde-geeignet-fuer-gas\\\/#primaryimage\"},\"thumbnailUrl\":\"https:\\\/\\\/www.plastitaliaspa.com\\\/wp-content\\\/uploads\\\/2024\\\/05\\\/Raccordo-di-transizione-PEAcciaio-riv-filettato.jpg\",\"datePublished\":\"2024-05-29T12:00:12+00:00\",\"dateModified\":\"2024-07-22T11:44:07+00:00\",\"description\":\"Der \u00dcBERGANGSADAPTER PE\\\/STAHL, verzinkt, mit Polyethylenbeschichtung (Gewinde f\u00fcr Gas geeignet) wird in Rohrleitungssystemen f\u00fcr die Verteilung von Gas und Wasser sowie f\u00fcr industrielle Anwendungen Hauptmerkmale: Kategorie der \u00dcbergangsadapter; PE100 schwarz und Stahl; SDR 11; verzinkter Stahl mit Polyethylenbeschichtung; mit Gewinde; gepresste Ausf\u00fchrung. Verwendet f\u00fcr: Rohrleitungssysteme f\u00fcr die Wasserverteilung (UNI EN 12201); f\u00fcr Rohrleitungssysteme f\u00fcr industrielle Anwendungen (UNI EN ISO 15494); f\u00fcr Rohrleitungssysteme f\u00fcr die Verteilung brennbarer Gase (UNI EN 1555). Schwei\u00dfsysteme: Prozess mit thermischen Elementen durch Kontakt (Stumpfschwei\u00dfen) (UNI 10520), Muffenschwei\u00dfen (UNI 10521).\",\"breadcrumb\":{\"@id\":\"https:\\\/\\\/www.plastitaliaspa.com\\\/de\\\/polyethylene-fittings\\\/rohranschluesse\\\/uebergangsadapter-pe-stahl-verzinkt-mit-gewinde-geeignet-fuer-gas\\\/#breadcrumb\"},\"inLanguage\":\"de\",\"potentialAction\":[{\"@type\":\"ReadAction\",\"target\":[\"https:\\\/\\\/www.plastitaliaspa.com\\\/de\\\/polyethylene-fittings\\\/rohranschluesse\\\/uebergangsadapter-pe-stahl-verzinkt-mit-gewinde-geeignet-fuer-gas\\\/\"]}]},{\"@type\":\"ImageObject\",\"inLanguage\":\"de\",\"@id\":\"https:\\\/\\\/www.plastitaliaspa.com\\\/de\\\/polyethylene-fittings\\\/rohranschluesse\\\/uebergangsadapter-pe-stahl-verzinkt-mit-gewinde-geeignet-fuer-gas\\\/#primaryimage\",\"url\":\"https:\\\/\\\/www.plastitaliaspa.com\\\/wp-content\\\/uploads\\\/2024\\\/05\\\/Raccordo-di-transizione-PEAcciaio-riv-filettato.jpg\",\"contentUrl\":\"https:\\\/\\\/www.plastitaliaspa.com\\\/wp-content\\\/uploads\\\/2024\\\/05\\\/Raccordo-di-transizione-PEAcciaio-riv-filettato.jpg\",\"width\":388,\"height\":388},{\"@type\":\"BreadcrumbList\",\"@id\":\"https:\\\/\\\/www.plastitaliaspa.com\\\/de\\\/polyethylene-fittings\\\/rohranschluesse\\\/uebergangsadapter-pe-stahl-verzinkt-mit-gewinde-geeignet-fuer-gas\\\/#breadcrumb\",\"itemListElement\":[{\"@type\":\"ListItem\",\"position\":1,\"name\":\"Home\",\"item\":\"https:\\\/\\\/www.plastitaliaspa.com\\\/de\\\/\"},{\"@type\":\"ListItem\",\"position\":2,\"name\":\"Shop\",\"item\":\"https:\\\/\\\/www.plastitaliaspa.com\\\/negozio\\\/\"},{\"@type\":\"ListItem\",\"position\":3,\"name\":\"\u00dcBERGANGSADAPTER PE\\\/STAHL, verzinkt, mit Gewinde, geeignet f\u00fcr Gas\"}]},{\"@type\":\"WebSite\",\"@id\":\"https:\\\/\\\/www.plastitaliaspa.com\\\/de\\\/#website\",\"url\":\"https:\\\/\\\/www.plastitaliaspa.com\\\/de\\\/\",\"name\":\"Plastitalia\",\"description\":\"Leader europeo nella produzione di raccordi in polietilene. Raccordi HDPE elettrosaldabili, di transizione e testa a testa utilizzati per impianti acqua e gas.\",\"publisher\":{\"@id\":\"https:\\\/\\\/www.plastitaliaspa.com\\\/de\\\/#organization\"},\"potentialAction\":[{\"@type\":\"SearchAction\",\"target\":{\"@type\":\"EntryPoint\",\"urlTemplate\":\"https:\\\/\\\/www.plastitaliaspa.com\\\/de\\\/?s={search_term_string}\"},\"query-input\":{\"@type\":\"PropertyValueSpecification\",\"valueRequired\":true,\"valueName\":\"search_term_string\"}}],\"inLanguage\":\"de\"},{\"@type\":\"Organization\",\"@id\":\"https:\\\/\\\/www.plastitaliaspa.com\\\/de\\\/#organization\",\"name\":\"Plastitalia\",\"url\":\"https:\\\/\\\/www.plastitaliaspa.com\\\/de\\\/\",\"logo\":{\"@type\":\"ImageObject\",\"inLanguage\":\"de\",\"@id\":\"https:\\\/\\\/www.plastitaliaspa.com\\\/de\\\/#\\\/schema\\\/logo\\\/image\\\/\",\"url\":\"https:\\\/\\\/www.plastitaliaspa.com\\\/wp-content\\\/uploads\\\/2024\\\/05\\\/logo-plastitalia-sito.png\",\"contentUrl\":\"https:\\\/\\\/www.plastitaliaspa.com\\\/wp-content\\\/uploads\\\/2024\\\/05\\\/logo-plastitalia-sito.png\",\"width\":652,\"height\":205,\"caption\":\"Plastitalia\"},\"image\":{\"@id\":\"https:\\\/\\\/www.plastitaliaspa.com\\\/de\\\/#\\\/schema\\\/logo\\\/image\\\/\"}}]}<\/script>\n<!-- \/ Yoast SEO plugin. -->","yoast_head_json":{"title":"\u00dcBERGANGSADAPTER PE\/STAHL, verzinkt, mit Gewinde, geeignet f\u00fcr Gas | Plastitalia","description":"Der \u00dcBERGANGSADAPTER PE\/STAHL, verzinkt, mit Polyethylenbeschichtung (Gewinde f\u00fcr Gas geeignet) wird in Rohrleitungssystemen f\u00fcr die Verteilung von Gas und Wasser sowie f\u00fcr industrielle Anwendungen  Hauptmerkmale:   Kategorie der \u00dcbergangsadapter; PE100 schwarz und Stahl; SDR 11; verzinkter Stahl mit Polyethylenbeschichtung; mit Gewinde; gepresste Ausf\u00fchrung.   Verwendet f\u00fcr:  Rohrleitungssysteme f\u00fcr die Wasserverteilung (UNI EN 12201); f\u00fcr Rohrleitungssysteme f\u00fcr industrielle Anwendungen (UNI EN ISO 15494); f\u00fcr Rohrleitungssysteme f\u00fcr die Verteilung brennbarer Gase (UNI EN 1555).   Schwei\u00dfsysteme:   Prozess mit thermischen Elementen durch Kontakt (Stumpfschwei\u00dfen) (UNI 10520), Muffenschwei\u00dfen (UNI 10521).","robots":{"index":"index","follow":"follow","max-snippet":"max-snippet:-1","max-image-preview":"max-image-preview:large","max-video-preview":"max-video-preview:-1"},"canonical":"https:\/\/www.plastitaliaspa.com\/de\/polyethylene-fittings\/rohranschluesse\/uebergangsadapter-pe-stahl-verzinkt-mit-gewinde-geeignet-fuer-gas\/","og_locale":"de_DE","og_type":"article","og_title":"\u00dcBERGANGSADAPTER PE\/STAHL, verzinkt, mit Gewinde, geeignet f\u00fcr Gas | Plastitalia","og_description":"Der \u00dcBERGANGSADAPTER PE\/STAHL, verzinkt, mit Polyethylenbeschichtung (Gewinde f\u00fcr Gas geeignet) wird in Rohrleitungssystemen f\u00fcr die Verteilung von Gas und Wasser sowie f\u00fcr industrielle Anwendungen  Hauptmerkmale:   Kategorie der \u00dcbergangsadapter; PE100 schwarz und Stahl; SDR 11; verzinkter Stahl mit Polyethylenbeschichtung; mit Gewinde; gepresste Ausf\u00fchrung.   Verwendet f\u00fcr:  Rohrleitungssysteme f\u00fcr die Wasserverteilung (UNI EN 12201); f\u00fcr Rohrleitungssysteme f\u00fcr industrielle Anwendungen (UNI EN ISO 15494); f\u00fcr Rohrleitungssysteme f\u00fcr die Verteilung brennbarer Gase (UNI EN 1555).   Schwei\u00dfsysteme:   Prozess mit thermischen Elementen durch Kontakt (Stumpfschwei\u00dfen) (UNI 10520), Muffenschwei\u00dfen (UNI 10521).","og_url":"https:\/\/www.plastitaliaspa.com\/de\/polyethylene-fittings\/rohranschluesse\/uebergangsadapter-pe-stahl-verzinkt-mit-gewinde-geeignet-fuer-gas\/","og_site_name":"Plastitalia","article_modified_time":"2024-07-22T11:44:07+00:00","og_image":[{"width":388,"height":388,"url":"https:\/\/www.plastitaliaspa.com\/wp-content\/uploads\/2024\/05\/Raccordo-di-transizione-PEAcciaio-riv-filettato.jpg","type":"image\/jpeg"}],"twitter_card":"summary_large_image","schema":{"@context":"https:\/\/schema.org","@graph":[{"@type":"WebPage","@id":"https:\/\/www.plastitaliaspa.com\/de\/polyethylene-fittings\/rohranschluesse\/uebergangsadapter-pe-stahl-verzinkt-mit-gewinde-geeignet-fuer-gas\/","url":"https:\/\/www.plastitaliaspa.com\/de\/polyethylene-fittings\/rohranschluesse\/uebergangsadapter-pe-stahl-verzinkt-mit-gewinde-geeignet-fuer-gas\/","name":"\u00dcBERGANGSADAPTER PE\/STAHL, verzinkt, mit Gewinde, geeignet f\u00fcr Gas | Plastitalia","isPartOf":{"@id":"https:\/\/www.plastitaliaspa.com\/de\/#website"},"primaryImageOfPage":{"@id":"https:\/\/www.plastitaliaspa.com\/de\/polyethylene-fittings\/rohranschluesse\/uebergangsadapter-pe-stahl-verzinkt-mit-gewinde-geeignet-fuer-gas\/#primaryimage"},"image":{"@id":"https:\/\/www.plastitaliaspa.com\/de\/polyethylene-fittings\/rohranschluesse\/uebergangsadapter-pe-stahl-verzinkt-mit-gewinde-geeignet-fuer-gas\/#primaryimage"},"thumbnailUrl":"https:\/\/www.plastitaliaspa.com\/wp-content\/uploads\/2024\/05\/Raccordo-di-transizione-PEAcciaio-riv-filettato.jpg","datePublished":"2024-05-29T12:00:12+00:00","dateModified":"2024-07-22T11:44:07+00:00","description":"Der \u00dcBERGANGSADAPTER PE\/STAHL, verzinkt, mit Polyethylenbeschichtung (Gewinde f\u00fcr Gas geeignet) wird in Rohrleitungssystemen f\u00fcr die Verteilung von Gas und Wasser sowie f\u00fcr industrielle Anwendungen Hauptmerkmale: Kategorie der \u00dcbergangsadapter; PE100 schwarz und Stahl; SDR 11; verzinkter Stahl mit Polyethylenbeschichtung; mit Gewinde; gepresste Ausf\u00fchrung. Verwendet f\u00fcr: Rohrleitungssysteme f\u00fcr die Wasserverteilung (UNI EN 12201); f\u00fcr Rohrleitungssysteme f\u00fcr industrielle Anwendungen (UNI EN ISO 15494); f\u00fcr Rohrleitungssysteme f\u00fcr die Verteilung brennbarer Gase (UNI EN 1555). Schwei\u00dfsysteme: Prozess mit thermischen Elementen durch Kontakt (Stumpfschwei\u00dfen) (UNI 10520), Muffenschwei\u00dfen (UNI 10521).","breadcrumb":{"@id":"https:\/\/www.plastitaliaspa.com\/de\/polyethylene-fittings\/rohranschluesse\/uebergangsadapter-pe-stahl-verzinkt-mit-gewinde-geeignet-fuer-gas\/#breadcrumb"},"inLanguage":"de","potentialAction":[{"@type":"ReadAction","target":["https:\/\/www.plastitaliaspa.com\/de\/polyethylene-fittings\/rohranschluesse\/uebergangsadapter-pe-stahl-verzinkt-mit-gewinde-geeignet-fuer-gas\/"]}]},{"@type":"ImageObject","inLanguage":"de","@id":"https:\/\/www.plastitaliaspa.com\/de\/polyethylene-fittings\/rohranschluesse\/uebergangsadapter-pe-stahl-verzinkt-mit-gewinde-geeignet-fuer-gas\/#primaryimage","url":"https:\/\/www.plastitaliaspa.com\/wp-content\/uploads\/2024\/05\/Raccordo-di-transizione-PEAcciaio-riv-filettato.jpg","contentUrl":"https:\/\/www.plastitaliaspa.com\/wp-content\/uploads\/2024\/05\/Raccordo-di-transizione-PEAcciaio-riv-filettato.jpg","width":388,"height":388},{"@type":"BreadcrumbList","@id":"https:\/\/www.plastitaliaspa.com\/de\/polyethylene-fittings\/rohranschluesse\/uebergangsadapter-pe-stahl-verzinkt-mit-gewinde-geeignet-fuer-gas\/#breadcrumb","itemListElement":[{"@type":"ListItem","position":1,"name":"Home","item":"https:\/\/www.plastitaliaspa.com\/de\/"},{"@type":"ListItem","position":2,"name":"Shop","item":"https:\/\/www.plastitaliaspa.com\/negozio\/"},{"@type":"ListItem","position":3,"name":"\u00dcBERGANGSADAPTER PE\/STAHL, verzinkt, mit Gewinde, geeignet f\u00fcr Gas"}]},{"@type":"WebSite","@id":"https:\/\/www.plastitaliaspa.com\/de\/#website","url":"https:\/\/www.plastitaliaspa.com\/de\/","name":"Plastitalia","description":"Leader europeo nella produzione di raccordi in polietilene. Raccordi HDPE elettrosaldabili, di transizione e testa a testa utilizzati per impianti acqua e gas.","publisher":{"@id":"https:\/\/www.plastitaliaspa.com\/de\/#organization"},"potentialAction":[{"@type":"SearchAction","target":{"@type":"EntryPoint","urlTemplate":"https:\/\/www.plastitaliaspa.com\/de\/?s={search_term_string}"},"query-input":{"@type":"PropertyValueSpecification","valueRequired":true,"valueName":"search_term_string"}}],"inLanguage":"de"},{"@type":"Organization","@id":"https:\/\/www.plastitaliaspa.com\/de\/#organization","name":"Plastitalia","url":"https:\/\/www.plastitaliaspa.com\/de\/","logo":{"@type":"ImageObject","inLanguage":"de","@id":"https:\/\/www.plastitaliaspa.com\/de\/#\/schema\/logo\/image\/","url":"https:\/\/www.plastitaliaspa.com\/wp-content\/uploads\/2024\/05\/logo-plastitalia-sito.png","contentUrl":"https:\/\/www.plastitaliaspa.com\/wp-content\/uploads\/2024\/05\/logo-plastitalia-sito.png","width":652,"height":205,"caption":"Plastitalia"},"image":{"@id":"https:\/\/www.plastitaliaspa.com\/de\/#\/schema\/logo\/image\/"}}]}},"_links":{"self":[{"href":"https:\/\/www.plastitaliaspa.com\/de\/wp-json\/wp\/v2\/product\/12313","targetHints":{"allow":["GET"]}}],"collection":[{"href":"https:\/\/www.plastitaliaspa.com\/de\/wp-json\/wp\/v2\/product"}],"about":[{"href":"https:\/\/www.plastitaliaspa.com\/de\/wp-json\/wp\/v2\/types\/product"}],"version-history":[{"count":1,"href":"https:\/\/www.plastitaliaspa.com\/de\/wp-json\/wp\/v2\/product\/12313\/revisions"}],"predecessor-version":[{"id":12945,"href":"https:\/\/www.plastitaliaspa.com\/de\/wp-json\/wp\/v2\/product\/12313\/revisions\/12945"}],"wp:featuredmedia":[{"embeddable":true,"href":"https:\/\/www.plastitaliaspa.com\/de\/wp-json\/wp\/v2\/media\/2772"}],"wp:attachment":[{"href":"https:\/\/www.plastitaliaspa.com\/de\/wp-json\/wp\/v2\/media?parent=12313"}],"wp:term":[{"taxonomy":"product_brand","embeddable":true,"href":"https:\/\/www.plastitaliaspa.com\/de\/wp-json\/wp\/v2\/product_brand?post=12313"},{"taxonomy":"product_cat","embeddable":true,"href":"https:\/\/www.plastitaliaspa.com\/de\/wp-json\/wp\/v2\/product_cat?post=12313"},{"taxonomy":"product_tag","embeddable":true,"href":"https:\/\/www.plastitaliaspa.com\/de\/wp-json\/wp\/v2\/product_tag?post=12313"}],"curies":[{"name":"wp","href":"https:\/\/api.w.org\/{rel}","templated":true}]}}