{"id":12297,"date":"2024-05-29T11:59:38","date_gmt":"2024-05-29T11:59:38","guid":{"rendered":"https:\/\/plastitalia.aitema.com\/raccordi-polietilene\/unkategorisiert\/stahlflansch-mit-pp-beschichtung-fuer-adapter-pn16\/"},"modified":"2024-07-29T10:11:38","modified_gmt":"2024-07-29T10:11:38","slug":"stahlflansch-mit-pp-beschichtung-fuer-adapter-pn16","status":"publish","type":"product","link":"https:\/\/www.plastitaliaspa.com\/de\/polyethylene-fittings\/rohranschluesse\/stahlflansch-mit-pp-beschichtung-fuer-adapter-pn16\/","title":{"rendered":"STAHLFLANSCH MIT PP-BESCHICHTUNG F\u00dcR ADAPTER PN16"},"content":{"rendered":"<p>Merkmale des Stahlflansches mit PP-Beschichtung f\u00fcr Adapter PN16 Hauptmerkmale: Stahl mit PP-Beschichtung; Bezugsnorm UNI EN 1092-1; Gebohrt PN16. Der Stahlflansch &#8230;<\/p>\n<p>Merkmale des Stahlflansches mit PP-Beschichtung f\u00fcr Adapter PN16<\/p>\n<hr \/>\n<p><strong>Hauptmerkmale:<\/strong> Stahl mit PP-Beschichtung; Bezugsnorm UNI EN 1092-1; Gebohrt PN16.<\/p>\n<p>Der Stahlflansch mit PP-Beschichtung f\u00fcr die Schelle PN16 wird verwendet f\u00fcr: F\u00fcr Rohrleitungssysteme f\u00fcr die Wasserverteilung und industrielle Anwendungen.<\/p>\n","protected":false},"excerpt":{"rendered":"<p>Merkmale des Stahlflansches mit PP-Beschichtung f\u00fcr Adapter PN16 Hauptmerkmale: Stahl mit PP-Beschichtung; Bezugsnorm UNI EN 1092-1; Gebohrt PN16. Der Stahlflansch &#8230;<\/p>\n<p>Merkmale des Stahlflansches mit PP-Beschichtung f\u00fcr Adapter PN16<\/p>\n<hr \/>\n<p><strong>Hauptmerkmale:<\/strong> Stahl mit PP-Beschichtung; Bezugsnorm UNI EN 1092-1; Gebohrt PN16.<\/p>\n<p>Der Stahlflansch mit PP-Beschichtung f\u00fcr die Schelle PN16 wird verwendet f\u00fcr: F\u00fcr Rohrleitungssysteme f\u00fcr die Wasserverteilung und industrielle Anwendungen.<\/p>\n","protected":false},"featured_media":2458,"template":"","meta":{"_acf_changed":false},"product_brand":[],"product_cat":[202,138],"product_tag":[],"class_list":{"0":"post-12297","1":"product","2":"type-product","3":"status-publish","4":"has-post-thumbnail","6":"product_cat-flansch","7":"product_cat-rohranschluesse","9":"first","10":"instock","11":"product-type-simple"},"acf":[],"yoast_head":"<!-- This site is optimized with the Yoast SEO plugin v27.4 - https:\/\/yoast.com\/product\/yoast-seo-wordpress\/ -->\n<title>STAHLFLANSCH MIT PP-BESCHICHTUNG F\u00dcR ADAPTER PN16 | Plastitalia<\/title>\n<meta name=\"description\" content=\"Merkmale des Stahlflansches mit PP-Beschichtung f\u00fcr Adapter PN16 Hauptmerkmale: Stahl mit PP-Beschichtung; Bezugsnorm UNI EN 1092-1; Gebohrt PN16. Der Stahlflansch ...  Merkmale des Stahlflansches mit PP-Beschichtung f\u00fcr Adapter PN16   Hauptmerkmale: Stahl mit PP-Beschichtung; Bezugsnorm UNI EN 1092-1; Gebohrt PN16.  Der Stahlflansch mit PP-Beschichtung f\u00fcr die Schelle PN16 wird verwendet f\u00fcr: F\u00fcr Rohrleitungssysteme f\u00fcr die Wasserverteilung und industrielle Anwendungen.\" \/>\n<meta name=\"robots\" content=\"index, follow, max-snippet:-1, max-image-preview:large, max-video-preview:-1\" \/>\n<link rel=\"canonical\" href=\"https:\/\/www.plastitaliaspa.com\/de\/polyethylene-fittings\/rohranschluesse\/stahlflansch-mit-pp-beschichtung-fuer-adapter-pn16\/\" \/>\n<meta property=\"og:locale\" content=\"de_DE\" \/>\n<meta property=\"og:type\" content=\"article\" \/>\n<meta property=\"og:title\" content=\"STAHLFLANSCH MIT PP-BESCHICHTUNG F\u00dcR ADAPTER PN16 | Plastitalia\" \/>\n<meta property=\"og:description\" content=\"Merkmale des Stahlflansches mit PP-Beschichtung f\u00fcr Adapter PN16 Hauptmerkmale: Stahl mit PP-Beschichtung; Bezugsnorm UNI EN 1092-1; Gebohrt PN16. Der Stahlflansch ...  Merkmale des Stahlflansches mit PP-Beschichtung f\u00fcr Adapter PN16   Hauptmerkmale: Stahl mit PP-Beschichtung; Bezugsnorm UNI EN 1092-1; Gebohrt PN16.  Der Stahlflansch mit PP-Beschichtung f\u00fcr die Schelle PN16 wird verwendet f\u00fcr: F\u00fcr Rohrleitungssysteme f\u00fcr die Wasserverteilung und industrielle Anwendungen.\" \/>\n<meta property=\"og:url\" content=\"https:\/\/www.plastitaliaspa.com\/de\/polyethylene-fittings\/rohranschluesse\/stahlflansch-mit-pp-beschichtung-fuer-adapter-pn16\/\" \/>\n<meta property=\"og:site_name\" content=\"Plastitalia\" \/>\n<meta property=\"article:modified_time\" content=\"2024-07-29T10:11:38+00:00\" \/>\n<meta property=\"og:image\" content=\"https:\/\/www.plastitaliaspa.com\/wp-content\/uploads\/2024\/05\/falangis-rivestita-p-1.jpg\" \/>\n\t<meta property=\"og:image:width\" content=\"388\" \/>\n\t<meta property=\"og:image:height\" content=\"388\" \/>\n\t<meta property=\"og:image:type\" content=\"image\/jpeg\" \/>\n<meta name=\"twitter:card\" content=\"summary_large_image\" \/>\n<meta name=\"twitter:label1\" content=\"Gesch\u00e4tzte Lesezeit\" \/>\n\t<meta name=\"twitter:data1\" content=\"1\u00a0Minute\" \/>\n<script type=\"application\/ld+json\" class=\"yoast-schema-graph\">{\"@context\":\"https:\\\/\\\/schema.org\",\"@graph\":[{\"@type\":\"WebPage\",\"@id\":\"https:\\\/\\\/www.plastitaliaspa.com\\\/de\\\/polyethylene-fittings\\\/rohranschluesse\\\/stahlflansch-mit-pp-beschichtung-fuer-adapter-pn16\\\/\",\"url\":\"https:\\\/\\\/www.plastitaliaspa.com\\\/de\\\/polyethylene-fittings\\\/rohranschluesse\\\/stahlflansch-mit-pp-beschichtung-fuer-adapter-pn16\\\/\",\"name\":\"STAHLFLANSCH MIT PP-BESCHICHTUNG F\u00dcR ADAPTER PN16 | Plastitalia\",\"isPartOf\":{\"@id\":\"https:\\\/\\\/www.plastitaliaspa.com\\\/de\\\/#website\"},\"primaryImageOfPage\":{\"@id\":\"https:\\\/\\\/www.plastitaliaspa.com\\\/de\\\/polyethylene-fittings\\\/rohranschluesse\\\/stahlflansch-mit-pp-beschichtung-fuer-adapter-pn16\\\/#primaryimage\"},\"image\":{\"@id\":\"https:\\\/\\\/www.plastitaliaspa.com\\\/de\\\/polyethylene-fittings\\\/rohranschluesse\\\/stahlflansch-mit-pp-beschichtung-fuer-adapter-pn16\\\/#primaryimage\"},\"thumbnailUrl\":\"https:\\\/\\\/www.plastitaliaspa.com\\\/wp-content\\\/uploads\\\/2024\\\/05\\\/falangis-rivestita-p-1.jpg\",\"datePublished\":\"2024-05-29T11:59:38+00:00\",\"dateModified\":\"2024-07-29T10:11:38+00:00\",\"description\":\"Merkmale des Stahlflansches mit PP-Beschichtung f\u00fcr Adapter PN16 Hauptmerkmale: Stahl mit PP-Beschichtung; Bezugsnorm UNI EN 1092-1; Gebohrt PN16. Der Stahlflansch ... Merkmale des Stahlflansches mit PP-Beschichtung f\u00fcr Adapter PN16 Hauptmerkmale: Stahl mit PP-Beschichtung; Bezugsnorm UNI EN 1092-1; Gebohrt PN16. Der Stahlflansch mit PP-Beschichtung f\u00fcr die Schelle PN16 wird verwendet f\u00fcr: F\u00fcr Rohrleitungssysteme f\u00fcr die Wasserverteilung und industrielle Anwendungen.\",\"breadcrumb\":{\"@id\":\"https:\\\/\\\/www.plastitaliaspa.com\\\/de\\\/polyethylene-fittings\\\/rohranschluesse\\\/stahlflansch-mit-pp-beschichtung-fuer-adapter-pn16\\\/#breadcrumb\"},\"inLanguage\":\"de\",\"potentialAction\":[{\"@type\":\"ReadAction\",\"target\":[\"https:\\\/\\\/www.plastitaliaspa.com\\\/de\\\/polyethylene-fittings\\\/rohranschluesse\\\/stahlflansch-mit-pp-beschichtung-fuer-adapter-pn16\\\/\"]}]},{\"@type\":\"ImageObject\",\"inLanguage\":\"de\",\"@id\":\"https:\\\/\\\/www.plastitaliaspa.com\\\/de\\\/polyethylene-fittings\\\/rohranschluesse\\\/stahlflansch-mit-pp-beschichtung-fuer-adapter-pn16\\\/#primaryimage\",\"url\":\"https:\\\/\\\/www.plastitaliaspa.com\\\/wp-content\\\/uploads\\\/2024\\\/05\\\/falangis-rivestita-p-1.jpg\",\"contentUrl\":\"https:\\\/\\\/www.plastitaliaspa.com\\\/wp-content\\\/uploads\\\/2024\\\/05\\\/falangis-rivestita-p-1.jpg\",\"width\":388,\"height\":388},{\"@type\":\"BreadcrumbList\",\"@id\":\"https:\\\/\\\/www.plastitaliaspa.com\\\/de\\\/polyethylene-fittings\\\/rohranschluesse\\\/stahlflansch-mit-pp-beschichtung-fuer-adapter-pn16\\\/#breadcrumb\",\"itemListElement\":[{\"@type\":\"ListItem\",\"position\":1,\"name\":\"Home\",\"item\":\"https:\\\/\\\/www.plastitaliaspa.com\\\/de\\\/\"},{\"@type\":\"ListItem\",\"position\":2,\"name\":\"Shop\",\"item\":\"https:\\\/\\\/www.plastitaliaspa.com\\\/negozio\\\/\"},{\"@type\":\"ListItem\",\"position\":3,\"name\":\"STAHLFLANSCH MIT PP-BESCHICHTUNG F\u00dcR ADAPTER PN16\"}]},{\"@type\":\"WebSite\",\"@id\":\"https:\\\/\\\/www.plastitaliaspa.com\\\/de\\\/#website\",\"url\":\"https:\\\/\\\/www.plastitaliaspa.com\\\/de\\\/\",\"name\":\"Plastitalia\",\"description\":\"Leader europeo nella produzione di raccordi in polietilene. Raccordi HDPE elettrosaldabili, di transizione e testa a testa utilizzati per impianti acqua e gas.\",\"publisher\":{\"@id\":\"https:\\\/\\\/www.plastitaliaspa.com\\\/de\\\/#organization\"},\"potentialAction\":[{\"@type\":\"SearchAction\",\"target\":{\"@type\":\"EntryPoint\",\"urlTemplate\":\"https:\\\/\\\/www.plastitaliaspa.com\\\/de\\\/?s={search_term_string}\"},\"query-input\":{\"@type\":\"PropertyValueSpecification\",\"valueRequired\":true,\"valueName\":\"search_term_string\"}}],\"inLanguage\":\"de\"},{\"@type\":\"Organization\",\"@id\":\"https:\\\/\\\/www.plastitaliaspa.com\\\/de\\\/#organization\",\"name\":\"Plastitalia\",\"url\":\"https:\\\/\\\/www.plastitaliaspa.com\\\/de\\\/\",\"logo\":{\"@type\":\"ImageObject\",\"inLanguage\":\"de\",\"@id\":\"https:\\\/\\\/www.plastitaliaspa.com\\\/de\\\/#\\\/schema\\\/logo\\\/image\\\/\",\"url\":\"https:\\\/\\\/www.plastitaliaspa.com\\\/wp-content\\\/uploads\\\/2024\\\/05\\\/logo-plastitalia-sito.png\",\"contentUrl\":\"https:\\\/\\\/www.plastitaliaspa.com\\\/wp-content\\\/uploads\\\/2024\\\/05\\\/logo-plastitalia-sito.png\",\"width\":652,\"height\":205,\"caption\":\"Plastitalia\"},\"image\":{\"@id\":\"https:\\\/\\\/www.plastitaliaspa.com\\\/de\\\/#\\\/schema\\\/logo\\\/image\\\/\"}}]}<\/script>\n<!-- \/ Yoast SEO plugin. -->","yoast_head_json":{"title":"STAHLFLANSCH MIT PP-BESCHICHTUNG F\u00dcR ADAPTER PN16 | Plastitalia","description":"Merkmale des Stahlflansches mit PP-Beschichtung f\u00fcr Adapter PN16 Hauptmerkmale: Stahl mit PP-Beschichtung; Bezugsnorm UNI EN 1092-1; Gebohrt PN16. Der Stahlflansch ...  Merkmale des Stahlflansches mit PP-Beschichtung f\u00fcr Adapter PN16   Hauptmerkmale: Stahl mit PP-Beschichtung; Bezugsnorm UNI EN 1092-1; Gebohrt PN16.  Der Stahlflansch mit PP-Beschichtung f\u00fcr die Schelle PN16 wird verwendet f\u00fcr: F\u00fcr Rohrleitungssysteme f\u00fcr die Wasserverteilung und industrielle Anwendungen.","robots":{"index":"index","follow":"follow","max-snippet":"max-snippet:-1","max-image-preview":"max-image-preview:large","max-video-preview":"max-video-preview:-1"},"canonical":"https:\/\/www.plastitaliaspa.com\/de\/polyethylene-fittings\/rohranschluesse\/stahlflansch-mit-pp-beschichtung-fuer-adapter-pn16\/","og_locale":"de_DE","og_type":"article","og_title":"STAHLFLANSCH MIT PP-BESCHICHTUNG F\u00dcR ADAPTER PN16 | Plastitalia","og_description":"Merkmale des Stahlflansches mit PP-Beschichtung f\u00fcr Adapter PN16 Hauptmerkmale: Stahl mit PP-Beschichtung; Bezugsnorm UNI EN 1092-1; Gebohrt PN16. Der Stahlflansch ...  Merkmale des Stahlflansches mit PP-Beschichtung f\u00fcr Adapter PN16   Hauptmerkmale: Stahl mit PP-Beschichtung; Bezugsnorm UNI EN 1092-1; Gebohrt PN16.  Der Stahlflansch mit PP-Beschichtung f\u00fcr die Schelle PN16 wird verwendet f\u00fcr: F\u00fcr Rohrleitungssysteme f\u00fcr die Wasserverteilung und industrielle Anwendungen.","og_url":"https:\/\/www.plastitaliaspa.com\/de\/polyethylene-fittings\/rohranschluesse\/stahlflansch-mit-pp-beschichtung-fuer-adapter-pn16\/","og_site_name":"Plastitalia","article_modified_time":"2024-07-29T10:11:38+00:00","og_image":[{"width":388,"height":388,"url":"https:\/\/www.plastitaliaspa.com\/wp-content\/uploads\/2024\/05\/falangis-rivestita-p-1.jpg","type":"image\/jpeg"}],"twitter_card":"summary_large_image","twitter_misc":{"Gesch\u00e4tzte Lesezeit":"1\u00a0Minute"},"schema":{"@context":"https:\/\/schema.org","@graph":[{"@type":"WebPage","@id":"https:\/\/www.plastitaliaspa.com\/de\/polyethylene-fittings\/rohranschluesse\/stahlflansch-mit-pp-beschichtung-fuer-adapter-pn16\/","url":"https:\/\/www.plastitaliaspa.com\/de\/polyethylene-fittings\/rohranschluesse\/stahlflansch-mit-pp-beschichtung-fuer-adapter-pn16\/","name":"STAHLFLANSCH MIT PP-BESCHICHTUNG F\u00dcR ADAPTER PN16 | Plastitalia","isPartOf":{"@id":"https:\/\/www.plastitaliaspa.com\/de\/#website"},"primaryImageOfPage":{"@id":"https:\/\/www.plastitaliaspa.com\/de\/polyethylene-fittings\/rohranschluesse\/stahlflansch-mit-pp-beschichtung-fuer-adapter-pn16\/#primaryimage"},"image":{"@id":"https:\/\/www.plastitaliaspa.com\/de\/polyethylene-fittings\/rohranschluesse\/stahlflansch-mit-pp-beschichtung-fuer-adapter-pn16\/#primaryimage"},"thumbnailUrl":"https:\/\/www.plastitaliaspa.com\/wp-content\/uploads\/2024\/05\/falangis-rivestita-p-1.jpg","datePublished":"2024-05-29T11:59:38+00:00","dateModified":"2024-07-29T10:11:38+00:00","description":"Merkmale des Stahlflansches mit PP-Beschichtung f\u00fcr Adapter PN16 Hauptmerkmale: Stahl mit PP-Beschichtung; Bezugsnorm UNI EN 1092-1; Gebohrt PN16. Der Stahlflansch ... Merkmale des Stahlflansches mit PP-Beschichtung f\u00fcr Adapter PN16 Hauptmerkmale: Stahl mit PP-Beschichtung; Bezugsnorm UNI EN 1092-1; Gebohrt PN16. Der Stahlflansch mit PP-Beschichtung f\u00fcr die Schelle PN16 wird verwendet f\u00fcr: F\u00fcr Rohrleitungssysteme f\u00fcr die Wasserverteilung und industrielle Anwendungen.","breadcrumb":{"@id":"https:\/\/www.plastitaliaspa.com\/de\/polyethylene-fittings\/rohranschluesse\/stahlflansch-mit-pp-beschichtung-fuer-adapter-pn16\/#breadcrumb"},"inLanguage":"de","potentialAction":[{"@type":"ReadAction","target":["https:\/\/www.plastitaliaspa.com\/de\/polyethylene-fittings\/rohranschluesse\/stahlflansch-mit-pp-beschichtung-fuer-adapter-pn16\/"]}]},{"@type":"ImageObject","inLanguage":"de","@id":"https:\/\/www.plastitaliaspa.com\/de\/polyethylene-fittings\/rohranschluesse\/stahlflansch-mit-pp-beschichtung-fuer-adapter-pn16\/#primaryimage","url":"https:\/\/www.plastitaliaspa.com\/wp-content\/uploads\/2024\/05\/falangis-rivestita-p-1.jpg","contentUrl":"https:\/\/www.plastitaliaspa.com\/wp-content\/uploads\/2024\/05\/falangis-rivestita-p-1.jpg","width":388,"height":388},{"@type":"BreadcrumbList","@id":"https:\/\/www.plastitaliaspa.com\/de\/polyethylene-fittings\/rohranschluesse\/stahlflansch-mit-pp-beschichtung-fuer-adapter-pn16\/#breadcrumb","itemListElement":[{"@type":"ListItem","position":1,"name":"Home","item":"https:\/\/www.plastitaliaspa.com\/de\/"},{"@type":"ListItem","position":2,"name":"Shop","item":"https:\/\/www.plastitaliaspa.com\/negozio\/"},{"@type":"ListItem","position":3,"name":"STAHLFLANSCH MIT PP-BESCHICHTUNG F\u00dcR ADAPTER PN16"}]},{"@type":"WebSite","@id":"https:\/\/www.plastitaliaspa.com\/de\/#website","url":"https:\/\/www.plastitaliaspa.com\/de\/","name":"Plastitalia","description":"Leader europeo nella produzione di raccordi in polietilene. Raccordi HDPE elettrosaldabili, di transizione e testa a testa utilizzati per impianti acqua e gas.","publisher":{"@id":"https:\/\/www.plastitaliaspa.com\/de\/#organization"},"potentialAction":[{"@type":"SearchAction","target":{"@type":"EntryPoint","urlTemplate":"https:\/\/www.plastitaliaspa.com\/de\/?s={search_term_string}"},"query-input":{"@type":"PropertyValueSpecification","valueRequired":true,"valueName":"search_term_string"}}],"inLanguage":"de"},{"@type":"Organization","@id":"https:\/\/www.plastitaliaspa.com\/de\/#organization","name":"Plastitalia","url":"https:\/\/www.plastitaliaspa.com\/de\/","logo":{"@type":"ImageObject","inLanguage":"de","@id":"https:\/\/www.plastitaliaspa.com\/de\/#\/schema\/logo\/image\/","url":"https:\/\/www.plastitaliaspa.com\/wp-content\/uploads\/2024\/05\/logo-plastitalia-sito.png","contentUrl":"https:\/\/www.plastitaliaspa.com\/wp-content\/uploads\/2024\/05\/logo-plastitalia-sito.png","width":652,"height":205,"caption":"Plastitalia"},"image":{"@id":"https:\/\/www.plastitaliaspa.com\/de\/#\/schema\/logo\/image\/"}}]}},"_links":{"self":[{"href":"https:\/\/www.plastitaliaspa.com\/de\/wp-json\/wp\/v2\/product\/12297","targetHints":{"allow":["GET"]}}],"collection":[{"href":"https:\/\/www.plastitaliaspa.com\/de\/wp-json\/wp\/v2\/product"}],"about":[{"href":"https:\/\/www.plastitaliaspa.com\/de\/wp-json\/wp\/v2\/types\/product"}],"version-history":[{"count":2,"href":"https:\/\/www.plastitaliaspa.com\/de\/wp-json\/wp\/v2\/product\/12297\/revisions"}],"predecessor-version":[{"id":13588,"href":"https:\/\/www.plastitaliaspa.com\/de\/wp-json\/wp\/v2\/product\/12297\/revisions\/13588"}],"wp:featuredmedia":[{"embeddable":true,"href":"https:\/\/www.plastitaliaspa.com\/de\/wp-json\/wp\/v2\/media\/2458"}],"wp:attachment":[{"href":"https:\/\/www.plastitaliaspa.com\/de\/wp-json\/wp\/v2\/media?parent=12297"}],"wp:term":[{"taxonomy":"product_brand","embeddable":true,"href":"https:\/\/www.plastitaliaspa.com\/de\/wp-json\/wp\/v2\/product_brand?post=12297"},{"taxonomy":"product_cat","embeddable":true,"href":"https:\/\/www.plastitaliaspa.com\/de\/wp-json\/wp\/v2\/product_cat?post=12297"},{"taxonomy":"product_tag","embeddable":true,"href":"https:\/\/www.plastitaliaspa.com\/de\/wp-json\/wp\/v2\/product_tag?post=12297"}],"curies":[{"name":"wp","href":"https:\/\/api.w.org\/{rel}","templated":true}]}}