{"id":12295,"date":"2024-05-29T11:59:38","date_gmt":"2024-05-29T11:59:38","guid":{"rendered":"https:\/\/plastitalia.aitema.com\/raccordi-polietilene\/unkategorisiert\/aluminiumflansch-fuer-adapter-pn10\/"},"modified":"2024-07-22T11:44:06","modified_gmt":"2024-07-22T11:44:06","slug":"aluminiumflansch-fuer-adapter-pn10","status":"publish","type":"product","link":"https:\/\/www.plastitaliaspa.com\/de\/polyethylene-fittings\/rohranschluesse\/aluminiumflansch-fuer-adapter-pn10\/","title":{"rendered":"ALUMINIUMFLANSCH F\u00dcR ADAPTER PN10"},"content":{"rendered":"<p>Der ALUMINIUMFLANSCH f\u00fcr Adapter PN10 wird verwenet in Rohrleitungssystemen zur Verteilung von Wasser und Gas sowie in Anwendungen &#8230;<\/p>\n<p>Der ALUMINIUMLFLANSCH f\u00fcr Adapter PN10 wird in Rohrleitungssystemen f\u00fcr die Verteilung von Gas und Wasser sowie f\u00fcr industrielle Anwendungen verwendet.<\/p>\n<p><strong>Hauptmerkmale: <\/strong><\/p>\n<p>Aluminium; Bezugsnorm UNI EN 1092-4; Gebohrt PN10.<\/p>\n<hr \/>\n<p><strong>Verwendet f\u00fcr: <\/strong><\/p>\n<p>Rohrleitungssysteme f\u00fcr die Wasserverteilung; Rohrleitungssysteme f\u00fcr industrielle Anwendungen.<\/p>\n","protected":false},"excerpt":{"rendered":"<p>Der ALUMINIUMFLANSCH f\u00fcr Adapter PN10 wird verwenet in Rohrleitungssystemen zur Verteilung von Wasser und Gas sowie in Anwendungen &#8230;<\/p>\n<p>Der ALUMINIUMLFLANSCH f\u00fcr Adapter PN10 wird in Rohrleitungssystemen f\u00fcr die Verteilung von Gas und Wasser sowie f\u00fcr industrielle Anwendungen verwendet.<\/p>\n<p><strong>Hauptmerkmale: <\/strong><\/p>\n<p>Aluminium; Bezugsnorm UNI EN 1092-4; Gebohrt PN10.<\/p>\n<hr \/>\n<p><strong>Verwendet f\u00fcr: <\/strong><\/p>\n<p>Rohrleitungssysteme f\u00fcr die Wasserverteilung; Rohrleitungssysteme f\u00fcr industrielle Anwendungen.<\/p>\n","protected":false},"featured_media":2422,"template":"","meta":{"_acf_changed":false},"product_brand":[],"product_cat":[202,138],"product_tag":[],"class_list":{"0":"post-12295","1":"product","2":"type-product","3":"status-publish","4":"has-post-thumbnail","6":"product_cat-flansch","7":"product_cat-rohranschluesse","9":"first","10":"instock","11":"product-type-simple"},"acf":[],"yoast_head":"<!-- This site is optimized with the Yoast SEO plugin v27.2 - https:\/\/yoast.com\/product\/yoast-seo-wordpress\/ -->\n<title>ALUMINIUMFLANSCH F\u00dcR ADAPTER PN10 | Plastitalia<\/title>\n<meta name=\"description\" content=\"Der ALUMINIUMFLANSCH f\u00fcr Adapter PN10 wird verwenet in Rohrleitungssystemen zur Verteilung von Wasser und Gas sowie in Anwendungen ...  Der ALUMINIUMLFLANSCH f\u00fcr Adapter PN10 wird in Rohrleitungssystemen f\u00fcr die Verteilung von Gas und Wasser sowie f\u00fcr industrielle Anwendungen verwendet.  Hauptmerkmale:   Aluminium; Bezugsnorm UNI EN 1092-4; Gebohrt PN10.   Verwendet f\u00fcr:   Rohrleitungssysteme f\u00fcr die Wasserverteilung; Rohrleitungssysteme f\u00fcr industrielle Anwendungen.\" \/>\n<meta name=\"robots\" content=\"index, follow, max-snippet:-1, max-image-preview:large, max-video-preview:-1\" \/>\n<link rel=\"canonical\" href=\"https:\/\/www.plastitaliaspa.com\/de\/polyethylene-fittings\/rohranschluesse\/aluminiumflansch-fuer-adapter-pn10\/\" \/>\n<meta property=\"og:locale\" content=\"de_DE\" \/>\n<meta property=\"og:type\" content=\"article\" \/>\n<meta property=\"og:title\" content=\"ALUMINIUMFLANSCH F\u00dcR ADAPTER PN10 | Plastitalia\" \/>\n<meta property=\"og:description\" content=\"Der ALUMINIUMFLANSCH f\u00fcr Adapter PN10 wird verwenet in Rohrleitungssystemen zur Verteilung von Wasser und Gas sowie in Anwendungen ...  Der ALUMINIUMLFLANSCH f\u00fcr Adapter PN10 wird in Rohrleitungssystemen f\u00fcr die Verteilung von Gas und Wasser sowie f\u00fcr industrielle Anwendungen verwendet.  Hauptmerkmale:   Aluminium; Bezugsnorm UNI EN 1092-4; Gebohrt PN10.   Verwendet f\u00fcr:   Rohrleitungssysteme f\u00fcr die Wasserverteilung; Rohrleitungssysteme f\u00fcr industrielle Anwendungen.\" \/>\n<meta property=\"og:url\" content=\"https:\/\/www.plastitaliaspa.com\/de\/polyethylene-fittings\/rohranschluesse\/aluminiumflansch-fuer-adapter-pn10\/\" \/>\n<meta property=\"og:site_name\" content=\"Plastitalia\" \/>\n<meta property=\"article:modified_time\" content=\"2024-07-22T11:44:06+00:00\" \/>\n<meta property=\"og:image\" content=\"https:\/\/www.plastitaliaspa.com\/wp-content\/uploads\/2024\/05\/falangia-in-alluminio-p.jpg\" \/>\n\t<meta property=\"og:image:width\" content=\"388\" \/>\n\t<meta property=\"og:image:height\" content=\"388\" \/>\n\t<meta property=\"og:image:type\" content=\"image\/jpeg\" \/>\n<meta name=\"twitter:card\" content=\"summary_large_image\" \/>\n<script type=\"application\/ld+json\" class=\"yoast-schema-graph\">{\"@context\":\"https:\/\/schema.org\",\"@graph\":[{\"@type\":\"WebPage\",\"@id\":\"https:\/\/www.plastitaliaspa.com\/de\/polyethylene-fittings\/rohranschluesse\/aluminiumflansch-fuer-adapter-pn10\/\",\"url\":\"https:\/\/www.plastitaliaspa.com\/de\/polyethylene-fittings\/rohranschluesse\/aluminiumflansch-fuer-adapter-pn10\/\",\"name\":\"ALUMINIUMFLANSCH F\u00dcR ADAPTER PN10 | Plastitalia\",\"isPartOf\":{\"@id\":\"https:\/\/www.plastitaliaspa.com\/de\/#website\"},\"primaryImageOfPage\":{\"@id\":\"https:\/\/www.plastitaliaspa.com\/de\/polyethylene-fittings\/rohranschluesse\/aluminiumflansch-fuer-adapter-pn10\/#primaryimage\"},\"image\":{\"@id\":\"https:\/\/www.plastitaliaspa.com\/de\/polyethylene-fittings\/rohranschluesse\/aluminiumflansch-fuer-adapter-pn10\/#primaryimage\"},\"thumbnailUrl\":\"https:\/\/www.plastitaliaspa.com\/wp-content\/uploads\/2024\/05\/falangia-in-alluminio-p.jpg\",\"datePublished\":\"2024-05-29T11:59:38+00:00\",\"dateModified\":\"2024-07-22T11:44:06+00:00\",\"description\":\"Der ALUMINIUMFLANSCH f\u00fcr Adapter PN10 wird verwenet in Rohrleitungssystemen zur Verteilung von Wasser und Gas sowie in Anwendungen ... Der ALUMINIUMLFLANSCH f\u00fcr Adapter PN10 wird in Rohrleitungssystemen f\u00fcr die Verteilung von Gas und Wasser sowie f\u00fcr industrielle Anwendungen verwendet. Hauptmerkmale: Aluminium; Bezugsnorm UNI EN 1092-4; Gebohrt PN10. Verwendet f\u00fcr: Rohrleitungssysteme f\u00fcr die Wasserverteilung; Rohrleitungssysteme f\u00fcr industrielle Anwendungen.\",\"breadcrumb\":{\"@id\":\"https:\/\/www.plastitaliaspa.com\/de\/polyethylene-fittings\/rohranschluesse\/aluminiumflansch-fuer-adapter-pn10\/#breadcrumb\"},\"inLanguage\":\"de\",\"potentialAction\":[{\"@type\":\"ReadAction\",\"target\":[\"https:\/\/www.plastitaliaspa.com\/de\/polyethylene-fittings\/rohranschluesse\/aluminiumflansch-fuer-adapter-pn10\/\"]}]},{\"@type\":\"ImageObject\",\"inLanguage\":\"de\",\"@id\":\"https:\/\/www.plastitaliaspa.com\/de\/polyethylene-fittings\/rohranschluesse\/aluminiumflansch-fuer-adapter-pn10\/#primaryimage\",\"url\":\"https:\/\/www.plastitaliaspa.com\/wp-content\/uploads\/2024\/05\/falangia-in-alluminio-p.jpg\",\"contentUrl\":\"https:\/\/www.plastitaliaspa.com\/wp-content\/uploads\/2024\/05\/falangia-in-alluminio-p.jpg\",\"width\":388,\"height\":388},{\"@type\":\"BreadcrumbList\",\"@id\":\"https:\/\/www.plastitaliaspa.com\/de\/polyethylene-fittings\/rohranschluesse\/aluminiumflansch-fuer-adapter-pn10\/#breadcrumb\",\"itemListElement\":[{\"@type\":\"ListItem\",\"position\":1,\"name\":\"Home\",\"item\":\"https:\/\/www.plastitaliaspa.com\/de\/\"},{\"@type\":\"ListItem\",\"position\":2,\"name\":\"Shop\",\"item\":\"https:\/\/www.plastitaliaspa.com\/negozio\/\"},{\"@type\":\"ListItem\",\"position\":3,\"name\":\"ALUMINIUMFLANSCH F\u00dcR ADAPTER PN10\"}]},{\"@type\":\"WebSite\",\"@id\":\"https:\/\/www.plastitaliaspa.com\/de\/#website\",\"url\":\"https:\/\/www.plastitaliaspa.com\/de\/\",\"name\":\"Plastitalia\",\"description\":\"Leader europeo nella produzione di raccordi in polietilene. Raccordi HDPE elettrosaldabili, di transizione e testa a testa utilizzati per impianti acqua e gas.\",\"publisher\":{\"@id\":\"https:\/\/www.plastitaliaspa.com\/de\/#organization\"},\"potentialAction\":[{\"@type\":\"SearchAction\",\"target\":{\"@type\":\"EntryPoint\",\"urlTemplate\":\"https:\/\/www.plastitaliaspa.com\/de\/?s={search_term_string}\"},\"query-input\":{\"@type\":\"PropertyValueSpecification\",\"valueRequired\":true,\"valueName\":\"search_term_string\"}}],\"inLanguage\":\"de\"},{\"@type\":\"Organization\",\"@id\":\"https:\/\/www.plastitaliaspa.com\/de\/#organization\",\"name\":\"Plastitalia\",\"url\":\"https:\/\/www.plastitaliaspa.com\/de\/\",\"logo\":{\"@type\":\"ImageObject\",\"inLanguage\":\"de\",\"@id\":\"https:\/\/www.plastitaliaspa.com\/de\/#\/schema\/logo\/image\/\",\"url\":\"https:\/\/www.plastitaliaspa.com\/wp-content\/uploads\/2024\/05\/logo-plastitalia-sito.png\",\"contentUrl\":\"https:\/\/www.plastitaliaspa.com\/wp-content\/uploads\/2024\/05\/logo-plastitalia-sito.png\",\"width\":652,\"height\":205,\"caption\":\"Plastitalia\"},\"image\":{\"@id\":\"https:\/\/www.plastitaliaspa.com\/de\/#\/schema\/logo\/image\/\"}}]}<\/script>\n<!-- \/ Yoast SEO plugin. -->","yoast_head_json":{"title":"ALUMINIUMFLANSCH F\u00dcR ADAPTER PN10 | Plastitalia","description":"Der ALUMINIUMFLANSCH f\u00fcr Adapter PN10 wird verwenet in Rohrleitungssystemen zur Verteilung von Wasser und Gas sowie in Anwendungen ...  Der ALUMINIUMLFLANSCH f\u00fcr Adapter PN10 wird in Rohrleitungssystemen f\u00fcr die Verteilung von Gas und Wasser sowie f\u00fcr industrielle Anwendungen verwendet.  Hauptmerkmale:   Aluminium; Bezugsnorm UNI EN 1092-4; Gebohrt PN10.   Verwendet f\u00fcr:   Rohrleitungssysteme f\u00fcr die Wasserverteilung; Rohrleitungssysteme f\u00fcr industrielle Anwendungen.","robots":{"index":"index","follow":"follow","max-snippet":"max-snippet:-1","max-image-preview":"max-image-preview:large","max-video-preview":"max-video-preview:-1"},"canonical":"https:\/\/www.plastitaliaspa.com\/de\/polyethylene-fittings\/rohranschluesse\/aluminiumflansch-fuer-adapter-pn10\/","og_locale":"de_DE","og_type":"article","og_title":"ALUMINIUMFLANSCH F\u00dcR ADAPTER PN10 | Plastitalia","og_description":"Der ALUMINIUMFLANSCH f\u00fcr Adapter PN10 wird verwenet in Rohrleitungssystemen zur Verteilung von Wasser und Gas sowie in Anwendungen ...  Der ALUMINIUMLFLANSCH f\u00fcr Adapter PN10 wird in Rohrleitungssystemen f\u00fcr die Verteilung von Gas und Wasser sowie f\u00fcr industrielle Anwendungen verwendet.  Hauptmerkmale:   Aluminium; Bezugsnorm UNI EN 1092-4; Gebohrt PN10.   Verwendet f\u00fcr:   Rohrleitungssysteme f\u00fcr die Wasserverteilung; Rohrleitungssysteme f\u00fcr industrielle Anwendungen.","og_url":"https:\/\/www.plastitaliaspa.com\/de\/polyethylene-fittings\/rohranschluesse\/aluminiumflansch-fuer-adapter-pn10\/","og_site_name":"Plastitalia","article_modified_time":"2024-07-22T11:44:06+00:00","og_image":[{"width":388,"height":388,"url":"https:\/\/www.plastitaliaspa.com\/wp-content\/uploads\/2024\/05\/falangia-in-alluminio-p.jpg","type":"image\/jpeg"}],"twitter_card":"summary_large_image","schema":{"@context":"https:\/\/schema.org","@graph":[{"@type":"WebPage","@id":"https:\/\/www.plastitaliaspa.com\/de\/polyethylene-fittings\/rohranschluesse\/aluminiumflansch-fuer-adapter-pn10\/","url":"https:\/\/www.plastitaliaspa.com\/de\/polyethylene-fittings\/rohranschluesse\/aluminiumflansch-fuer-adapter-pn10\/","name":"ALUMINIUMFLANSCH F\u00dcR ADAPTER PN10 | Plastitalia","isPartOf":{"@id":"https:\/\/www.plastitaliaspa.com\/de\/#website"},"primaryImageOfPage":{"@id":"https:\/\/www.plastitaliaspa.com\/de\/polyethylene-fittings\/rohranschluesse\/aluminiumflansch-fuer-adapter-pn10\/#primaryimage"},"image":{"@id":"https:\/\/www.plastitaliaspa.com\/de\/polyethylene-fittings\/rohranschluesse\/aluminiumflansch-fuer-adapter-pn10\/#primaryimage"},"thumbnailUrl":"https:\/\/www.plastitaliaspa.com\/wp-content\/uploads\/2024\/05\/falangia-in-alluminio-p.jpg","datePublished":"2024-05-29T11:59:38+00:00","dateModified":"2024-07-22T11:44:06+00:00","description":"Der ALUMINIUMFLANSCH f\u00fcr Adapter PN10 wird verwenet in Rohrleitungssystemen zur Verteilung von Wasser und Gas sowie in Anwendungen ... Der ALUMINIUMLFLANSCH f\u00fcr Adapter PN10 wird in Rohrleitungssystemen f\u00fcr die Verteilung von Gas und Wasser sowie f\u00fcr industrielle Anwendungen verwendet. Hauptmerkmale: Aluminium; Bezugsnorm UNI EN 1092-4; Gebohrt PN10. Verwendet f\u00fcr: Rohrleitungssysteme f\u00fcr die Wasserverteilung; Rohrleitungssysteme f\u00fcr industrielle Anwendungen.","breadcrumb":{"@id":"https:\/\/www.plastitaliaspa.com\/de\/polyethylene-fittings\/rohranschluesse\/aluminiumflansch-fuer-adapter-pn10\/#breadcrumb"},"inLanguage":"de","potentialAction":[{"@type":"ReadAction","target":["https:\/\/www.plastitaliaspa.com\/de\/polyethylene-fittings\/rohranschluesse\/aluminiumflansch-fuer-adapter-pn10\/"]}]},{"@type":"ImageObject","inLanguage":"de","@id":"https:\/\/www.plastitaliaspa.com\/de\/polyethylene-fittings\/rohranschluesse\/aluminiumflansch-fuer-adapter-pn10\/#primaryimage","url":"https:\/\/www.plastitaliaspa.com\/wp-content\/uploads\/2024\/05\/falangia-in-alluminio-p.jpg","contentUrl":"https:\/\/www.plastitaliaspa.com\/wp-content\/uploads\/2024\/05\/falangia-in-alluminio-p.jpg","width":388,"height":388},{"@type":"BreadcrumbList","@id":"https:\/\/www.plastitaliaspa.com\/de\/polyethylene-fittings\/rohranschluesse\/aluminiumflansch-fuer-adapter-pn10\/#breadcrumb","itemListElement":[{"@type":"ListItem","position":1,"name":"Home","item":"https:\/\/www.plastitaliaspa.com\/de\/"},{"@type":"ListItem","position":2,"name":"Shop","item":"https:\/\/www.plastitaliaspa.com\/negozio\/"},{"@type":"ListItem","position":3,"name":"ALUMINIUMFLANSCH F\u00dcR ADAPTER PN10"}]},{"@type":"WebSite","@id":"https:\/\/www.plastitaliaspa.com\/de\/#website","url":"https:\/\/www.plastitaliaspa.com\/de\/","name":"Plastitalia","description":"Leader europeo nella produzione di raccordi in polietilene. Raccordi HDPE elettrosaldabili, di transizione e testa a testa utilizzati per impianti acqua e gas.","publisher":{"@id":"https:\/\/www.plastitaliaspa.com\/de\/#organization"},"potentialAction":[{"@type":"SearchAction","target":{"@type":"EntryPoint","urlTemplate":"https:\/\/www.plastitaliaspa.com\/de\/?s={search_term_string}"},"query-input":{"@type":"PropertyValueSpecification","valueRequired":true,"valueName":"search_term_string"}}],"inLanguage":"de"},{"@type":"Organization","@id":"https:\/\/www.plastitaliaspa.com\/de\/#organization","name":"Plastitalia","url":"https:\/\/www.plastitaliaspa.com\/de\/","logo":{"@type":"ImageObject","inLanguage":"de","@id":"https:\/\/www.plastitaliaspa.com\/de\/#\/schema\/logo\/image\/","url":"https:\/\/www.plastitaliaspa.com\/wp-content\/uploads\/2024\/05\/logo-plastitalia-sito.png","contentUrl":"https:\/\/www.plastitaliaspa.com\/wp-content\/uploads\/2024\/05\/logo-plastitalia-sito.png","width":652,"height":205,"caption":"Plastitalia"},"image":{"@id":"https:\/\/www.plastitaliaspa.com\/de\/#\/schema\/logo\/image\/"}}]}},"_links":{"self":[{"href":"https:\/\/www.plastitaliaspa.com\/de\/wp-json\/wp\/v2\/product\/12295","targetHints":{"allow":["GET"]}}],"collection":[{"href":"https:\/\/www.plastitaliaspa.com\/de\/wp-json\/wp\/v2\/product"}],"about":[{"href":"https:\/\/www.plastitaliaspa.com\/de\/wp-json\/wp\/v2\/types\/product"}],"version-history":[{"count":1,"href":"https:\/\/www.plastitaliaspa.com\/de\/wp-json\/wp\/v2\/product\/12295\/revisions"}],"predecessor-version":[{"id":12942,"href":"https:\/\/www.plastitaliaspa.com\/de\/wp-json\/wp\/v2\/product\/12295\/revisions\/12942"}],"wp:featuredmedia":[{"embeddable":true,"href":"https:\/\/www.plastitaliaspa.com\/de\/wp-json\/wp\/v2\/media\/2422"}],"wp:attachment":[{"href":"https:\/\/www.plastitaliaspa.com\/de\/wp-json\/wp\/v2\/media?parent=12295"}],"wp:term":[{"taxonomy":"product_brand","embeddable":true,"href":"https:\/\/www.plastitaliaspa.com\/de\/wp-json\/wp\/v2\/product_brand?post=12295"},{"taxonomy":"product_cat","embeddable":true,"href":"https:\/\/www.plastitaliaspa.com\/de\/wp-json\/wp\/v2\/product_cat?post=12295"},{"taxonomy":"product_tag","embeddable":true,"href":"https:\/\/www.plastitaliaspa.com\/de\/wp-json\/wp\/v2\/product_tag?post=12295"}],"curies":[{"name":"wp","href":"https:\/\/api.w.org\/{rel}","templated":true}]}}