{"id":12290,"date":"2024-05-29T11:59:38","date_gmt":"2024-05-29T11:59:38","guid":{"rendered":"https:\/\/plastitalia.aitema.com\/raccordi-polietilene\/unkategorisiert\/leitungsende-kalotte-kurzer-stutzen\/"},"modified":"2024-07-29T10:08:32","modified_gmt":"2024-07-29T10:08:32","slug":"leitungsende-kalotte-kurzer-stutzen","status":"publish","type":"product","link":"https:\/\/www.plastitaliaspa.com\/de\/polyethylene-fittings\/stumpfschweiss-formteile\/leitungsende-kalotte-kurzer-stutzen\/","title":{"rendered":"LEITUNGSENDE (KALOTTE) KURZER STUTZEN"},"content":{"rendered":"<p>Leitungsende (Kalotte) kurzer Stutzen Das Leitungsende (Kalotte) mit kurzem Stutzen wird verwendet in Rohrleitungssystemen, f\u00fcr die Verteilung von Wasser, in Rohrleitungssystemen f\u00fcr Anwendungen&#8230;<\/p>\n<p><strong>Leitungsende (Kalotte) kurzer Stutzen<\/strong><\/p>\n<p>Das Leitungsende (Kalotte) mit kurzem Stutzen wird in Rohrleitungssystemen, f\u00fcr die Verteilung von Wasser, in Rohrleitungssystemem f\u00fcr industrielle Anwendungen verwendet.<\/p>\n<p>Hauptmerkmale: Kategorie der gepressten Formst\u00fccke; PE100 schwarz (auf Anfrage auch in blau, gelb oder orange erh\u00e4ltlich); SDR verf\u00fcgbar von 17 bis 7,4; gepresst.<\/p>\n<hr \/>\n<p><strong>Verwendet f\u00fcr: <\/strong><\/p>\n<p>Rohrleitungssysteme f\u00fcr die Wasserverteilung (UNI EN 12201 &#8211; ISO 4427); Rohrleitungssysteme f\u00fcr industrielle Anwendungen (UNI EN ISO 15494).<\/p>\n<hr \/>\n<p><strong>Schwei\u00dfsysteme: <\/strong><\/p>\n<p>Prozess mit thermischen Elementen durch Kontakt (Stumpfschwei\u00dfen), Muffenschwei\u00dfen.<\/p><\/p>\n","protected":false},"excerpt":{"rendered":"<p>Leitungsende (Kalotte) kurzer Stutzen Das Leitungsende (Kalotte) mit kurzem Stutzen wird verwendet in Rohrleitungssystemen, f\u00fcr die Verteilung von Wasser, in Rohrleitungssystemen f\u00fcr Anwendungen&#8230;<\/p>\n<p><strong>Leitungsende (Kalotte) kurzer Stutzen<\/strong><\/p>\n<p>Das Leitungsende (Kalotte) mit kurzem Stutzen wird in Rohrleitungssystemen, f\u00fcr die Verteilung von Wasser, in Rohrleitungssystemem f\u00fcr industrielle Anwendungen verwendet.<\/p>\n<p>Hauptmerkmale: Kategorie der gepressten Formst\u00fccke; PE100 schwarz (auf Anfrage auch in blau, gelb oder orange erh\u00e4ltlich); SDR verf\u00fcgbar von 17 bis 7,4; gepresst.<\/p>\n<hr \/>\n<p><strong>Verwendet f\u00fcr: <\/strong><\/p>\n<p>Rohrleitungssysteme f\u00fcr die Wasserverteilung (UNI EN 12201 &#8211; ISO 4427); Rohrleitungssysteme f\u00fcr industrielle Anwendungen (UNI EN ISO 15494).<\/p>\n<hr \/>\n<p><strong>Schwei\u00dfsysteme: <\/strong><\/p>\n<p>Prozess mit thermischen Elementen durch Kontakt (Stumpfschwei\u00dfen), Muffenschwei\u00dfen.<\/p><\/p>\n","protected":false},"featured_media":2332,"template":"","meta":{"_acf_changed":false},"product_brand":[],"product_cat":[139],"product_tag":[],"class_list":{"0":"post-12290","1":"product","2":"type-product","3":"status-publish","4":"has-post-thumbnail","6":"product_cat-stumpfschweiss-formteile","8":"first","9":"instock","10":"product-type-simple"},"acf":[],"yoast_head":"<!-- This site is optimized with the Yoast SEO plugin v27.4 - https:\/\/yoast.com\/product\/yoast-seo-wordpress\/ -->\n<title>LEITUNGSENDE (KALOTTE) KURZER STUTZEN | Plastitalia<\/title>\n<meta name=\"description\" content=\"Leitungsende (Kalotte) kurzer Stutzen Das Leitungsende (Kalotte) mit kurzem Stutzen wird verwendet in Rohrleitungssystemen, f\u00fcr die Verteilung von Wasser, in Rohrleitungssystemen f\u00fcr Anwendungen...  Leitungsende (Kalotte) kurzer Stutzen  Das Leitungsende (Kalotte) mit kurzem Stutzen wird in Rohrleitungssystemen, f\u00fcr die Verteilung von Wasser, in Rohrleitungssystemem f\u00fcr industrielle Anwendungen verwendet.  Hauptmerkmale: Kategorie der gepressten Formst\u00fccke; PE100 schwarz (auf Anfrage auch in blau, gelb oder orange erh\u00e4ltlich); SDR verf\u00fcgbar von 17 bis 7,4; gepresst.   Verwendet f\u00fcr:   Rohrleitungssysteme f\u00fcr die Wasserverteilung (UNI EN 12201 - ISO 4427); Rohrleitungssysteme f\u00fcr industrielle Anwendungen (UNI EN ISO 15494).   Schwei\u00dfsysteme:   Prozess mit thermischen Elementen durch Kontakt (Stumpfschwei\u00dfen), Muffenschwei\u00dfen.\" \/>\n<meta name=\"robots\" content=\"index, follow, max-snippet:-1, max-image-preview:large, max-video-preview:-1\" \/>\n<link rel=\"canonical\" href=\"https:\/\/www.plastitaliaspa.com\/de\/polyethylene-fittings\/stumpfschweiss-formteile\/leitungsende-kalotte-kurzer-stutzen\/\" \/>\n<meta property=\"og:locale\" content=\"de_DE\" \/>\n<meta property=\"og:type\" content=\"article\" \/>\n<meta property=\"og:title\" content=\"LEITUNGSENDE (KALOTTE) KURZER STUTZEN | Plastitalia\" \/>\n<meta property=\"og:description\" content=\"Leitungsende (Kalotte) kurzer Stutzen Das Leitungsende (Kalotte) mit kurzem Stutzen wird verwendet in Rohrleitungssystemen, f\u00fcr die Verteilung von Wasser, in Rohrleitungssystemen f\u00fcr Anwendungen...  Leitungsende (Kalotte) kurzer Stutzen  Das Leitungsende (Kalotte) mit kurzem Stutzen wird in Rohrleitungssystemen, f\u00fcr die Verteilung von Wasser, in Rohrleitungssystemem f\u00fcr industrielle Anwendungen verwendet.  Hauptmerkmale: Kategorie der gepressten Formst\u00fccke; PE100 schwarz (auf Anfrage auch in blau, gelb oder orange erh\u00e4ltlich); SDR verf\u00fcgbar von 17 bis 7,4; gepresst.   Verwendet f\u00fcr:   Rohrleitungssysteme f\u00fcr die Wasserverteilung (UNI EN 12201 - ISO 4427); Rohrleitungssysteme f\u00fcr industrielle Anwendungen (UNI EN ISO 15494).   Schwei\u00dfsysteme:   Prozess mit thermischen Elementen durch Kontakt (Stumpfschwei\u00dfen), Muffenschwei\u00dfen.\" \/>\n<meta property=\"og:url\" content=\"https:\/\/www.plastitaliaspa.com\/de\/polyethylene-fittings\/stumpfschweiss-formteile\/leitungsende-kalotte-kurzer-stutzen\/\" \/>\n<meta property=\"og:site_name\" content=\"Plastitalia\" \/>\n<meta property=\"article:modified_time\" content=\"2024-07-29T10:08:32+00:00\" \/>\n<meta property=\"og:image\" content=\"https:\/\/www.plastitaliaspa.com\/wp-content\/uploads\/2024\/05\/calotta_codolocorto_1861323641.jpg\" \/>\n\t<meta property=\"og:image:width\" content=\"925\" \/>\n\t<meta property=\"og:image:height\" content=\"908\" \/>\n\t<meta property=\"og:image:type\" content=\"image\/jpeg\" \/>\n<meta name=\"twitter:card\" content=\"summary_large_image\" \/>\n<meta name=\"twitter:label1\" content=\"Gesch\u00e4tzte Lesezeit\" \/>\n\t<meta name=\"twitter:data1\" content=\"1\u00a0Minute\" \/>\n<script type=\"application\/ld+json\" class=\"yoast-schema-graph\">{\"@context\":\"https:\\\/\\\/schema.org\",\"@graph\":[{\"@type\":\"WebPage\",\"@id\":\"https:\\\/\\\/www.plastitaliaspa.com\\\/de\\\/polyethylene-fittings\\\/stumpfschweiss-formteile\\\/leitungsende-kalotte-kurzer-stutzen\\\/\",\"url\":\"https:\\\/\\\/www.plastitaliaspa.com\\\/de\\\/polyethylene-fittings\\\/stumpfschweiss-formteile\\\/leitungsende-kalotte-kurzer-stutzen\\\/\",\"name\":\"LEITUNGSENDE (KALOTTE) KURZER STUTZEN | Plastitalia\",\"isPartOf\":{\"@id\":\"https:\\\/\\\/www.plastitaliaspa.com\\\/de\\\/#website\"},\"primaryImageOfPage\":{\"@id\":\"https:\\\/\\\/www.plastitaliaspa.com\\\/de\\\/polyethylene-fittings\\\/stumpfschweiss-formteile\\\/leitungsende-kalotte-kurzer-stutzen\\\/#primaryimage\"},\"image\":{\"@id\":\"https:\\\/\\\/www.plastitaliaspa.com\\\/de\\\/polyethylene-fittings\\\/stumpfschweiss-formteile\\\/leitungsende-kalotte-kurzer-stutzen\\\/#primaryimage\"},\"thumbnailUrl\":\"https:\\\/\\\/www.plastitaliaspa.com\\\/wp-content\\\/uploads\\\/2024\\\/05\\\/calotta_codolocorto_1861323641.jpg\",\"datePublished\":\"2024-05-29T11:59:38+00:00\",\"dateModified\":\"2024-07-29T10:08:32+00:00\",\"description\":\"Leitungsende (Kalotte) kurzer Stutzen Das Leitungsende (Kalotte) mit kurzem Stutzen wird verwendet in Rohrleitungssystemen, f\u00fcr die Verteilung von Wasser, in Rohrleitungssystemen f\u00fcr Anwendungen... Leitungsende (Kalotte) kurzer Stutzen Das Leitungsende (Kalotte) mit kurzem Stutzen wird in Rohrleitungssystemen, f\u00fcr die Verteilung von Wasser, in Rohrleitungssystemem f\u00fcr industrielle Anwendungen verwendet. Hauptmerkmale: Kategorie der gepressten Formst\u00fccke; PE100 schwarz (auf Anfrage auch in blau, gelb oder orange erh\u00e4ltlich); SDR verf\u00fcgbar von 17 bis 7,4; gepresst. Verwendet f\u00fcr: Rohrleitungssysteme f\u00fcr die Wasserverteilung (UNI EN 12201 - ISO 4427); Rohrleitungssysteme f\u00fcr industrielle Anwendungen (UNI EN ISO 15494). Schwei\u00dfsysteme: Prozess mit thermischen Elementen durch Kontakt (Stumpfschwei\u00dfen), Muffenschwei\u00dfen.\",\"breadcrumb\":{\"@id\":\"https:\\\/\\\/www.plastitaliaspa.com\\\/de\\\/polyethylene-fittings\\\/stumpfschweiss-formteile\\\/leitungsende-kalotte-kurzer-stutzen\\\/#breadcrumb\"},\"inLanguage\":\"de\",\"potentialAction\":[{\"@type\":\"ReadAction\",\"target\":[\"https:\\\/\\\/www.plastitaliaspa.com\\\/de\\\/polyethylene-fittings\\\/stumpfschweiss-formteile\\\/leitungsende-kalotte-kurzer-stutzen\\\/\"]}]},{\"@type\":\"ImageObject\",\"inLanguage\":\"de\",\"@id\":\"https:\\\/\\\/www.plastitaliaspa.com\\\/de\\\/polyethylene-fittings\\\/stumpfschweiss-formteile\\\/leitungsende-kalotte-kurzer-stutzen\\\/#primaryimage\",\"url\":\"https:\\\/\\\/www.plastitaliaspa.com\\\/wp-content\\\/uploads\\\/2024\\\/05\\\/calotta_codolocorto_1861323641.jpg\",\"contentUrl\":\"https:\\\/\\\/www.plastitaliaspa.com\\\/wp-content\\\/uploads\\\/2024\\\/05\\\/calotta_codolocorto_1861323641.jpg\",\"width\":925,\"height\":908},{\"@type\":\"BreadcrumbList\",\"@id\":\"https:\\\/\\\/www.plastitaliaspa.com\\\/de\\\/polyethylene-fittings\\\/stumpfschweiss-formteile\\\/leitungsende-kalotte-kurzer-stutzen\\\/#breadcrumb\",\"itemListElement\":[{\"@type\":\"ListItem\",\"position\":1,\"name\":\"Home\",\"item\":\"https:\\\/\\\/www.plastitaliaspa.com\\\/de\\\/\"},{\"@type\":\"ListItem\",\"position\":2,\"name\":\"Shop\",\"item\":\"https:\\\/\\\/www.plastitaliaspa.com\\\/negozio\\\/\"},{\"@type\":\"ListItem\",\"position\":3,\"name\":\"LEITUNGSENDE (KALOTTE) KURZER STUTZEN\"}]},{\"@type\":\"WebSite\",\"@id\":\"https:\\\/\\\/www.plastitaliaspa.com\\\/de\\\/#website\",\"url\":\"https:\\\/\\\/www.plastitaliaspa.com\\\/de\\\/\",\"name\":\"Plastitalia\",\"description\":\"Leader europeo nella produzione di raccordi in polietilene. Raccordi HDPE elettrosaldabili, di transizione e testa a testa utilizzati per impianti acqua e gas.\",\"publisher\":{\"@id\":\"https:\\\/\\\/www.plastitaliaspa.com\\\/de\\\/#organization\"},\"potentialAction\":[{\"@type\":\"SearchAction\",\"target\":{\"@type\":\"EntryPoint\",\"urlTemplate\":\"https:\\\/\\\/www.plastitaliaspa.com\\\/de\\\/?s={search_term_string}\"},\"query-input\":{\"@type\":\"PropertyValueSpecification\",\"valueRequired\":true,\"valueName\":\"search_term_string\"}}],\"inLanguage\":\"de\"},{\"@type\":\"Organization\",\"@id\":\"https:\\\/\\\/www.plastitaliaspa.com\\\/de\\\/#organization\",\"name\":\"Plastitalia\",\"url\":\"https:\\\/\\\/www.plastitaliaspa.com\\\/de\\\/\",\"logo\":{\"@type\":\"ImageObject\",\"inLanguage\":\"de\",\"@id\":\"https:\\\/\\\/www.plastitaliaspa.com\\\/de\\\/#\\\/schema\\\/logo\\\/image\\\/\",\"url\":\"https:\\\/\\\/www.plastitaliaspa.com\\\/wp-content\\\/uploads\\\/2024\\\/05\\\/logo-plastitalia-sito.png\",\"contentUrl\":\"https:\\\/\\\/www.plastitaliaspa.com\\\/wp-content\\\/uploads\\\/2024\\\/05\\\/logo-plastitalia-sito.png\",\"width\":652,\"height\":205,\"caption\":\"Plastitalia\"},\"image\":{\"@id\":\"https:\\\/\\\/www.plastitaliaspa.com\\\/de\\\/#\\\/schema\\\/logo\\\/image\\\/\"}}]}<\/script>\n<!-- \/ Yoast SEO plugin. -->","yoast_head_json":{"title":"LEITUNGSENDE (KALOTTE) KURZER STUTZEN | Plastitalia","description":"Leitungsende (Kalotte) kurzer Stutzen Das Leitungsende (Kalotte) mit kurzem Stutzen wird verwendet in Rohrleitungssystemen, f\u00fcr die Verteilung von Wasser, in Rohrleitungssystemen f\u00fcr Anwendungen...  Leitungsende (Kalotte) kurzer Stutzen  Das Leitungsende (Kalotte) mit kurzem Stutzen wird in Rohrleitungssystemen, f\u00fcr die Verteilung von Wasser, in Rohrleitungssystemem f\u00fcr industrielle Anwendungen verwendet.  Hauptmerkmale: Kategorie der gepressten Formst\u00fccke; PE100 schwarz (auf Anfrage auch in blau, gelb oder orange erh\u00e4ltlich); SDR verf\u00fcgbar von 17 bis 7,4; gepresst.   Verwendet f\u00fcr:   Rohrleitungssysteme f\u00fcr die Wasserverteilung (UNI EN 12201 - ISO 4427); Rohrleitungssysteme f\u00fcr industrielle Anwendungen (UNI EN ISO 15494).   Schwei\u00dfsysteme:   Prozess mit thermischen Elementen durch Kontakt (Stumpfschwei\u00dfen), Muffenschwei\u00dfen.","robots":{"index":"index","follow":"follow","max-snippet":"max-snippet:-1","max-image-preview":"max-image-preview:large","max-video-preview":"max-video-preview:-1"},"canonical":"https:\/\/www.plastitaliaspa.com\/de\/polyethylene-fittings\/stumpfschweiss-formteile\/leitungsende-kalotte-kurzer-stutzen\/","og_locale":"de_DE","og_type":"article","og_title":"LEITUNGSENDE (KALOTTE) KURZER STUTZEN | Plastitalia","og_description":"Leitungsende (Kalotte) kurzer Stutzen Das Leitungsende (Kalotte) mit kurzem Stutzen wird verwendet in Rohrleitungssystemen, f\u00fcr die Verteilung von Wasser, in Rohrleitungssystemen f\u00fcr Anwendungen...  Leitungsende (Kalotte) kurzer Stutzen  Das Leitungsende (Kalotte) mit kurzem Stutzen wird in Rohrleitungssystemen, f\u00fcr die Verteilung von Wasser, in Rohrleitungssystemem f\u00fcr industrielle Anwendungen verwendet.  Hauptmerkmale: Kategorie der gepressten Formst\u00fccke; PE100 schwarz (auf Anfrage auch in blau, gelb oder orange erh\u00e4ltlich); SDR verf\u00fcgbar von 17 bis 7,4; gepresst.   Verwendet f\u00fcr:   Rohrleitungssysteme f\u00fcr die Wasserverteilung (UNI EN 12201 - ISO 4427); Rohrleitungssysteme f\u00fcr industrielle Anwendungen (UNI EN ISO 15494).   Schwei\u00dfsysteme:   Prozess mit thermischen Elementen durch Kontakt (Stumpfschwei\u00dfen), Muffenschwei\u00dfen.","og_url":"https:\/\/www.plastitaliaspa.com\/de\/polyethylene-fittings\/stumpfschweiss-formteile\/leitungsende-kalotte-kurzer-stutzen\/","og_site_name":"Plastitalia","article_modified_time":"2024-07-29T10:08:32+00:00","og_image":[{"width":925,"height":908,"url":"https:\/\/www.plastitaliaspa.com\/wp-content\/uploads\/2024\/05\/calotta_codolocorto_1861323641.jpg","type":"image\/jpeg"}],"twitter_card":"summary_large_image","twitter_misc":{"Gesch\u00e4tzte Lesezeit":"1\u00a0Minute"},"schema":{"@context":"https:\/\/schema.org","@graph":[{"@type":"WebPage","@id":"https:\/\/www.plastitaliaspa.com\/de\/polyethylene-fittings\/stumpfschweiss-formteile\/leitungsende-kalotte-kurzer-stutzen\/","url":"https:\/\/www.plastitaliaspa.com\/de\/polyethylene-fittings\/stumpfschweiss-formteile\/leitungsende-kalotte-kurzer-stutzen\/","name":"LEITUNGSENDE (KALOTTE) KURZER STUTZEN | Plastitalia","isPartOf":{"@id":"https:\/\/www.plastitaliaspa.com\/de\/#website"},"primaryImageOfPage":{"@id":"https:\/\/www.plastitaliaspa.com\/de\/polyethylene-fittings\/stumpfschweiss-formteile\/leitungsende-kalotte-kurzer-stutzen\/#primaryimage"},"image":{"@id":"https:\/\/www.plastitaliaspa.com\/de\/polyethylene-fittings\/stumpfschweiss-formteile\/leitungsende-kalotte-kurzer-stutzen\/#primaryimage"},"thumbnailUrl":"https:\/\/www.plastitaliaspa.com\/wp-content\/uploads\/2024\/05\/calotta_codolocorto_1861323641.jpg","datePublished":"2024-05-29T11:59:38+00:00","dateModified":"2024-07-29T10:08:32+00:00","description":"Leitungsende (Kalotte) kurzer Stutzen Das Leitungsende (Kalotte) mit kurzem Stutzen wird verwendet in Rohrleitungssystemen, f\u00fcr die Verteilung von Wasser, in Rohrleitungssystemen f\u00fcr Anwendungen... Leitungsende (Kalotte) kurzer Stutzen Das Leitungsende (Kalotte) mit kurzem Stutzen wird in Rohrleitungssystemen, f\u00fcr die Verteilung von Wasser, in Rohrleitungssystemem f\u00fcr industrielle Anwendungen verwendet. Hauptmerkmale: Kategorie der gepressten Formst\u00fccke; PE100 schwarz (auf Anfrage auch in blau, gelb oder orange erh\u00e4ltlich); SDR verf\u00fcgbar von 17 bis 7,4; gepresst. Verwendet f\u00fcr: Rohrleitungssysteme f\u00fcr die Wasserverteilung (UNI EN 12201 - ISO 4427); Rohrleitungssysteme f\u00fcr industrielle Anwendungen (UNI EN ISO 15494). Schwei\u00dfsysteme: Prozess mit thermischen Elementen durch Kontakt (Stumpfschwei\u00dfen), Muffenschwei\u00dfen.","breadcrumb":{"@id":"https:\/\/www.plastitaliaspa.com\/de\/polyethylene-fittings\/stumpfschweiss-formteile\/leitungsende-kalotte-kurzer-stutzen\/#breadcrumb"},"inLanguage":"de","potentialAction":[{"@type":"ReadAction","target":["https:\/\/www.plastitaliaspa.com\/de\/polyethylene-fittings\/stumpfschweiss-formteile\/leitungsende-kalotte-kurzer-stutzen\/"]}]},{"@type":"ImageObject","inLanguage":"de","@id":"https:\/\/www.plastitaliaspa.com\/de\/polyethylene-fittings\/stumpfschweiss-formteile\/leitungsende-kalotte-kurzer-stutzen\/#primaryimage","url":"https:\/\/www.plastitaliaspa.com\/wp-content\/uploads\/2024\/05\/calotta_codolocorto_1861323641.jpg","contentUrl":"https:\/\/www.plastitaliaspa.com\/wp-content\/uploads\/2024\/05\/calotta_codolocorto_1861323641.jpg","width":925,"height":908},{"@type":"BreadcrumbList","@id":"https:\/\/www.plastitaliaspa.com\/de\/polyethylene-fittings\/stumpfschweiss-formteile\/leitungsende-kalotte-kurzer-stutzen\/#breadcrumb","itemListElement":[{"@type":"ListItem","position":1,"name":"Home","item":"https:\/\/www.plastitaliaspa.com\/de\/"},{"@type":"ListItem","position":2,"name":"Shop","item":"https:\/\/www.plastitaliaspa.com\/negozio\/"},{"@type":"ListItem","position":3,"name":"LEITUNGSENDE (KALOTTE) KURZER STUTZEN"}]},{"@type":"WebSite","@id":"https:\/\/www.plastitaliaspa.com\/de\/#website","url":"https:\/\/www.plastitaliaspa.com\/de\/","name":"Plastitalia","description":"Leader europeo nella produzione di raccordi in polietilene. Raccordi HDPE elettrosaldabili, di transizione e testa a testa utilizzati per impianti acqua e gas.","publisher":{"@id":"https:\/\/www.plastitaliaspa.com\/de\/#organization"},"potentialAction":[{"@type":"SearchAction","target":{"@type":"EntryPoint","urlTemplate":"https:\/\/www.plastitaliaspa.com\/de\/?s={search_term_string}"},"query-input":{"@type":"PropertyValueSpecification","valueRequired":true,"valueName":"search_term_string"}}],"inLanguage":"de"},{"@type":"Organization","@id":"https:\/\/www.plastitaliaspa.com\/de\/#organization","name":"Plastitalia","url":"https:\/\/www.plastitaliaspa.com\/de\/","logo":{"@type":"ImageObject","inLanguage":"de","@id":"https:\/\/www.plastitaliaspa.com\/de\/#\/schema\/logo\/image\/","url":"https:\/\/www.plastitaliaspa.com\/wp-content\/uploads\/2024\/05\/logo-plastitalia-sito.png","contentUrl":"https:\/\/www.plastitaliaspa.com\/wp-content\/uploads\/2024\/05\/logo-plastitalia-sito.png","width":652,"height":205,"caption":"Plastitalia"},"image":{"@id":"https:\/\/www.plastitaliaspa.com\/de\/#\/schema\/logo\/image\/"}}]}},"_links":{"self":[{"href":"https:\/\/www.plastitaliaspa.com\/de\/wp-json\/wp\/v2\/product\/12290","targetHints":{"allow":["GET"]}}],"collection":[{"href":"https:\/\/www.plastitaliaspa.com\/de\/wp-json\/wp\/v2\/product"}],"about":[{"href":"https:\/\/www.plastitaliaspa.com\/de\/wp-json\/wp\/v2\/types\/product"}],"version-history":[{"count":1,"href":"https:\/\/www.plastitaliaspa.com\/de\/wp-json\/wp\/v2\/product\/12290\/revisions"}],"predecessor-version":[{"id":12936,"href":"https:\/\/www.plastitaliaspa.com\/de\/wp-json\/wp\/v2\/product\/12290\/revisions\/12936"}],"wp:featuredmedia":[{"embeddable":true,"href":"https:\/\/www.plastitaliaspa.com\/de\/wp-json\/wp\/v2\/media\/2332"}],"wp:attachment":[{"href":"https:\/\/www.plastitaliaspa.com\/de\/wp-json\/wp\/v2\/media?parent=12290"}],"wp:term":[{"taxonomy":"product_brand","embeddable":true,"href":"https:\/\/www.plastitaliaspa.com\/de\/wp-json\/wp\/v2\/product_brand?post=12290"},{"taxonomy":"product_cat","embeddable":true,"href":"https:\/\/www.plastitaliaspa.com\/de\/wp-json\/wp\/v2\/product_cat?post=12290"},{"taxonomy":"product_tag","embeddable":true,"href":"https:\/\/www.plastitaliaspa.com\/de\/wp-json\/wp\/v2\/product_tag?post=12290"}],"curies":[{"name":"wp","href":"https:\/\/api.w.org\/{rel}","templated":true}]}}