{"id":12285,"date":"2024-05-29T11:59:24","date_gmt":"2024-05-29T11:59:24","guid":{"rendered":"https:\/\/plastitalia.aitema.com\/raccordi-polietilene\/unkategorisiert\/reduktion-lange-schweissenden\/"},"modified":"2024-07-29T10:06:40","modified_gmt":"2024-07-29T10:06:40","slug":"reduktion-lange-schweissenden","status":"publish","type":"product","link":"https:\/\/www.plastitaliaspa.com\/de\/polyethylene-fittings\/stumpfschweiss-formteile\/reduktion-lange-schweissenden\/","title":{"rendered":"REDUKTION LANGE SCHWEI\u00dfENDEN"},"content":{"rendered":"<p>Die REDUZIERUNG mit langem Stutzen aus Polyethylen wird in Rohrleitungssystemen f\u00fcr die Verteilung von Gas und Wasser sowie f\u00fcr industrielle Anwendungen verwendet. Haupt&#8230;.<\/p>\n<p>Die Reduzierung mit langem Stutzen aus Polyethylen wird in Rohrleitungssystemen f\u00fcr die Verteilung von Gas und Wasser sowie f\u00fcr industrielle Anwendungen verwendet.<\/p>\n<p><strong>Hauptmerkmale: <\/strong><\/p>\n<p>Kategorie der gepressten Formst\u00fccke; PE100 schwarz (auf Anfrage auch in blau, gelb und orange erh\u00e4ltlich); SDR verf\u00fcgbar 17-9-11-7,4; gepresst.<\/p>\n<hr \/>\n<p><strong>Verwendet f\u00fcr: <\/strong><\/p>\n<p>Rohrleitungssysteme f\u00fcr die Wasserverteilung (UNI EN 12201 &#8211; ISO 4427); Rohrleitungssysteme f\u00fcr industrielle Anwendungen (UNI EN ISO 15494); Rohrleitungssysteme f\u00fcr die Verteilung brennbarer Gase (UNI EN 1555 &#8211; ISO 4437).<\/p>\n<hr \/>\n<p><strong>Schwei\u00dfsysteme: <\/strong><\/p>\n<p>Prozess mit thermischen Elementen durch Kontakt (Stumpfschwei\u00dfen), Muffenschwei\u00dfen.<\/p><\/p>\n","protected":false},"excerpt":{"rendered":"<p>Die REDUZIERUNG mit langem Stutzen aus Polyethylen wird in Rohrleitungssystemen f\u00fcr die Verteilung von Gas und Wasser sowie f\u00fcr industrielle Anwendungen verwendet. Haupt&#8230;.<\/p>\n<p>Die Reduzierung mit langem Stutzen aus Polyethylen wird in Rohrleitungssystemen f\u00fcr die Verteilung von Gas und Wasser sowie f\u00fcr industrielle Anwendungen verwendet.<\/p>\n<p><strong>Hauptmerkmale: <\/strong><\/p>\n<p>Kategorie der gepressten Formst\u00fccke; PE100 schwarz (auf Anfrage auch in blau, gelb und orange erh\u00e4ltlich); SDR verf\u00fcgbar 17-9-11-7,4; gepresst.<\/p>\n<hr \/>\n<p><strong>Verwendet f\u00fcr: <\/strong><\/p>\n<p>Rohrleitungssysteme f\u00fcr die Wasserverteilung (UNI EN 12201 &#8211; ISO 4427); Rohrleitungssysteme f\u00fcr industrielle Anwendungen (UNI EN ISO 15494); Rohrleitungssysteme f\u00fcr die Verteilung brennbarer Gase (UNI EN 1555 &#8211; ISO 4437).<\/p>\n<hr \/>\n<p><strong>Schwei\u00dfsysteme: <\/strong><\/p>\n<p>Prozess mit thermischen Elementen durch Kontakt (Stumpfschwei\u00dfen), Muffenschwei\u00dfen.<\/p><\/p>\n","protected":false},"featured_media":2242,"template":"","meta":{"_acf_changed":false},"product_brand":[],"product_cat":[139],"product_tag":[],"class_list":{"0":"post-12285","1":"product","2":"type-product","3":"status-publish","4":"has-post-thumbnail","6":"product_cat-stumpfschweiss-formteile","8":"first","9":"instock","10":"product-type-simple"},"acf":[],"yoast_head":"<!-- This site is optimized with the Yoast SEO plugin v27.4 - https:\/\/yoast.com\/product\/yoast-seo-wordpress\/ -->\n<title>REDUKTION LANGE SCHWEI\u00dfENDEN | Plastitalia<\/title>\n<meta name=\"description\" content=\"Die REDUZIERUNG mit langem Stutzen aus Polyethylen wird in Rohrleitungssystemen f\u00fcr die Verteilung von Gas und Wasser sowie f\u00fcr industrielle Anwendungen verwendet. Haupt....  Die Reduzierung mit langem Stutzen aus Polyethylen wird in Rohrleitungssystemen f\u00fcr die Verteilung von Gas und Wasser sowie f\u00fcr industrielle Anwendungen verwendet.  Hauptmerkmale:   Kategorie der gepressten Formst\u00fccke; PE100 schwarz (auf Anfrage auch in blau, gelb und orange erh\u00e4ltlich); SDR verf\u00fcgbar 17-9-11-7,4; gepresst.   Verwendet f\u00fcr:   Rohrleitungssysteme f\u00fcr die Wasserverteilung (UNI EN 12201 - ISO 4427); Rohrleitungssysteme f\u00fcr industrielle Anwendungen (UNI EN ISO 15494); Rohrleitungssysteme f\u00fcr die Verteilung brennbarer Gase (UNI EN 1555 - ISO 4437).   Schwei\u00dfsysteme:   Prozess mit thermischen Elementen durch Kontakt (Stumpfschwei\u00dfen), Muffenschwei\u00dfen.\" \/>\n<meta name=\"robots\" content=\"index, follow, max-snippet:-1, max-image-preview:large, max-video-preview:-1\" \/>\n<link rel=\"canonical\" href=\"https:\/\/www.plastitaliaspa.com\/de\/polyethylene-fittings\/stumpfschweiss-formteile\/reduktion-lange-schweissenden\/\" \/>\n<meta property=\"og:locale\" content=\"de_DE\" \/>\n<meta property=\"og:type\" content=\"article\" \/>\n<meta property=\"og:title\" content=\"REDUKTION LANGE SCHWEI\u00dfENDEN | Plastitalia\" \/>\n<meta property=\"og:description\" content=\"Die REDUZIERUNG mit langem Stutzen aus Polyethylen wird in Rohrleitungssystemen f\u00fcr die Verteilung von Gas und Wasser sowie f\u00fcr industrielle Anwendungen verwendet. Haupt....  Die Reduzierung mit langem Stutzen aus Polyethylen wird in Rohrleitungssystemen f\u00fcr die Verteilung von Gas und Wasser sowie f\u00fcr industrielle Anwendungen verwendet.  Hauptmerkmale:   Kategorie der gepressten Formst\u00fccke; PE100 schwarz (auf Anfrage auch in blau, gelb und orange erh\u00e4ltlich); SDR verf\u00fcgbar 17-9-11-7,4; gepresst.   Verwendet f\u00fcr:   Rohrleitungssysteme f\u00fcr die Wasserverteilung (UNI EN 12201 - ISO 4427); Rohrleitungssysteme f\u00fcr industrielle Anwendungen (UNI EN ISO 15494); Rohrleitungssysteme f\u00fcr die Verteilung brennbarer Gase (UNI EN 1555 - ISO 4437).   Schwei\u00dfsysteme:   Prozess mit thermischen Elementen durch Kontakt (Stumpfschwei\u00dfen), Muffenschwei\u00dfen.\" \/>\n<meta property=\"og:url\" content=\"https:\/\/www.plastitaliaspa.com\/de\/polyethylene-fittings\/stumpfschweiss-formteile\/reduktion-lange-schweissenden\/\" \/>\n<meta property=\"og:site_name\" content=\"Plastitalia\" \/>\n<meta property=\"article:modified_time\" content=\"2024-07-29T10:06:40+00:00\" \/>\n<meta property=\"og:image\" content=\"https:\/\/www.plastitaliaspa.com\/wp-content\/uploads\/2024\/05\/codolostampato-p-riduzione-codololungo.jpg\" \/>\n\t<meta property=\"og:image:width\" content=\"388\" \/>\n\t<meta property=\"og:image:height\" content=\"388\" \/>\n\t<meta property=\"og:image:type\" content=\"image\/jpeg\" \/>\n<meta name=\"twitter:card\" content=\"summary_large_image\" \/>\n<meta name=\"twitter:label1\" content=\"Gesch\u00e4tzte Lesezeit\" \/>\n\t<meta name=\"twitter:data1\" content=\"1\u00a0Minute\" \/>\n<script type=\"application\/ld+json\" class=\"yoast-schema-graph\">{\"@context\":\"https:\\\/\\\/schema.org\",\"@graph\":[{\"@type\":\"WebPage\",\"@id\":\"https:\\\/\\\/www.plastitaliaspa.com\\\/de\\\/polyethylene-fittings\\\/stumpfschweiss-formteile\\\/reduktion-lange-schweissenden\\\/\",\"url\":\"https:\\\/\\\/www.plastitaliaspa.com\\\/de\\\/polyethylene-fittings\\\/stumpfschweiss-formteile\\\/reduktion-lange-schweissenden\\\/\",\"name\":\"REDUKTION LANGE SCHWEI\u00dfENDEN | Plastitalia\",\"isPartOf\":{\"@id\":\"https:\\\/\\\/www.plastitaliaspa.com\\\/de\\\/#website\"},\"primaryImageOfPage\":{\"@id\":\"https:\\\/\\\/www.plastitaliaspa.com\\\/de\\\/polyethylene-fittings\\\/stumpfschweiss-formteile\\\/reduktion-lange-schweissenden\\\/#primaryimage\"},\"image\":{\"@id\":\"https:\\\/\\\/www.plastitaliaspa.com\\\/de\\\/polyethylene-fittings\\\/stumpfschweiss-formteile\\\/reduktion-lange-schweissenden\\\/#primaryimage\"},\"thumbnailUrl\":\"https:\\\/\\\/www.plastitaliaspa.com\\\/wp-content\\\/uploads\\\/2024\\\/05\\\/codolostampato-p-riduzione-codololungo.jpg\",\"datePublished\":\"2024-05-29T11:59:24+00:00\",\"dateModified\":\"2024-07-29T10:06:40+00:00\",\"description\":\"Die REDUZIERUNG mit langem Stutzen aus Polyethylen wird in Rohrleitungssystemen f\u00fcr die Verteilung von Gas und Wasser sowie f\u00fcr industrielle Anwendungen verwendet. Haupt.... Die Reduzierung mit langem Stutzen aus Polyethylen wird in Rohrleitungssystemen f\u00fcr die Verteilung von Gas und Wasser sowie f\u00fcr industrielle Anwendungen verwendet. Hauptmerkmale: Kategorie der gepressten Formst\u00fccke; PE100 schwarz (auf Anfrage auch in blau, gelb und orange erh\u00e4ltlich); SDR verf\u00fcgbar 17-9-11-7,4; gepresst. Verwendet f\u00fcr: Rohrleitungssysteme f\u00fcr die Wasserverteilung (UNI EN 12201 - ISO 4427); Rohrleitungssysteme f\u00fcr industrielle Anwendungen (UNI EN ISO 15494); Rohrleitungssysteme f\u00fcr die Verteilung brennbarer Gase (UNI EN 1555 - ISO 4437). Schwei\u00dfsysteme: Prozess mit thermischen Elementen durch Kontakt (Stumpfschwei\u00dfen), Muffenschwei\u00dfen.\",\"breadcrumb\":{\"@id\":\"https:\\\/\\\/www.plastitaliaspa.com\\\/de\\\/polyethylene-fittings\\\/stumpfschweiss-formteile\\\/reduktion-lange-schweissenden\\\/#breadcrumb\"},\"inLanguage\":\"de\",\"potentialAction\":[{\"@type\":\"ReadAction\",\"target\":[\"https:\\\/\\\/www.plastitaliaspa.com\\\/de\\\/polyethylene-fittings\\\/stumpfschweiss-formteile\\\/reduktion-lange-schweissenden\\\/\"]}]},{\"@type\":\"ImageObject\",\"inLanguage\":\"de\",\"@id\":\"https:\\\/\\\/www.plastitaliaspa.com\\\/de\\\/polyethylene-fittings\\\/stumpfschweiss-formteile\\\/reduktion-lange-schweissenden\\\/#primaryimage\",\"url\":\"https:\\\/\\\/www.plastitaliaspa.com\\\/wp-content\\\/uploads\\\/2024\\\/05\\\/codolostampato-p-riduzione-codololungo.jpg\",\"contentUrl\":\"https:\\\/\\\/www.plastitaliaspa.com\\\/wp-content\\\/uploads\\\/2024\\\/05\\\/codolostampato-p-riduzione-codololungo.jpg\",\"width\":388,\"height\":388},{\"@type\":\"BreadcrumbList\",\"@id\":\"https:\\\/\\\/www.plastitaliaspa.com\\\/de\\\/polyethylene-fittings\\\/stumpfschweiss-formteile\\\/reduktion-lange-schweissenden\\\/#breadcrumb\",\"itemListElement\":[{\"@type\":\"ListItem\",\"position\":1,\"name\":\"Home\",\"item\":\"https:\\\/\\\/www.plastitaliaspa.com\\\/de\\\/\"},{\"@type\":\"ListItem\",\"position\":2,\"name\":\"Shop\",\"item\":\"https:\\\/\\\/www.plastitaliaspa.com\\\/negozio\\\/\"},{\"@type\":\"ListItem\",\"position\":3,\"name\":\"REDUKTION LANGE SCHWEI\u00dfENDEN\"}]},{\"@type\":\"WebSite\",\"@id\":\"https:\\\/\\\/www.plastitaliaspa.com\\\/de\\\/#website\",\"url\":\"https:\\\/\\\/www.plastitaliaspa.com\\\/de\\\/\",\"name\":\"Plastitalia\",\"description\":\"Leader europeo nella produzione di raccordi in polietilene. Raccordi HDPE elettrosaldabili, di transizione e testa a testa utilizzati per impianti acqua e gas.\",\"publisher\":{\"@id\":\"https:\\\/\\\/www.plastitaliaspa.com\\\/de\\\/#organization\"},\"potentialAction\":[{\"@type\":\"SearchAction\",\"target\":{\"@type\":\"EntryPoint\",\"urlTemplate\":\"https:\\\/\\\/www.plastitaliaspa.com\\\/de\\\/?s={search_term_string}\"},\"query-input\":{\"@type\":\"PropertyValueSpecification\",\"valueRequired\":true,\"valueName\":\"search_term_string\"}}],\"inLanguage\":\"de\"},{\"@type\":\"Organization\",\"@id\":\"https:\\\/\\\/www.plastitaliaspa.com\\\/de\\\/#organization\",\"name\":\"Plastitalia\",\"url\":\"https:\\\/\\\/www.plastitaliaspa.com\\\/de\\\/\",\"logo\":{\"@type\":\"ImageObject\",\"inLanguage\":\"de\",\"@id\":\"https:\\\/\\\/www.plastitaliaspa.com\\\/de\\\/#\\\/schema\\\/logo\\\/image\\\/\",\"url\":\"https:\\\/\\\/www.plastitaliaspa.com\\\/wp-content\\\/uploads\\\/2024\\\/05\\\/logo-plastitalia-sito.png\",\"contentUrl\":\"https:\\\/\\\/www.plastitaliaspa.com\\\/wp-content\\\/uploads\\\/2024\\\/05\\\/logo-plastitalia-sito.png\",\"width\":652,\"height\":205,\"caption\":\"Plastitalia\"},\"image\":{\"@id\":\"https:\\\/\\\/www.plastitaliaspa.com\\\/de\\\/#\\\/schema\\\/logo\\\/image\\\/\"}}]}<\/script>\n<!-- \/ Yoast SEO plugin. -->","yoast_head_json":{"title":"REDUKTION LANGE SCHWEI\u00dfENDEN | Plastitalia","description":"Die REDUZIERUNG mit langem Stutzen aus Polyethylen wird in Rohrleitungssystemen f\u00fcr die Verteilung von Gas und Wasser sowie f\u00fcr industrielle Anwendungen verwendet. Haupt....  Die Reduzierung mit langem Stutzen aus Polyethylen wird in Rohrleitungssystemen f\u00fcr die Verteilung von Gas und Wasser sowie f\u00fcr industrielle Anwendungen verwendet.  Hauptmerkmale:   Kategorie der gepressten Formst\u00fccke; PE100 schwarz (auf Anfrage auch in blau, gelb und orange erh\u00e4ltlich); SDR verf\u00fcgbar 17-9-11-7,4; gepresst.   Verwendet f\u00fcr:   Rohrleitungssysteme f\u00fcr die Wasserverteilung (UNI EN 12201 - ISO 4427); Rohrleitungssysteme f\u00fcr industrielle Anwendungen (UNI EN ISO 15494); Rohrleitungssysteme f\u00fcr die Verteilung brennbarer Gase (UNI EN 1555 - ISO 4437).   Schwei\u00dfsysteme:   Prozess mit thermischen Elementen durch Kontakt (Stumpfschwei\u00dfen), Muffenschwei\u00dfen.","robots":{"index":"index","follow":"follow","max-snippet":"max-snippet:-1","max-image-preview":"max-image-preview:large","max-video-preview":"max-video-preview:-1"},"canonical":"https:\/\/www.plastitaliaspa.com\/de\/polyethylene-fittings\/stumpfschweiss-formteile\/reduktion-lange-schweissenden\/","og_locale":"de_DE","og_type":"article","og_title":"REDUKTION LANGE SCHWEI\u00dfENDEN | Plastitalia","og_description":"Die REDUZIERUNG mit langem Stutzen aus Polyethylen wird in Rohrleitungssystemen f\u00fcr die Verteilung von Gas und Wasser sowie f\u00fcr industrielle Anwendungen verwendet. Haupt....  Die Reduzierung mit langem Stutzen aus Polyethylen wird in Rohrleitungssystemen f\u00fcr die Verteilung von Gas und Wasser sowie f\u00fcr industrielle Anwendungen verwendet.  Hauptmerkmale:   Kategorie der gepressten Formst\u00fccke; PE100 schwarz (auf Anfrage auch in blau, gelb und orange erh\u00e4ltlich); SDR verf\u00fcgbar 17-9-11-7,4; gepresst.   Verwendet f\u00fcr:   Rohrleitungssysteme f\u00fcr die Wasserverteilung (UNI EN 12201 - ISO 4427); Rohrleitungssysteme f\u00fcr industrielle Anwendungen (UNI EN ISO 15494); Rohrleitungssysteme f\u00fcr die Verteilung brennbarer Gase (UNI EN 1555 - ISO 4437).   Schwei\u00dfsysteme:   Prozess mit thermischen Elementen durch Kontakt (Stumpfschwei\u00dfen), Muffenschwei\u00dfen.","og_url":"https:\/\/www.plastitaliaspa.com\/de\/polyethylene-fittings\/stumpfschweiss-formteile\/reduktion-lange-schweissenden\/","og_site_name":"Plastitalia","article_modified_time":"2024-07-29T10:06:40+00:00","og_image":[{"width":388,"height":388,"url":"https:\/\/www.plastitaliaspa.com\/wp-content\/uploads\/2024\/05\/codolostampato-p-riduzione-codololungo.jpg","type":"image\/jpeg"}],"twitter_card":"summary_large_image","twitter_misc":{"Gesch\u00e4tzte Lesezeit":"1\u00a0Minute"},"schema":{"@context":"https:\/\/schema.org","@graph":[{"@type":"WebPage","@id":"https:\/\/www.plastitaliaspa.com\/de\/polyethylene-fittings\/stumpfschweiss-formteile\/reduktion-lange-schweissenden\/","url":"https:\/\/www.plastitaliaspa.com\/de\/polyethylene-fittings\/stumpfschweiss-formteile\/reduktion-lange-schweissenden\/","name":"REDUKTION LANGE SCHWEI\u00dfENDEN | Plastitalia","isPartOf":{"@id":"https:\/\/www.plastitaliaspa.com\/de\/#website"},"primaryImageOfPage":{"@id":"https:\/\/www.plastitaliaspa.com\/de\/polyethylene-fittings\/stumpfschweiss-formteile\/reduktion-lange-schweissenden\/#primaryimage"},"image":{"@id":"https:\/\/www.plastitaliaspa.com\/de\/polyethylene-fittings\/stumpfschweiss-formteile\/reduktion-lange-schweissenden\/#primaryimage"},"thumbnailUrl":"https:\/\/www.plastitaliaspa.com\/wp-content\/uploads\/2024\/05\/codolostampato-p-riduzione-codololungo.jpg","datePublished":"2024-05-29T11:59:24+00:00","dateModified":"2024-07-29T10:06:40+00:00","description":"Die REDUZIERUNG mit langem Stutzen aus Polyethylen wird in Rohrleitungssystemen f\u00fcr die Verteilung von Gas und Wasser sowie f\u00fcr industrielle Anwendungen verwendet. Haupt.... Die Reduzierung mit langem Stutzen aus Polyethylen wird in Rohrleitungssystemen f\u00fcr die Verteilung von Gas und Wasser sowie f\u00fcr industrielle Anwendungen verwendet. Hauptmerkmale: Kategorie der gepressten Formst\u00fccke; PE100 schwarz (auf Anfrage auch in blau, gelb und orange erh\u00e4ltlich); SDR verf\u00fcgbar 17-9-11-7,4; gepresst. Verwendet f\u00fcr: Rohrleitungssysteme f\u00fcr die Wasserverteilung (UNI EN 12201 - ISO 4427); Rohrleitungssysteme f\u00fcr industrielle Anwendungen (UNI EN ISO 15494); Rohrleitungssysteme f\u00fcr die Verteilung brennbarer Gase (UNI EN 1555 - ISO 4437). Schwei\u00dfsysteme: Prozess mit thermischen Elementen durch Kontakt (Stumpfschwei\u00dfen), Muffenschwei\u00dfen.","breadcrumb":{"@id":"https:\/\/www.plastitaliaspa.com\/de\/polyethylene-fittings\/stumpfschweiss-formteile\/reduktion-lange-schweissenden\/#breadcrumb"},"inLanguage":"de","potentialAction":[{"@type":"ReadAction","target":["https:\/\/www.plastitaliaspa.com\/de\/polyethylene-fittings\/stumpfschweiss-formteile\/reduktion-lange-schweissenden\/"]}]},{"@type":"ImageObject","inLanguage":"de","@id":"https:\/\/www.plastitaliaspa.com\/de\/polyethylene-fittings\/stumpfschweiss-formteile\/reduktion-lange-schweissenden\/#primaryimage","url":"https:\/\/www.plastitaliaspa.com\/wp-content\/uploads\/2024\/05\/codolostampato-p-riduzione-codololungo.jpg","contentUrl":"https:\/\/www.plastitaliaspa.com\/wp-content\/uploads\/2024\/05\/codolostampato-p-riduzione-codololungo.jpg","width":388,"height":388},{"@type":"BreadcrumbList","@id":"https:\/\/www.plastitaliaspa.com\/de\/polyethylene-fittings\/stumpfschweiss-formteile\/reduktion-lange-schweissenden\/#breadcrumb","itemListElement":[{"@type":"ListItem","position":1,"name":"Home","item":"https:\/\/www.plastitaliaspa.com\/de\/"},{"@type":"ListItem","position":2,"name":"Shop","item":"https:\/\/www.plastitaliaspa.com\/negozio\/"},{"@type":"ListItem","position":3,"name":"REDUKTION LANGE SCHWEI\u00dfENDEN"}]},{"@type":"WebSite","@id":"https:\/\/www.plastitaliaspa.com\/de\/#website","url":"https:\/\/www.plastitaliaspa.com\/de\/","name":"Plastitalia","description":"Leader europeo nella produzione di raccordi in polietilene. Raccordi HDPE elettrosaldabili, di transizione e testa a testa utilizzati per impianti acqua e gas.","publisher":{"@id":"https:\/\/www.plastitaliaspa.com\/de\/#organization"},"potentialAction":[{"@type":"SearchAction","target":{"@type":"EntryPoint","urlTemplate":"https:\/\/www.plastitaliaspa.com\/de\/?s={search_term_string}"},"query-input":{"@type":"PropertyValueSpecification","valueRequired":true,"valueName":"search_term_string"}}],"inLanguage":"de"},{"@type":"Organization","@id":"https:\/\/www.plastitaliaspa.com\/de\/#organization","name":"Plastitalia","url":"https:\/\/www.plastitaliaspa.com\/de\/","logo":{"@type":"ImageObject","inLanguage":"de","@id":"https:\/\/www.plastitaliaspa.com\/de\/#\/schema\/logo\/image\/","url":"https:\/\/www.plastitaliaspa.com\/wp-content\/uploads\/2024\/05\/logo-plastitalia-sito.png","contentUrl":"https:\/\/www.plastitaliaspa.com\/wp-content\/uploads\/2024\/05\/logo-plastitalia-sito.png","width":652,"height":205,"caption":"Plastitalia"},"image":{"@id":"https:\/\/www.plastitaliaspa.com\/de\/#\/schema\/logo\/image\/"}}]}},"_links":{"self":[{"href":"https:\/\/www.plastitaliaspa.com\/de\/wp-json\/wp\/v2\/product\/12285","targetHints":{"allow":["GET"]}}],"collection":[{"href":"https:\/\/www.plastitaliaspa.com\/de\/wp-json\/wp\/v2\/product"}],"about":[{"href":"https:\/\/www.plastitaliaspa.com\/de\/wp-json\/wp\/v2\/types\/product"}],"version-history":[{"count":1,"href":"https:\/\/www.plastitaliaspa.com\/de\/wp-json\/wp\/v2\/product\/12285\/revisions"}],"predecessor-version":[{"id":12931,"href":"https:\/\/www.plastitaliaspa.com\/de\/wp-json\/wp\/v2\/product\/12285\/revisions\/12931"}],"wp:featuredmedia":[{"embeddable":true,"href":"https:\/\/www.plastitaliaspa.com\/de\/wp-json\/wp\/v2\/media\/2242"}],"wp:attachment":[{"href":"https:\/\/www.plastitaliaspa.com\/de\/wp-json\/wp\/v2\/media?parent=12285"}],"wp:term":[{"taxonomy":"product_brand","embeddable":true,"href":"https:\/\/www.plastitaliaspa.com\/de\/wp-json\/wp\/v2\/product_brand?post=12285"},{"taxonomy":"product_cat","embeddable":true,"href":"https:\/\/www.plastitaliaspa.com\/de\/wp-json\/wp\/v2\/product_cat?post=12285"},{"taxonomy":"product_tag","embeddable":true,"href":"https:\/\/www.plastitaliaspa.com\/de\/wp-json\/wp\/v2\/product_tag?post=12285"}],"curies":[{"name":"wp","href":"https:\/\/api.w.org\/{rel}","templated":true}]}}