{"id":12279,"date":"2024-05-29T11:59:24","date_gmt":"2024-05-29T11:59:24","guid":{"rendered":"https:\/\/plastitalia.aitema.com\/raccordi-polietilene\/unkategorisiert\/uebergangsadapter-pe-stahl-schwarz-mit-zu-schweissendem-endstueck\/"},"modified":"2024-07-22T11:44:08","modified_gmt":"2024-07-22T11:44:08","slug":"uebergangsadapter-pe-stahl-schwarz-mit-zu-schweissendem-endstueck","status":"publish","type":"product","link":"https:\/\/www.plastitaliaspa.com\/de\/polyethylene-fittings\/rohranschluesse\/uebergangsadapter-pe-stahl-schwarz-mit-zu-schweissendem-endstueck\/","title":{"rendered":"\u00dcBERGANGSADAPTER PE\/STAHL schwarz mit zu schwei\u00dfendem Endst\u00fcck"},"content":{"rendered":"<p>Der \u00dcbergangsadapter aus PE\/STAHL schwarz, nicht beschichteter Stahl (zum Schwei\u00dfen) wird verwendet f\u00fcr: Rohrleitungssysteme zur Verteilung von brennbaren Gasen (UNI EN 1555).<\/p>\n<p><strong>Hauptmerkmale: <\/strong><\/p>\n<p>Kategorie der \u00dcbergangsadapter; PE100 schwarz und Stahl schwarz; SDR 11; nicht beschichteter Stahl; gepresste Ausf\u00fchrung.<\/p>\n<hr \/>\n<p><strong>Verwendet f\u00fcr: <\/strong><\/p>\n<p>Rohrleitungssysteme f\u00fcr die Verteilung von brennbaren Gasen (UNI EN 1555).<\/p>\n","protected":false},"excerpt":{"rendered":"<p>Der \u00dcbergangsadapter aus PE\/STAHL schwarz, nicht beschichteter Stahl (zum Schwei\u00dfen) wird verwendet f\u00fcr: Rohrleitungssysteme zur Verteilung von brennbaren Gasen (UNI EN 1555).<\/p>\n<p><strong>Hauptmerkmale: <\/strong><\/p>\n<p>Kategorie der \u00dcbergangsadapter; PE100 schwarz und Stahl schwarz; SDR 11; nicht beschichteter Stahl; gepresste Ausf\u00fchrung.<\/p>\n<hr \/>\n<p><strong>Verwendet f\u00fcr: <\/strong><\/p>\n<p>Rohrleitungssysteme f\u00fcr die Verteilung von brennbaren Gasen (UNI EN 1555).<\/p>\n","protected":false},"featured_media":2134,"template":"","meta":{"_acf_changed":false},"product_brand":[],"product_cat":[138,141],"product_tag":[],"class_list":{"0":"post-12279","1":"product","2":"type-product","3":"status-publish","4":"has-post-thumbnail","6":"product_cat-rohranschluesse","7":"product_cat-uebergangs-verbindugsstuecke","9":"first","10":"instock","11":"product-type-simple"},"acf":[],"yoast_head":"<!-- This site is optimized with the Yoast SEO plugin v27.4 - https:\/\/yoast.com\/product\/yoast-seo-wordpress\/ -->\n<title>\u00dcBERGANGSADAPTER PE\/STAHL schwarz mit zu schwei\u00dfendem Endst\u00fcck | Plastitalia<\/title>\n<meta name=\"description\" content=\"Der \u00dcbergangsadapter aus PE\/STAHL schwarz, nicht beschichteter Stahl (zum Schwei\u00dfen) wird verwendet f\u00fcr: Rohrleitungssysteme zur Verteilung von brennbaren Gasen (UNI EN 1555).  Hauptmerkmale:   Kategorie der \u00dcbergangsadapter; PE100 schwarz und Stahl schwarz; SDR 11; nicht beschichteter Stahl; gepresste Ausf\u00fchrung.   Verwendet f\u00fcr:   Rohrleitungssysteme f\u00fcr die Verteilung von brennbaren Gasen (UNI EN 1555).\" \/>\n<meta name=\"robots\" content=\"index, follow, max-snippet:-1, max-image-preview:large, max-video-preview:-1\" \/>\n<link rel=\"canonical\" href=\"https:\/\/www.plastitaliaspa.com\/de\/polyethylene-fittings\/rohranschluesse\/uebergangsadapter-pe-stahl-schwarz-mit-zu-schweissendem-endstueck\/\" \/>\n<meta property=\"og:locale\" content=\"de_DE\" \/>\n<meta property=\"og:type\" content=\"article\" \/>\n<meta property=\"og:title\" content=\"\u00dcBERGANGSADAPTER PE\/STAHL schwarz mit zu schwei\u00dfendem Endst\u00fcck | Plastitalia\" \/>\n<meta property=\"og:description\" content=\"Der \u00dcbergangsadapter aus PE\/STAHL schwarz, nicht beschichteter Stahl (zum Schwei\u00dfen) wird verwendet f\u00fcr: Rohrleitungssysteme zur Verteilung von brennbaren Gasen (UNI EN 1555).  Hauptmerkmale:   Kategorie der \u00dcbergangsadapter; PE100 schwarz und Stahl schwarz; SDR 11; nicht beschichteter Stahl; gepresste Ausf\u00fchrung.   Verwendet f\u00fcr:   Rohrleitungssysteme f\u00fcr die Verteilung von brennbaren Gasen (UNI EN 1555).\" \/>\n<meta property=\"og:url\" content=\"https:\/\/www.plastitaliaspa.com\/de\/polyethylene-fittings\/rohranschluesse\/uebergangsadapter-pe-stahl-schwarz-mit-zu-schweissendem-endstueck\/\" \/>\n<meta property=\"og:site_name\" content=\"Plastitalia\" \/>\n<meta property=\"article:modified_time\" content=\"2024-07-22T11:44:08+00:00\" \/>\n<meta property=\"og:image\" content=\"https:\/\/www.plastitaliaspa.com\/wp-content\/uploads\/2024\/05\/Raccordo-di-transizione-PE-acciao-nero.png\" \/>\n\t<meta property=\"og:image:width\" content=\"500\" \/>\n\t<meta property=\"og:image:height\" content=\"500\" \/>\n\t<meta property=\"og:image:type\" content=\"image\/png\" \/>\n<meta name=\"twitter:card\" content=\"summary_large_image\" \/>\n<script type=\"application\/ld+json\" class=\"yoast-schema-graph\">{\"@context\":\"https:\\\/\\\/schema.org\",\"@graph\":[{\"@type\":\"WebPage\",\"@id\":\"https:\\\/\\\/www.plastitaliaspa.com\\\/de\\\/polyethylene-fittings\\\/rohranschluesse\\\/uebergangsadapter-pe-stahl-schwarz-mit-zu-schweissendem-endstueck\\\/\",\"url\":\"https:\\\/\\\/www.plastitaliaspa.com\\\/de\\\/polyethylene-fittings\\\/rohranschluesse\\\/uebergangsadapter-pe-stahl-schwarz-mit-zu-schweissendem-endstueck\\\/\",\"name\":\"\u00dcBERGANGSADAPTER PE\\\/STAHL schwarz mit zu schwei\u00dfendem Endst\u00fcck | Plastitalia\",\"isPartOf\":{\"@id\":\"https:\\\/\\\/www.plastitaliaspa.com\\\/de\\\/#website\"},\"primaryImageOfPage\":{\"@id\":\"https:\\\/\\\/www.plastitaliaspa.com\\\/de\\\/polyethylene-fittings\\\/rohranschluesse\\\/uebergangsadapter-pe-stahl-schwarz-mit-zu-schweissendem-endstueck\\\/#primaryimage\"},\"image\":{\"@id\":\"https:\\\/\\\/www.plastitaliaspa.com\\\/de\\\/polyethylene-fittings\\\/rohranschluesse\\\/uebergangsadapter-pe-stahl-schwarz-mit-zu-schweissendem-endstueck\\\/#primaryimage\"},\"thumbnailUrl\":\"https:\\\/\\\/www.plastitaliaspa.com\\\/wp-content\\\/uploads\\\/2024\\\/05\\\/Raccordo-di-transizione-PE-acciao-nero.png\",\"datePublished\":\"2024-05-29T11:59:24+00:00\",\"dateModified\":\"2024-07-22T11:44:08+00:00\",\"description\":\"Der \u00dcbergangsadapter aus PE\\\/STAHL schwarz, nicht beschichteter Stahl (zum Schwei\u00dfen) wird verwendet f\u00fcr: Rohrleitungssysteme zur Verteilung von brennbaren Gasen (UNI EN 1555). Hauptmerkmale: Kategorie der \u00dcbergangsadapter; PE100 schwarz und Stahl schwarz; SDR 11; nicht beschichteter Stahl; gepresste Ausf\u00fchrung. Verwendet f\u00fcr: Rohrleitungssysteme f\u00fcr die Verteilung von brennbaren Gasen (UNI EN 1555).\",\"breadcrumb\":{\"@id\":\"https:\\\/\\\/www.plastitaliaspa.com\\\/de\\\/polyethylene-fittings\\\/rohranschluesse\\\/uebergangsadapter-pe-stahl-schwarz-mit-zu-schweissendem-endstueck\\\/#breadcrumb\"},\"inLanguage\":\"de\",\"potentialAction\":[{\"@type\":\"ReadAction\",\"target\":[\"https:\\\/\\\/www.plastitaliaspa.com\\\/de\\\/polyethylene-fittings\\\/rohranschluesse\\\/uebergangsadapter-pe-stahl-schwarz-mit-zu-schweissendem-endstueck\\\/\"]}]},{\"@type\":\"ImageObject\",\"inLanguage\":\"de\",\"@id\":\"https:\\\/\\\/www.plastitaliaspa.com\\\/de\\\/polyethylene-fittings\\\/rohranschluesse\\\/uebergangsadapter-pe-stahl-schwarz-mit-zu-schweissendem-endstueck\\\/#primaryimage\",\"url\":\"https:\\\/\\\/www.plastitaliaspa.com\\\/wp-content\\\/uploads\\\/2024\\\/05\\\/Raccordo-di-transizione-PE-acciao-nero.png\",\"contentUrl\":\"https:\\\/\\\/www.plastitaliaspa.com\\\/wp-content\\\/uploads\\\/2024\\\/05\\\/Raccordo-di-transizione-PE-acciao-nero.png\",\"width\":500,\"height\":500},{\"@type\":\"BreadcrumbList\",\"@id\":\"https:\\\/\\\/www.plastitaliaspa.com\\\/de\\\/polyethylene-fittings\\\/rohranschluesse\\\/uebergangsadapter-pe-stahl-schwarz-mit-zu-schweissendem-endstueck\\\/#breadcrumb\",\"itemListElement\":[{\"@type\":\"ListItem\",\"position\":1,\"name\":\"Home\",\"item\":\"https:\\\/\\\/www.plastitaliaspa.com\\\/de\\\/\"},{\"@type\":\"ListItem\",\"position\":2,\"name\":\"Shop\",\"item\":\"https:\\\/\\\/www.plastitaliaspa.com\\\/negozio\\\/\"},{\"@type\":\"ListItem\",\"position\":3,\"name\":\"\u00dcBERGANGSADAPTER PE\\\/STAHL schwarz mit zu schwei\u00dfendem Endst\u00fcck\"}]},{\"@type\":\"WebSite\",\"@id\":\"https:\\\/\\\/www.plastitaliaspa.com\\\/de\\\/#website\",\"url\":\"https:\\\/\\\/www.plastitaliaspa.com\\\/de\\\/\",\"name\":\"Plastitalia\",\"description\":\"Leader europeo nella produzione di raccordi in polietilene. Raccordi HDPE elettrosaldabili, di transizione e testa a testa utilizzati per impianti acqua e gas.\",\"publisher\":{\"@id\":\"https:\\\/\\\/www.plastitaliaspa.com\\\/de\\\/#organization\"},\"potentialAction\":[{\"@type\":\"SearchAction\",\"target\":{\"@type\":\"EntryPoint\",\"urlTemplate\":\"https:\\\/\\\/www.plastitaliaspa.com\\\/de\\\/?s={search_term_string}\"},\"query-input\":{\"@type\":\"PropertyValueSpecification\",\"valueRequired\":true,\"valueName\":\"search_term_string\"}}],\"inLanguage\":\"de\"},{\"@type\":\"Organization\",\"@id\":\"https:\\\/\\\/www.plastitaliaspa.com\\\/de\\\/#organization\",\"name\":\"Plastitalia\",\"url\":\"https:\\\/\\\/www.plastitaliaspa.com\\\/de\\\/\",\"logo\":{\"@type\":\"ImageObject\",\"inLanguage\":\"de\",\"@id\":\"https:\\\/\\\/www.plastitaliaspa.com\\\/de\\\/#\\\/schema\\\/logo\\\/image\\\/\",\"url\":\"https:\\\/\\\/www.plastitaliaspa.com\\\/wp-content\\\/uploads\\\/2024\\\/05\\\/logo-plastitalia-sito.png\",\"contentUrl\":\"https:\\\/\\\/www.plastitaliaspa.com\\\/wp-content\\\/uploads\\\/2024\\\/05\\\/logo-plastitalia-sito.png\",\"width\":652,\"height\":205,\"caption\":\"Plastitalia\"},\"image\":{\"@id\":\"https:\\\/\\\/www.plastitaliaspa.com\\\/de\\\/#\\\/schema\\\/logo\\\/image\\\/\"}}]}<\/script>\n<!-- \/ Yoast SEO plugin. -->","yoast_head_json":{"title":"\u00dcBERGANGSADAPTER PE\/STAHL schwarz mit zu schwei\u00dfendem Endst\u00fcck | Plastitalia","description":"Der \u00dcbergangsadapter aus PE\/STAHL schwarz, nicht beschichteter Stahl (zum Schwei\u00dfen) wird verwendet f\u00fcr: Rohrleitungssysteme zur Verteilung von brennbaren Gasen (UNI EN 1555).  Hauptmerkmale:   Kategorie der \u00dcbergangsadapter; PE100 schwarz und Stahl schwarz; SDR 11; nicht beschichteter Stahl; gepresste Ausf\u00fchrung.   Verwendet f\u00fcr:   Rohrleitungssysteme f\u00fcr die Verteilung von brennbaren Gasen (UNI EN 1555).","robots":{"index":"index","follow":"follow","max-snippet":"max-snippet:-1","max-image-preview":"max-image-preview:large","max-video-preview":"max-video-preview:-1"},"canonical":"https:\/\/www.plastitaliaspa.com\/de\/polyethylene-fittings\/rohranschluesse\/uebergangsadapter-pe-stahl-schwarz-mit-zu-schweissendem-endstueck\/","og_locale":"de_DE","og_type":"article","og_title":"\u00dcBERGANGSADAPTER PE\/STAHL schwarz mit zu schwei\u00dfendem Endst\u00fcck | Plastitalia","og_description":"Der \u00dcbergangsadapter aus PE\/STAHL schwarz, nicht beschichteter Stahl (zum Schwei\u00dfen) wird verwendet f\u00fcr: Rohrleitungssysteme zur Verteilung von brennbaren Gasen (UNI EN 1555).  Hauptmerkmale:   Kategorie der \u00dcbergangsadapter; PE100 schwarz und Stahl schwarz; SDR 11; nicht beschichteter Stahl; gepresste Ausf\u00fchrung.   Verwendet f\u00fcr:   Rohrleitungssysteme f\u00fcr die Verteilung von brennbaren Gasen (UNI EN 1555).","og_url":"https:\/\/www.plastitaliaspa.com\/de\/polyethylene-fittings\/rohranschluesse\/uebergangsadapter-pe-stahl-schwarz-mit-zu-schweissendem-endstueck\/","og_site_name":"Plastitalia","article_modified_time":"2024-07-22T11:44:08+00:00","og_image":[{"width":500,"height":500,"url":"https:\/\/www.plastitaliaspa.com\/wp-content\/uploads\/2024\/05\/Raccordo-di-transizione-PE-acciao-nero.png","type":"image\/png"}],"twitter_card":"summary_large_image","schema":{"@context":"https:\/\/schema.org","@graph":[{"@type":"WebPage","@id":"https:\/\/www.plastitaliaspa.com\/de\/polyethylene-fittings\/rohranschluesse\/uebergangsadapter-pe-stahl-schwarz-mit-zu-schweissendem-endstueck\/","url":"https:\/\/www.plastitaliaspa.com\/de\/polyethylene-fittings\/rohranschluesse\/uebergangsadapter-pe-stahl-schwarz-mit-zu-schweissendem-endstueck\/","name":"\u00dcBERGANGSADAPTER PE\/STAHL schwarz mit zu schwei\u00dfendem Endst\u00fcck | Plastitalia","isPartOf":{"@id":"https:\/\/www.plastitaliaspa.com\/de\/#website"},"primaryImageOfPage":{"@id":"https:\/\/www.plastitaliaspa.com\/de\/polyethylene-fittings\/rohranschluesse\/uebergangsadapter-pe-stahl-schwarz-mit-zu-schweissendem-endstueck\/#primaryimage"},"image":{"@id":"https:\/\/www.plastitaliaspa.com\/de\/polyethylene-fittings\/rohranschluesse\/uebergangsadapter-pe-stahl-schwarz-mit-zu-schweissendem-endstueck\/#primaryimage"},"thumbnailUrl":"https:\/\/www.plastitaliaspa.com\/wp-content\/uploads\/2024\/05\/Raccordo-di-transizione-PE-acciao-nero.png","datePublished":"2024-05-29T11:59:24+00:00","dateModified":"2024-07-22T11:44:08+00:00","description":"Der \u00dcbergangsadapter aus PE\/STAHL schwarz, nicht beschichteter Stahl (zum Schwei\u00dfen) wird verwendet f\u00fcr: Rohrleitungssysteme zur Verteilung von brennbaren Gasen (UNI EN 1555). Hauptmerkmale: Kategorie der \u00dcbergangsadapter; PE100 schwarz und Stahl schwarz; SDR 11; nicht beschichteter Stahl; gepresste Ausf\u00fchrung. Verwendet f\u00fcr: Rohrleitungssysteme f\u00fcr die Verteilung von brennbaren Gasen (UNI EN 1555).","breadcrumb":{"@id":"https:\/\/www.plastitaliaspa.com\/de\/polyethylene-fittings\/rohranschluesse\/uebergangsadapter-pe-stahl-schwarz-mit-zu-schweissendem-endstueck\/#breadcrumb"},"inLanguage":"de","potentialAction":[{"@type":"ReadAction","target":["https:\/\/www.plastitaliaspa.com\/de\/polyethylene-fittings\/rohranschluesse\/uebergangsadapter-pe-stahl-schwarz-mit-zu-schweissendem-endstueck\/"]}]},{"@type":"ImageObject","inLanguage":"de","@id":"https:\/\/www.plastitaliaspa.com\/de\/polyethylene-fittings\/rohranschluesse\/uebergangsadapter-pe-stahl-schwarz-mit-zu-schweissendem-endstueck\/#primaryimage","url":"https:\/\/www.plastitaliaspa.com\/wp-content\/uploads\/2024\/05\/Raccordo-di-transizione-PE-acciao-nero.png","contentUrl":"https:\/\/www.plastitaliaspa.com\/wp-content\/uploads\/2024\/05\/Raccordo-di-transizione-PE-acciao-nero.png","width":500,"height":500},{"@type":"BreadcrumbList","@id":"https:\/\/www.plastitaliaspa.com\/de\/polyethylene-fittings\/rohranschluesse\/uebergangsadapter-pe-stahl-schwarz-mit-zu-schweissendem-endstueck\/#breadcrumb","itemListElement":[{"@type":"ListItem","position":1,"name":"Home","item":"https:\/\/www.plastitaliaspa.com\/de\/"},{"@type":"ListItem","position":2,"name":"Shop","item":"https:\/\/www.plastitaliaspa.com\/negozio\/"},{"@type":"ListItem","position":3,"name":"\u00dcBERGANGSADAPTER PE\/STAHL schwarz mit zu schwei\u00dfendem Endst\u00fcck"}]},{"@type":"WebSite","@id":"https:\/\/www.plastitaliaspa.com\/de\/#website","url":"https:\/\/www.plastitaliaspa.com\/de\/","name":"Plastitalia","description":"Leader europeo nella produzione di raccordi in polietilene. Raccordi HDPE elettrosaldabili, di transizione e testa a testa utilizzati per impianti acqua e gas.","publisher":{"@id":"https:\/\/www.plastitaliaspa.com\/de\/#organization"},"potentialAction":[{"@type":"SearchAction","target":{"@type":"EntryPoint","urlTemplate":"https:\/\/www.plastitaliaspa.com\/de\/?s={search_term_string}"},"query-input":{"@type":"PropertyValueSpecification","valueRequired":true,"valueName":"search_term_string"}}],"inLanguage":"de"},{"@type":"Organization","@id":"https:\/\/www.plastitaliaspa.com\/de\/#organization","name":"Plastitalia","url":"https:\/\/www.plastitaliaspa.com\/de\/","logo":{"@type":"ImageObject","inLanguage":"de","@id":"https:\/\/www.plastitaliaspa.com\/de\/#\/schema\/logo\/image\/","url":"https:\/\/www.plastitaliaspa.com\/wp-content\/uploads\/2024\/05\/logo-plastitalia-sito.png","contentUrl":"https:\/\/www.plastitaliaspa.com\/wp-content\/uploads\/2024\/05\/logo-plastitalia-sito.png","width":652,"height":205,"caption":"Plastitalia"},"image":{"@id":"https:\/\/www.plastitaliaspa.com\/de\/#\/schema\/logo\/image\/"}}]}},"_links":{"self":[{"href":"https:\/\/www.plastitaliaspa.com\/de\/wp-json\/wp\/v2\/product\/12279","targetHints":{"allow":["GET"]}}],"collection":[{"href":"https:\/\/www.plastitaliaspa.com\/de\/wp-json\/wp\/v2\/product"}],"about":[{"href":"https:\/\/www.plastitaliaspa.com\/de\/wp-json\/wp\/v2\/types\/product"}],"version-history":[{"count":1,"href":"https:\/\/www.plastitaliaspa.com\/de\/wp-json\/wp\/v2\/product\/12279\/revisions"}],"predecessor-version":[{"id":12948,"href":"https:\/\/www.plastitaliaspa.com\/de\/wp-json\/wp\/v2\/product\/12279\/revisions\/12948"}],"wp:featuredmedia":[{"embeddable":true,"href":"https:\/\/www.plastitaliaspa.com\/de\/wp-json\/wp\/v2\/media\/2134"}],"wp:attachment":[{"href":"https:\/\/www.plastitaliaspa.com\/de\/wp-json\/wp\/v2\/media?parent=12279"}],"wp:term":[{"taxonomy":"product_brand","embeddable":true,"href":"https:\/\/www.plastitaliaspa.com\/de\/wp-json\/wp\/v2\/product_brand?post=12279"},{"taxonomy":"product_cat","embeddable":true,"href":"https:\/\/www.plastitaliaspa.com\/de\/wp-json\/wp\/v2\/product_cat?post=12279"},{"taxonomy":"product_tag","embeddable":true,"href":"https:\/\/www.plastitaliaspa.com\/de\/wp-json\/wp\/v2\/product_tag?post=12279"}],"curies":[{"name":"wp","href":"https:\/\/api.w.org\/{rel}","templated":true}]}}