{"id":12275,"date":"2024-05-29T11:59:06","date_gmt":"2024-05-29T11:59:06","guid":{"rendered":"https:\/\/plastitalia.aitema.com\/raccordi-polietilene\/unkategorisiert\/uebergangsadapter-aus-pe-messing-mit-innengewinde\/"},"modified":"2024-07-22T11:44:09","modified_gmt":"2024-07-22T11:44:09","slug":"uebergangsadapter-aus-pe-messing-mit-innengewinde","status":"publish","type":"product","link":"https:\/\/www.plastitaliaspa.com\/de\/polyethylene-fittings\/rohranschluesse\/uebergangsadapter-aus-pe-messing-mit-innengewinde\/","title":{"rendered":"\u00dcBERGANGSADAPTER AUS PE\/MESSING mit Innengewinde"},"content":{"rendered":"<p>Der \u00dcBERGANGSADAPTER AUS PE\/MESSING mit Innengewinde wird f\u00fcr Rohrleitungssysteme f\u00fcr die Verteilung von Gas und Wasser sowie f\u00fcr industrielle Anwendungen verwendet.<\/p>\n<p><strong>Hauptmerkmale: <\/strong><\/p>\n<p>Serie der \u00dcbergangsadapter; PE100 schwarz und Messing; SDR 11; gepresste Ausf\u00fchrung.<\/p>\n<hr \/>\n<p><strong>Verwendet f\u00fcr: <\/strong><\/p>\n<p>Rohrleitungssysteme f\u00fcr die Wasserverteilung (UNI EN 12201); Rohrleitungssysteme f\u00fcr industrielle Anwendungen (UNI EN ISO 15494); Rohrleitungssysteme f\u00fcr die Verteilung brennbarer Gase (UNI EN 1555).<\/p>\n<p>&nbsp;<\/p>\n","protected":false},"excerpt":{"rendered":"<p>Der \u00dcBERGANGSADAPTER AUS PE\/MESSING mit Innengewinde wird f\u00fcr Rohrleitungssysteme f\u00fcr die Verteilung von Gas und Wasser sowie f\u00fcr industrielle Anwendungen verwendet.<\/p>\n<p><strong>Hauptmerkmale: <\/strong><\/p>\n<p>Serie der \u00dcbergangsadapter; PE100 schwarz und Messing; SDR 11; gepresste Ausf\u00fchrung.<\/p>\n<hr \/>\n<p><strong>Verwendet f\u00fcr: <\/strong><\/p>\n<p>Rohrleitungssysteme f\u00fcr die Wasserverteilung (UNI EN 12201); Rohrleitungssysteme f\u00fcr industrielle Anwendungen (UNI EN ISO 15494); Rohrleitungssysteme f\u00fcr die Verteilung brennbarer Gase (UNI EN 1555).<\/p>\n<p>&nbsp;<\/p>\n","protected":false},"featured_media":2062,"template":"","meta":{"_acf_changed":false},"product_brand":[],"product_cat":[138,141],"product_tag":[],"class_list":{"0":"post-12275","1":"product","2":"type-product","3":"status-publish","4":"has-post-thumbnail","6":"product_cat-rohranschluesse","7":"product_cat-uebergangs-verbindugsstuecke","9":"first","10":"instock","11":"product-type-simple"},"acf":[],"yoast_head":"<!-- This site is optimized with the Yoast SEO plugin v27.4 - https:\/\/yoast.com\/product\/yoast-seo-wordpress\/ -->\n<title>\u00dcBERGANGSADAPTER AUS PE\/MESSING mit Innengewinde | Plastitalia<\/title>\n<meta name=\"description\" content=\"Der \u00dcBERGANGSADAPTER AUS PE\/MESSING mit Innengewinde wird f\u00fcr Rohrleitungssysteme f\u00fcr die Verteilung von Gas und Wasser sowie f\u00fcr industrielle Anwendungen verwendet.  Hauptmerkmale:   Serie der \u00dcbergangsadapter; PE100 schwarz und Messing; SDR 11; gepresste Ausf\u00fchrung.   Verwendet f\u00fcr:   Rohrleitungssysteme f\u00fcr die Wasserverteilung (UNI EN 12201); Rohrleitungssysteme f\u00fcr industrielle Anwendungen (UNI EN ISO 15494); Rohrleitungssysteme f\u00fcr die Verteilung brennbarer Gase (UNI EN 1555).  &nbsp;\" \/>\n<meta name=\"robots\" content=\"index, follow, max-snippet:-1, max-image-preview:large, max-video-preview:-1\" \/>\n<link rel=\"canonical\" href=\"https:\/\/www.plastitaliaspa.com\/de\/polyethylene-fittings\/rohranschluesse\/uebergangsadapter-aus-pe-messing-mit-innengewinde\/\" \/>\n<meta property=\"og:locale\" content=\"de_DE\" \/>\n<meta property=\"og:type\" content=\"article\" \/>\n<meta property=\"og:title\" content=\"\u00dcBERGANGSADAPTER AUS PE\/MESSING mit Innengewinde | Plastitalia\" \/>\n<meta property=\"og:description\" content=\"Der \u00dcBERGANGSADAPTER AUS PE\/MESSING mit Innengewinde wird f\u00fcr Rohrleitungssysteme f\u00fcr die Verteilung von Gas und Wasser sowie f\u00fcr industrielle Anwendungen verwendet.  Hauptmerkmale:   Serie der \u00dcbergangsadapter; PE100 schwarz und Messing; SDR 11; gepresste Ausf\u00fchrung.   Verwendet f\u00fcr:   Rohrleitungssysteme f\u00fcr die Wasserverteilung (UNI EN 12201); Rohrleitungssysteme f\u00fcr industrielle Anwendungen (UNI EN ISO 15494); Rohrleitungssysteme f\u00fcr die Verteilung brennbarer Gase (UNI EN 1555).  &nbsp;\" \/>\n<meta property=\"og:url\" content=\"https:\/\/www.plastitaliaspa.com\/de\/polyethylene-fittings\/rohranschluesse\/uebergangsadapter-aus-pe-messing-mit-innengewinde\/\" \/>\n<meta property=\"og:site_name\" content=\"Plastitalia\" \/>\n<meta property=\"article:modified_time\" content=\"2024-07-22T11:44:09+00:00\" \/>\n<meta property=\"og:image\" content=\"https:\/\/www.plastitaliaspa.com\/wp-content\/uploads\/2024\/05\/transizione-p-pebrass-female_677890571.jpg\" \/>\n\t<meta property=\"og:image:width\" content=\"388\" \/>\n\t<meta property=\"og:image:height\" content=\"388\" \/>\n\t<meta property=\"og:image:type\" content=\"image\/jpeg\" \/>\n<meta name=\"twitter:card\" content=\"summary_large_image\" \/>\n<script type=\"application\/ld+json\" class=\"yoast-schema-graph\">{\"@context\":\"https:\\\/\\\/schema.org\",\"@graph\":[{\"@type\":\"WebPage\",\"@id\":\"https:\\\/\\\/www.plastitaliaspa.com\\\/de\\\/polyethylene-fittings\\\/rohranschluesse\\\/uebergangsadapter-aus-pe-messing-mit-innengewinde\\\/\",\"url\":\"https:\\\/\\\/www.plastitaliaspa.com\\\/de\\\/polyethylene-fittings\\\/rohranschluesse\\\/uebergangsadapter-aus-pe-messing-mit-innengewinde\\\/\",\"name\":\"\u00dcBERGANGSADAPTER AUS PE\\\/MESSING mit Innengewinde | Plastitalia\",\"isPartOf\":{\"@id\":\"https:\\\/\\\/www.plastitaliaspa.com\\\/de\\\/#website\"},\"primaryImageOfPage\":{\"@id\":\"https:\\\/\\\/www.plastitaliaspa.com\\\/de\\\/polyethylene-fittings\\\/rohranschluesse\\\/uebergangsadapter-aus-pe-messing-mit-innengewinde\\\/#primaryimage\"},\"image\":{\"@id\":\"https:\\\/\\\/www.plastitaliaspa.com\\\/de\\\/polyethylene-fittings\\\/rohranschluesse\\\/uebergangsadapter-aus-pe-messing-mit-innengewinde\\\/#primaryimage\"},\"thumbnailUrl\":\"https:\\\/\\\/www.plastitaliaspa.com\\\/wp-content\\\/uploads\\\/2024\\\/05\\\/transizione-p-pebrass-female_677890571.jpg\",\"datePublished\":\"2024-05-29T11:59:06+00:00\",\"dateModified\":\"2024-07-22T11:44:09+00:00\",\"description\":\"Der \u00dcBERGANGSADAPTER AUS PE\\\/MESSING mit Innengewinde wird f\u00fcr Rohrleitungssysteme f\u00fcr die Verteilung von Gas und Wasser sowie f\u00fcr industrielle Anwendungen verwendet. Hauptmerkmale: Serie der \u00dcbergangsadapter; PE100 schwarz und Messing; SDR 11; gepresste Ausf\u00fchrung. Verwendet f\u00fcr: Rohrleitungssysteme f\u00fcr die Wasserverteilung (UNI EN 12201); Rohrleitungssysteme f\u00fcr industrielle Anwendungen (UNI EN ISO 15494); Rohrleitungssysteme f\u00fcr die Verteilung brennbarer Gase (UNI EN 1555). &nbsp;\",\"breadcrumb\":{\"@id\":\"https:\\\/\\\/www.plastitaliaspa.com\\\/de\\\/polyethylene-fittings\\\/rohranschluesse\\\/uebergangsadapter-aus-pe-messing-mit-innengewinde\\\/#breadcrumb\"},\"inLanguage\":\"de\",\"potentialAction\":[{\"@type\":\"ReadAction\",\"target\":[\"https:\\\/\\\/www.plastitaliaspa.com\\\/de\\\/polyethylene-fittings\\\/rohranschluesse\\\/uebergangsadapter-aus-pe-messing-mit-innengewinde\\\/\"]}]},{\"@type\":\"ImageObject\",\"inLanguage\":\"de\",\"@id\":\"https:\\\/\\\/www.plastitaliaspa.com\\\/de\\\/polyethylene-fittings\\\/rohranschluesse\\\/uebergangsadapter-aus-pe-messing-mit-innengewinde\\\/#primaryimage\",\"url\":\"https:\\\/\\\/www.plastitaliaspa.com\\\/wp-content\\\/uploads\\\/2024\\\/05\\\/transizione-p-pebrass-female_677890571.jpg\",\"contentUrl\":\"https:\\\/\\\/www.plastitaliaspa.com\\\/wp-content\\\/uploads\\\/2024\\\/05\\\/transizione-p-pebrass-female_677890571.jpg\",\"width\":388,\"height\":388},{\"@type\":\"BreadcrumbList\",\"@id\":\"https:\\\/\\\/www.plastitaliaspa.com\\\/de\\\/polyethylene-fittings\\\/rohranschluesse\\\/uebergangsadapter-aus-pe-messing-mit-innengewinde\\\/#breadcrumb\",\"itemListElement\":[{\"@type\":\"ListItem\",\"position\":1,\"name\":\"Home\",\"item\":\"https:\\\/\\\/www.plastitaliaspa.com\\\/de\\\/\"},{\"@type\":\"ListItem\",\"position\":2,\"name\":\"Shop\",\"item\":\"https:\\\/\\\/www.plastitaliaspa.com\\\/negozio\\\/\"},{\"@type\":\"ListItem\",\"position\":3,\"name\":\"\u00dcBERGANGSADAPTER AUS PE\\\/MESSING mit Innengewinde\"}]},{\"@type\":\"WebSite\",\"@id\":\"https:\\\/\\\/www.plastitaliaspa.com\\\/de\\\/#website\",\"url\":\"https:\\\/\\\/www.plastitaliaspa.com\\\/de\\\/\",\"name\":\"Plastitalia\",\"description\":\"Leader europeo nella produzione di raccordi in polietilene. Raccordi HDPE elettrosaldabili, di transizione e testa a testa utilizzati per impianti acqua e gas.\",\"publisher\":{\"@id\":\"https:\\\/\\\/www.plastitaliaspa.com\\\/de\\\/#organization\"},\"potentialAction\":[{\"@type\":\"SearchAction\",\"target\":{\"@type\":\"EntryPoint\",\"urlTemplate\":\"https:\\\/\\\/www.plastitaliaspa.com\\\/de\\\/?s={search_term_string}\"},\"query-input\":{\"@type\":\"PropertyValueSpecification\",\"valueRequired\":true,\"valueName\":\"search_term_string\"}}],\"inLanguage\":\"de\"},{\"@type\":\"Organization\",\"@id\":\"https:\\\/\\\/www.plastitaliaspa.com\\\/de\\\/#organization\",\"name\":\"Plastitalia\",\"url\":\"https:\\\/\\\/www.plastitaliaspa.com\\\/de\\\/\",\"logo\":{\"@type\":\"ImageObject\",\"inLanguage\":\"de\",\"@id\":\"https:\\\/\\\/www.plastitaliaspa.com\\\/de\\\/#\\\/schema\\\/logo\\\/image\\\/\",\"url\":\"https:\\\/\\\/www.plastitaliaspa.com\\\/wp-content\\\/uploads\\\/2024\\\/05\\\/logo-plastitalia-sito.png\",\"contentUrl\":\"https:\\\/\\\/www.plastitaliaspa.com\\\/wp-content\\\/uploads\\\/2024\\\/05\\\/logo-plastitalia-sito.png\",\"width\":652,\"height\":205,\"caption\":\"Plastitalia\"},\"image\":{\"@id\":\"https:\\\/\\\/www.plastitaliaspa.com\\\/de\\\/#\\\/schema\\\/logo\\\/image\\\/\"}}]}<\/script>\n<!-- \/ Yoast SEO plugin. -->","yoast_head_json":{"title":"\u00dcBERGANGSADAPTER AUS PE\/MESSING mit Innengewinde | Plastitalia","description":"Der \u00dcBERGANGSADAPTER AUS PE\/MESSING mit Innengewinde wird f\u00fcr Rohrleitungssysteme f\u00fcr die Verteilung von Gas und Wasser sowie f\u00fcr industrielle Anwendungen verwendet.  Hauptmerkmale:   Serie der \u00dcbergangsadapter; PE100 schwarz und Messing; SDR 11; gepresste Ausf\u00fchrung.   Verwendet f\u00fcr:   Rohrleitungssysteme f\u00fcr die Wasserverteilung (UNI EN 12201); Rohrleitungssysteme f\u00fcr industrielle Anwendungen (UNI EN ISO 15494); Rohrleitungssysteme f\u00fcr die Verteilung brennbarer Gase (UNI EN 1555).  &nbsp;","robots":{"index":"index","follow":"follow","max-snippet":"max-snippet:-1","max-image-preview":"max-image-preview:large","max-video-preview":"max-video-preview:-1"},"canonical":"https:\/\/www.plastitaliaspa.com\/de\/polyethylene-fittings\/rohranschluesse\/uebergangsadapter-aus-pe-messing-mit-innengewinde\/","og_locale":"de_DE","og_type":"article","og_title":"\u00dcBERGANGSADAPTER AUS PE\/MESSING mit Innengewinde | Plastitalia","og_description":"Der \u00dcBERGANGSADAPTER AUS PE\/MESSING mit Innengewinde wird f\u00fcr Rohrleitungssysteme f\u00fcr die Verteilung von Gas und Wasser sowie f\u00fcr industrielle Anwendungen verwendet.  Hauptmerkmale:   Serie der \u00dcbergangsadapter; PE100 schwarz und Messing; SDR 11; gepresste Ausf\u00fchrung.   Verwendet f\u00fcr:   Rohrleitungssysteme f\u00fcr die Wasserverteilung (UNI EN 12201); Rohrleitungssysteme f\u00fcr industrielle Anwendungen (UNI EN ISO 15494); Rohrleitungssysteme f\u00fcr die Verteilung brennbarer Gase (UNI EN 1555).  &nbsp;","og_url":"https:\/\/www.plastitaliaspa.com\/de\/polyethylene-fittings\/rohranschluesse\/uebergangsadapter-aus-pe-messing-mit-innengewinde\/","og_site_name":"Plastitalia","article_modified_time":"2024-07-22T11:44:09+00:00","og_image":[{"width":388,"height":388,"url":"https:\/\/www.plastitaliaspa.com\/wp-content\/uploads\/2024\/05\/transizione-p-pebrass-female_677890571.jpg","type":"image\/jpeg"}],"twitter_card":"summary_large_image","schema":{"@context":"https:\/\/schema.org","@graph":[{"@type":"WebPage","@id":"https:\/\/www.plastitaliaspa.com\/de\/polyethylene-fittings\/rohranschluesse\/uebergangsadapter-aus-pe-messing-mit-innengewinde\/","url":"https:\/\/www.plastitaliaspa.com\/de\/polyethylene-fittings\/rohranschluesse\/uebergangsadapter-aus-pe-messing-mit-innengewinde\/","name":"\u00dcBERGANGSADAPTER AUS PE\/MESSING mit Innengewinde | Plastitalia","isPartOf":{"@id":"https:\/\/www.plastitaliaspa.com\/de\/#website"},"primaryImageOfPage":{"@id":"https:\/\/www.plastitaliaspa.com\/de\/polyethylene-fittings\/rohranschluesse\/uebergangsadapter-aus-pe-messing-mit-innengewinde\/#primaryimage"},"image":{"@id":"https:\/\/www.plastitaliaspa.com\/de\/polyethylene-fittings\/rohranschluesse\/uebergangsadapter-aus-pe-messing-mit-innengewinde\/#primaryimage"},"thumbnailUrl":"https:\/\/www.plastitaliaspa.com\/wp-content\/uploads\/2024\/05\/transizione-p-pebrass-female_677890571.jpg","datePublished":"2024-05-29T11:59:06+00:00","dateModified":"2024-07-22T11:44:09+00:00","description":"Der \u00dcBERGANGSADAPTER AUS PE\/MESSING mit Innengewinde wird f\u00fcr Rohrleitungssysteme f\u00fcr die Verteilung von Gas und Wasser sowie f\u00fcr industrielle Anwendungen verwendet. Hauptmerkmale: Serie der \u00dcbergangsadapter; PE100 schwarz und Messing; SDR 11; gepresste Ausf\u00fchrung. Verwendet f\u00fcr: Rohrleitungssysteme f\u00fcr die Wasserverteilung (UNI EN 12201); Rohrleitungssysteme f\u00fcr industrielle Anwendungen (UNI EN ISO 15494); Rohrleitungssysteme f\u00fcr die Verteilung brennbarer Gase (UNI EN 1555). &nbsp;","breadcrumb":{"@id":"https:\/\/www.plastitaliaspa.com\/de\/polyethylene-fittings\/rohranschluesse\/uebergangsadapter-aus-pe-messing-mit-innengewinde\/#breadcrumb"},"inLanguage":"de","potentialAction":[{"@type":"ReadAction","target":["https:\/\/www.plastitaliaspa.com\/de\/polyethylene-fittings\/rohranschluesse\/uebergangsadapter-aus-pe-messing-mit-innengewinde\/"]}]},{"@type":"ImageObject","inLanguage":"de","@id":"https:\/\/www.plastitaliaspa.com\/de\/polyethylene-fittings\/rohranschluesse\/uebergangsadapter-aus-pe-messing-mit-innengewinde\/#primaryimage","url":"https:\/\/www.plastitaliaspa.com\/wp-content\/uploads\/2024\/05\/transizione-p-pebrass-female_677890571.jpg","contentUrl":"https:\/\/www.plastitaliaspa.com\/wp-content\/uploads\/2024\/05\/transizione-p-pebrass-female_677890571.jpg","width":388,"height":388},{"@type":"BreadcrumbList","@id":"https:\/\/www.plastitaliaspa.com\/de\/polyethylene-fittings\/rohranschluesse\/uebergangsadapter-aus-pe-messing-mit-innengewinde\/#breadcrumb","itemListElement":[{"@type":"ListItem","position":1,"name":"Home","item":"https:\/\/www.plastitaliaspa.com\/de\/"},{"@type":"ListItem","position":2,"name":"Shop","item":"https:\/\/www.plastitaliaspa.com\/negozio\/"},{"@type":"ListItem","position":3,"name":"\u00dcBERGANGSADAPTER AUS PE\/MESSING mit Innengewinde"}]},{"@type":"WebSite","@id":"https:\/\/www.plastitaliaspa.com\/de\/#website","url":"https:\/\/www.plastitaliaspa.com\/de\/","name":"Plastitalia","description":"Leader europeo nella produzione di raccordi in polietilene. Raccordi HDPE elettrosaldabili, di transizione e testa a testa utilizzati per impianti acqua e gas.","publisher":{"@id":"https:\/\/www.plastitaliaspa.com\/de\/#organization"},"potentialAction":[{"@type":"SearchAction","target":{"@type":"EntryPoint","urlTemplate":"https:\/\/www.plastitaliaspa.com\/de\/?s={search_term_string}"},"query-input":{"@type":"PropertyValueSpecification","valueRequired":true,"valueName":"search_term_string"}}],"inLanguage":"de"},{"@type":"Organization","@id":"https:\/\/www.plastitaliaspa.com\/de\/#organization","name":"Plastitalia","url":"https:\/\/www.plastitaliaspa.com\/de\/","logo":{"@type":"ImageObject","inLanguage":"de","@id":"https:\/\/www.plastitaliaspa.com\/de\/#\/schema\/logo\/image\/","url":"https:\/\/www.plastitaliaspa.com\/wp-content\/uploads\/2024\/05\/logo-plastitalia-sito.png","contentUrl":"https:\/\/www.plastitaliaspa.com\/wp-content\/uploads\/2024\/05\/logo-plastitalia-sito.png","width":652,"height":205,"caption":"Plastitalia"},"image":{"@id":"https:\/\/www.plastitaliaspa.com\/de\/#\/schema\/logo\/image\/"}}]}},"_links":{"self":[{"href":"https:\/\/www.plastitaliaspa.com\/de\/wp-json\/wp\/v2\/product\/12275","targetHints":{"allow":["GET"]}}],"collection":[{"href":"https:\/\/www.plastitaliaspa.com\/de\/wp-json\/wp\/v2\/product"}],"about":[{"href":"https:\/\/www.plastitaliaspa.com\/de\/wp-json\/wp\/v2\/types\/product"}],"version-history":[{"count":1,"href":"https:\/\/www.plastitaliaspa.com\/de\/wp-json\/wp\/v2\/product\/12275\/revisions"}],"predecessor-version":[{"id":12950,"href":"https:\/\/www.plastitaliaspa.com\/de\/wp-json\/wp\/v2\/product\/12275\/revisions\/12950"}],"wp:featuredmedia":[{"embeddable":true,"href":"https:\/\/www.plastitaliaspa.com\/de\/wp-json\/wp\/v2\/media\/2062"}],"wp:attachment":[{"href":"https:\/\/www.plastitaliaspa.com\/de\/wp-json\/wp\/v2\/media?parent=12275"}],"wp:term":[{"taxonomy":"product_brand","embeddable":true,"href":"https:\/\/www.plastitaliaspa.com\/de\/wp-json\/wp\/v2\/product_brand?post=12275"},{"taxonomy":"product_cat","embeddable":true,"href":"https:\/\/www.plastitaliaspa.com\/de\/wp-json\/wp\/v2\/product_cat?post=12275"},{"taxonomy":"product_tag","embeddable":true,"href":"https:\/\/www.plastitaliaspa.com\/de\/wp-json\/wp\/v2\/product_tag?post=12275"}],"curies":[{"name":"wp","href":"https:\/\/api.w.org\/{rel}","templated":true}]}}