{"id":9556,"date":"2024-05-28T08:22:12","date_gmt":"2024-05-28T08:22:12","guid":{"rendered":"https:\/\/plastitalia.aitema.com\/schweibgerate-fur-polyethylen\/gps\/"},"modified":"2024-07-04T09:25:15","modified_gmt":"2024-07-04T09:25:15","slug":"gps","status":"publish","type":"page","link":"https:\/\/www.plastitaliaspa.com\/de\/schweibgerate-fur-polyethylen\/gps\/","title":{"rendered":"GPS"},"content":{"rendered":"\t\t<div data-elementor-type=\"wp-page\" data-elementor-id=\"9556\" class=\"elementor elementor-9556 elementor-170\" data-elementor-post-type=\"page\">\n\t\t\t\t<div class=\"elementor-element elementor-element-1bcb2a14 e-flex e-con-boxed e-con e-parent\" data-id=\"1bcb2a14\" data-element_type=\"container\" data-e-type=\"container\" data-settings=\"{&quot;background_background&quot;:&quot;classic&quot;}\">\n\t\t\t\t\t<div class=\"e-con-inner\">\n\t\t<div class=\"elementor-element elementor-element-6b64f424 e-con-full e-flex e-con e-child\" data-id=\"6b64f424\" data-element_type=\"container\" data-e-type=\"container\">\n\t\t\t\t<div class=\"elementor-element elementor-element-5a4807c elementor-widget elementor-widget-heading\" data-id=\"5a4807c\" data-element_type=\"widget\" data-e-type=\"widget\" data-widget_type=\"heading.default\">\n\t\t\t\t<div class=\"elementor-widget-container\">\n\t\t\t\t\t<h1 class=\"elementor-heading-title elementor-size-default\">GPS<\/h1>\t\t\t\t<\/div>\n\t\t\t\t<\/div>\n\t\t\t\t<\/div>\n\t\t\t\t\t<\/div>\n\t\t\t\t<\/div>\n\t\t<div class=\"elementor-element elementor-element-1abf3bc6 e-flex e-con-boxed e-con e-parent\" data-id=\"1abf3bc6\" data-element_type=\"container\" data-e-type=\"container\">\n\t\t\t\t\t<div class=\"e-con-inner\">\n\t\t<div class=\"elementor-element elementor-element-2aa77f17 e-con-full e-flex e-con e-child\" data-id=\"2aa77f17\" data-element_type=\"container\" data-e-type=\"container\">\n\t\t\t\t<div class=\"elementor-element elementor-element-069e6e1 elementor-widget elementor-widget-image\" data-id=\"069e6e1\" data-element_type=\"widget\" data-e-type=\"widget\" data-widget_type=\"image.default\">\n\t\t\t\t<div class=\"elementor-widget-container\">\n\t\t\t\t\t\t\t\t\t\t\t\t\t\t\t<img fetchpriority=\"high\" decoding=\"async\" width=\"1920\" height=\"952\" src=\"https:\/\/www.plastitaliaspa.com\/wp-content\/uploads\/2024\/05\/GPSscanner.jpg\" class=\"attachment-full size-full wp-image-5023\" alt=\"\" srcset=\"https:\/\/www.plastitaliaspa.com\/wp-content\/uploads\/2024\/05\/GPSscanner.jpg 1920w, https:\/\/www.plastitaliaspa.com\/wp-content\/uploads\/2024\/05\/GPSscanner-300x149.jpg 300w, https:\/\/www.plastitaliaspa.com\/wp-content\/uploads\/2024\/05\/GPSscanner-1024x508.jpg 1024w, https:\/\/www.plastitaliaspa.com\/wp-content\/uploads\/2024\/05\/GPSscanner-768x381.jpg 768w, https:\/\/www.plastitaliaspa.com\/wp-content\/uploads\/2024\/05\/GPSscanner-1536x762.jpg 1536w, https:\/\/www.plastitaliaspa.com\/wp-content\/uploads\/2024\/05\/GPSscanner-600x298.jpg 600w\" sizes=\"(max-width: 1920px) 100vw, 1920px\" \/>\t\t\t\t\t\t\t\t\t\t\t\t\t\t\t<\/div>\n\t\t\t\t<\/div>\n\t\t\t\t<\/div>\n\t\t<div class=\"elementor-element elementor-element-2a40468 e-con-full e-flex e-con e-child\" data-id=\"2a40468\" data-element_type=\"container\" data-e-type=\"container\">\n\t\t<div class=\"elementor-element elementor-element-b5a3666 e-con-full e-flex e-con e-child\" data-id=\"b5a3666\" data-element_type=\"container\" data-e-type=\"container\">\n\t\t\t\t<div class=\"elementor-element elementor-element-4e10927 elementor-widget elementor-widget-heading\" data-id=\"4e10927\" data-element_type=\"widget\" data-e-type=\"widget\" data-widget_type=\"heading.default\">\n\t\t\t\t<div class=\"elementor-widget-container\">\n\t\t\t\t\t<h2 class=\"elementor-heading-title elementor-size-default\">IPlast GPS<\/h2>\t\t\t\t<\/div>\n\t\t\t\t<\/div>\n\t\t\t\t<div class=\"elementor-element elementor-element-6229f29 elementor-widget elementor-widget-heading\" data-id=\"6229f29\" data-element_type=\"widget\" data-e-type=\"widget\" data-widget_type=\"heading.default\">\n\t\t\t\t<div class=\"elementor-widget-container\">\n\t\t\t\t\t<h2 class=\"elementor-heading-title elementor-size-default\">Geolokalisierung der Schwei\u00dfungen\n<\/h2>\t\t\t\t<\/div>\n\t\t\t\t<\/div>\n\t\t\t\t<div class=\"elementor-element elementor-element-87f48f9 elementor-widget elementor-widget-text-editor\" data-id=\"87f48f9\" data-element_type=\"widget\" data-e-type=\"widget\" data-widget_type=\"text-editor.default\">\n\t\t\t\t<div class=\"elementor-widget-container\">\n\t\t\t\t\t\t\t\t\t<p><strong>IPlast GPS ist das optionale Tool f\u00fcr IPlast 30 &#8211; 60 &#8211; 105, mit dem Sie die Geolokalisierung des Schwei\u00dfpunkts auf der Steuereinheit erkennen und speichern k\u00f6nnen.<\/strong><br \/>Es ist im Scannerkabel implementiert und befindet sich in der N\u00e4he, um die Lokalisierung des interessierenden Punkts zu erleichtern.<\/p>\t\t\t\t\t\t\t\t<\/div>\n\t\t\t\t<\/div>\n\t\t\t\t<\/div>\n\t\t<div class=\"elementor-element elementor-element-4fdd351 e-con-full e-flex e-con e-child\" data-id=\"4fdd351\" data-element_type=\"container\" data-e-type=\"container\">\n\t\t\t\t<div class=\"elementor-element elementor-element-6417f3d elementor-widget elementor-widget-heading\" data-id=\"6417f3d\" data-element_type=\"widget\" data-e-type=\"widget\" data-widget_type=\"heading.default\">\n\t\t\t\t<div class=\"elementor-widget-container\">\n\t\t\t\t\t<h2 class=\"elementor-heading-title elementor-size-default\">Funktionsweise\n<\/h2>\t\t\t\t<\/div>\n\t\t\t\t<\/div>\n\t\t\t\t<div class=\"elementor-element elementor-element-8b26c89 elementor-widget elementor-widget-text-editor\" data-id=\"8b26c89\" data-element_type=\"widget\" data-e-type=\"widget\" data-widget_type=\"text-editor.default\">\n\t\t\t\t<div class=\"elementor-widget-container\">\n\t\t\t\t\t\t\t\t\t<p>Das GPS-Modul wird in das IPlast-Schwei\u00dfger\u00e4t eingesetzt und erm\u00f6glicht das Speichern der Daten der geografischen Position der Schwei\u00dfnaht im Speicher der Steuereinheit. Die Geolokalisierungsdaten werden zusammen mit allen anderen Schwei\u00dfinformationen im Bericht zur\u00fcckgegeben.<\/p>\t\t\t\t\t\t\t\t<\/div>\n\t\t\t\t<\/div>\n\t\t\t\t<\/div>\n\t\t\t\t<\/div>\n\t\t\t\t\t<\/div>\n\t\t\t\t<\/div>\n\t\t<div class=\"elementor-element elementor-element-7a7ab00 e-con-full e-flex e-con e-parent\" data-id=\"7a7ab00\" data-element_type=\"container\" data-e-type=\"container\" data-settings=\"{&quot;background_background&quot;:&quot;classic&quot;}\">\n\t\t<div class=\"elementor-element elementor-element-711875c e-flex e-con-boxed e-con e-child\" data-id=\"711875c\" data-element_type=\"container\" data-e-type=\"container\">\n\t\t\t\t\t<div class=\"e-con-inner\">\n\t\t<div class=\"elementor-element elementor-element-676f6ae e-con-full e-flex e-con e-child\" data-id=\"676f6ae\" data-element_type=\"container\" data-e-type=\"container\">\n\t\t\t\t<div class=\"elementor-element elementor-element-37e176b elementor-position-inline-start elementor-view-default elementor-mobile-position-block-start elementor-widget elementor-widget-icon-box\" data-id=\"37e176b\" data-element_type=\"widget\" data-e-type=\"widget\" data-widget_type=\"icon-box.default\">\n\t\t\t\t<div class=\"elementor-widget-container\">\n\t\t\t\t\t\t\t<div class=\"elementor-icon-box-wrapper\">\n\n\t\t\t\t\t\t<div class=\"elementor-icon-box-icon\">\n\t\t\t\t<span  class=\"elementor-icon\">\n\t\t\t\t<svg aria-hidden=\"true\" class=\"e-font-icon-svg e-fas-map-marker-alt\" viewBox=\"0 0 384 512\" xmlns=\"http:\/\/www.w3.org\/2000\/svg\"><path d=\"M172.268 501.67C26.97 291.031 0 269.413 0 192 0 85.961 85.961 0 192 0s192 85.961 192 192c0 77.413-26.97 99.031-172.268 309.67-9.535 13.774-29.93 13.773-39.464 0zM192 272c44.183 0 80-35.817 80-80s-35.817-80-80-80-80 35.817-80 80 35.817 80 80 80z\"><\/path><\/svg>\t\t\t\t<\/span>\n\t\t\t<\/div>\n\t\t\t\n\t\t\t\t\t\t<div class=\"elementor-icon-box-content\">\n\n\t\t\t\t\t\t\t\t\t<h3 class=\"elementor-icon-box-title\">\n\t\t\t\t\t\t<span  >\n\t\t\t\t\t\t\tVorteile des GPS\t\t\t\t\t\t<\/span>\n\t\t\t\t\t<\/h3>\n\t\t\t\t\n\t\t\t\t\t\t\t\t\t<p class=\"elementor-icon-box-description\">\n\t\t\t\t\t\tIm Falle einer Wartung oder Reparatur kann das GPS-System dort eingreifen, wo das Schwei\u00dfen durchgef\u00fchrt wurde (auch wenn das Schwei\u00dfen mehrere Jahre zur\u00fcckliegt).\n\n\n\t\t\t\t\t<\/p>\n\t\t\t\t\n\t\t\t<\/div>\n\t\t\t\n\t\t<\/div>\n\t\t\t\t\t\t<\/div>\n\t\t\t\t<\/div>\n\t\t\t\t<\/div>\n\t\t<div class=\"elementor-element elementor-element-94346d5 e-con-full e-flex e-con e-child\" data-id=\"94346d5\" data-element_type=\"container\" data-e-type=\"container\">\n\t\t\t\t<div class=\"elementor-element elementor-element-282fa57 elementor-position-inline-start elementor-view-default elementor-mobile-position-block-start elementor-widget elementor-widget-icon-box\" data-id=\"282fa57\" data-element_type=\"widget\" data-e-type=\"widget\" data-widget_type=\"icon-box.default\">\n\t\t\t\t<div class=\"elementor-widget-container\">\n\t\t\t\t\t\t\t<div class=\"elementor-icon-box-wrapper\">\n\n\t\t\t\t\t\t<div class=\"elementor-icon-box-icon\">\n\t\t\t\t<span  class=\"elementor-icon\">\n\t\t\t\t<svg aria-hidden=\"true\" class=\"e-font-icon-svg e-far-clock\" viewBox=\"0 0 512 512\" xmlns=\"http:\/\/www.w3.org\/2000\/svg\"><path d=\"M256 8C119 8 8 119 8 256s111 248 248 248 248-111 248-248S393 8 256 8zm0 448c-110.5 0-200-89.5-200-200S145.5 56 256 56s200 89.5 200 200-89.5 200-200 200zm61.8-104.4l-84.9-61.7c-3.1-2.3-4.9-5.9-4.9-9.7V116c0-6.6 5.4-12 12-12h32c6.6 0 12 5.4 12 12v141.7l66.8 48.6c5.4 3.9 6.5 11.4 2.6 16.8L334.6 349c-3.9 5.3-11.4 6.5-16.8 2.6z\"><\/path><\/svg>\t\t\t\t<\/span>\n\t\t\t<\/div>\n\t\t\t\n\t\t\t\t\t\t<div class=\"elementor-icon-box-content\">\n\n\t\t\t\t\t\t\t\t\t<h3 class=\"elementor-icon-box-title\">\n\t\t\t\t\t\t<span  >\n\t\t\t\t\t\t\tZeitersparnis\t\t\t\t\t\t<\/span>\n\t\t\t\t\t<\/h3>\n\t\t\t\t\n\t\t\t\t\t\t\t\t\t<p class=\"elementor-icon-box-description\">\n\t\t\t\t\t\tDas GPS-System ist ein einfaches und benutzerfreundliches Werkzeug. Das spart Zeit: Direkt vor Ort, kurz vor dem Schwei\u00dfen, kann derselbe Bediener die Position (Koordinaten) der Schwei\u00dfnaht erkennen.\t\t\t\t\t<\/p>\n\t\t\t\t\n\t\t\t<\/div>\n\t\t\t\n\t\t<\/div>\n\t\t\t\t\t\t<\/div>\n\t\t\t\t<\/div>\n\t\t\t\t<\/div>\n\t\t\t\t\t<\/div>\n\t\t\t\t<\/div>\n\t\t\t\t<\/div>\n\t\t<div class=\"elementor-element elementor-element-5898fad0 e-flex e-con-boxed e-con e-parent\" data-id=\"5898fad0\" data-element_type=\"container\" data-e-type=\"container\" data-settings=\"{&quot;background_background&quot;:&quot;classic&quot;}\">\n\t\t\t\t\t<div class=\"e-con-inner\">\n\t\t<div class=\"elementor-element elementor-element-786c69d e-con-full e-flex e-con e-child\" data-id=\"786c69d\" data-element_type=\"container\" data-e-type=\"container\">\n\t\t<div class=\"elementor-element elementor-element-32e8f7de e-con-full e-flex e-con e-child\" data-id=\"32e8f7de\" data-element_type=\"container\" data-e-type=\"container\">\n\t\t\t\t<div class=\"elementor-element elementor-element-1426d53 elementor-widget elementor-widget-heading\" data-id=\"1426d53\" data-element_type=\"widget\" data-e-type=\"widget\" data-widget_type=\"heading.default\">\n\t\t\t\t<div class=\"elementor-widget-container\">\n\t\t\t\t\t<h3 class=\"elementor-heading-title elementor-size-default\">Wie funktioniert Iplast GPS\n<\/h3>\t\t\t\t<\/div>\n\t\t\t\t<\/div>\n\t\t\t\t<div class=\"elementor-element elementor-element-70c0ecdb elementor-widget__width-initial elementor-widget elementor-widget-text-editor\" data-id=\"70c0ecdb\" data-element_type=\"widget\" data-e-type=\"widget\" data-widget_type=\"text-editor.default\">\n\t\t\t\t<div class=\"elementor-widget-container\">\n\t\t\t\t\t\t\t\t\t<p>Der Vorgang ist einfach und wird vom Display geleitet: Zuerst werden die Koordinaten erfasst und dann wird das Schwei\u00dfen mit demselben Instrument (IPlast) gestartet.<\/p>\t\t\t\t\t\t\t\t<\/div>\n\t\t\t\t<\/div>\n\t\t\t\t<div class=\"elementor-element elementor-element-15bd2b5f elementor-widget__width-initial elementor-widget elementor-widget-text-editor\" data-id=\"15bd2b5f\" data-element_type=\"widget\" data-e-type=\"widget\" data-widget_type=\"text-editor.default\">\n\t\t\t\t<div class=\"elementor-widget-container\">\n\t\t\t\t\t\t\t\t\tWenn der IPlast funktioniert und das GPS aktiviert ist, fordert die Steuereinheit Sie auf, das GPS in einer horizontalen Position auf dem zu erkennenden Punkt zu platzieren. Wenn die Sichtbarkeit der Satelliten ausreicht, um einen zusammenh\u00e4ngenden Punkt zu erfassen, wird die Position in etwa 40 Sekunden erfasst. Dr\u00fccken Sie einfach OK, und die Informationen werden vor dem Schwei\u00dfen \u00fcbertragen und auf der Steuereinheit gespeichert.\n\n\t\t\t\t\t\t\t\t<\/div>\n\t\t\t\t<\/div>\n\t\t\t\t<\/div>\n\t\t<div class=\"elementor-element elementor-element-bc19a85 e-con-full e-flex e-con e-child\" data-id=\"bc19a85\" data-element_type=\"container\" data-e-type=\"container\">\n\t\t\t\t<div class=\"elementor-element elementor-element-8ef22c7 elementor-widget elementor-widget-heading\" data-id=\"8ef22c7\" data-element_type=\"widget\" data-e-type=\"widget\" data-widget_type=\"heading.default\">\n\t\t\t\t<div class=\"elementor-widget-container\">\n\t\t\t\t\t<h3 class=\"elementor-heading-title elementor-size-default\">Merkmale<\/h3>\t\t\t\t<\/div>\n\t\t\t\t<\/div>\n\t\t\t\t<div class=\"elementor-element elementor-element-93160b4 elementor-widget__width-initial elementor-widget elementor-widget-text-editor\" data-id=\"93160b4\" data-element_type=\"widget\" data-e-type=\"widget\" data-widget_type=\"text-editor.default\">\n\t\t\t\t<div class=\"elementor-widget-container\">\n\t\t\t\t\t\t\t\t\t<ul><li>Technologie: Antenne GPS\/GLONASS Patch.<\/li><li>Navigationsaktualisierungsrate bis zu 10 Hz.<\/li><li>Genauigkeit der horizontalen Position: GPS bis 2,5 m, SBAS bis 2,0 m<\/li><\/ul>\t\t\t\t\t\t\t\t<\/div>\n\t\t\t\t<\/div>\n\t\t\t\t<\/div>\n\t\t\t\t<\/div>\n\t\t<div class=\"elementor-element elementor-element-953465b e-con-full e-flex e-con e-child\" data-id=\"953465b\" data-element_type=\"container\" data-e-type=\"container\">\n\t\t\t\t<div class=\"elementor-element elementor-element-785ed76 elementor-widget elementor-widget-image\" data-id=\"785ed76\" data-element_type=\"widget\" data-e-type=\"widget\" data-widget_type=\"image.default\">\n\t\t\t\t<div class=\"elementor-widget-container\">\n\t\t\t\t\t\t\t\t\t\t\t\t\t\t\t<img decoding=\"async\" width=\"1920\" height=\"1112\" src=\"https:\/\/www.plastitaliaspa.com\/wp-content\/uploads\/2024\/05\/GPS-1.jpg\" class=\"attachment-full size-full wp-image-5135\" alt=\"\" srcset=\"https:\/\/www.plastitaliaspa.com\/wp-content\/uploads\/2024\/05\/GPS-1.jpg 1920w, https:\/\/www.plastitaliaspa.com\/wp-content\/uploads\/2024\/05\/GPS-1-300x174.jpg 300w, https:\/\/www.plastitaliaspa.com\/wp-content\/uploads\/2024\/05\/GPS-1-1024x593.jpg 1024w, https:\/\/www.plastitaliaspa.com\/wp-content\/uploads\/2024\/05\/GPS-1-768x445.jpg 768w, https:\/\/www.plastitaliaspa.com\/wp-content\/uploads\/2024\/05\/GPS-1-1536x890.jpg 1536w, https:\/\/www.plastitaliaspa.com\/wp-content\/uploads\/2024\/05\/GPS-1-600x348.jpg 600w\" sizes=\"(max-width: 1920px) 100vw, 1920px\" \/>\t\t\t\t\t\t\t\t\t\t\t\t\t\t\t<\/div>\n\t\t\t\t<\/div>\n\t\t\t\t<\/div>\n\t\t\t\t\t<\/div>\n\t\t\t\t<\/div>\n\t\t\t\t<\/div>\n\t\t","protected":false},"excerpt":{"rendered":"<p>IPlast GPS Geolokalisierung der Schwei\u00dfungen IPlast GPS ist das optionale Tool f\u00fcr IPlast 30 &#8211; 60 &#8211; 105, mit dem Sie die Geolokalisierung des Schwei\u00dfpunkts auf der Steuereinheit erkennen und speichern k\u00f6nnen.Es ist im Scannerkabel implementiert und befindet sich in der N\u00e4he, um die Lokalisierung des interessierenden Punkts zu erleichtern. Funktionsweise Das GPS-Modul wird in [&hellip;]<\/p>\n","protected":false},"author":1,"featured_media":0,"parent":9523,"menu_order":0,"comment_status":"closed","ping_status":"closed","template":"","meta":{"_acf_changed":false,"footnotes":""},"class_list":["post-9556","page","type-page","status-publish","hentry"],"acf":[],"yoast_head":"<!-- This site is optimized with the Yoast SEO plugin v27.4 - https:\/\/yoast.com\/product\/yoast-seo-wordpress\/ -->\n<title>GPS | Plastitalia<\/title>\n<meta name=\"robots\" content=\"index, follow, max-snippet:-1, max-image-preview:large, max-video-preview:-1\" \/>\n<link rel=\"canonical\" href=\"https:\/\/www.plastitaliaspa.com\/de\/schweibgerate-fur-polyethylen\/gps\/\" \/>\n<meta property=\"og:locale\" content=\"de_DE\" \/>\n<meta property=\"og:type\" content=\"article\" \/>\n<meta property=\"og:title\" content=\"GPS | Plastitalia\" \/>\n<meta property=\"og:description\" content=\"IPlast GPS Geolokalisierung der Schwei\u00dfungen IPlast GPS ist das optionale Tool f\u00fcr IPlast 30 &#8211; 60 &#8211; 105, mit dem Sie die Geolokalisierung des Schwei\u00dfpunkts auf der Steuereinheit erkennen und speichern k\u00f6nnen.Es ist im Scannerkabel implementiert und befindet sich in der N\u00e4he, um die Lokalisierung des interessierenden Punkts zu erleichtern. Funktionsweise Das GPS-Modul wird in [&hellip;]\" \/>\n<meta property=\"og:url\" content=\"https:\/\/www.plastitaliaspa.com\/de\/schweibgerate-fur-polyethylen\/gps\/\" \/>\n<meta property=\"og:site_name\" content=\"Plastitalia\" \/>\n<meta property=\"article:modified_time\" content=\"2024-07-04T09:25:15+00:00\" \/>\n<meta property=\"og:image\" content=\"https:\/\/www.plastitaliaspa.com\/wp-content\/uploads\/2024\/05\/GPSscanner.jpg\" \/>\n<meta name=\"twitter:card\" content=\"summary_large_image\" \/>\n<meta name=\"twitter:label1\" content=\"Gesch\u00e4tzte Lesezeit\" \/>\n\t<meta name=\"twitter:data1\" content=\"2\u00a0Minuten\" \/>\n<script type=\"application\/ld+json\" class=\"yoast-schema-graph\">{\"@context\":\"https:\\\/\\\/schema.org\",\"@graph\":[{\"@type\":\"WebPage\",\"@id\":\"https:\\\/\\\/www.plastitaliaspa.com\\\/de\\\/schweibgerate-fur-polyethylen\\\/gps\\\/\",\"url\":\"https:\\\/\\\/www.plastitaliaspa.com\\\/de\\\/schweibgerate-fur-polyethylen\\\/gps\\\/\",\"name\":\"GPS | Plastitalia\",\"isPartOf\":{\"@id\":\"https:\\\/\\\/www.plastitaliaspa.com\\\/de\\\/#website\"},\"primaryImageOfPage\":{\"@id\":\"https:\\\/\\\/www.plastitaliaspa.com\\\/de\\\/schweibgerate-fur-polyethylen\\\/gps\\\/#primaryimage\"},\"image\":{\"@id\":\"https:\\\/\\\/www.plastitaliaspa.com\\\/de\\\/schweibgerate-fur-polyethylen\\\/gps\\\/#primaryimage\"},\"thumbnailUrl\":\"https:\\\/\\\/www.plastitaliaspa.com\\\/wp-content\\\/uploads\\\/2024\\\/05\\\/GPSscanner.jpg\",\"datePublished\":\"2024-05-28T08:22:12+00:00\",\"dateModified\":\"2024-07-04T09:25:15+00:00\",\"breadcrumb\":{\"@id\":\"https:\\\/\\\/www.plastitaliaspa.com\\\/de\\\/schweibgerate-fur-polyethylen\\\/gps\\\/#breadcrumb\"},\"inLanguage\":\"de\",\"potentialAction\":[{\"@type\":\"ReadAction\",\"target\":[\"https:\\\/\\\/www.plastitaliaspa.com\\\/de\\\/schweibgerate-fur-polyethylen\\\/gps\\\/\"]}]},{\"@type\":\"ImageObject\",\"inLanguage\":\"de\",\"@id\":\"https:\\\/\\\/www.plastitaliaspa.com\\\/de\\\/schweibgerate-fur-polyethylen\\\/gps\\\/#primaryimage\",\"url\":\"https:\\\/\\\/www.plastitaliaspa.com\\\/wp-content\\\/uploads\\\/2024\\\/05\\\/GPSscanner.jpg\",\"contentUrl\":\"https:\\\/\\\/www.plastitaliaspa.com\\\/wp-content\\\/uploads\\\/2024\\\/05\\\/GPSscanner.jpg\"},{\"@type\":\"BreadcrumbList\",\"@id\":\"https:\\\/\\\/www.plastitaliaspa.com\\\/de\\\/schweibgerate-fur-polyethylen\\\/gps\\\/#breadcrumb\",\"itemListElement\":[{\"@type\":\"ListItem\",\"position\":1,\"name\":\"Home\",\"item\":\"https:\\\/\\\/www.plastitaliaspa.com\\\/de\\\/\"},{\"@type\":\"ListItem\",\"position\":2,\"name\":\"Schwei\u00dfger\u00e4te f\u00fcr Polyethylen\",\"item\":\"https:\\\/\\\/www.plastitaliaspa.com\\\/de\\\/saldatrici-per-polietilene\\\/\"},{\"@type\":\"ListItem\",\"position\":3,\"name\":\"GPS\"}]},{\"@type\":\"WebSite\",\"@id\":\"https:\\\/\\\/www.plastitaliaspa.com\\\/de\\\/#website\",\"url\":\"https:\\\/\\\/www.plastitaliaspa.com\\\/de\\\/\",\"name\":\"Plastitalia\",\"description\":\"Leader europeo nella produzione di raccordi in polietilene. Raccordi HDPE elettrosaldabili, di transizione e testa a testa utilizzati per impianti acqua e gas.\",\"publisher\":{\"@id\":\"https:\\\/\\\/www.plastitaliaspa.com\\\/de\\\/#organization\"},\"potentialAction\":[{\"@type\":\"SearchAction\",\"target\":{\"@type\":\"EntryPoint\",\"urlTemplate\":\"https:\\\/\\\/www.plastitaliaspa.com\\\/de\\\/?s={search_term_string}\"},\"query-input\":{\"@type\":\"PropertyValueSpecification\",\"valueRequired\":true,\"valueName\":\"search_term_string\"}}],\"inLanguage\":\"de\"},{\"@type\":\"Organization\",\"@id\":\"https:\\\/\\\/www.plastitaliaspa.com\\\/de\\\/#organization\",\"name\":\"Plastitalia\",\"url\":\"https:\\\/\\\/www.plastitaliaspa.com\\\/de\\\/\",\"logo\":{\"@type\":\"ImageObject\",\"inLanguage\":\"de\",\"@id\":\"https:\\\/\\\/www.plastitaliaspa.com\\\/de\\\/#\\\/schema\\\/logo\\\/image\\\/\",\"url\":\"https:\\\/\\\/www.plastitaliaspa.com\\\/wp-content\\\/uploads\\\/2024\\\/05\\\/logo-plastitalia-sito.png\",\"contentUrl\":\"https:\\\/\\\/www.plastitaliaspa.com\\\/wp-content\\\/uploads\\\/2024\\\/05\\\/logo-plastitalia-sito.png\",\"width\":652,\"height\":205,\"caption\":\"Plastitalia\"},\"image\":{\"@id\":\"https:\\\/\\\/www.plastitaliaspa.com\\\/de\\\/#\\\/schema\\\/logo\\\/image\\\/\"}}]}<\/script>\n<!-- \/ Yoast SEO plugin. -->","yoast_head_json":{"title":"GPS | Plastitalia","robots":{"index":"index","follow":"follow","max-snippet":"max-snippet:-1","max-image-preview":"max-image-preview:large","max-video-preview":"max-video-preview:-1"},"canonical":"https:\/\/www.plastitaliaspa.com\/de\/schweibgerate-fur-polyethylen\/gps\/","og_locale":"de_DE","og_type":"article","og_title":"GPS | Plastitalia","og_description":"IPlast GPS Geolokalisierung der Schwei\u00dfungen IPlast GPS ist das optionale Tool f\u00fcr IPlast 30 &#8211; 60 &#8211; 105, mit dem Sie die Geolokalisierung des Schwei\u00dfpunkts auf der Steuereinheit erkennen und speichern k\u00f6nnen.Es ist im Scannerkabel implementiert und befindet sich in der N\u00e4he, um die Lokalisierung des interessierenden Punkts zu erleichtern. Funktionsweise Das GPS-Modul wird in [&hellip;]","og_url":"https:\/\/www.plastitaliaspa.com\/de\/schweibgerate-fur-polyethylen\/gps\/","og_site_name":"Plastitalia","article_modified_time":"2024-07-04T09:25:15+00:00","og_image":[{"url":"https:\/\/www.plastitaliaspa.com\/wp-content\/uploads\/2024\/05\/GPSscanner.jpg","type":"","width":"","height":""}],"twitter_card":"summary_large_image","twitter_misc":{"Gesch\u00e4tzte Lesezeit":"2\u00a0Minuten"},"schema":{"@context":"https:\/\/schema.org","@graph":[{"@type":"WebPage","@id":"https:\/\/www.plastitaliaspa.com\/de\/schweibgerate-fur-polyethylen\/gps\/","url":"https:\/\/www.plastitaliaspa.com\/de\/schweibgerate-fur-polyethylen\/gps\/","name":"GPS | Plastitalia","isPartOf":{"@id":"https:\/\/www.plastitaliaspa.com\/de\/#website"},"primaryImageOfPage":{"@id":"https:\/\/www.plastitaliaspa.com\/de\/schweibgerate-fur-polyethylen\/gps\/#primaryimage"},"image":{"@id":"https:\/\/www.plastitaliaspa.com\/de\/schweibgerate-fur-polyethylen\/gps\/#primaryimage"},"thumbnailUrl":"https:\/\/www.plastitaliaspa.com\/wp-content\/uploads\/2024\/05\/GPSscanner.jpg","datePublished":"2024-05-28T08:22:12+00:00","dateModified":"2024-07-04T09:25:15+00:00","breadcrumb":{"@id":"https:\/\/www.plastitaliaspa.com\/de\/schweibgerate-fur-polyethylen\/gps\/#breadcrumb"},"inLanguage":"de","potentialAction":[{"@type":"ReadAction","target":["https:\/\/www.plastitaliaspa.com\/de\/schweibgerate-fur-polyethylen\/gps\/"]}]},{"@type":"ImageObject","inLanguage":"de","@id":"https:\/\/www.plastitaliaspa.com\/de\/schweibgerate-fur-polyethylen\/gps\/#primaryimage","url":"https:\/\/www.plastitaliaspa.com\/wp-content\/uploads\/2024\/05\/GPSscanner.jpg","contentUrl":"https:\/\/www.plastitaliaspa.com\/wp-content\/uploads\/2024\/05\/GPSscanner.jpg"},{"@type":"BreadcrumbList","@id":"https:\/\/www.plastitaliaspa.com\/de\/schweibgerate-fur-polyethylen\/gps\/#breadcrumb","itemListElement":[{"@type":"ListItem","position":1,"name":"Home","item":"https:\/\/www.plastitaliaspa.com\/de\/"},{"@type":"ListItem","position":2,"name":"Schwei\u00dfger\u00e4te f\u00fcr Polyethylen","item":"https:\/\/www.plastitaliaspa.com\/de\/saldatrici-per-polietilene\/"},{"@type":"ListItem","position":3,"name":"GPS"}]},{"@type":"WebSite","@id":"https:\/\/www.plastitaliaspa.com\/de\/#website","url":"https:\/\/www.plastitaliaspa.com\/de\/","name":"Plastitalia","description":"Leader europeo nella produzione di raccordi in polietilene. Raccordi HDPE elettrosaldabili, di transizione e testa a testa utilizzati per impianti acqua e gas.","publisher":{"@id":"https:\/\/www.plastitaliaspa.com\/de\/#organization"},"potentialAction":[{"@type":"SearchAction","target":{"@type":"EntryPoint","urlTemplate":"https:\/\/www.plastitaliaspa.com\/de\/?s={search_term_string}"},"query-input":{"@type":"PropertyValueSpecification","valueRequired":true,"valueName":"search_term_string"}}],"inLanguage":"de"},{"@type":"Organization","@id":"https:\/\/www.plastitaliaspa.com\/de\/#organization","name":"Plastitalia","url":"https:\/\/www.plastitaliaspa.com\/de\/","logo":{"@type":"ImageObject","inLanguage":"de","@id":"https:\/\/www.plastitaliaspa.com\/de\/#\/schema\/logo\/image\/","url":"https:\/\/www.plastitaliaspa.com\/wp-content\/uploads\/2024\/05\/logo-plastitalia-sito.png","contentUrl":"https:\/\/www.plastitaliaspa.com\/wp-content\/uploads\/2024\/05\/logo-plastitalia-sito.png","width":652,"height":205,"caption":"Plastitalia"},"image":{"@id":"https:\/\/www.plastitaliaspa.com\/de\/#\/schema\/logo\/image\/"}}]}},"_links":{"self":[{"href":"https:\/\/www.plastitaliaspa.com\/de\/wp-json\/wp\/v2\/pages\/9556","targetHints":{"allow":["GET"]}}],"collection":[{"href":"https:\/\/www.plastitaliaspa.com\/de\/wp-json\/wp\/v2\/pages"}],"about":[{"href":"https:\/\/www.plastitaliaspa.com\/de\/wp-json\/wp\/v2\/types\/page"}],"author":[{"embeddable":true,"href":"https:\/\/www.plastitaliaspa.com\/de\/wp-json\/wp\/v2\/users\/1"}],"replies":[{"embeddable":true,"href":"https:\/\/www.plastitaliaspa.com\/de\/wp-json\/wp\/v2\/comments?post=9556"}],"version-history":[{"count":3,"href":"https:\/\/www.plastitaliaspa.com\/de\/wp-json\/wp\/v2\/pages\/9556\/revisions"}],"predecessor-version":[{"id":9562,"href":"https:\/\/www.plastitaliaspa.com\/de\/wp-json\/wp\/v2\/pages\/9556\/revisions\/9562"}],"up":[{"embeddable":true,"href":"https:\/\/www.plastitaliaspa.com\/de\/wp-json\/wp\/v2\/pages\/9523"}],"wp:attachment":[{"href":"https:\/\/www.plastitaliaspa.com\/de\/wp-json\/wp\/v2\/media?parent=9556"}],"curies":[{"name":"wp","href":"https:\/\/api.w.org\/{rel}","templated":true}]}}